{"id":1006,"date":"2019-12-06T11:49:07","date_gmt":"2019-12-06T10:49:07","guid":{"rendered":"https:\/\/www.pmfst.unist.hr\/cromc2020\/?page_id=1006"},"modified":"2022-02-10T13:03:46","modified_gmt":"2022-02-10T12:03:46","slug":"smjestaj-za-studente","status":"publish","type":"page","link":"https:\/\/www.pmfst.unist.hr\/cromc2020\/hr\/smjestaj-za-studente\/","title":{"rendered":"SMJE\u0160TAJ ZA STUDENTE"},"content":{"rendered":"<div class=\"wpb-content-wrapper\">[vc_row][vc_column][vc_column_text css=&#8221;.vc_custom_1644494628208{margin-bottom: 0px !important;}&#8221;]<a href=\"https:\/\/www.scst.unist.hr\/smjestaj\/studentski-domovi\/dom-kampus-dr-franjo-tudman\" target=\"_blank\" rel=\"noopener\">Za studente smo rezervirali smje\u0161taj u jednokrevetnim i dvokrevetnim sobama u studentskom domu \u201cDr. Franjo Tu\u0111man\u201d (kampus).<\/a><\/p>\n<p>Cijena jednog no\u0107enja je u jednokrevetnoj sobi je 190 kn, a u dvokrevetnoj 160 kn (po osobi), uz mogu\u0107nost nadoplate za doru\u010dak u studentskom restoranu. Broj soba je ograni\u010den.<\/p>\n<p>Zainteresirani se mogu, nakon \u0161to se registriraju i plate kotizaciju, prijaviti za ovaj smje\u0161taj na\u00a0<a href=\"mailto:cromc2020@pmfst.hr\">cromc2020@pmfst.hr<\/a>. Studenti koji \u017eele biti smje\u0161teni zajedno mogu se prijaviti u istoj poruci.[\/vc_column_text][\/vc_column][\/vc_row]\n<\/div>","protected":false},"excerpt":{"rendered":"<p>[vc_row][vc_column][vc_column_text css=&#8221;.vc_custom_1644494628208{margin-bottom: 0px !important;}&#8221;]Za studente smo rezervirali smje\u0161taj u jednokrevetnim i dvokrevetnim sobama u studentskom domu \u201cDr. Franjo Tu\u0111man\u201d (kampus). Cijena jednog no\u0107enja je u jednokrevetnoj sobi je 190 kn, a u dvokrevetnoj 160 kn (po osobi), uz mogu\u0107nost nadoplate za doru\u010dak u studentskom restoranu. Broj soba je ograni\u010den. Zainteresirani se mogu, nakon \u0161to se [&hellip;]<\/p>\n","protected":false},"author":1,"featured_media":0,"parent":0,"menu_order":0,"comment_status":"closed","ping_status":"closed","template":"","meta":{"footnotes":""},"class_list":["post-1006","page","type-page","status-publish","hentry"],"_links":{"self":[{"href":"https:\/\/www.pmfst.unist.hr\/cromc2020\/wp-json\/wp\/v2\/pages\/1006","targetHints":{"allow":["GET"]}}],"collection":[{"href":"https:\/\/www.pmfst.unist.hr\/cromc2020\/wp-json\/wp\/v2\/pages"}],"about":[{"href":"https:\/\/www.pmfst.unist.hr\/cromc2020\/wp-json\/wp\/v2\/types\/page"}],"author":[{"embeddable":true,"href":"https:\/\/www.pmfst.unist.hr\/cromc2020\/wp-json\/wp\/v2\/users\/1"}],"replies":[{"embeddable":true,"href":"https:\/\/www.pmfst.unist.hr\/cromc2020\/wp-json\/wp\/v2\/comments?post=1006"}],"version-history":[{"count":0,"href":"https:\/\/www.pmfst.unist.hr\/cromc2020\/wp-json\/wp\/v2\/pages\/1006\/revisions"}],"wp:attachment":[{"href":"https:\/\/www.pmfst.unist.hr\/cromc2020\/wp-json\/wp\/v2\/media?parent=1006"}],"curies":[{"name":"wp","href":"https:\/\/api.w.org\/{rel}","templated":true}]}}