{"id":1536,"date":"2022-04-21T11:35:45","date_gmt":"2022-04-21T09:35:45","guid":{"rendered":"https:\/\/www.pmfst.unist.hr\/cromc2020\/?page_id=1536"},"modified":"2022-06-06T10:51:55","modified_gmt":"2022-06-06T08:51:55","slug":"lokalno-2","status":"publish","type":"page","link":"https:\/\/www.pmfst.unist.hr\/cromc2020\/hr\/lokalno-2\/","title":{"rendered":"Lokalno"},"content":{"rendered":"<div class=\"wpb-content-wrapper\">[vc_row][vc_column][vc_column_text css=&#8221;.vc_custom_1650533684321{margin-bottom: 0px !important;}&#8221;]\n<h3><strong>Grad Split<\/strong><\/h3>\n<ul>\n<li><a href=\"https:\/\/visitsplit.com\/hr\/1196\/o-splitu\">O Splitu<\/a><\/li>\n<\/ul>\n<p><strong>Vodi\u010d:<\/strong><\/p>\n<ul>\n<li><a href=\"https:\/\/visitsplit.com\/hr\/385\/kako-do-splita\">Kako do Splita<\/a><\/li>\n<li><a href=\"https:\/\/visitsplit.com\/hr\/4516\/visit-split-travel-and-covid-19-information-updated-on-april-13-2022\">VISIT SPLIT &#8211; Travel and Covid-19 information<\/a><\/li>\n<li><a href=\"https:\/\/visitsplit.com\/hr\/1225\/smjestaj\">Smje\u0161taj<\/a><\/li>\n<li><a href=\"https:\/\/www.promet-split.hr\/linije\/mreza-gradskih-linija\">Mre\u017ea gradskih autobusnih linija<\/a><\/li>\n<li><a href=\"https:\/\/visitsplit.com\/hr\/1206\/korisne-informacije\">Korisne informacije<\/a><\/li>\n<\/ul>\n<p><strong>Do\u017eivite:<\/strong><\/p>\n<ul>\n<li><a href=\"https:\/\/visitsplit.com\/hr\/446\/znamenitosti\">Znamenitosti<\/a><\/li>\n<li><a href=\"https:\/\/visitsplit.com\/hr\/184\/grad-kulture\">Grad kulture<\/a><\/li>\n<li><a href=\"https:\/\/visitsplit.com\/hr\/1314\/grad-prirodnih-ljepota\">Grad prirodnih ljepota<\/a><\/li>\n<li><a href=\"https:\/\/visitsplit.com\/hr\/139\/grad-gastronomije\">Grad gastronomije<\/a><\/li>\n<li><a href=\"https:\/\/visitsplit.com\/hr\/1333\/grad-sporta\">Grad sporta<\/a><\/li>\n<li><a href=\"https:\/\/visitsplit.com\/hr\/1199\/dozivite\">Vi\u0161e\u2026<\/a><\/li>\n<\/ul>\n<p><strong>Istra\u017eite:<\/strong><\/p>\n<ul>\n<li><a href=\"https:\/\/visitsplit.com\/hr\/1316\/split-u-1-dan\">Split u 1 dan<\/a><\/li>\n<li><a href=\"https:\/\/visitsplit.com\/hr\/1317\/split-u-3-dana\">Split u 3 dana<\/a><\/li>\n<li><a href=\"https:\/\/visitsplit.com\/hr\/219\/split-u-7-dana\">Split u 7 dana<\/a><\/li>\n<\/ul>\n<p>&nbsp;<\/p>\n<h3><strong>Splitsko-dalmatinska \u017eupanija<\/strong><\/h3>\n<ul>\n<li><a href=\"https:\/\/www.dalmatia.hr\/hr\/\">Slu\u017ebena stranica Turisti\u010dke zajednice Splitsko-dalmatinske \u017eupanije<\/a><\/li>\n<\/ul>\n[\/vc_column_text][\/vc_column][\/vc_row]\n<\/div>","protected":false},"excerpt":{"rendered":"<p>[vc_row][vc_column][vc_column_text css=&#8221;.vc_custom_1650533684321{margin-bottom: 0px !important;}&#8221;] Grad Split O Splitu Vodi\u010d: Kako do Splita VISIT SPLIT &#8211; Travel and Covid-19 information Smje\u0161taj Mre\u017ea gradskih autobusnih linija Korisne informacije Do\u017eivite: Znamenitosti Grad kulture Grad prirodnih ljepota Grad gastronomije Grad sporta Vi\u0161e\u2026 Istra\u017eite: Split u 1 dan Split u 3 dana Split u 7 dana &nbsp; Splitsko-dalmatinska \u017eupanija Slu\u017ebena [&hellip;]<\/p>\n","protected":false},"author":1,"featured_media":0,"parent":0,"menu_order":0,"comment_status":"closed","ping_status":"closed","template":"","meta":{"footnotes":""},"class_list":["post-1536","page","type-page","status-publish","hentry"],"_links":{"self":[{"href":"https:\/\/www.pmfst.unist.hr\/cromc2020\/wp-json\/wp\/v2\/pages\/1536","targetHints":{"allow":["GET"]}}],"collection":[{"href":"https:\/\/www.pmfst.unist.hr\/cromc2020\/wp-json\/wp\/v2\/pages"}],"about":[{"href":"https:\/\/www.pmfst.unist.hr\/cromc2020\/wp-json\/wp\/v2\/types\/page"}],"author":[{"embeddable":true,"href":"https:\/\/www.pmfst.unist.hr\/cromc2020\/wp-json\/wp\/v2\/users\/1"}],"replies":[{"embeddable":true,"href":"https:\/\/www.pmfst.unist.hr\/cromc2020\/wp-json\/wp\/v2\/comments?post=1536"}],"version-history":[{"count":0,"href":"https:\/\/www.pmfst.unist.hr\/cromc2020\/wp-json\/wp\/v2\/pages\/1536\/revisions"}],"wp:attachment":[{"href":"https:\/\/www.pmfst.unist.hr\/cromc2020\/wp-json\/wp\/v2\/media?parent=1536"}],"curies":[{"name":"wp","href":"https:\/\/api.w.org\/{rel}","templated":true}]}}