{"id":1931,"date":"2022-06-02T12:21:58","date_gmt":"2022-06-02T10:21:58","guid":{"rendered":"https:\/\/www.pmfst.unist.hr\/cromc2020\/?page_id=1931"},"modified":"2022-06-06T10:32:41","modified_gmt":"2022-06-06T08:32:41","slug":"upute-za-predavace-i-autore-postera","status":"publish","type":"page","link":"https:\/\/www.pmfst.unist.hr\/cromc2020\/hr\/upute-za-predavace-i-autore-postera\/","title":{"rendered":"Upute za predava\u010de i autore postera"},"content":{"rendered":"<div class=\"wpb-content-wrapper\">[vc_row][vc_column][vc_column_text css=&#8221;.vc_custom_1654166487996{margin-bottom: 0px !important;}&#8221;]\n<ul>\n<li>Znanstveni program se sastoji od plenarnih predavanja (45 minuta), pozvanih predavanja (30 minuta), kratkih priop\u0107enja (15 minuta) i posterske sekcije. Pozvana predavanja se odr\u017eavaju svaki dan u dvije paralelne sekcije, a kratka priop\u0107enja u \u0161est paralelnih sekcija, stoga <strong>molimo voditelje sekcija i predava\u010de da se striktno pridr\u017eavaju objavljenog <span style=\"text-decoration: underline;\"><a href=\"https:\/\/www.pmfst.unist.hr\/cromc2020\/hr\/raspored\/\">rasporeda.<\/a><\/span><\/strong><\/li>\n<\/ul>\n<ul>\n<li>Plo\u010de, video projektori i ra\u010dunala dostupni su u svim predavaonicama. Na svim ra\u010dunalima je operacijski sustav MS Windows te su mogu\u0107i formati datoteka za prezentacije *.pdf, *.ppt, *.pptx. Molimo predava\u010de da svoje prezentacije\u00a0donesu\u00a0na USB sticku u predvi\u0111enu predavaonicu barem pola sata prije prije predavanja ili tijekom pauze za kavu.<\/li>\n<\/ul>\n<ul>\n<li>Dimenzija postera nije propisana (preporuka: format A0 &#8211; portret).<br \/>\nPosterska sekcija je u \u010detvrtak, 16. lipnja 2022. od 12:10 do 12:40. Molimo autore da donesu svoje postere na kongresni prijemni pult u srijedu, 15. lipnja od 17:45 do 18.15 ili u \u010detvrtak, 16. lipnja od 10:20 do 10:50.[\/vc_column_text][\/vc_column][\/vc_row]<\/li>\n<\/ul>\n<\/div>","protected":false},"excerpt":{"rendered":"<p>[vc_row][vc_column][vc_column_text css=&#8221;.vc_custom_1654166487996{margin-bottom: 0px !important;}&#8221;] Znanstveni program se sastoji od plenarnih predavanja (45 minuta), pozvanih predavanja (30 minuta), kratkih priop\u0107enja (15 minuta) i posterske sekcije. Pozvana predavanja se odr\u017eavaju svaki dan u dvije paralelne sekcije, a kratka priop\u0107enja u \u0161est paralelnih sekcija, stoga molimo voditelje sekcija i predava\u010de da se striktno pridr\u017eavaju objavljenog rasporeda. Plo\u010de, video [&hellip;]<\/p>\n","protected":false},"author":1,"featured_media":0,"parent":0,"menu_order":0,"comment_status":"closed","ping_status":"closed","template":"","meta":{"footnotes":""},"class_list":["post-1931","page","type-page","status-publish","hentry"],"_links":{"self":[{"href":"https:\/\/www.pmfst.unist.hr\/cromc2020\/wp-json\/wp\/v2\/pages\/1931","targetHints":{"allow":["GET"]}}],"collection":[{"href":"https:\/\/www.pmfst.unist.hr\/cromc2020\/wp-json\/wp\/v2\/pages"}],"about":[{"href":"https:\/\/www.pmfst.unist.hr\/cromc2020\/wp-json\/wp\/v2\/types\/page"}],"author":[{"embeddable":true,"href":"https:\/\/www.pmfst.unist.hr\/cromc2020\/wp-json\/wp\/v2\/users\/1"}],"replies":[{"embeddable":true,"href":"https:\/\/www.pmfst.unist.hr\/cromc2020\/wp-json\/wp\/v2\/comments?post=1931"}],"version-history":[{"count":0,"href":"https:\/\/www.pmfst.unist.hr\/cromc2020\/wp-json\/wp\/v2\/pages\/1931\/revisions"}],"wp:attachment":[{"href":"https:\/\/www.pmfst.unist.hr\/cromc2020\/wp-json\/wp\/v2\/media?parent=1931"}],"curies":[{"name":"wp","href":"https:\/\/api.w.org\/{rel}","templated":true}]}}