{"id":1942,"date":"2022-06-02T12:24:22","date_gmt":"2022-06-02T10:24:22","guid":{"rendered":"https:\/\/www.pmfst.unist.hr\/cromc2020\/?page_id=1942"},"modified":"2022-06-06T10:21:09","modified_gmt":"2022-06-06T08:21:09","slug":"instructions-for-participants","status":"publish","type":"page","link":"https:\/\/www.pmfst.unist.hr\/cromc2020\/instructions-for-participants\/","title":{"rendered":"Instructions for participants"},"content":{"rendered":"<div class=\"wpb-content-wrapper\">[vc_row][vc_column][vc_column_text css=&#8221;.vc_custom_1654502456260{margin-bottom: 0px !important;}&#8221;]\n<ul>\n<li>The Congress is held at the Faculty of Science, University of Split (<a href=\"https:\/\/www.pmfst.unist.hr\/cromc2020\/venue\/\">Ru\u0111era Bo\u0161kovi\u0107a 33 &#8211; University Campus<\/a>).<\/li>\n<li><strong>Registration:<\/strong>\n<ul>\n<li><strong>Tuesday, June 14 <\/strong><strong>from 7 to 8 p.m. <\/strong><\/li>\n<li><strong>Wednesday, June 15 from 8 to 9 a.m.<\/strong><br \/>\nThe Congress reception desk is located in the Faculty Hall opposite the main entrance. Our Congress staff will be there to assist you every day during coffee breaks.<\/li>\n<\/ul>\n<\/li>\n<\/ul>\n<ul>\n<li>Lectures will be held in the amphitheaters: A0-1, A0-2 (the ground floor), A1-1 (the first floor), and in the rooms: B3-16, B3-17, B3-37, B3-68 (the third floor). The poster panels will be displayed in the corridor near the entrance to the Amphitheater A0-2.<\/li>\n<\/ul>\n<ul>\n<li>The scientic programme consists of plenary lectures (45 minutes), invited lectures (30 minutes), short communications (15 minutes) and a poster session. Invited lectures are organized every day in two parallel sessions and short communications in six parallel sessions, so <strong>we request that section chairs and speakers strictly adhere to the posted <a href=\"https:\/\/www.pmfst.unist.hr\/cromc2020\/schedule\/\"><span style=\"text-decoration: underline;\">schedule\u00a0<\/span><\/a><\/strong><\/li>\n<\/ul>\n<ul>\n<li>During the <strong>lunch break<\/strong>, Congress participants are welcomed to use the student restaurant near the Faculty of Science (about a two-minute walk). The restaurant offers daily menus (price: about 50 kunas) and drinks. The organizers have reserved a part of the restaurant for Congress participants (please bring your name tag with you). The restaurant is located in the <a href=\"https:\/\/goo.gl\/maps\/SuHsHK66eEsUEebf7\">Student dormitory \u201eDr. Franjo Tu\u0111man\u201c.<\/a><\/li>\n<\/ul>\n<p><a href=\"https:\/\/www.pmfst.unist.hr\/cromc2020\/instructions-for-presenters\/\"><strong>Instructions for Presenters<\/strong><\/a><\/p>\n<p><a href=\"https:\/\/www.pmfst.unist.hr\/cromc2020\/schedule\/\"><strong>Schedule<\/strong><\/a>[\/vc_column_text][\/vc_column][\/vc_row]\n<\/div>","protected":false},"excerpt":{"rendered":"<p>[vc_row][vc_column][vc_column_text css=&#8221;.vc_custom_1654502456260{margin-bottom: 0px !important;}&#8221;] The Congress is held at the Faculty of Science, University of Split (Ru\u0111era Bo\u0161kovi\u0107a 33 &#8211; University Campus). Registration: Tuesday, June 14 from 7 to 8 p.m. Wednesday, June 15 from 8 to 9 a.m. The Congress reception desk is located in the Faculty Hall opposite the main entrance. Our Congress [&hellip;]<\/p>\n","protected":false},"author":1,"featured_media":0,"parent":0,"menu_order":0,"comment_status":"closed","ping_status":"closed","template":"","meta":{"footnotes":""},"class_list":["post-1942","page","type-page","status-publish","hentry"],"_links":{"self":[{"href":"https:\/\/www.pmfst.unist.hr\/cromc2020\/wp-json\/wp\/v2\/pages\/1942","targetHints":{"allow":["GET"]}}],"collection":[{"href":"https:\/\/www.pmfst.unist.hr\/cromc2020\/wp-json\/wp\/v2\/pages"}],"about":[{"href":"https:\/\/www.pmfst.unist.hr\/cromc2020\/wp-json\/wp\/v2\/types\/page"}],"author":[{"embeddable":true,"href":"https:\/\/www.pmfst.unist.hr\/cromc2020\/wp-json\/wp\/v2\/users\/1"}],"replies":[{"embeddable":true,"href":"https:\/\/www.pmfst.unist.hr\/cromc2020\/wp-json\/wp\/v2\/comments?post=1942"}],"version-history":[{"count":0,"href":"https:\/\/www.pmfst.unist.hr\/cromc2020\/wp-json\/wp\/v2\/pages\/1942\/revisions"}],"wp:attachment":[{"href":"https:\/\/www.pmfst.unist.hr\/cromc2020\/wp-json\/wp\/v2\/media?parent=1942"}],"curies":[{"name":"wp","href":"https:\/\/api.w.org\/{rel}","templated":true}]}}