{"id":1970,"date":"2022-06-03T09:04:39","date_gmt":"2022-06-03T07:04:39","guid":{"rendered":"https:\/\/www.pmfst.unist.hr\/cromc2020\/?page_id=1970"},"modified":"2022-06-07T23:14:07","modified_gmt":"2022-06-07T21:14:07","slug":"popis-sudionika-2","status":"publish","type":"page","link":"https:\/\/www.pmfst.unist.hr\/cromc2020\/hr\/popis-sudionika-2\/","title":{"rendered":"POPIS SUDIONIKA"},"content":{"rendered":"<div class=\"wpb-content-wrapper\">[vc_row][vc_column][vc_column_text css=&#8221;.vc_custom_1654636445819{margin-bottom: 0px !important;}&#8221;]\n<ol>\n<li>Dra\u017een Adamovi\u0107, Sveu\u010dili\u0161te u Zagrebu<\/li>\n<li>Maja Andri\u0107, Sveu\u010dili\u0161te u Splitu<\/li>\n<li>Suzana Antunovi\u0107, Sveu\u010dili\u0161te u Splitu<\/li>\n<li>Ana Anu\u0161i\u0107, Sveu\u010dili\u0161te u S\u00e3o Paulu, Brazil<\/li>\n<li>Ljiljana Aramba\u0161i\u0107, Sveu\u010dili\u0161te u Zagrebu<\/li>\n<li>Petar Baki\u0107, Sveu\u010dili\u0161te Utah, SAD<\/li>\n<li>Igor Bakovi\u0107, Sveu\u010dili\u0161te J. J. Strossmayera u Osijeku<\/li>\n<li>Dubravka Ban, Sveu\u010dili\u0161te Southern Illinois, SAD<\/li>\n<li>Sara Ban, Sveu\u010dili\u0161te u Rijeci<\/li>\n<li>Iztok Bani\u010d, Sveu\u010dili\u0161te u Mariboru, Slovenija<\/li>\n<li>Senka Bani\u0107, Sveu\u010dili\u0161te u Splitu<\/li>\n<li>Josipa Bari\u0107, Sveu\u010dili\u0161te u Splitu<\/li>\n<li>Angela Ba\u0161i\u0107-\u0160i\u0161ko, Sveu\u010dili\u0161te u Rijeci<\/li>\n<li>Ivan Bio\u010di\u0107, Sveu\u010dili\u0161te u Zagrebu<\/li>\n<li>Marija Bliznac Trebje\u0161anin, Sveu\u010dili\u0161te u Splitu<\/li>\n<li>Barbara Bo\u0161njak, Sveu\u010dili\u0161te u Zagrebu<\/li>\n<li>Snje\u017eana Brai\u0107, Sveu\u010dili\u0161te u Splitu<\/li>\n<li>Darija Brajkovi\u0107 Zori\u0107, Sveu\u010dili\u0161te J. J. Strossmayera u Osijeku<\/li>\n<li>Yann Bugeaud, Sveu\u010dili\u0161te u Strasbourgu, Francuska<\/li>\n<li>Sanda Buja\u010di\u0107 Babi\u0107, Sveu\u010dili\u0161te u Rijeci<\/li>\n<li>Aleksandar Bulj, Sveu\u010dili\u0161te u Zagrebu<\/li>\n<li>Tomislav Buri\u0107, Sveu\u010dili\u0161te u Zagrebu<\/li>\n<li>Marijana Butorac, Sveu\u010dili\u0161te u Rijeci<\/li>\n<li>Marin Bu\u017ean\u010di\u0107, Sveu\u010dili\u0161te u Zagrebu<\/li>\n<li>Thaniporn Chaysri, Sveu\u010dili\u0161te u Splitu<\/li>\n<li>Burcu \u00c7\u0131narc\u0131, Sveu\u010dili\u0161te Piri Reis, Turska<\/li>\n<li>Igor Ciganovi\u0107, Sveu\u010dili\u0161te u Zagrebu<\/li>\n<li>Bojan Crnkovi\u0107, Sveu\u010dili\u0161te u Rijeci<\/li>\n<li>Dean Crnkovi\u0107, Sveu\u010dili\u0161te u Rijeci<\/li>\n<li>Matea \u010celar, Sveu\u010dili\u0161te u Zagrebu<\/li>\n<li>Andrijana \u0106urkovi\u0107, Sveu\u010dili\u0161te u Splitu<\/li>\n<li>Iva \u0106u\u017ee, Sveu\u010dili\u0161te u Mostaru, Bosna i Hercegovina<\/li>\n<li>Marina Dajakovi\u0107, Sveu\u010dili\u0161te u Splitu<\/li>\n<li>Ranjan Kumar Das, Sveu\u010dili\u0161te J. J. Strossmayera u Osijeku<\/li>\n<li>Suleyman Demir, Tehni\u010dko sveu\u010dili\u0161te Eskisehir, Turska<\/li>\n<li>Jehanne Dousse, CNNS i Sveu\u010dili\u0161te u Lyonu 1, Francuska<\/li>\n<li>Davor Dragi\u010devi\u0107, Sveu\u010dili\u0161te u Rijeci<\/li>\n<li>Andrej Dujella, Sveu\u010dili\u0161te u Zagrebu<\/li>\n<li>Doris Dumi\u010di\u0107 Danilovi\u0107, Sveu\u010dili\u0161te u Rijeci<\/li>\n<li>Du\u0161an \u0110or\u0111evi\u0107, Sveu\u010dili\u0161te u Ni\u0161u, Srbija<\/li>\n<li>Jasmina \u0110or\u0111evi\u0107, Sveu\u010dili\u0161te u Oslu, Norve\u0161ka<\/li>\n<li>Layan\u00a0 El Hajj, Ameri\u010dko sveu\u010dili\u0161te u Dubaiju, Ujedinjeni Arapski Emirati<\/li>\n<li>Goran Erceg, Sveu\u010dili\u0161te u Splitu<\/li>\n<li>Marko Erceg, Sveu\u010dili\u0161te u Zagrebu<\/li>\n<li>Zlatko Erjavec, Sveu\u010dili\u0161te u Zagrebu<\/li>\n<li>Blas Fern\u00e1ndez, Sveu\u010dili\u0161te na Primorskom, Slovenija<\/li>\n<li>Zrinka Franu\u0161i\u0107, Sveu\u010dili\u0161te u Zagrebu<\/li>\n<li>Istv\u00e1n Ga\u00e1l, Sveu\u010dili\u0161te u Debrecenu, Ma\u0111arska<\/li>\n<li>Marija Gali\u0107, Sveu\u010dili\u0161te u Zagrebu<\/li>\n<li>Petra Marija Gojun, Sveu\u010dili\u0161te u Splitu<\/li>\n<li>Anka Golemac, Sveu\u010dili\u0161te u Splitu<\/li>\n<li>Vesna Gotovac \u0110oga\u0161, Sveu\u010dili\u0161te u Splitu<\/li>\n<li>Ana Grbac, Sveu\u010dili\u0161te u Rijeci<\/li>\n<li>Zorana Grbac, Sveu\u010dili\u0161te Paris Cit\u00e9, Francuska<\/li>\n<li>Sina Greenwood, Sveu\u010dili\u0161te u Aucklandu, Novi Zeland<\/li>\n<li>Luka Grubi\u0161i\u0107, Sveu\u010dili\u0161te u Zagrebu<\/li>\n<li>Tomislav Gu\u017evi\u0107, Sveu\u010dili\u0161te u Zagrebu<\/li>\n<li>Marcela Hanzer, Sveu\u010dili\u0161te u Zagrebu<\/li>\n<li>Vjeran Hari, Sveu\u010dili\u0161te u Zagrebu<\/li>\n<li>Daniel Hawtin, Sveu\u010dili\u0161te u Rijeci<\/li>\n<li>Pedro Luis Hern\u00e1ndez Llanos, Sveu\u010dili\u0161te u Zagrebu<\/li>\n<li>Marko Horvat, Sveu\u010dili\u0161te u Zagrebu<\/li>\n<li>Sebastijan Horvat, Sveu\u010dili\u0161te u Zagrebu<\/li>\n<li>Miljenko Huzak, Sveu\u010dili\u0161te u Zagrebu<\/li>\n<li>Dijana Ili\u0161evi\u0107, Sveu\u010dili\u0161te u Zagrebu<\/li>\n<li>Zvonko Iljazovi\u0107, Sveu\u010dili\u0161te u Zagrebu<\/li>\n<li>Slavica Iveli\u0107 Bradanovi\u0107, Sveu\u010dili\u0161te u Splitu<\/li>\n<li>Asia Ivi\u0107 Weiss, Sveu\u010dili\u0161te York, Toronto, Kanada<\/li>\n<li>Borka Jadrijevi\u0107, Sveu\u010dili\u0161te u Splitu<\/li>\n<li>Nevena Jakov\u010devi\u0107 Stor, Sveu\u010dili\u0161te u Splitu<\/li>\n<li>Julije Jak\u0161eti\u0107, Sveu\u010dili\u0161te u Zagrebu<\/li>\n<li>Domagoj Jeli\u0107, Sveu\u010dili\u0161te u Splitu<\/li>\n<li>Ivan Jeli\u0107, Sveu\u010dili\u0161te u Splitu<\/li>\n<li>Matea Jeli\u0107, Sveu\u010dili\u0161te u Splitu<\/li>\n<li>Bojana Jovanovi\u0107, Sveu\u010dili\u0161te u Ni\u0161u, Srbija<\/li>\n<li>Dragan Juki\u0107, Sveu\u010dili\u0161te J. J. Strossmayera u Osijeku<\/li>\n<li>Ana Jurasi\u0107, Sveu\u010dili\u0161te u Rijeci<\/li>\n<li>Judy Kennedy, Sveu\u010dili\u0161te Lamar, SAD<\/li>\n<li>Kristijan Kilassa Kvaternik, Sveu\u010dili\u0161te u Zagrebu<\/li>\n<li>Panki Kim, Nacionalno sveu\u010dili\u0161te u Seulu, Ju\u017ena Koreja<\/li>\n<li>Milica Klari\u010di\u0107 Bakula, Sveu\u010dili\u0161te u Splitu<\/li>\n<li>Damjan Klemen\u010di\u0107, Sveu\u010dili\u0161te u Zagrebu<\/li>\n<li>Christian Klevdal, Nacionalni institut za znanost i tehnologiju Ulsan, Ju\u017ena Koreja<\/li>\n<li>Martin Klime\u0161, Sveu\u010dili\u0161te u Zagrebu<\/li>\n<li>Ana Klobu\u010dar Bari\u0161i\u0107, Sveu\u010dili\u0161te u Zagrebu<\/li>\n<li>Nikola Kocei\u0107 Bilan, Sveu\u010dili\u0161te u Splitu<\/li>\n<li>Iva Kodrnja, Sveu\u010dili\u0161te u Zagrebu<\/li>\n<li>Ana Kontrec, Institut za matematiku Max Planck, Njema\u010dka i Sveu\u010dili\u0161te u Zagrebu<\/li>\n<li>Slaven Ko\u017ei\u0107, Sveu\u010dili\u0161te u Zagrebu<\/li>\n<li>Hrvoje Kraljevi\u0107, Sveu\u010dili\u0161te u Zagrebu<\/li>\n<li>Dijana Kreso, TU Graz, Austrija<\/li>\n<li>Sa\u0161a Kre\u0161i\u0107-Juri\u0107, Sveu\u010dili\u0161te u Splitu<\/li>\n<li>Danijel Krizmani\u0107, Sveu\u010dili\u0161te u Rijeci<\/li>\n<li>Mario Krni\u0107, Sveu\u010dili\u0161te u Zagrebu<\/li>\n<li>Kristina Kruli\u0107 Himmelreich, Sveu\u010dili\u0161te u Zagrebu<\/li>\n<li>Petr Ku\u010dera, \u010ce\u0161ko tehni\u010dko sveu\u010dili\u0161te u Pragu, \u010ce\u0161ka<\/li>\n<li>Mihaela Laljek, Sveu\u010dili\u0161te u Zagrebu<\/li>\n<li>Ana La\u0161tre, Sveu\u010dili\u0161te u Splitu<\/li>\n<li>Petra Lazi\u0107, Sveu\u010dili\u0161te u Zagrebu<\/li>\n<li>Neda Lovri\u010devi\u0107, Sveu\u010dili\u0161te u Splitu<\/li>\n<li>Snje\u017eana Lubura Strunjak, Sveu\u010dili\u0161te u Zagrebu<\/li>\n<li>Marija Maksimovi\u0107, Sveu\u010dili\u0161te u Rijeci<\/li>\n<li>Jo\u0161ko Mandi\u0107, Sveu\u010dili\u0161te u Splitu<\/li>\n<li>Stipe Mari\u0107, Sveu\u010dili\u0161te u Splitu<\/li>\n<li>Darija Markovi\u0107, Sveu\u010dili\u0161te J. J. Strossmayera u Osijeku<\/li>\n<li>Ivica Martinjak, Sveu\u010dili\u0161te u Zagrebu<\/li>\n<li>Tea Martini\u0107 Bila\u0107, Sveu\u010dili\u0161te u Splitu<\/li>\n<li>Josip Mateja\u0161, Sveu\u010dili\u0161te u Zagrebu<\/li>\n<li>Marko Mati\u0107, Sveu\u010dili\u0161te u Splitu<\/li>\n<li>Vlasta Matijevi\u0107, Sveu\u010dili\u0161te u Splitu<\/li>\n<li>Anita Matkovi\u0107, Sveu\u010dili\u0161te u Splitu<\/li>\n<li>Lenka Mihokovi\u0107, Sveu\u010dili\u0161te u Zagrebu<\/li>\n<li>Damir Miko\u010d, Sveu\u010dili\u0161te u Zadru<\/li>\n<li>Vedrana Mikuli\u0107 Crnkovi\u0107, Sveu\u010dili\u0161te u Rijeci<\/li>\n<li>Kristina Mileti\u0107, Sveu\u010dili\u0161te u Mostaru, Bosna i Hercegovina<\/li>\n<li>\u017deljka Milin \u0160ipu\u0161, Sveu\u010dili\u0161te u Zagrebu<\/li>\n<li>Nikolina Milin\u010devi\u0107, Sveu\u010dili\u0161te u Zagrebu<\/li>\n<li>Ana Mimica, Sveu\u010dili\u0161te u Dubrovniku<\/li>\n<li>Maya Mincheva, Sveu\u010dili\u0161te Northern Illinois, SAD<\/li>\n<li>Ivan\u010dica Miro\u0161evi\u0107, Sveu\u010dili\u0161te u Splitu<\/li>\n<li>Petar Mlinari\u0107, Virginia Tech, SAD<\/li>\n<li>Nina Mostarac, Sveu\u010dili\u0161te u Rijeci<\/li>\n<li>Matteo Mravi\u0107, Sveu\u010dili\u0161te u Rijeci<\/li>\n<li>Rudi Mrazovi\u0107, Sveu\u010dili\u0161te u Zagrebu<\/li>\n<li>Boris Muha, Sveu\u010dili\u0161te u Zagrebu<\/li>\n<li>Goran Mui\u0107, Sveu\u010dili\u0161te u Zagrebu<\/li>\n<li>Marko Orel, Sveu\u010dili\u0161te na Primorskom i IMFM, Slovenija<\/li>\n<li>Pavle Pand\u017ei\u0107, Sveu\u010dili\u0161te u Zagrebu<\/li>\n<li>Igor Pa\u017eanin, Sveu\u010dili\u0161te u Zagrebu<\/li>\n<li>Josip Pe\u010dari\u0107, Hrvatska akademija znanosti i umjetnosti<\/li>\n<li>Veronika Pedi\u0107 Tomi\u0107, Sveu\u010dili\u0161te u Zagrebu<\/li>\n<li>Safet Penji\u0107, Sveu\u010dili\u0161te na Primorskom, Slovenija<\/li>\n<li>Dino Peran, Sveu\u010dili\u0161te u Splitu<\/li>\n<li>Ivan Peri\u0107, Sveu\u010dili\u0161te u Zagrebu<\/li>\n<li>Jurica Peri\u0107, Sveu\u010dili\u0161te u Splitu<\/li>\n<li>Ana Peri\u0161i\u0107, Sveu\u010dili\u0161te u Splitu<\/li>\n<li>Tin Perkov, Sveu\u010dili\u0161te u Zagrebu<\/li>\n<li>Ozren Per\u0161e, Sveu\u010dili\u0161te u Zagrebu<\/li>\n<li>Anamarija Peru\u0161i\u0107 Pribani\u0107, Sveu\u010dili\u0161te u Rijeci<\/li>\n<li>Vinko Petri\u010devi\u0107, Sveu\u010dili\u0161te u Zagrebu<\/li>\n<li>Aleksandra Petrovi\u0107, Sveu\u010dili\u0161te u Ni\u0161u, Srbija<\/li>\n<li>Jelena Ple\u0161tina, Sveu\u010dili\u0161te u Splitu<\/li>\n<li>Luka Podrug, Sveu\u010dili\u0161te u Zagrebu<\/li>\n<li>Tibor Pog\u00e1ny, Sveu\u010dili\u0161te u Rijeci i Sveu\u010dili\u0161te \u00d3buda, Ma\u0111arska<\/li>\n<li>Dora Pokaz, Sveu\u010dili\u0161te u Zagrebu<\/li>\n<li>Mirko Primc, Sveu\u010dili\u0161te u Zagrebu<\/li>\n<li>Ljiljana Primorac Gaj\u010di\u0107, Sveu\u010dili\u0161te J. J. Strossmayera u Osijeku<\/li>\n<li>Ana Prli\u0107, Sveu\u010dili\u0161te u Zagrebu<\/li>\n<li>Mate Puljiz, Sveu\u010dili\u0161te u Zagrebu<\/li>\n<li>Sonja Radas, Ekonomski institut, Zagreb<\/li>\n<li>Dajana Radi\u0161i\u0107, Sveu\u010dili\u0161te u Splitu<\/li>\n<li>Gordan Radobolja, Sveu\u010dili\u0161te u Splitu<\/li>\n<li>Rajna Raji\u0107, Sveu\u010dili\u0161te u Zagrebu<\/li>\n<li>Nikolina Ratkovi\u0107 Rubi\u0107, Sveu\u010dili\u0161te u Splitu<\/li>\n<li>Mirna Rodi\u0107, Sveu\u010dili\u0161te u Zagrebu<\/li>\n<li>Ren\u00e9 Rodr\u00edguez Aldama, Sveu\u010dili\u0161te na Primorskom, Slovenija<\/li>\n<li>Borja Rukavina, Sveu\u010dili\u0161te u Zagrebu<\/li>\n<li>Sanja Rukavina, Sveu\u010dili\u0161te u Rijeci<\/li>\n<li>Jelena Rup\u010di\u0107, Sveu\u010dili\u0161te u Zagrebu<\/li>\n<li>Lucija Ru\u017eman, Sveu\u010dili\u0161te u Splitu<\/li>\n<li>Kristian Sabo, Sveu\u010dili\u0161te J. J. Strossmayera u Osijeku<\/li>\n<li>Gordan Savin, Sveu\u010dili\u0161te Utah, SAD<\/li>\n<li>Jelena Sedlar, Sveu\u010dili\u0161te u Splitu<\/li>\n<li>Lokesh Singh, Sveu\u010dili\u0161te u Rijeci<\/li>\n<li>Zdenek Skalak, \u010ce\u0161ko tehni\u010dko sveu\u010dili\u0161te u Pragu, \u010ce\u0161ka<\/li>\n<li>Ivana Slami\u0107, Sveu\u010dili\u0161te u Rijeci<\/li>\n<li>Ivan Slapni\u010dar, Sveu\u010dili\u0161te u Splitu<\/li>\n<li>Ksenija Smoljak Kalamir, Sveu\u010dili\u0161te u Zagrebu<\/li>\n<li>Ivan Soldo, Sveu\u010dili\u0161te J. J. Strossmayera u Osijeku<\/li>\n<li>Sandeep Kumar Soni, Sveu\u010dili\u0161te u Zagrebu<\/li>\n<li>Milena So\u0161i\u0107, Sveu\u010dili\u0161te u Rijeci<\/li>\n<li>Mario Stip\u010di\u0107, Sveu\u010dili\u0161te Chapman, SAD<\/li>\n<li>Branimir Stojanovi\u0107, Sveu\u010dili\u0161te u Zagrebu<\/li>\n<li>Dragutin Svrtan, Sveu\u010dili\u0161te u Zagrebu<\/li>\n<li>Stjepan \u0160ebek, Sveu\u010dili\u0161te u Zagrebu<\/li>\n<li>Hrvoje \u0160iki\u0107, Sveu\u010dili\u0161te u Zagrebu<\/li>\n<li>Tomislav \u0160iki\u0107, Sveu\u010dili\u0161te u Zagrebu<\/li>\n<li>Marina \u0160imac, Sveu\u010dili\u0161te u Rijeci<\/li>\n<li>Riste \u0160krekovski, Sveu\u010dili\u0161te u Ljubljani i Fakultet za informacijske studije, Novo Mesto, Slovenija<\/li>\n<li>Sonja \u0160timac, Sveu\u010dili\u0161te u Zagrebu<\/li>\n<li>Aljo\u0161a \u0160uba\u0161i\u0107, Sveu\u010dili\u0161te u Splitu<\/li>\n<li>Nenad \u0160uvak, Sveu\u010dili\u0161te J. J. Strossmayera u Osijeku<\/li>\n<li>Andrea \u0160vob, Sveu\u010dili\u0161te u Rijeci<\/li>\n<li>Josip Tamba\u010da, Sveu\u010dili\u0161te u Zagrebu<\/li>\n<li>Marko Tadi\u0107, Sveu\u010dili\u0161te u Zagrebu<\/li>\n<li>Mathew Timm, Sveu\u010dili\u0161te Bradley, SAD i Sveu\u010dili\u0161te u Splitu<\/li>\n<li>Sanja Tipuri\u0107-Spu\u017eevi\u0107, Sveu\u010dili\u0161te u Splitu<\/li>\n<li>Ivan Toma\u0161i\u0107, Sveu\u010dili\u0161te Queen Mary u Londonu, Ujedinjeno Kraljevstvo<\/li>\n<li>Vera Toni\u0107, Sveu\u010dili\u0161te u Rijeci<\/li>\n<li>Nikica Ugle\u0161i\u0107, Veli Rat<\/li>\n<li>Ivo Ugrina, Sveu\u010dili\u0161te u Splitu<\/li>\n<li>An\u0111a Valent, Tehni\u010dko veleu\u010dili\u0161te u Zagrebu<\/li>\n<li>Igor Vel\u010di\u0107, Sveu\u010dili\u0161te u Zagrebu<\/li>\n<li>Darko Veljan, Sveu\u010dili\u0161te u Zagrebu<\/li>\n<li>Andreja Vlahek, Sveu\u010dili\u0161te u Zagrebu<\/li>\n<li>David Vogan, MIT, SAD<\/li>\n<li>Tanja Vojkovi\u0107, Sveu\u010dili\u0161te u Splitu<\/li>\n<li>Zoran Vondra\u010dek, Sveu\u010dili\u0161te u Zagrebu<\/li>\n<li>Marko Vrdoljak, Sveu\u010dili\u0161te u Zagrebu<\/li>\n<li>Tanja Vu\u010di\u010di\u0107, Sveu\u010dili\u0161te u Splitu<\/li>\n<li>Borna Vukorepa, Sveu\u010dili\u0161te u Zagrebu<\/li>\n<li>Ivana Vukorepa, Sveu\u010dili\u0161te u Zagrebu<\/li>\n<li>Ivica Vukovi\u0107, Tehni\u010dko veleu\u010dili\u0161te u Zagrebu<\/li>\n<li>Mladen Vukovi\u0107, Sveu\u010dili\u0161te u Zagrebu<\/li>\n<li>Milena Vulevi\u0107 Pribudi\u0107, Sveu\u010dili\u0161te u Splitu<\/li>\n<li>Vanja Wagner, Sveu\u010dili\u0161te u Zagrebu<\/li>\n<li>Tin Zrinski, Sveu\u010dili\u0161te u Rijeci<\/li>\n<li>Enrique Zuazua, FAU-AvH, Erlangen, Njema\u010dka, Fundaci\u00f3n Deusto-Bilbao i UAM-Madrid, \u0160panjolska<\/li>\n<li>Josip \u017dubrini\u0107, Sveu\u010dili\u0161te u Zagrebu<\/li>\n<li>Sonja \u017dunar, Sveu\u010dili\u0161te u Zagrebu<\/li>\n<li>Vesna \u017dupanovi\u0107, Sveu\u010dili\u0161te u Zagrebu<\/li>\n<\/ol>\n[\/vc_column_text][\/vc_column][\/vc_row]\n<\/div>","protected":false},"excerpt":{"rendered":"<p>[vc_row][vc_column][vc_column_text css=&#8221;.vc_custom_1654636445819{margin-bottom: 0px !important;}&#8221;] Dra\u017een Adamovi\u0107, Sveu\u010dili\u0161te u Zagrebu Maja Andri\u0107, Sveu\u010dili\u0161te u Splitu Suzana Antunovi\u0107, Sveu\u010dili\u0161te u Splitu Ana Anu\u0161i\u0107, Sveu\u010dili\u0161te u S\u00e3o Paulu, Brazil Ljiljana Aramba\u0161i\u0107, Sveu\u010dili\u0161te u Zagrebu Petar Baki\u0107, Sveu\u010dili\u0161te Utah, SAD Igor Bakovi\u0107, Sveu\u010dili\u0161te J. J. Strossmayera u Osijeku Dubravka Ban, Sveu\u010dili\u0161te Southern Illinois, SAD Sara Ban, Sveu\u010dili\u0161te u Rijeci [&hellip;]<\/p>\n","protected":false},"author":1,"featured_media":0,"parent":0,"menu_order":0,"comment_status":"closed","ping_status":"closed","template":"","meta":{"footnotes":""},"class_list":["post-1970","page","type-page","status-publish","hentry"],"_links":{"self":[{"href":"https:\/\/www.pmfst.unist.hr\/cromc2020\/wp-json\/wp\/v2\/pages\/1970","targetHints":{"allow":["GET"]}}],"collection":[{"href":"https:\/\/www.pmfst.unist.hr\/cromc2020\/wp-json\/wp\/v2\/pages"}],"about":[{"href":"https:\/\/www.pmfst.unist.hr\/cromc2020\/wp-json\/wp\/v2\/types\/page"}],"author":[{"embeddable":true,"href":"https:\/\/www.pmfst.unist.hr\/cromc2020\/wp-json\/wp\/v2\/users\/1"}],"replies":[{"embeddable":true,"href":"https:\/\/www.pmfst.unist.hr\/cromc2020\/wp-json\/wp\/v2\/comments?post=1970"}],"version-history":[{"count":0,"href":"https:\/\/www.pmfst.unist.hr\/cromc2020\/wp-json\/wp\/v2\/pages\/1970\/revisions"}],"wp:attachment":[{"href":"https:\/\/www.pmfst.unist.hr\/cromc2020\/wp-json\/wp\/v2\/media?parent=1970"}],"curies":[{"name":"wp","href":"https:\/\/api.w.org\/{rel}","templated":true}]}}