{"id":378,"date":"2019-10-04T08:45:08","date_gmt":"2019-10-04T06:45:08","guid":{"rendered":"https:\/\/www.pmfst.unist.hr\/cromc2020\/?page_id=378"},"modified":"2022-02-18T12:04:03","modified_gmt":"2022-02-18T11:04:03","slug":"o-kongresu","status":"publish","type":"page","link":"https:\/\/www.pmfst.unist.hr\/cromc2020\/hr\/o-kongresu\/","title":{"rendered":"O KONGRESU"},"content":{"rendered":"<div class=\"wpb-content-wrapper\">[vc_row][vc_column][vc_column_text css=&#8221;.vc_custom_1575292132023{margin-bottom: 0px !important;}&#8221;]\n<p style=\"text-align: justify;\">Drage kolegice, dragi kolege,<\/p>\n<p style=\"text-align: justify;\">dobro do\u0161li na slu\u017ebenu stranicu Sedmoga hrvatskog matemati\u010dkog kongresa (7. HMK) koji \u0107e se odr\u017eati od 15. do 18. lipnja 2022. godine\u00a0 na Prirodoslovno-matemati\u010dkom fakultetu Sveu\u010dili\u0161ta u Splitu pod visokim pokroviteljstvom Hrvatske akademije znanosti i umjetnosti!<\/p>\n<p style=\"text-align: justify;\">Hrvatski matemati\u010dki kongres se odr\u017eava svake \u010detvrte godine i sredi\u0161nji je matemati\u010dki doga\u0111aj u Republici Hrvatskoj u tom razdoblju. Prvenstvena svrha jest okupiti doma\u0107e znanstvenike, kao i one iz dijaspore, da na Kongresu izlo\u017ee svoje najnovije rezultate te diskutiraju i razmijene ideje iz razli\u010ditih podru\u010dja teorijske i primijenjene matematike. Osim hrvatskih znanstvenika, kroz plenarna, pozvana, sekcijska predavanja te postersku sekciju, svoje najnovije rezultate predstavljaju i ugledni strani znanstvenici s poznatih svjetskih sveu\u010dili\u0161ta.<\/p>\n<p style=\"text-align: justify;\">U sklopu znanstvenoga programa predvi\u0111eno je i predavanje dobitnika <em>Nagrade Hrvatskoga matemati\u010dkog dru\u0161tva &#8220;Ante Mimica&#8221; za znanstveni doprinos u matematici <\/em> koja se dodjeljuje svake \u010detvrte godine mladom matemati\u010daru (do 35 godina starosti) sa stalnim boravi\u0161tem u Republici Hrvatskoj. Osim znanstvenih predavanja, odr\u017eavaju se\u00a0 i okrugli stolovi s temama vezanim uz\u00a0 probleme matemati\u010dke struke, kao i druge popratne aktivnosti.<\/p>\n<p style=\"text-align: left;\">Radujemo se Va\u0161em dolasku na Sedmi hrvatski matemati\u010dki kongres!<\/p>\n[\/vc_column_text][vc_empty_space][vc_separator][\/vc_column][\/vc_row][vc_row][vc_column][vc_column_text css=&#8221;.vc_custom_1571312362528{margin-bottom: 0px !important;}&#8221;]\n<h4>PRETHODNI KONGRESI<\/h4>\n<p>&nbsp;<\/p>\n<p><a href=\"https:\/\/web.math.pmf.unizg.hr\/congress15\/\">\u0160esti Hrvatski matemati\u010dki kongres, Zagreb, 2016.<\/a><\/p>\n<p><a href=\"http:\/\/www.math.uniri.hr\/CroMC2012\/\">Peti Hrvatski matemati\u010dki kongres, Rijeka, 2012.<\/a><\/p>\n<p><a href=\"http:\/\/www.mathos.unios.hr\/congress2008\/\">\u010cetvrti Hrvatski matemati\u010dki kongres, Osijek, 2008.<\/a><\/p>\n<p>Tre\u0107i Hrvatski matemati\u010dki kongres, Split, 2004.<\/p>\n<p><a href=\"http:\/\/web.math.hr\/~congress\/\">Drugi Hrvatski matemati\u010dki kongres, Zagreb, 2000.<\/a><\/p>\n<p>Prvi Hrvatski matemati\u010dki kongres, Zagreb, 1996.[\/vc_column_text][\/vc_column][\/vc_row]\n<\/div>","protected":false},"excerpt":{"rendered":"<p>[vc_row][vc_column][vc_column_text css=&#8221;.vc_custom_1575292132023{margin-bottom: 0px !important;}&#8221;] Drage kolegice, dragi kolege, dobro do\u0161li na slu\u017ebenu stranicu Sedmoga hrvatskog matemati\u010dkog kongresa (7. HMK) koji \u0107e se odr\u017eati od 15. do 18. lipnja 2022. godine\u00a0 na Prirodoslovno-matemati\u010dkom fakultetu Sveu\u010dili\u0161ta u Splitu pod visokim pokroviteljstvom Hrvatske akademije znanosti i umjetnosti! Hrvatski matemati\u010dki kongres se odr\u017eava svake \u010detvrte godine i sredi\u0161nji je [&hellip;]<\/p>\n","protected":false},"author":1,"featured_media":0,"parent":0,"menu_order":0,"comment_status":"closed","ping_status":"closed","template":"","meta":{"footnotes":""},"class_list":["post-378","page","type-page","status-publish","hentry"],"_links":{"self":[{"href":"https:\/\/www.pmfst.unist.hr\/cromc2020\/wp-json\/wp\/v2\/pages\/378","targetHints":{"allow":["GET"]}}],"collection":[{"href":"https:\/\/www.pmfst.unist.hr\/cromc2020\/wp-json\/wp\/v2\/pages"}],"about":[{"href":"https:\/\/www.pmfst.unist.hr\/cromc2020\/wp-json\/wp\/v2\/types\/page"}],"author":[{"embeddable":true,"href":"https:\/\/www.pmfst.unist.hr\/cromc2020\/wp-json\/wp\/v2\/users\/1"}],"replies":[{"embeddable":true,"href":"https:\/\/www.pmfst.unist.hr\/cromc2020\/wp-json\/wp\/v2\/comments?post=378"}],"version-history":[{"count":0,"href":"https:\/\/www.pmfst.unist.hr\/cromc2020\/wp-json\/wp\/v2\/pages\/378\/revisions"}],"wp:attachment":[{"href":"https:\/\/www.pmfst.unist.hr\/cromc2020\/wp-json\/wp\/v2\/media?parent=378"}],"curies":[{"name":"wp","href":"https:\/\/api.w.org\/{rel}","templated":true}]}}