{"id":382,"date":"2019-10-04T08:46:49","date_gmt":"2019-10-04T06:46:49","guid":{"rendered":"https:\/\/www.pmfst.unist.hr\/cromc2020\/?page_id=382"},"modified":"2019-11-27T11:54:29","modified_gmt":"2019-11-27T10:54:29","slug":"znanstveni-odbor","status":"publish","type":"page","link":"https:\/\/www.pmfst.unist.hr\/cromc2020\/hr\/znanstveni-odbor\/","title":{"rendered":"ZNANSTVENI ODBOR"},"content":{"rendered":"<p>Supredsjedavaju\u0107e:<\/p>\n<ul>\n<li>Borka Jadrijevi\u0107 (Sveu\u010dili\u0161te u Splitu)<\/li>\n<li>Milica Klari\u010di\u0107 Bakula (Sveu\u010dili\u0161te u Splitu)<\/li>\n<\/ul>\n<p>\u010clanovi:<\/p>\n<ul>\n<li>Dra\u017een Adamovi\u0107 (Sveu\u010dili\u0161te u Zagrebu)<\/li>\n<li>Dean Crnkovi\u0107 (Sveu\u010dili\u0161te u Rijeci)<\/li>\n<li>Jak\u0161a Cvitani\u0107 (Caltech, Pasadena)<\/li>\n<li>Zlatko Drma\u010d (Sveu\u010dili\u0161te u Zagrebu)<\/li>\n<li>Andrej Dujella (Sveu\u010dili\u0161te u Zagrebu)<\/li>\n<li>Dijana Ili\u0161evi\u0107 (Sveu\u010dili\u0161te u Zagrebu)<\/li>\n<li>Dragan Juki\u0107 (Sveu\u010dili\u0161te u Osijeku)<\/li>\n<li>Hrvoje Kraljevi\u0107 (Sveu\u010dili\u0161te u Zagrebu)<\/li>\n<li>Mario Krni\u0107 (Sveu\u010dili\u0161te u Zagrebu)<\/li>\n<li>Martin Lazar (Sveu\u010dili\u0161te u Dubrovniku)<\/li>\n<li>Eduard Maru\u0161i\u0107-Paloka (Sveu\u010dili\u0161te u Zagrebu)<\/li>\n<li>Vlasta Matijevi\u0107 (Sveu\u010dili\u0161te u Splitu)<\/li>\n<li>\u017deljka Milin \u0160ipu\u0161 (Sveu\u010dili\u0161te u Zagrebu)<\/li>\n<li>Goran Mui\u0107 (Sveu\u010dili\u0161te u Zagrebu)<\/li>\n<li>Tibor Poganj (Sveu\u010dili\u0161te u Rijeci)<\/li>\n<li>Hrvoje \u0160iki\u0107 (Sveu\u010dili\u0161te u Zagrebu)<\/li>\n<li>Marko Tadi\u0107 (Sveu\u010dili\u0161te u Zagrebu)<\/li>\n<li>Josip Tamba\u010da (Sveu\u010dili\u0161te u Zagrebu)<\/li>\n<li>Ninoslav Truhar (Sveu\u010dili\u0161te u Osijeku)<\/li>\n<li>Zoran Vondra\u010dek (Sveu\u010dili\u0161te u Zagrebu)<\/li>\n<li>Damir Vuki\u010devi\u0107 (Sveu\u010dili\u0161te u Splitu)<\/li>\n<li>Mladen Vukovi\u0107 (Sveu\u010dili\u0161te u Zagrebu)<\/li>\n<li>Vesna \u017dupanovi\u0107 (Sveu\u010dili\u0161te u Zagrebu)<\/li>\n<\/ul>\n","protected":false},"excerpt":{"rendered":"<p>Supredsjedavaju\u0107e: Borka Jadrijevi\u0107 (Sveu\u010dili\u0161te u Splitu) Milica Klari\u010di\u0107 Bakula (Sveu\u010dili\u0161te u Splitu) \u010clanovi: Dra\u017een Adamovi\u0107 (Sveu\u010dili\u0161te u Zagrebu) Dean Crnkovi\u0107 (Sveu\u010dili\u0161te u Rijeci) Jak\u0161a Cvitani\u0107 (Caltech, Pasadena) Zlatko Drma\u010d (Sveu\u010dili\u0161te u Zagrebu) Andrej Dujella (Sveu\u010dili\u0161te u Zagrebu) Dijana Ili\u0161evi\u0107 (Sveu\u010dili\u0161te u Zagrebu) Dragan Juki\u0107 (Sveu\u010dili\u0161te u Osijeku) Hrvoje Kraljevi\u0107 (Sveu\u010dili\u0161te u Zagrebu) Mario Krni\u0107 (Sveu\u010dili\u0161te [&hellip;]<\/p>\n","protected":false},"author":1,"featured_media":0,"parent":0,"menu_order":0,"comment_status":"closed","ping_status":"closed","template":"","meta":{"footnotes":""},"class_list":["post-382","page","type-page","status-publish","hentry"],"_links":{"self":[{"href":"https:\/\/www.pmfst.unist.hr\/cromc2020\/wp-json\/wp\/v2\/pages\/382","targetHints":{"allow":["GET"]}}],"collection":[{"href":"https:\/\/www.pmfst.unist.hr\/cromc2020\/wp-json\/wp\/v2\/pages"}],"about":[{"href":"https:\/\/www.pmfst.unist.hr\/cromc2020\/wp-json\/wp\/v2\/types\/page"}],"author":[{"embeddable":true,"href":"https:\/\/www.pmfst.unist.hr\/cromc2020\/wp-json\/wp\/v2\/users\/1"}],"replies":[{"embeddable":true,"href":"https:\/\/www.pmfst.unist.hr\/cromc2020\/wp-json\/wp\/v2\/comments?post=382"}],"version-history":[{"count":0,"href":"https:\/\/www.pmfst.unist.hr\/cromc2020\/wp-json\/wp\/v2\/pages\/382\/revisions"}],"wp:attachment":[{"href":"https:\/\/www.pmfst.unist.hr\/cromc2020\/wp-json\/wp\/v2\/media?parent=382"}],"curies":[{"name":"wp","href":"https:\/\/api.w.org\/{rel}","templated":true}]}}