{"id":391,"date":"2019-10-04T08:58:06","date_gmt":"2019-10-04T06:58:06","guid":{"rendered":"https:\/\/www.pmfst.unist.hr\/cromc2020\/?page_id=391"},"modified":"2020-08-24T08:46:11","modified_gmt":"2020-08-24T06:46:11","slug":"organizing-committee","status":"publish","type":"page","link":"https:\/\/www.pmfst.unist.hr\/cromc2020\/organizing-committee\/","title":{"rendered":"ORGANIZING COMMITTEE"},"content":{"rendered":"<p>Co-chairs:<\/p>\n<ul>\n<li>Borka Jadrijevi\u0107 (University of Split)<\/li>\n<li>Milica Klari\u010di\u0107 Bakula (University of Split)<\/li>\n<\/ul>\n<p>Members:<\/p>\n<ul>\n<li>Dubravka Ban (Southern Illinois University, USA)<\/li>\n<li>Marija Bliznac Trebje\u0161anin (University of Split)<\/li>\n<li>Snje\u017eana Brai\u0107 (University of Split)<\/li>\n<li>Andrijana \u0106urkovi\u0107 (University of Split)<\/li>\n<li>Goran Erceg (University of Split)<\/li>\n<li>Zorana Grbac\u00a0(Paris Diderot University, France)<\/li>\n<li>Marcela Hanzer (University of Zagreb)<\/li>\n<li>Ivan Jeli\u0107 (University of Split)<\/li>\n<li>Nikola Kocei\u0107-Bilan (University of Split)<\/li>\n<li>Igor Pa\u017eanin (University of Zagreb)<\/li>\n<li>Dino Peran (University of Split)<\/li>\n<li>Jurica Peri\u0107 (University of Split)<\/li>\n<li>Gordan Radobolja (University of Split)<\/li>\n<li>Ivan Slapni\u010dar (University of Split)<\/li>\n<\/ul>\n","protected":false},"excerpt":{"rendered":"<p>Co-chairs: Borka Jadrijevi\u0107 (University of Split) Milica Klari\u010di\u0107 Bakula (University of Split) Members: Dubravka Ban (Southern Illinois University, USA) Marija Bliznac Trebje\u0161anin (University of Split) Snje\u017eana Brai\u0107 (University of Split) Andrijana \u0106urkovi\u0107 (University of Split) Goran Erceg (University of Split) Zorana Grbac\u00a0(Paris Diderot University, France) Marcela Hanzer (University of Zagreb) Ivan Jeli\u0107 (University of Split) [&hellip;]<\/p>\n","protected":false},"author":1,"featured_media":0,"parent":0,"menu_order":0,"comment_status":"closed","ping_status":"closed","template":"","meta":{"footnotes":""},"class_list":["post-391","page","type-page","status-publish","hentry"],"_links":{"self":[{"href":"https:\/\/www.pmfst.unist.hr\/cromc2020\/wp-json\/wp\/v2\/pages\/391","targetHints":{"allow":["GET"]}}],"collection":[{"href":"https:\/\/www.pmfst.unist.hr\/cromc2020\/wp-json\/wp\/v2\/pages"}],"about":[{"href":"https:\/\/www.pmfst.unist.hr\/cromc2020\/wp-json\/wp\/v2\/types\/page"}],"author":[{"embeddable":true,"href":"https:\/\/www.pmfst.unist.hr\/cromc2020\/wp-json\/wp\/v2\/users\/1"}],"replies":[{"embeddable":true,"href":"https:\/\/www.pmfst.unist.hr\/cromc2020\/wp-json\/wp\/v2\/comments?post=391"}],"version-history":[{"count":0,"href":"https:\/\/www.pmfst.unist.hr\/cromc2020\/wp-json\/wp\/v2\/pages\/391\/revisions"}],"wp:attachment":[{"href":"https:\/\/www.pmfst.unist.hr\/cromc2020\/wp-json\/wp\/v2\/media?parent=391"}],"curies":[{"name":"wp","href":"https:\/\/api.w.org\/{rel}","templated":true}]}}