{"id":393,"date":"2019-10-04T08:58:32","date_gmt":"2019-10-04T06:58:32","guid":{"rendered":"https:\/\/www.pmfst.unist.hr\/cromc2020\/?page_id=393"},"modified":"2020-08-24T08:45:30","modified_gmt":"2020-08-24T06:45:30","slug":"organizacijski-odbor","status":"publish","type":"page","link":"https:\/\/www.pmfst.unist.hr\/cromc2020\/hr\/organizacijski-odbor\/","title":{"rendered":"ORGANIZACIJSKI ODBOR"},"content":{"rendered":"<p>Supredsjedavaju\u0107e:<\/p>\n<ul>\n<li>Borka Jadrijevi\u0107 (Sveu\u010dili\u0161te u Splitu)<\/li>\n<li>Milica Klari\u010di\u0107 Bakula (Sveu\u010dili\u0161te u Splitu)<\/li>\n<\/ul>\n<p>\u010clanovi:<\/p>\n<ul>\n<li>Dubravka Ban (Sveu\u010dili\u0161te Southern Illinois, SAD)<\/li>\n<li>Marija Bliznac Trebje\u0161anin (Sveu\u010dili\u0161te u Splitu)<\/li>\n<li>Snje\u017eana Brai\u0107 (Sveu\u010dili\u0161te u Splitu)<\/li>\n<li>Andrijana \u0106urkovi\u0107 (Sveu\u010dili\u0161te u Splitu)<\/li>\n<li>Goran Erceg (Sveu\u010dili\u0161te u Splitu)<\/li>\n<li>Zorana Grbac, (Sveu\u010dili\u0161te Pariz Diderot, Francuska<strong>)<\/strong><\/li>\n<li>Marcela Hanzer (Sveu\u010dili\u0161te u Zagrebu)<\/li>\n<li>Ivan Jeli\u0107 (Sveu\u010dili\u0161te u Splitu)<\/li>\n<li>Nikola Kocei\u0107-Bilan (Sveu\u010dili\u0161te u Splitu)<\/li>\n<li>Igor Pa\u017eanin (Sveu\u010dili\u0161te u Zagrebu)<\/li>\n<li>Dino Peran (Sveu\u010dili\u0161te u Splitu)<\/li>\n<li>Jurica Peri\u0107 (Sveu\u010dili\u0161te u Splitu)<\/li>\n<li>Gordan Radobolja (Sveu\u010dili\u0161te u Splitu)<\/li>\n<li>Ivan Slapni\u010dar (Sveu\u010dili\u0161te u Splitu)<\/li>\n<\/ul>\n","protected":false},"excerpt":{"rendered":"<p>Supredsjedavaju\u0107e: Borka Jadrijevi\u0107 (Sveu\u010dili\u0161te u Splitu) Milica Klari\u010di\u0107 Bakula (Sveu\u010dili\u0161te u Splitu) \u010clanovi: Dubravka Ban (Sveu\u010dili\u0161te Southern Illinois, SAD) Marija Bliznac Trebje\u0161anin (Sveu\u010dili\u0161te u Splitu) Snje\u017eana Brai\u0107 (Sveu\u010dili\u0161te u Splitu) Andrijana \u0106urkovi\u0107 (Sveu\u010dili\u0161te u Splitu) Goran Erceg (Sveu\u010dili\u0161te u Splitu) Zorana Grbac, (Sveu\u010dili\u0161te Pariz Diderot, Francuska) Marcela Hanzer (Sveu\u010dili\u0161te u Zagrebu) Ivan Jeli\u0107 (Sveu\u010dili\u0161te u [&hellip;]<\/p>\n","protected":false},"author":1,"featured_media":0,"parent":0,"menu_order":0,"comment_status":"closed","ping_status":"closed","template":"","meta":{"footnotes":""},"class_list":["post-393","page","type-page","status-publish","hentry"],"_links":{"self":[{"href":"https:\/\/www.pmfst.unist.hr\/cromc2020\/wp-json\/wp\/v2\/pages\/393","targetHints":{"allow":["GET"]}}],"collection":[{"href":"https:\/\/www.pmfst.unist.hr\/cromc2020\/wp-json\/wp\/v2\/pages"}],"about":[{"href":"https:\/\/www.pmfst.unist.hr\/cromc2020\/wp-json\/wp\/v2\/types\/page"}],"author":[{"embeddable":true,"href":"https:\/\/www.pmfst.unist.hr\/cromc2020\/wp-json\/wp\/v2\/users\/1"}],"replies":[{"embeddable":true,"href":"https:\/\/www.pmfst.unist.hr\/cromc2020\/wp-json\/wp\/v2\/comments?post=393"}],"version-history":[{"count":0,"href":"https:\/\/www.pmfst.unist.hr\/cromc2020\/wp-json\/wp\/v2\/pages\/393\/revisions"}],"wp:attachment":[{"href":"https:\/\/www.pmfst.unist.hr\/cromc2020\/wp-json\/wp\/v2\/media?parent=393"}],"curies":[{"name":"wp","href":"https:\/\/api.w.org\/{rel}","templated":true}]}}