{"id":395,"date":"2019-10-04T09:02:58","date_gmt":"2019-10-04T07:02:58","guid":{"rendered":"https:\/\/www.pmfst.unist.hr\/cromc2020\/?page_id=395"},"modified":"2019-12-19T08:26:58","modified_gmt":"2019-12-19T07:26:58","slug":"plenary-lectures","status":"publish","type":"page","link":"https:\/\/www.pmfst.unist.hr\/cromc2020\/plenary-lectures\/","title":{"rendered":"PLENARY LECTURES"},"content":{"rendered":"<div class=\"wpb-content-wrapper\">[vc_row][vc_column][vc_column_text]\n<ul>\n<li><a href=\"http:\/\/weiss.info.yorku.ca\/\">Asia Ivi\u0107 Weiss, York University, Toronto, Canada<\/a><\/li>\n<li><a href=\"https:\/\/portal.uniri.hr\/Portfelj\/1281\">Tibor Poganj, University of Rijeka, Croatia<\/a><\/li>\n<li><a href=\"https:\/\/www.math.utah.edu\/directory\/people-info\/savin.php\">Gordan Savin, University of Utah, USA<\/a><\/li>\n<li><a href=\"https:\/\/www.math.pmf.unizg.hr\/hr\/hrvoje-\u0161iki\u0107\">Hrvoje \u0160iki\u0107, University of Zagreb, Croatia<\/a><\/li>\n<li><a href=\"http:\/\/www-math.mit.edu\/~dav\/\">David Vogan, MIT, USA<\/a><\/li>\n<li><a href=\"http:\/\/paginaspersonales.deusto.es\/enrique.zuazua\/\">Enrique Zuazua, FAU-Erlangen, Germany, and Fundaci\u00f3n Deusto-Bilbao and UAM-Madrid, Spain <\/a><\/li>\n<\/ul>\n[\/vc_column_text][\/vc_column][\/vc_row]\n<\/div>","protected":false},"excerpt":{"rendered":"<p>[vc_row][vc_column][vc_column_text] Asia Ivi\u0107 Weiss, York University, Toronto, Canada Tibor Poganj, University of Rijeka, Croatia Gordan Savin, University of Utah, USA Hrvoje \u0160iki\u0107, University of Zagreb, Croatia David Vogan, MIT, USA Enrique Zuazua, FAU-Erlangen, Germany, and Fundaci\u00f3n Deusto-Bilbao and UAM-Madrid, Spain [\/vc_column_text][\/vc_column][\/vc_row]<\/p>\n","protected":false},"author":1,"featured_media":0,"parent":0,"menu_order":0,"comment_status":"closed","ping_status":"closed","template":"","meta":{"footnotes":""},"class_list":["post-395","page","type-page","status-publish","hentry"],"_links":{"self":[{"href":"https:\/\/www.pmfst.unist.hr\/cromc2020\/wp-json\/wp\/v2\/pages\/395","targetHints":{"allow":["GET"]}}],"collection":[{"href":"https:\/\/www.pmfst.unist.hr\/cromc2020\/wp-json\/wp\/v2\/pages"}],"about":[{"href":"https:\/\/www.pmfst.unist.hr\/cromc2020\/wp-json\/wp\/v2\/types\/page"}],"author":[{"embeddable":true,"href":"https:\/\/www.pmfst.unist.hr\/cromc2020\/wp-json\/wp\/v2\/users\/1"}],"replies":[{"embeddable":true,"href":"https:\/\/www.pmfst.unist.hr\/cromc2020\/wp-json\/wp\/v2\/comments?post=395"}],"version-history":[{"count":0,"href":"https:\/\/www.pmfst.unist.hr\/cromc2020\/wp-json\/wp\/v2\/pages\/395\/revisions"}],"wp:attachment":[{"href":"https:\/\/www.pmfst.unist.hr\/cromc2020\/wp-json\/wp\/v2\/media?parent=395"}],"curies":[{"name":"wp","href":"https:\/\/api.w.org\/{rel}","templated":true}]}}