{"id":397,"date":"2019-10-04T09:03:29","date_gmt":"2019-10-04T07:03:29","guid":{"rendered":"https:\/\/www.pmfst.unist.hr\/cromc2020\/?page_id=397"},"modified":"2019-12-19T08:26:21","modified_gmt":"2019-12-19T07:26:21","slug":"plenarna-predavanja","status":"publish","type":"page","link":"https:\/\/www.pmfst.unist.hr\/cromc2020\/hr\/plenarna-predavanja\/","title":{"rendered":"PLENARNA PREDAVANJA"},"content":{"rendered":"<ul>\n<li><a href=\"http:\/\/weiss.info.yorku.ca\/\">Asia Ivi\u0107 Weiss, Sveu\u010dili\u0161te York, Toronto, Kanada<\/a><\/li>\n<li><a href=\"https:\/\/portal.uniri.hr\/Portfelj\/1281\">Tibor Poganj, Sveu\u010dili\u0161te u Rijeci, Hrvatska<\/a><\/li>\n<li><a href=\"https:\/\/www.math.utah.edu\/directory\/people-info\/savin.php\">Gordan Savin, Sveu\u010dili\u0161te Utah, SAD<\/a><\/li>\n<li><a href=\"https:\/\/www.math.pmf.unizg.hr\/hr\/hrvoje-\u0161iki\u0107\">Hrvoje \u0160iki\u0107, Sveu\u010dili\u0161te u Zagrebu, Hrvatska<\/a><\/li>\n<li><a href=\"http:\/\/www-math.mit.edu\/~dav\/\">David Vogan, MIT, SAD<\/a><\/li>\n<li><a href=\"http:\/\/paginaspersonales.deusto.es\/enrique.zuazua\/\">Enrique Zuazua, FAU-Erlangen, Njema\u010dka, Fundaci\u00f3n Deusto-Bilbao i UAM-Madrid, \u0160panjolska<\/a><\/li>\n<\/ul>\n","protected":false},"excerpt":{"rendered":"<p>Asia Ivi\u0107 Weiss, Sveu\u010dili\u0161te York, Toronto, Kanada Tibor Poganj, Sveu\u010dili\u0161te u Rijeci, Hrvatska Gordan Savin, Sveu\u010dili\u0161te Utah, SAD Hrvoje \u0160iki\u0107, Sveu\u010dili\u0161te u Zagrebu, Hrvatska David Vogan, MIT, SAD Enrique Zuazua, FAU-Erlangen, Njema\u010dka, Fundaci\u00f3n Deusto-Bilbao i UAM-Madrid, \u0160panjolska<\/p>\n","protected":false},"author":1,"featured_media":0,"parent":0,"menu_order":0,"comment_status":"closed","ping_status":"closed","template":"","meta":{"footnotes":""},"class_list":["post-397","page","type-page","status-publish","hentry"],"_links":{"self":[{"href":"https:\/\/www.pmfst.unist.hr\/cromc2020\/wp-json\/wp\/v2\/pages\/397","targetHints":{"allow":["GET"]}}],"collection":[{"href":"https:\/\/www.pmfst.unist.hr\/cromc2020\/wp-json\/wp\/v2\/pages"}],"about":[{"href":"https:\/\/www.pmfst.unist.hr\/cromc2020\/wp-json\/wp\/v2\/types\/page"}],"author":[{"embeddable":true,"href":"https:\/\/www.pmfst.unist.hr\/cromc2020\/wp-json\/wp\/v2\/users\/1"}],"replies":[{"embeddable":true,"href":"https:\/\/www.pmfst.unist.hr\/cromc2020\/wp-json\/wp\/v2\/comments?post=397"}],"version-history":[{"count":0,"href":"https:\/\/www.pmfst.unist.hr\/cromc2020\/wp-json\/wp\/v2\/pages\/397\/revisions"}],"wp:attachment":[{"href":"https:\/\/www.pmfst.unist.hr\/cromc2020\/wp-json\/wp\/v2\/media?parent=397"}],"curies":[{"name":"wp","href":"https:\/\/api.w.org\/{rel}","templated":true}]}}