{"id":401,"date":"2019-10-04T09:04:38","date_gmt":"2019-10-04T07:04:38","guid":{"rendered":"https:\/\/www.pmfst.unist.hr\/cromc2020\/?page_id=401"},"modified":"2022-02-18T19:34:31","modified_gmt":"2022-02-18T18:34:31","slug":"invited-speakers","status":"publish","type":"page","link":"https:\/\/www.pmfst.unist.hr\/cromc2020\/invited-speakers\/","title":{"rendered":"INVITED LECTURES"},"content":{"rendered":"<ul>\n<li>Iztok Bani\u010d, University of Maribor, Slovenia<\/li>\n<li>Yann Bugeaud, University of Strasbourg, France<\/li>\n<li>Jehanne Dousse, University of Lyon, France<\/li>\n<li>Davor Dragi\u010devi\u0107, University of Rijeka, Croatia<\/li>\n<li>Istv\u00e1n Ga\u00e1l, University of Debrecen, Hungary<\/li>\n<li>Zorana Grbac, Paris Diderot University, France<\/li>\n<li>Luka Grubi\u0161i\u0107, University of Zagreb, Croatia<\/li>\n<li>Miljenko Huzak, University of Zagreb, Croatia<\/li>\n<li>Dijana Ili\u0161evi\u0107, University of Zagreb, Croatia<\/li>\n<li>Nikola Kocei\u0107-Bilan, University of Split, Croatia<\/li>\n<li>Mario Krni\u0107, University of Zagreb, Croatia<\/li>\n<li>Boris Muha, University of Zagreb, Croatia<\/li>\n<li>Igor Pa\u017eanin, University of Zagreb, Croatia<\/li>\n<li>Ozren Per\u0161e, University of Zagreb, Croatia<\/li>\n<li>Ivan Toma\u0161i\u0107, Queen Mary University of London, United Kingdom<\/li>\n<li>Igor Vel\u010di\u0107, University of Zagreb, Croatia<\/li>\n<\/ul>\n","protected":false},"excerpt":{"rendered":"<p>Iztok Bani\u010d, University of Maribor, Slovenia Yann Bugeaud, University of Strasbourg, France Jehanne Dousse, University of Lyon, France Davor Dragi\u010devi\u0107, University of Rijeka, Croatia Istv\u00e1n Ga\u00e1l, University of Debrecen, Hungary Zorana Grbac, Paris Diderot University, France Luka Grubi\u0161i\u0107, University of Zagreb, Croatia Miljenko Huzak, University of Zagreb, Croatia Dijana Ili\u0161evi\u0107, University of Zagreb, Croatia Nikola [&hellip;]<\/p>\n","protected":false},"author":1,"featured_media":0,"parent":0,"menu_order":0,"comment_status":"closed","ping_status":"closed","template":"","meta":{"footnotes":""},"class_list":["post-401","page","type-page","status-publish","hentry"],"_links":{"self":[{"href":"https:\/\/www.pmfst.unist.hr\/cromc2020\/wp-json\/wp\/v2\/pages\/401","targetHints":{"allow":["GET"]}}],"collection":[{"href":"https:\/\/www.pmfst.unist.hr\/cromc2020\/wp-json\/wp\/v2\/pages"}],"about":[{"href":"https:\/\/www.pmfst.unist.hr\/cromc2020\/wp-json\/wp\/v2\/types\/page"}],"author":[{"embeddable":true,"href":"https:\/\/www.pmfst.unist.hr\/cromc2020\/wp-json\/wp\/v2\/users\/1"}],"replies":[{"embeddable":true,"href":"https:\/\/www.pmfst.unist.hr\/cromc2020\/wp-json\/wp\/v2\/comments?post=401"}],"version-history":[{"count":0,"href":"https:\/\/www.pmfst.unist.hr\/cromc2020\/wp-json\/wp\/v2\/pages\/401\/revisions"}],"wp:attachment":[{"href":"https:\/\/www.pmfst.unist.hr\/cromc2020\/wp-json\/wp\/v2\/media?parent=401"}],"curies":[{"name":"wp","href":"https:\/\/api.w.org\/{rel}","templated":true}]}}