{"id":405,"date":"2019-10-04T09:06:44","date_gmt":"2019-10-04T07:06:44","guid":{"rendered":"https:\/\/www.pmfst.unist.hr\/cromc2020\/?page_id=405"},"modified":"2022-06-09T10:29:33","modified_gmt":"2022-06-09T08:29:33","slug":"sections-short-communications","status":"publish","type":"page","link":"https:\/\/www.pmfst.unist.hr\/cromc2020\/sections-short-communications\/","title":{"rendered":"SHORT COMMUNICATIONS"},"content":{"rendered":"<p>1.\tMaja Andri\u0107, University of Split, Croatia<br \/>\n2.\tSuzana Antunovi\u0107, University of Split, Croatia<br \/>\n3.\tAna Anu\u0161i\u0107, University of S\u00e3o Paulo, Brazil<br \/>\n4.\tLjiljana Aramba\u0161i\u0107, University of Zagreb, Croatia<br \/>\n5.\tPetar Baki\u0107, University of Utah, USA<br \/>\n6.\tDubravka Ban, Southern Illinois University, USA<br \/>\n7.\tSara Ban, University of Rijeka, Croatia<br \/>\n8.\tJosipa Bari\u0107, University of Split, Croatia<br \/>\n9.\tAngela Ba\u0161i\u0107-\u0160i\u0161ko, University of Rijeka, Croatia<br \/>\n10.\t Ivan Bio\u010di\u0107, University of Zagreb, Croatia<br \/>\n11.\t Barbara Bo\u0161njak, University of Zagreb, Croatia<br \/>\n12.\t Darija Brajkovi\u0107 Zori\u0107, J. J. Strossmayer University of Osijek, Croatia<br \/>\n13.\t Sanda Buja\u010di\u0107 Babi\u0107, University of Rijeka, Croatia<br \/>\n14.\t Aleksandar Bulj, University of Zagreb, Croatia<br \/>\n15.\t Tomislav Buri\u0107, University of Zagreb, Croatia<br \/>\n16.\t Marijana Butorac, University of Rijeka, Croatia<br \/>\n17.\t Marin Bu\u017ean\u010di\u0107, University of Zagreb, Croatia<br \/>\n18.\t Igor Ciganovi\u0107, University of Zagreb, Croatia<br \/>\n19.\t Burcu \u00c7\u0131narc\u0131, Piri Reis University, Turkey<br \/>\n20.\t Bojan Crnkovi\u0107, University of Rijeka, Croatia<br \/>\n21.\t Matea \u010celar, University of Zagreb, Croatia<br \/>\n22.\t Ranjan Kumar Das, J. J. Strossmayer University of Osijek, Croatia<br \/>\n23.\t Suleyman Demir, Eskisehir Technical University, Turkey<br \/>\n24.\t Andrej Dujella, University of Zagreb, Croatia<br \/>\n25.\t Doris Dumi\u010di\u0107 Danilovi\u0107, University of Rijeka, Croatia<br \/>\n26.\t Du\u0161an \u0110or\u0111evi\u0107, University of Ni\u0161, Serbia<br \/>\n27.\t Layan El Hajj, American University in Dubai, UAE<br \/>\n28.\t Goran Erceg, University of Split, Croatia<br \/>\n29.\t Marko Erceg, University of Zagreb, Croatia<br \/>\n30.\t Zlatko Erjavec, University of Zagreb, Croatia<br \/>\n31.\t Vesna Gotovac \u0110oga\u0161, University of Split, Croatia<br \/>\n32.\t Ana Grbac, University of Rijeka, Croatia<br \/>\n33.\t Sina Greenwood, University of Auckland, New Zealand<br \/>\n34.\t Tomislav Gu\u017evi\u0107, University of Zagreb, Croatia<br \/>\n35.\t Vjeran Hari, University of Zagreb, Croatia<br \/>\n36.\tDaniel Hawtin, University of Rijeka, Croatia<br \/>\n37.\tPedro Luis Hern\u00e1ndez Llanos, University of Zagreb, Croatia<br \/>\n38.\t Sebastijan Horvat, University of Zagreb, Croatia<br \/>\n39.\t Ivan Jeli\u0107, University of Split, Croatia<br \/>\n40.\t Ana Jurasi\u0107, University of Rijeka, Croatia<br \/>\n41.\tJudy Kennedy, Lamar University, USA<br \/>\n42.\tKristijan Kilassa Kvaternik, University of Zagreb, Croatia<br \/>\n43.\tPanki Kim, Seoul National University, South Korea<br \/>\n44.\tMilica Klari\u010di\u0107 Bakula, University of Split, Croatia<br \/>\n45.\t Martin Klime\u0161, University of Zagreb, Croatia<br \/>\n46.\tAna Klobu\u010dar Bari\u0161i\u0107, University of Zagreb, Croatia<br \/>\n47.\t Iva Kodrnja, University of Zagreb, Croatia<br \/>\n48.\tAna Kontrec, The Max Planck Institute for Mathematics, Germany, and University of Zagreb, Croatia<br \/>\n49.\t Slaven Ko\u017ei\u0107, University of Zagreb, Croatia<br \/>\n50.\t Dijana Kreso, TU Graz, Austria<br \/>\n51.\t Danijel Krizmani\u0107, University of Rijeka, Croatia<br \/>\n52.\t Kristina Kruli\u0107 Himmelreich, University of Zagreb, Croatia<br \/>\n53.\t Petr Ku\u010dera, Czech Technical University in Prague, Czech Republic<br \/>\n54.\t Petra Lazi\u0107, University of Zagreb, Croatia<br \/>\n55.\t Snje\u017eana Lubura Strunjak, University of Zagreb, Croatia<br \/>\n56.\t Marija Maksimovi\u0107, University of Rijeka, Croatia<br \/>\n57.\t Ivica Martinjak, University of Zagreb, Croatia<br \/>\n58.\t Tea Martini\u0107 Bila\u0107, University of Split, Croatia<br \/>\n59.\tJosip Mateja\u0161, University of Zagreb, Croatia<br \/>\n60.\t Vlasta Matijevi\u0107, University of Split, Croatia<br \/>\n61.\t Anita Matkovi\u0107, University of Split, Croatia<br \/>\n62.\t Lenka Mihokovi\u0107, University of Zagreb, Croatia<br \/>\n63.\t Damir Miko\u010d, University of Zadar, Croatia<br \/>\n64.\tNikolina Milin\u010devi\u0107, University of Zagreb, Croatia<br \/>\n65.\t Maya Mincheva, Northern Illinois University, USA<br \/>\n66.\t Nina Mostarac, University of Rijeka, Croatia<br \/>\n67.\t Matteo Mravi\u0107, University of Rijeka, Croatia<br \/>\n68.\t Rudi Mrazovi\u0107, University of Zagreb, Croatia<br \/>\n69.\t Goran Mui\u0107, University of Zagreb, Croatia<br \/>\n70.\t Marko Orel, University of Primorska &#038; IMFM, Slovenia<br \/>\n71.\t Pavle Pand\u017ei\u0107, University of Zagreb, Croatia<br \/>\n72.\t Veronika Pedi\u0107 Tomi\u0107, University of Zagreb, Croatia<br \/>\n73.\t Safet Penji\u0107, University of Primorska, Slovenia<br \/>\n74.\t Dino Peran, University of Split, Croatia<br \/>\n75.\t Ivan Peri\u0107, University of Zagreb, Croatia<br \/>\n76.\t Jurica Peri\u0107, University of Split, Croatia<br \/>\n77.\t Tin Perkov, University of Zagreb, Croatia<br \/>\n78.\t Dora Pokaz, University of Zagreb, Croatia<br \/>\n79.\t Mirko Primc, University of Zagreb, Croatia<br \/>\n80.\t Ljiljana Primorac Gaj\u010di\u0107, J. J. Strossmayer University of Osijek, Croatia<br \/>\n81.\t Ana Prli\u0107, University of Zagreb, Croatia<br \/>\n82.\t Sonja Radas, The Institute of Economics, Zagreb<br \/>\n83.\t Rajna Raji\u0107, University of Zagreb, Croatia<br \/>\n84.\t Borja Rukavina, University of Zagreb, Croatia<br \/>\n85.\t Jelena Rup\u010di\u0107, University of Zagreb, Croatia<br \/>\n86.\t Jelena Sedlar, University of Split, Croatia<br \/>\n87.\t Lokesh Singh, University of Rijeka, Croatia<br \/>\n88.\t Zdenek Skalak, Czech Technical University in Prague, Czech Republic<br \/>\n89.\tIvana Slami\u0107, University of Rijeka, Croatia<br \/>\n90.\tIvan Slapni\u010dar, University of Split, Croatia<br \/>\n91.\tKsenija Smoljak Kalamir, University of Zagreb, Croatia<br \/>\n92.\tIvan Soldo, J. J. Strossmayer University of Osijek, Croatia<br \/>\n93.\tSandeep Kumar Soni, University of Zagreb, Croatia<br \/>\n94.\tMilena So\u0161i\u0107, University of Rijeka, Croatia<br \/>\n95.\tMario Stip\u010di\u0107, Chapman University, USA<br \/>\n96.\t Dragutin Svrtan, University of Zagreb, Croatia<br \/>\n97.\tStjepan \u0160ebek, University of Zagreb, Croatia<br \/>\n98.\t Tomislav \u0160iki\u0107, University of Zagreb, Croatia<br \/>\n99.\t Marina \u0160imac, University of Rijeka, Croatia<br \/>\n100.\tRiste \u0160krekovski, University of Ljubljana and Faculty of Informations Studies in Novo mesto, Slovenia<br \/>\n101.\tSonja \u0160timac, University of Zagreb, Croatia<br \/>\n102.\tJosip Tamba\u010da, University of Zagreb, Croatia<br \/>\n103.\tMathew Timm, Bradley University, USA and University of Split, Croatia<br \/>\n104.\tVera Toni\u0107, University of Rijeka, Croatia<br \/>\n105.\tNikica Ugle\u0161i\u0107, Veli Rat, Croatia<br \/>\n106.\tAn\u0111a Valent, Zagreb University of Applied Sciences, Croatia<br \/>\n107.\tDarko Veljan, University of Zagreb, Croatia<br \/>\n108.\tAndreja Vlahek, University of Zagreb, Croatia<br \/>\n109.\tZoran Vondra\u010dek, University of Zagreb, Croatia<br \/>\n110.\tMarko Vrdoljak, University of Zagreb, Croatia<br \/>\n111.\tBorna Vukorepa, University of Zagreb, Croatia<br \/>\n112.\tIvana Vukorepa, University of Zagreb, Croatia<br \/>\n113.\tIvica Vukovi\u0107, Zagreb University of Applied Sciences, Croatia<br \/>\n114.\tMladen Vukovi\u0107, University of Zagreb, Croatia<br \/>\n115.\tVanja Wagner, University of Zagreb, Croatia<br \/>\n116.\tTin Zrinski, University of Rijeka, Croatia<br \/>\n117.\tJosip \u017dubrini\u0107, University of Zagreb, Croatia<br \/>\n118.\tSonja \u017dunar, University of Zagreb, Croatia<br \/>\n119.\tVesna \u017dupanovi\u0107, University of Zagreb, Croatia<\/p>\n","protected":false},"excerpt":{"rendered":"<p>1. Maja Andri\u0107, University of Split, Croatia 2. Suzana Antunovi\u0107, University of Split, Croatia 3. Ana Anu\u0161i\u0107, University of S\u00e3o Paulo, Brazil 4. Ljiljana Aramba\u0161i\u0107, University of Zagreb, Croatia 5. Petar Baki\u0107, University of Utah, USA 6. Dubravka Ban, Southern Illinois University, USA 7. Sara Ban, University of Rijeka, Croatia 8. Josipa Bari\u0107, University of [&hellip;]<\/p>\n","protected":false},"author":1,"featured_media":0,"parent":0,"menu_order":0,"comment_status":"closed","ping_status":"closed","template":"","meta":{"footnotes":""},"class_list":["post-405","page","type-page","status-publish","hentry"],"_links":{"self":[{"href":"https:\/\/www.pmfst.unist.hr\/cromc2020\/wp-json\/wp\/v2\/pages\/405","targetHints":{"allow":["GET"]}}],"collection":[{"href":"https:\/\/www.pmfst.unist.hr\/cromc2020\/wp-json\/wp\/v2\/pages"}],"about":[{"href":"https:\/\/www.pmfst.unist.hr\/cromc2020\/wp-json\/wp\/v2\/types\/page"}],"author":[{"embeddable":true,"href":"https:\/\/www.pmfst.unist.hr\/cromc2020\/wp-json\/wp\/v2\/users\/1"}],"replies":[{"embeddable":true,"href":"https:\/\/www.pmfst.unist.hr\/cromc2020\/wp-json\/wp\/v2\/comments?post=405"}],"version-history":[{"count":0,"href":"https:\/\/www.pmfst.unist.hr\/cromc2020\/wp-json\/wp\/v2\/pages\/405\/revisions"}],"wp:attachment":[{"href":"https:\/\/www.pmfst.unist.hr\/cromc2020\/wp-json\/wp\/v2\/media?parent=405"}],"curies":[{"name":"wp","href":"https:\/\/api.w.org\/{rel}","templated":true}]}}