{"id":407,"date":"2019-10-04T09:07:06","date_gmt":"2019-10-04T07:07:06","guid":{"rendered":"https:\/\/www.pmfst.unist.hr\/cromc2020\/?page_id=407"},"modified":"2022-06-09T10:27:16","modified_gmt":"2022-06-09T08:27:16","slug":"odjeljenja-kratka-priopcenja","status":"publish","type":"page","link":"https:\/\/www.pmfst.unist.hr\/cromc2020\/hr\/odjeljenja-kratka-priopcenja\/","title":{"rendered":"KRATKA PRIOP\u0106ENJA"},"content":{"rendered":"<p>1.\tMaja Andri\u0107, Sveu\u010dili\u0161te u Splitu<br \/>\n2.\tSuzana Antunovi\u0107, Sveu\u010dili\u0161te u Splitu<br \/>\n3.\tAna Anu\u0161i\u0107, Sveu\u010dili\u0161te u S\u00e3o Paulu, Brazil<br \/>\n4.\tLjiljana Aramba\u0161i\u0107, Sveu\u010dili\u0161te u Zagrebu<br \/>\n5.\tPetar Baki\u0107, Sveu\u010dili\u0161te Utah, SAD<br \/>\n6.\tDubravka Ban, Sveu\u010dili\u0161te Southern Illinois, SAD<br \/>\n7.\tSara Ban, Sveu\u010dili\u0161te u Rijeci<br \/>\n8.\tJosipa Bari\u0107, Sveu\u010dili\u0161te u Splitu<br \/>\n9.\tAngela Ba\u0161i\u0107-\u0160i\u0161ko, Sveu\u010dili\u0161te u Rijeci<br \/>\n10.\tIvan Bio\u010di\u0107, Sveu\u010dili\u0161te u Zagrebu<br \/>\n11.\tBarbara Bo\u0161njak, Sveu\u010dili\u0161te u Zagrebu<br \/>\n12.\tDarija Brajkovi\u0107 Zori\u0107, Sveu\u010dili\u0161te J. J. Strossmayera u Osijeku<br \/>\n13.\tSanda Buja\u010di\u0107 Babi\u0107, Sveu\u010dili\u0161te u Rijeci<br \/>\n14.\tAleksandar Bulj, Sveu\u010dili\u0161te u Zagrebu<br \/>\n15.\tTomislav Buri\u0107, Sveu\u010dili\u0161te u Zagrebu<br \/>\n16.\tMarijana Butorac, Sveu\u010dili\u0161te u Rijeci<br \/>\n17.\tMarin Bu\u017ean\u010di\u0107, Sveu\u010dili\u0161te u Zagrebu<br \/>\n18.\tBurcu \u00c7\u0131narc\u0131, Sveu\u010dili\u0161te Piri Reis, Turska<br \/>\n19.\tIgor Ciganovi\u0107, Sveu\u010dili\u0161te u Zagrebu<br \/>\n20.\tBojan Crnkovi\u0107, Sveu\u010dili\u0161te u Rijeci<br \/>\n21.\tMatea \u010celar, Sveu\u010dili\u0161te u Zagrebu<br \/>\n22.\tRanjan Kumar Das, Sveu\u010dili\u0161te J. J. Strossmayera u Osijeku<br \/>\n23.\tSuleyman Demir, Tehni\u010dko sveu\u010dili\u0161te Eskisehir, Turska<br \/>\n24.\tAndrej Dujella, Sveu\u010dili\u0161te u Zagrebu<br \/>\n25.\tDoris Dumi\u010di\u0107 Danilovi\u0107, Sveu\u010dili\u0161te u Rijeci<br \/>\n26.\tDu\u0161an \u0110or\u0111evi\u0107, Sveu\u010dili\u0161te u Ni\u0161u, Srbija<br \/>\n27.\tLayan  El Hajj, Ameri\u010dko sveu\u010dili\u0161te u Dubaiju, Ujedinjeni Arapski Emirati<br \/>\n28.\tGoran Erceg, Sveu\u010dili\u0161te u Splitu<br \/>\n29.\tMarko Erceg, Sveu\u010dili\u0161te u Zagrebu<br \/>\n30.\tZlatko Erjavec, Sveu\u010dili\u0161te u Zagrebu<br \/>\n31.\tVesna Gotovac \u0110oga\u0161, Sveu\u010dili\u0161te u Splitu<br \/>\n32.\tAna Grbac, Sveu\u010dili\u0161te u Rijeci<br \/>\n33.\tSina Greenwood, Sveu\u010dili\u0161te u Aucklandu, Novi Zeland<br \/>\n34.\tTomislav Gu\u017evi\u0107, Sveu\u010dili\u0161te u Zagrebu<br \/>\n35.\tVjeran Hari, Sveu\u010dili\u0161te u Zagrebu<br \/>\n36.\tDaniel Hawtin, Sveu\u010dili\u0161te u Rijeci<br \/>\n37.\tPedro Luis Hern\u00e1ndez Llanos, Sveu\u010dili\u0161te u Zagrebu<br \/>\n38.\tSebastijan Horvat, Sveu\u010dili\u0161te u Zagrebu<br \/>\n39.\tIvan Jeli\u0107, Sveu\u010dili\u0161te u Splitu<br \/>\n40.\tAna Jurasi\u0107, Sveu\u010dili\u0161te u Rijeci<br \/>\n41.\tJudy Kennedy, Sveu\u010dili\u0161te Lamar, SAD<br \/>\n42.\tKristijan Kilassa Kvaternik, Sveu\u010dili\u0161te u Zagrebu<br \/>\n43.\tPanki Kim, Nacionalno sveu\u010dili\u0161te u Seulu, Ju\u017ena Koreja<br \/>\n44.\tMilica Klari\u010di\u0107 Bakula, Sveu\u010dili\u0161te u Splitu<br \/>\n45.\tMartin Klime\u0161, Sveu\u010dili\u0161te u Zagrebu<br \/>\n46.\tAna Klobu\u010dar Bari\u0161i\u0107, Sveu\u010dili\u0161te u Zagrebu<br \/>\n47.\tIva Kodrnja, Sveu\u010dili\u0161te u Zagrebu<br \/>\n48.\tAna Kontrec, Institut za matematiku Max Planck, Njema\u010dka i Sveu\u010dili\u0161te u Zagrebu<br \/>\n49.\tSlaven Ko\u017ei\u0107, Sveu\u010dili\u0161te u Zagrebu<br \/>\n50.\tDijana Kreso, TU Graz, Austrija<br \/>\n51.\tDanijel Krizmani\u0107, Sveu\u010dili\u0161te u Rijeci<br \/>\n52.\tKristina Kruli\u0107 Himmelreich, Sveu\u010dili\u0161te u Zagrebu<br \/>\n53.\tPetr Ku\u010dera, \u010ce\u0161ko tehni\u010dko sveu\u010dili\u0161te u Pragu, \u010ce\u0161ka<br \/>\n54.\tPetra Lazi\u0107, Sveu\u010dili\u0161te u Zagrebu<br \/>\n55.\tSnje\u017eana Lubura Strunjak, Sveu\u010dili\u0161te u Zagrebu<br \/>\n56.\tMarija Maksimovi\u0107, Sveu\u010dili\u0161te u Rijeci<br \/>\n57.\tIvica Martinjak, Sveu\u010dili\u0161te u Zagrebu<br \/>\n58.\tTea Martini\u0107 Bila\u0107, Sveu\u010dili\u0161te u Splitu<br \/>\n59.\tJosip Mateja\u0161, Sveu\u010dili\u0161te u Zagrebu<br \/>\n60.\tVlasta Matijevi\u0107, Sveu\u010dili\u0161te u Splitu<br \/>\n61.\tAnita Matkovi\u0107, Sveu\u010dili\u0161te u Splitu<br \/>\n62.\tLenka Mihokovi\u0107, Sveu\u010dili\u0161te u Zagrebu<br \/>\n63.\tDamir Miko\u010d, Sveu\u010dili\u0161te u Zadru<br \/>\n64.\tNikolina Milin\u010devi\u0107, Sveu\u010dili\u0161te u Zagrebu<br \/>\n65.\tMaya Mincheva, Sveu\u010dili\u0161te Northern Illinois, SAD<br \/>\n66.\tNina Mostarac, Sveu\u010dili\u0161te u Rijeci<br \/>\n67.\tMatteo Mravi\u0107, Sveu\u010dili\u0161te u Rijeci<br \/>\n68.\tRudi Mrazovi\u0107, Sveu\u010dili\u0161te u Zagrebu<br \/>\n69.\tGoran Mui\u0107, Sveu\u010dili\u0161te u Zagrebu<br \/>\n70.\tMarko Orel, Sveu\u010dili\u0161te na Primorskom i IMFM, Slovenija<br \/>\n71.\tPavle Pand\u017ei\u0107, Sveu\u010dili\u0161te u Zagrebu<br \/>\n72.\tVeronika Pedi\u0107 Tomi\u0107, Sveu\u010dili\u0161te u Zagrebu<br \/>\n73.\tSafet Penji\u0107, Sveu\u010dili\u0161te na Primorskom, Slovenija<br \/>\n74.\tDino Peran, Sveu\u010dili\u0161te u Splitu<br \/>\n75.\tIvan Peri\u0107, Sveu\u010dili\u0161te u Zagrebu<br \/>\n76.\tJurica Peri\u0107, Sveu\u010dili\u0161te u Splitu<br \/>\n77.\tTin Perkov, Sveu\u010dili\u0161te u Zagrebu<br \/>\n78.\tDora Pokaz, Sveu\u010dili\u0161te u Zagrebu<br \/>\n79.\tMirko Primc, Sveu\u010dili\u0161te u Zagrebu<br \/>\n80.\tLjiljana Primorac Gaj\u010di\u0107, Sveu\u010dili\u0161te J. J. Strossmayera u Osijeku<br \/>\n81.\tAna Prli\u0107, Sveu\u010dili\u0161te u Zagrebu<br \/>\n82.\tSonja Radas, Ekonomski institut, Zagreb<br \/>\n83.\tRajna Raji\u0107, Sveu\u010dili\u0161te u Zagrebu<br \/>\n84.\tBorja Rukavina, Sveu\u010dili\u0161te u Zagrebu<br \/>\n85.\tJelena Rup\u010di\u0107, Sveu\u010dili\u0161te u Zagrebu<br \/>\n86.\tJelena Sedlar, Sveu\u010dili\u0161te u Splitu<br \/>\n87.\tLokesh Singh, Sveu\u010dili\u0161te u Rijeci<br \/>\n88.\tZdenek Skalak, \u010ce\u0161ko tehni\u010dko sveu\u010dili\u0161te u Pragu, \u010ce\u0161ka<br \/>\n89.\tIvana Slami\u0107, Sveu\u010dili\u0161te u Rijeci<br \/>\n90.\tIvan Slapni\u010dar, Sveu\u010dili\u0161te u Splitu<br \/>\n91.\tKsenija Smoljak Kalamir, Sveu\u010dili\u0161te u Zagrebu<br \/>\n92.\tIvan Soldo, Sveu\u010dili\u0161te J. J. Strossmayera u Osijeku<br \/>\n93.\tSandeep Kumar Soni, Sveu\u010dili\u0161te u Zagrebu<br \/>\n94.\tMilena So\u0161i\u0107, Sveu\u010dili\u0161te u Rijeci<br \/>\n95.\tMario Stip\u010di\u0107, Sveu\u010dili\u0161te Chapman, SAD<br \/>\n96.\tDragutin Svrtan, Sveu\u010dili\u0161te u Zagrebu<br \/>\n97.\tStjepan \u0160ebek, Sveu\u010dili\u0161te u Zagrebu<br \/>\n98.\tTomislav \u0160iki\u0107, Sveu\u010dili\u0161te u Zagrebu<br \/>\n99.\tMarina \u0160imac, Sveu\u010dili\u0161te u Rijeci<br \/>\n100.\tRiste \u0160krekovski, Sveu\u010dili\u0161te u Ljubljani i Fakultet za informacijske studije, Novo Mesto, Slovenija<br \/>\n101.\tSonja \u0160timac, Sveu\u010dili\u0161te u Zagrebu<br \/>\n102.\tJosip Tamba\u010da, Sveu\u010dili\u0161te u Zagrebu<br \/>\n103.\tMathew Timm, Sveu\u010dili\u0161te Bradley, SAD i Sveu\u010dili\u0161te u Splitu<br \/>\n104.\tVera Toni\u0107, Sveu\u010dili\u0161te u Rijeci<br \/>\n105.\tNikica Ugle\u0161i\u0107, Veli Rat<br \/>\n106.\tAn\u0111a Valent, Tehni\u010dko veleu\u010dili\u0161te u Zagrebu<br \/>\n107.\tDarko Veljan, Sveu\u010dili\u0161te u Zagrebu<br \/>\n108.\tAndreja Vlahek, Sveu\u010dili\u0161te u Zagrebu<br \/>\n109.\tZoran Vondra\u010dek, Sveu\u010dili\u0161te u Zagrebu<br \/>\n110.\tMarko Vrdoljak, Sveu\u010dili\u0161te u Zagrebu<br \/>\n111.\tBorna Vukorepa, Sveu\u010dili\u0161te u Zagrebu<br \/>\n112.\tIvana Vukorepa, Sveu\u010dili\u0161te u Zagrebu<br \/>\n113.\tIvica Vukovi\u0107, Tehni\u010dko veleu\u010dili\u0161te u Zagrebu<br \/>\n114.\tMladen Vukovi\u0107, Sveu\u010dili\u0161te u Zagrebu<br \/>\n115.\tVanja Wagner, Sveu\u010dili\u0161te u Zagrebu<br \/>\n116.\tTin Zrinski, Sveu\u010dili\u0161te u Rijeci<br \/>\n117.\tJosip \u017dubrini\u0107, Sveu\u010dili\u0161te u Zagrebu<br \/>\n118.\tSonja \u017dunar, Sveu\u010dili\u0161te u Zagrebu<br \/>\n119.\tVesna \u017dupanovi\u0107, Sveu\u010dili\u0161te u Zagrebu<\/p>\n","protected":false},"excerpt":{"rendered":"<p>1. Maja Andri\u0107, Sveu\u010dili\u0161te u Splitu 2. Suzana Antunovi\u0107, Sveu\u010dili\u0161te u Splitu 3. Ana Anu\u0161i\u0107, Sveu\u010dili\u0161te u S\u00e3o Paulu, Brazil 4. Ljiljana Aramba\u0161i\u0107, Sveu\u010dili\u0161te u Zagrebu 5. Petar Baki\u0107, Sveu\u010dili\u0161te Utah, SAD 6. Dubravka Ban, Sveu\u010dili\u0161te Southern Illinois, SAD 7. Sara Ban, Sveu\u010dili\u0161te u Rijeci 8. Josipa Bari\u0107, Sveu\u010dili\u0161te u Splitu 9. Angela Ba\u0161i\u0107-\u0160i\u0161ko, Sveu\u010dili\u0161te [&hellip;]<\/p>\n","protected":false},"author":1,"featured_media":0,"parent":0,"menu_order":0,"comment_status":"closed","ping_status":"closed","template":"","meta":{"footnotes":""},"class_list":["post-407","page","type-page","status-publish","hentry"],"_links":{"self":[{"href":"https:\/\/www.pmfst.unist.hr\/cromc2020\/wp-json\/wp\/v2\/pages\/407","targetHints":{"allow":["GET"]}}],"collection":[{"href":"https:\/\/www.pmfst.unist.hr\/cromc2020\/wp-json\/wp\/v2\/pages"}],"about":[{"href":"https:\/\/www.pmfst.unist.hr\/cromc2020\/wp-json\/wp\/v2\/types\/page"}],"author":[{"embeddable":true,"href":"https:\/\/www.pmfst.unist.hr\/cromc2020\/wp-json\/wp\/v2\/users\/1"}],"replies":[{"embeddable":true,"href":"https:\/\/www.pmfst.unist.hr\/cromc2020\/wp-json\/wp\/v2\/comments?post=407"}],"version-history":[{"count":0,"href":"https:\/\/www.pmfst.unist.hr\/cromc2020\/wp-json\/wp\/v2\/pages\/407\/revisions"}],"wp:attachment":[{"href":"https:\/\/www.pmfst.unist.hr\/cromc2020\/wp-json\/wp\/v2\/media?parent=407"}],"curies":[{"name":"wp","href":"https:\/\/api.w.org\/{rel}","templated":true}]}}