{"id":409,"date":"2019-10-04T09:08:34","date_gmt":"2019-10-04T07:08:34","guid":{"rendered":"https:\/\/www.pmfst.unist.hr\/cromc2020\/?page_id=409"},"modified":"2019-11-29T10:57:05","modified_gmt":"2019-11-29T09:57:05","slug":"venue","status":"publish","type":"page","link":"https:\/\/www.pmfst.unist.hr\/cromc2020\/venue\/","title":{"rendered":"VENUE"},"content":{"rendered":"<div class=\"wpb-content-wrapper\">[vc_row][vc_column][vc_column_text css=&#8221;.vc_custom_1570174347760{margin-bottom: 0px !important;}&#8221;]7<sup>th<\/sup> Croatian Mathematical Congress will be held at:<br \/>\nDepartment of Mathematics<br \/>\nFaculty of Science, University of Split<br \/>\nRu\u0111era Bo\u0161kovi\u0107a 33, Split 21000, Croatia[\/vc_column_text][\/vc_column][\/vc_row][vc_row][vc_column][vc_raw_html]JTNDaWZyYW1lJTIwc3JjJTNEJTIyaHR0cHMlM0ElMkYlMkZ3d3cuZ29vZ2xlLmNvbSUyRm1hcHMlMkZlbWJlZCUzRnBiJTNEJTIxMW0xOCUyMTFtMTIlMjExbTMlMjExZDI4OS4yMjMxNDg2MDkwNDU5JTIxMmQxNi40NjgwMzI5MTEzNjkxOSUyMTNkNDMuNTA5MzU4OTc4NTA3MTclMjEybTMlMjExZjAlMjEyZjM5LjQwOTg4Nzc2MTM3Nzk5NSUyMTNmMCUyMTNtMiUyMTFpMTAyNCUyMTJpNzY4JTIxNGYzNSUyMTNtMyUyMTFtMiUyMTFzMHgwJTI1M0EweDI2MGU0M2VhMGUyNDllZDElMjEyc1ByaXJvZG9zbG92bm8tbWF0ZW1hdGklMjVDNCUyNThEa2klMjUyMGZha3VsdGV0JTI1MjB1JTI1MjBTcGxpdHUlMjUyMCUyOFBNRlNUJTI5JTIxNWUxJTIxM20yJTIxMXNlbiUyMTJzaHIlMjE0djE1NzMxOTk0OTA2ODUlMjE1bTIlMjExc2VuJTIxMnNociUyMiUyMHdpZHRoJTNEJTIyMTIwMCUyMiUyMGhlaWdodCUzRCUyMjQwMCUyMiUyMGZyYW1lYm9yZGVyJTNEJTIyMCUyMiUyMHN0eWxlJTNEJTIyYm9yZGVyJTNBMCUzQiUyMiUyMGFsbG93ZnVsbHNjcmVlbiUzRCUyMiUyMiUzRSUzQyUyRmlmcmFtZSUzRQ==[\/vc_raw_html][\/vc_column][\/vc_row]\n<\/div>","protected":false},"excerpt":{"rendered":"<p>[vc_row][vc_column][vc_column_text css=&#8221;.vc_custom_1570174347760{margin-bottom: 0px !important;}&#8221;]7th Croatian Mathematical Congress will be held at: Department of Mathematics Faculty of Science, University of Split Ru\u0111era Bo\u0161kovi\u0107a 33, Split 21000, Croatia[\/vc_column_text][\/vc_column][\/vc_row][vc_row][vc_column][vc_raw_html]JTNDaWZyYW1lJTIwc3JjJTNEJTIyaHR0cHMlM0ElMkYlMkZ3d3cuZ29vZ2xlLmNvbSUyRm1hcHMlMkZlbWJlZCUzRnBiJTNEJTIxMW0xOCUyMTFtMTIlMjExbTMlMjExZDI4OS4yMjMxNDg2MDkwNDU5JTIxMmQxNi40NjgwMzI5MTEzNjkxOSUyMTNkNDMuNTA5MzU4OTc4NTA3MTclMjEybTMlMjExZjAlMjEyZjM5LjQwOTg4Nzc2MTM3Nzk5NSUyMTNmMCUyMTNtMiUyMTFpMTAyNCUyMTJpNzY4JTIxNGYzNSUyMTNtMyUyMTFtMiUyMTFzMHgwJTI1M0EweDI2MGU0M2VhMGUyNDllZDElMjEyc1ByaXJvZG9zbG92bm8tbWF0ZW1hdGklMjVDNCUyNThEa2klMjUyMGZha3VsdGV0JTI1MjB1JTI1MjBTcGxpdHUlMjUyMCUyOFBNRlNUJTI5JTIxNWUxJTIxM20yJTIxMXNlbiUyMTJzaHIlMjE0djE1NzMxOTk0OTA2ODUlMjE1bTIlMjExc2VuJTIxMnNociUyMiUyMHdpZHRoJTNEJTIyMTIwMCUyMiUyMGhlaWdodCUzRCUyMjQwMCUyMiUyMGZyYW1lYm9yZGVyJTNEJTIyMCUyMiUyMHN0eWxlJTNEJTIyYm9yZGVyJTNBMCUzQiUyMiUyMGFsbG93ZnVsbHNjcmVlbiUzRCUyMiUyMiUzRSUzQyUyRmlmcmFtZSUzRQ==[\/vc_raw_html][\/vc_column][\/vc_row]<\/p>\n","protected":false},"author":1,"featured_media":0,"parent":0,"menu_order":0,"comment_status":"closed","ping_status":"closed","template":"","meta":{"footnotes":""},"class_list":["post-409","page","type-page","status-publish","hentry"],"_links":{"self":[{"href":"https:\/\/www.pmfst.unist.hr\/cromc2020\/wp-json\/wp\/v2\/pages\/409","targetHints":{"allow":["GET"]}}],"collection":[{"href":"https:\/\/www.pmfst.unist.hr\/cromc2020\/wp-json\/wp\/v2\/pages"}],"about":[{"href":"https:\/\/www.pmfst.unist.hr\/cromc2020\/wp-json\/wp\/v2\/types\/page"}],"author":[{"embeddable":true,"href":"https:\/\/www.pmfst.unist.hr\/cromc2020\/wp-json\/wp\/v2\/users\/1"}],"replies":[{"embeddable":true,"href":"https:\/\/www.pmfst.unist.hr\/cromc2020\/wp-json\/wp\/v2\/comments?post=409"}],"version-history":[{"count":0,"href":"https:\/\/www.pmfst.unist.hr\/cromc2020\/wp-json\/wp\/v2\/pages\/409\/revisions"}],"wp:attachment":[{"href":"https:\/\/www.pmfst.unist.hr\/cromc2020\/wp-json\/wp\/v2\/media?parent=409"}],"curies":[{"name":"wp","href":"https:\/\/api.w.org\/{rel}","templated":true}]}}