{"id":470,"date":"2019-10-09T14:38:45","date_gmt":"2019-10-09T12:38:45","guid":{"rendered":"https:\/\/www.pmfst.unist.hr\/cromc2020\/?page_id=470"},"modified":"2022-06-13T08:34:39","modified_gmt":"2022-06-13T06:34:39","slug":"list-of-participants-2","status":"publish","type":"page","link":"https:\/\/www.pmfst.unist.hr\/cromc2020\/list-of-participants-2\/","title":{"rendered":"LIST OF PARTICIPANTS"},"content":{"rendered":"<div class=\"wpb-content-wrapper\">[vc_row][vc_column][vc_column_text css=&#8221;.vc_custom_1655102075830{margin-bottom: 0px !important;}&#8221;]\n<ol>\n<li>Dra\u017een Adamovi\u0107, University of Zagreb, Croatia<\/li>\n<li>Maja Andri\u0107, University of Split, Croatia<\/li>\n<li>Suzana Antunovi\u0107, University of Split, Croatia<\/li>\n<li>Ana Anu\u0161i\u0107, University of S\u00e3o Paulo, Brazil<\/li>\n<li>Ljiljana Aramba\u0161i\u0107, University of Zagreb, Croatia<\/li>\n<li>Petar Baki\u0107, University of Utah, USA<\/li>\n<li>Igor Bakovi\u0107, J. J. Strossmayer University of Osijek, Croatia<\/li>\n<li>Dubravka Ban, Southern Illinois University, USA<\/li>\n<li>Sara Ban, University of Rijeka, Croatia<\/li>\n<li>Iztok Bani\u010d, University of Maribor, Slovenia<\/li>\n<li>Senka Bani\u0107, University of Split, Croatia<\/li>\n<li>Josipa Bari\u0107, University of Split, Croatia<\/li>\n<li>Angela Ba\u0161i\u0107-\u0160i\u0161ko, University of Rijeka, Croatia<\/li>\n<li>Ivan Bio\u010di\u0107, University of Zagreb, Croatia<\/li>\n<li>Marija Bliznac Trebje\u0161anin, University of Split, Croatia<\/li>\n<li>Barbara Bo\u0161njak, University of Zagreb, Croatia<\/li>\n<li>Snje\u017eana Brai\u0107, University of Split, Croatia<\/li>\n<li>Darija Brajkovi\u0107 Zori\u0107, J. J. Strossmayer University of Osijek, Croatia<\/li>\n<li>Yann Bugeaud, University of Strasbourg, France<\/li>\n<li>Sanda Buja\u010di\u0107 Babi\u0107, University of Rijeka, Croatia<\/li>\n<li>Aleksandar Bulj, University of Zagreb, Croatia<\/li>\n<li>Tomislav Buri\u0107, University of Zagreb, Croatia<\/li>\n<li>Marijana Butorac, University of Rijeka, Croatia<\/li>\n<li>Marin Bu\u017ean\u010di\u0107, University of Zagreb, Croatia<\/li>\n<li>Thaniporn Chaysri, University of Split, Croatia<\/li>\n<li>Burcu \u00c7\u0131narc\u0131, Piri Reis University, Turkey<\/li>\n<li>Igor Ciganovi\u0107, University of Zagreb, Croatia<\/li>\n<li>Bojan Crnkovi\u0107, University of Rijeka, Croatia<\/li>\n<li>Dean Crnkovi\u0107, University of Rijeka, Croatia<\/li>\n<li>Matea \u010celar, University of Zagreb, Croatia<\/li>\n<li>Andrijana \u0106urkovi\u0107, University of Split, Croatia<\/li>\n<li>Iva \u0106u\u017ee, University of Mostar, Bosnia and Herzegovina<\/li>\n<li>Marina Dajakovi\u0107, University of Split, Croatia<\/li>\n<li>Ranjan Kumar Das, J. J. Strossmayer University of Osijek, Croatia<\/li>\n<li>Suleyman Demir, Eskisehir Technical University, Turkey<\/li>\n<li>Jehanne Dousse, CNRS and University of Lyon 1, France<\/li>\n<li>Davor Dragi\u010devi\u0107, University of Rijeka, Croatia<\/li>\n<li>Andrej Dujella, University of Zagreb, Croatia<\/li>\n<li>Doris Dumi\u010di\u0107 Danilovi\u0107, University of Rijeka, Croatia<\/li>\n<li>Du\u0161an \u0110or\u0111evi\u0107, University of Ni\u0161, Serbia<\/li>\n<li>Jasmina \u0110or\u0111evi\u0107, University of Oslo, Norway<\/li>\n<li>Layan\u00a0 El Hajj, American University in Dubai, UAE<\/li>\n<li>Goran Erceg, University of Split, Croatia<\/li>\n<li>Marko Erceg, University of Zagreb, Croatia<\/li>\n<li>Zlatko Erjavec, University of Zagreb, Croatia<\/li>\n<li>Blas Fern\u00e1ndez,\u00a0University of Primorska, Slovenia<\/li>\n<li>Zrinka Franu\u0161i\u0107, University of Zagreb, Croatia<\/li>\n<li>Istv\u00e1n Ga\u00e1l, University of Debrecen, Hungary<\/li>\n<li>Marija Gali\u0107, University of Zagreb, Croatia<\/li>\n<li>Petra Marija Gojun, University of Split, Croatia<\/li>\n<li>Anka Golemac, University of Split, Croatia<\/li>\n<li>Vesna Gotovac \u0110oga\u0161, University of Split, Croatia<\/li>\n<li>Ana Grbac, University of Rijeka, Croatia<\/li>\n<li>Zorana Grbac, University Paris Cit\u00e9, France<\/li>\n<li>Sina Greenwood, University of Auckland, New Zealand<\/li>\n<li>Luka Grubi\u0161i\u0107, University of Zagreb, Croatia<\/li>\n<li>Tomislav Gu\u017evi\u0107, University of Zagreb, Croatia<\/li>\n<li>Marcela Hanzer, University of Zagreb, Croatia<\/li>\n<li>Vjeran Hari, University of Zagreb, Croatia<\/li>\n<li>Daniel Hawtin, University of Rijeka, Croatia<\/li>\n<li>Pedro Luis Hern\u00e1ndez Llanos, University of Zagreb, Croatia<\/li>\n<li>Marko Horvat, University of Zagreb, Croatia<\/li>\n<li>Sebastijan Horvat, University of Zagreb, Croatia<\/li>\n<li>Miljenko Huzak, University of Zagreb, Croatia<\/li>\n<li>Dijana Ili\u0161evi\u0107, University of Zagreb, Croatia<\/li>\n<li>Zvonko Iljazovi\u0107, University of Zagreb, Croatia<\/li>\n<li>Slavica Iveli\u0107 Bradanovi\u0107, University of Split, Croatia<\/li>\n<li>Asia Ivi\u0107 Weiss, York University, Toronto, Canada<\/li>\n<li>Borka Jadrijevi\u0107, University of Split, Croatia<\/li>\n<li>Nevena Jakov\u010devi\u0107 Stor, University of Split, Croatia<\/li>\n<li>Julije Jak\u0161eti\u0107, University of Zagreb, Croatia<\/li>\n<li>Domagoj Jeli\u0107, University of Split, Croatia<\/li>\n<li>Ivan Jeli\u0107, University of Split, Croatia<\/li>\n<li>Matea Jeli\u0107, University of Split, Croatia<\/li>\n<li>Bojana Jovanovi\u0107, University of Ni\u0161, Serbia<\/li>\n<li>Dragan Juki\u0107, J. J. Strossmayer University of Osijek, Croatia<\/li>\n<li>Ana Jurasi\u0107, University of Rijeka, Croatia<\/li>\n<li>Judy Kennedy, Lamar University, USA<\/li>\n<li>Kristijan Kilassa Kvaternik, University of Zagreb, Croatia<\/li>\n<li>Panki Kim, Seoul National University, South Korea<\/li>\n<li>Milica Klari\u010di\u0107 Bakula, University of Split, Croatia<\/li>\n<li>Damjan Klemen\u010di\u0107, University of Zagreb, Croatia<\/li>\n<li>Christian Klevdal, Ulsan National Institute of Science and Technology, South Korea<\/li>\n<li>Martin Klime\u0161, University of Zagreb, Croatia<\/li>\n<li>Ana Klobu\u010dar Bari\u0161i\u0107, University of Zagreb, Croatia<\/li>\n<li>Nikola Kocei\u0107 Bilan, University of Split, Croatia<\/li>\n<li>Iva Kodrnja, University of Zagreb, Croatia<\/li>\n<li>Ana Kontrec, The Max Planck Institute for Mathematics, Germany, and University of Zagreb, Croatia<\/li>\n<li>Slaven Ko\u017ei\u0107, University of Zagreb, Croatia<\/li>\n<li>Hrvoje Kraljevi\u0107, University of Zagreb, Croatia<\/li>\n<li>Dijana Kreso, TU Graz, Austria<\/li>\n<li>Sa\u0161a Kre\u0161i\u0107-Juri\u0107, University of Split, Croatia<\/li>\n<li>Danijel Krizmani\u0107, University of Rijeka, Croatia<\/li>\n<li>Mario Krni\u0107, University of Zagreb, Croatia<\/li>\n<li>Kristina Kruli\u0107 Himmelreich, University of Zagreb, Croatia<\/li>\n<li>Petr Ku\u010dera, Czech Technical University in Prague, Czech Republic<\/li>\n<li>Mihaela Laljek, University of Zagreb, Croatia<\/li>\n<li>Ana La\u0161tre, University of Split, Croatia<\/li>\n<li>Petra Lazi\u0107, University of Zagreb, Croatia<\/li>\n<li>Neda Lovri\u010devi\u0107, University of Split, Croatia<\/li>\n<li>Snje\u017eana Lubura Strunjak, University of Zagreb, Croatia<\/li>\n<li>Marija Maksimovi\u0107, University of Rijeka, Croatia<\/li>\n<li>Jo\u0161ko Mandi\u0107, University of Split, Croatia<\/li>\n<li>Stipe Mari\u0107, University of Split, Croatia<\/li>\n<li>Darija Markovi\u0107, J. J. Strossmayer University of Osijek, Croatia<\/li>\n<li>Ivica Martinjak, University of Zagreb, Croatia<\/li>\n<li>Tea Martini\u0107 Bila\u0107, University of Split, Croatia<\/li>\n<li>Josip Mateja\u0161, University of Zagreb, Croatia<\/li>\n<li>Marko Mati\u0107, University of Split, Croatia<\/li>\n<li>Vlasta Matijevi\u0107, University of Split, Croatia<\/li>\n<li>Anita Matkovi\u0107, University of Split, Croatia<\/li>\n<li>Lenka Mihokovi\u0107, University of Zagreb, Croatia<\/li>\n<li>Damir Miko\u010d, University of Zadar, Croatia<\/li>\n<li>Vedrana Mikuli\u0107 Crnkovi\u0107, University of Rijeka, Croatia<\/li>\n<li>Kristina Mileti\u0107, University of Mostar, Bosnia and Herzegovina<\/li>\n<li>\u017deljka Milin \u0160ipu\u0161, University of Zagreb, Croatia<\/li>\n<li>Nikolina Milin\u010devi\u0107, University of Zagreb, Croatia<\/li>\n<li>Ana Mimica, University of Dubrovnik, Croatia<\/li>\n<li>Maya Mincheva, Northern Illinois University, USA<\/li>\n<li>Ivan\u010dica Miro\u0161evi\u0107, University of Split, Croatia<\/li>\n<li>Petar Mlinari\u0107, Virginia Tech, USA<\/li>\n<li>Nina Mostarac, University of Rijeka, Croatia<\/li>\n<li>Matteo Mravi\u0107, University of Rijeka, Croatia<\/li>\n<li>Rudi Mrazovi\u0107, University of Zagreb, Croatia<\/li>\n<li>Boris Muha, University of Zagreb, Croatia<\/li>\n<li>Goran Mui\u0107, University of Zagreb, Croatia<\/li>\n<li>Marko Orel, University of Primorska &amp; IMFM, Slovenia<\/li>\n<li>Pavle Pand\u017ei\u0107, University of Zagreb, Croatia<\/li>\n<li>Igor Pa\u017eanin, University of Zagreb, Croatia<\/li>\n<li>Josip Pe\u010dari\u0107, Croatian Academy of Sciences and Arts, Croatia<\/li>\n<li>Veronika Pedi\u0107 Tomi\u0107, University of Zagreb, Croatia<\/li>\n<li>Safet Penji\u0107, University of Primorska, Slovenia<\/li>\n<li>Dino Peran, University of Split, Croatia<\/li>\n<li>Ivan Peri\u0107, University of Zagreb, Croatia<\/li>\n<li>Jurica Peri\u0107, University of Split, Croatia<\/li>\n<li>Ana Peri\u0161i\u0107, University of Split, Croatia<\/li>\n<li>Tin Perkov, University of Zagreb, Croatia<\/li>\n<li>Ozren Per\u0161e, University of Zagreb, Croatia<\/li>\n<li>Anamarija Peru\u0161i\u0107 Pribani\u0107, University of Rijeka, Croatia<\/li>\n<li>Vinko Petri\u010devi\u0107, University of Zagreb, Croatia<\/li>\n<li>Aleksandra Petrovi\u0107,\u00a0University of Ni\u0161, Serbia<\/li>\n<li>Jelena Ple\u0161tina, University of Split, Croatia<\/li>\n<li>Luka Podrug, University of Zagreb, Croatia<\/li>\n<li>Tibor Pog\u00e1ny, University of Rijeka, Croatia and \u00d3buda University, Hungary<\/li>\n<li>Dora Pokaz, University of Zagreb, Croatia<\/li>\n<li>Mirko Primc, University of Zagreb, Croatia<\/li>\n<li>Ljiljana Primorac Gaj\u010di\u0107, J. J. Strossmayer University of Osijek, Croatia<\/li>\n<li>Ana Prli\u0107, University of Zagreb, Croatia<\/li>\n<li>Mate Puljiz, University of Zagreb, Croatia<\/li>\n<li>Sonja Radas, The Institute of Economics, Zagreb<\/li>\n<li>Dajana Radi\u0161i\u0107, University of Split, Croatia<\/li>\n<li>Gordan Radobolja, University of Split, Croatia<\/li>\n<li>Rajna Raji\u0107, University of Zagreb, Croatia<\/li>\n<li>Nikolina Ratkovi\u0107 Rubi\u0107, University of Split, Croatia<\/li>\n<li>Mirna Rodi\u0107, University of Zagreb, Croatia<\/li>\n<li>Ren\u00e9 Rodr\u00edguez Aldama, University of Primorska, Slovenia<\/li>\n<li>Borja Rukavina, University of Zagreb, Croatia<\/li>\n<li>Sanja Rukavina, University of Rijeka, Croatia<\/li>\n<li>Jelena Rup\u010di\u0107, University of Zagreb, Croatia<\/li>\n<li>Lucija Ru\u017eman, University of Split, Croatia<\/li>\n<li>Kristian Sabo, J. J. Strossmayer University of Osijek, Croatia<\/li>\n<li>Gordan Savin, University of Utah, USA<\/li>\n<li>Jelena Sedlar, University of Split, Croatia<\/li>\n<li>Lokesh Singh, University of Rijeka, Croatia<\/li>\n<li>Zdenek Skalak, Czech Technical University in Prague, Czech Republic<\/li>\n<li>Ivana Slami\u0107, University of Rijeka, Croatia<\/li>\n<li>Ivan Slapni\u010dar, University of Split, Croatia<\/li>\n<li>Ksenija Smoljak Kalamir, University of Zagreb, Croatia<\/li>\n<li>Ivan Soldo, J. J. Strossmayer University of Osijek, Croatia<\/li>\n<li>Sandeep Kumar Soni, University of Zagreb, Croatia<\/li>\n<li>Milena So\u0161i\u0107, University of Rijeka, Croatia<\/li>\n<li>Mario Stip\u010di\u0107, Chapman University, USA<\/li>\n<li>Branimir Stojanovi\u0107, University of Zagreb, Croatia<\/li>\n<li>Dragutin Svrtan, University of Zagreb, Croatia<\/li>\n<li>Stjepan \u0160ebek, University of Zagreb, Croatia<\/li>\n<li>Hrvoje \u0160iki\u0107, University of Zagreb, Croatia<\/li>\n<li>Tomislav \u0160iki\u0107, University of Zagreb, Croatia<\/li>\n<li>Marina \u0160imac, University of Rijeka, Croatia<\/li>\n<li>Riste \u0160krekovski, University of Ljubljana and Faculty of Informations Studies in Novo mesto, Slovenia<\/li>\n<li>Sonja \u0160timac, University of Zagreb, Croatia<\/li>\n<li>Aljo\u0161a \u0160uba\u0161i\u0107, University of Split, Croatia<\/li>\n<li>Nenad \u0160uvak, J. J. Strossmayer University of Osijek, Croatia<\/li>\n<li>Andrea \u0160vob, University of Rijeka, Croatia<\/li>\n<li>Josip Tamba\u010da, University of Zagreb, Croatia<\/li>\n<li>Marko Tadi\u0107, University of Zagreb, Croatia<\/li>\n<li>Mathew Timm, Bradley University, USA and University of Split, Croatia<\/li>\n<li>Sanja Tipuri\u0107-Spu\u017eevi\u0107, University of Split, Croatia<\/li>\n<li>Ivan Toma\u0161i\u0107, Queen Mary University of London, United Kingdom<\/li>\n<li>Vera Toni\u0107, University of Rijeka, Croatia<\/li>\n<li>Nikica Ugle\u0161i\u0107, Veli Rat, Croatia<\/li>\n<li>Ivo Ugrina, University of Split, Croatia<\/li>\n<li>An\u0111a Valent, Zagreb University of Applied Sciences, Croatia<\/li>\n<li>Igor Vel\u010di\u0107, University of Zagreb, Croatia<\/li>\n<li>Darko Veljan, University of Zagreb, Croatia<\/li>\n<li>Andreja Vlahek, University of Zagreb, Croatia<\/li>\n<li>David Vogan, MIT, USA<\/li>\n<li>Tanja Vojkovi\u0107, University of Split, Croatia<\/li>\n<li>Zoran Vondra\u010dek, University of Zagreb, Croatia<\/li>\n<li>Marko Vrdoljak, University of Zagreb, Croatia<\/li>\n<li>Tanja Vu\u010di\u010di\u0107, University of Split, Croatia<\/li>\n<li>Borna Vukorepa, University of Zagreb, Croatia<\/li>\n<li>Ivana Vukorepa, University of Zagreb, Croatia<\/li>\n<li>Ivica Vukovi\u0107, Zagreb University of Applied Sciences, Croatia<\/li>\n<li>Mladen Vukovi\u0107, University of Zagreb, Croatia<\/li>\n<li>Milena Vulevi\u0107 Pribudi\u0107, University of Split, Croatia<\/li>\n<li>Vanja Wagner, University of Zagreb, Croatia<\/li>\n<li>Tin Zrinski, University of Rijeka, Croatia<\/li>\n<li>Enrique Zuazua, FAU-AvH, Erlangen, Germany, Fundaci\u00f3n Deusto-Bilbao and UAM-Madrid, Spain<\/li>\n<li>Josip \u017dubrini\u0107, University of Zagreb, Croatia<\/li>\n<li>Sonja \u017dunar, University of Zagreb, Croatia<\/li>\n<li>Vesna \u017dupanovi\u0107, University of Zagreb, Croatia<\/li>\n<\/ol>\n[\/vc_column_text][\/vc_column][\/vc_row]\n<\/div>","protected":false},"excerpt":{"rendered":"<p>[vc_row][vc_column][vc_column_text css=&#8221;.vc_custom_1655102075830{margin-bottom: 0px !important;}&#8221;] Dra\u017een Adamovi\u0107, University of Zagreb, Croatia Maja Andri\u0107, University of Split, Croatia Suzana Antunovi\u0107, University of Split, Croatia Ana Anu\u0161i\u0107, University of S\u00e3o Paulo, Brazil Ljiljana Aramba\u0161i\u0107, University of Zagreb, Croatia Petar Baki\u0107, University of Utah, USA Igor Bakovi\u0107, J. J. Strossmayer University of Osijek, Croatia Dubravka Ban, Southern Illinois University, [&hellip;]<\/p>\n","protected":false},"author":1,"featured_media":0,"parent":0,"menu_order":0,"comment_status":"closed","ping_status":"closed","template":"","meta":{"footnotes":""},"class_list":["post-470","page","type-page","status-publish","hentry"],"_links":{"self":[{"href":"https:\/\/www.pmfst.unist.hr\/cromc2020\/wp-json\/wp\/v2\/pages\/470","targetHints":{"allow":["GET"]}}],"collection":[{"href":"https:\/\/www.pmfst.unist.hr\/cromc2020\/wp-json\/wp\/v2\/pages"}],"about":[{"href":"https:\/\/www.pmfst.unist.hr\/cromc2020\/wp-json\/wp\/v2\/types\/page"}],"author":[{"embeddable":true,"href":"https:\/\/www.pmfst.unist.hr\/cromc2020\/wp-json\/wp\/v2\/users\/1"}],"replies":[{"embeddable":true,"href":"https:\/\/www.pmfst.unist.hr\/cromc2020\/wp-json\/wp\/v2\/comments?post=470"}],"version-history":[{"count":0,"href":"https:\/\/www.pmfst.unist.hr\/cromc2020\/wp-json\/wp\/v2\/pages\/470\/revisions"}],"wp:attachment":[{"href":"https:\/\/www.pmfst.unist.hr\/cromc2020\/wp-json\/wp\/v2\/media?parent=470"}],"curies":[{"name":"wp","href":"https:\/\/api.w.org\/{rel}","templated":true}]}}