{"id":514,"date":"2019-10-14T13:21:33","date_gmt":"2019-10-14T11:21:33","guid":{"rendered":"https:\/\/www.pmfst.unist.hr\/cromc2020\/?page_id=514"},"modified":"2022-04-11T13:40:04","modified_gmt":"2022-04-11T11:40:04","slug":"pokrovitelj-i-organizatori","status":"publish","type":"page","link":"https:\/\/www.pmfst.unist.hr\/cromc2020\/hr\/pokrovitelj-i-organizatori\/","title":{"rendered":"POKROVITELJ I ORGANIZATORI"},"content":{"rendered":"<div class=\"wpb-content-wrapper\">[vc_row][vc_column][vc_column_text css=&#8221;.vc_custom_1575548035590{margin-bottom: 0px !important;}&#8221;]Sedmi hrvatski matemati\u010dki kongres odr\u017eava se pod visokim pokroviteljstvom <a href=\"http:\/\/www.hazu.hr\/\" target=\"_blank\" rel=\"noopener noreferrer\">Hrvatske akademije znanosti i umjetnosti<\/a>, najvi\u0161e hrvatske znanstvene i umjetni\u010dke institucije.<\/p>\n<p>Organizatori kongresa su :<\/p>\n<ul>\n<li>\n<h5><a href=\"http:\/\/www.stmath.hr\/\" target=\"_blank\" rel=\"noopener noreferrer\">Splitsko matemati\u010dko dru\u0161tvo<\/a><\/h5>\n<\/li>\n<li>\n<h5><a href=\"https:\/\/www.pmfst.unist.hr\/odjel-za-matematiku\/\" target=\"_blank\" rel=\"noopener noreferrer\">Odjel za matematiku,\u00a0Prirodoslovno-matemati\u010dki fakultet, Sveu\u010dili\u0161te u Splitu\u00a0<\/a><\/h5>\n<\/li>\n<li>\n<h5><a href=\"http:\/\/www.matematika.hr\/\" target=\"_blank\" rel=\"noopener noreferrer\">Hrvatsko matemati\u010dko dru\u0161tvo<\/a><\/h5>\n<\/li>\n<\/ul>\n<p><!--\nSuroganizator:\n\n\n<ul>\n \t\n\n<li>\n\n\n<h5><a href=\"http:\/\/bela.phy.hr\/quantixlie\/\" target=\"_blank\" rel=\"noopener\">Znanstveni centar izvrsnosti QuantiXLie<\/a><\/h5>\n\n\n<\/li>\n\n\n<\/ul>\n\n\n--><br \/>\n[\/vc_column_text][\/vc_column][\/vc_row]\n<\/div>","protected":false},"excerpt":{"rendered":"<p>[vc_row][vc_column][vc_column_text css=&#8221;.vc_custom_1575548035590{margin-bottom: 0px !important;}&#8221;]Sedmi hrvatski matemati\u010dki kongres odr\u017eava se pod visokim pokroviteljstvom Hrvatske akademije znanosti i umjetnosti, najvi\u0161e hrvatske znanstvene i umjetni\u010dke institucije. Organizatori kongresa su : Splitsko matemati\u010dko dru\u0161tvo Odjel za matematiku,\u00a0Prirodoslovno-matemati\u010dki fakultet, Sveu\u010dili\u0161te u Splitu\u00a0 Hrvatsko matemati\u010dko dru\u0161tvo [\/vc_column_text][\/vc_column][\/vc_row]<\/p>\n","protected":false},"author":1,"featured_media":0,"parent":0,"menu_order":0,"comment_status":"closed","ping_status":"closed","template":"","meta":{"footnotes":""},"class_list":["post-514","page","type-page","status-publish","hentry"],"_links":{"self":[{"href":"https:\/\/www.pmfst.unist.hr\/cromc2020\/wp-json\/wp\/v2\/pages\/514","targetHints":{"allow":["GET"]}}],"collection":[{"href":"https:\/\/www.pmfst.unist.hr\/cromc2020\/wp-json\/wp\/v2\/pages"}],"about":[{"href":"https:\/\/www.pmfst.unist.hr\/cromc2020\/wp-json\/wp\/v2\/types\/page"}],"author":[{"embeddable":true,"href":"https:\/\/www.pmfst.unist.hr\/cromc2020\/wp-json\/wp\/v2\/users\/1"}],"replies":[{"embeddable":true,"href":"https:\/\/www.pmfst.unist.hr\/cromc2020\/wp-json\/wp\/v2\/comments?post=514"}],"version-history":[{"count":0,"href":"https:\/\/www.pmfst.unist.hr\/cromc2020\/wp-json\/wp\/v2\/pages\/514\/revisions"}],"wp:attachment":[{"href":"https:\/\/www.pmfst.unist.hr\/cromc2020\/wp-json\/wp\/v2\/media?parent=514"}],"curies":[{"name":"wp","href":"https:\/\/api.w.org\/{rel}","templated":true}]}}