{"id":527,"date":"2019-10-14T13:41:59","date_gmt":"2019-10-14T11:41:59","guid":{"rendered":"https:\/\/www.pmfst.unist.hr\/cromc2020\/?page_id=527"},"modified":"2019-11-21T12:34:18","modified_gmt":"2019-11-21T11:34:18","slug":"kontakt","status":"publish","type":"page","link":"https:\/\/www.pmfst.unist.hr\/cromc2020\/hr\/kontakt\/","title":{"rendered":"KONTAKT"},"content":{"rendered":"<div class=\"wpb-content-wrapper\">[vc_row][vc_column][mk_contact_info phone=&#8221;+385 (0)21 619222&#8243; email=&#8221;cromc2020@pmfst.hr&#8221; address=&#8221;Ru\u0111era Bo\u0161kovi\u0107a 33, 21000 Split, Hrvatska&#8221;][\/vc_column][\/vc_row]\n<\/div>","protected":false},"excerpt":{"rendered":"<p>[vc_row][vc_column][mk_contact_info phone=&#8221;+385 (0)21 619222&#8243; email=&#8221;cromc2020@pmfst.hr&#8221; address=&#8221;Ru\u0111era Bo\u0161kovi\u0107a 33, 21000 Split, Hrvatska&#8221;][\/vc_column][\/vc_row]<\/p>\n","protected":false},"author":1,"featured_media":0,"parent":0,"menu_order":0,"comment_status":"closed","ping_status":"closed","template":"","meta":{"footnotes":""},"class_list":["post-527","page","type-page","status-publish","hentry"],"_links":{"self":[{"href":"https:\/\/www.pmfst.unist.hr\/cromc2020\/wp-json\/wp\/v2\/pages\/527","targetHints":{"allow":["GET"]}}],"collection":[{"href":"https:\/\/www.pmfst.unist.hr\/cromc2020\/wp-json\/wp\/v2\/pages"}],"about":[{"href":"https:\/\/www.pmfst.unist.hr\/cromc2020\/wp-json\/wp\/v2\/types\/page"}],"author":[{"embeddable":true,"href":"https:\/\/www.pmfst.unist.hr\/cromc2020\/wp-json\/wp\/v2\/users\/1"}],"replies":[{"embeddable":true,"href":"https:\/\/www.pmfst.unist.hr\/cromc2020\/wp-json\/wp\/v2\/comments?post=527"}],"version-history":[{"count":0,"href":"https:\/\/www.pmfst.unist.hr\/cromc2020\/wp-json\/wp\/v2\/pages\/527\/revisions"}],"wp:attachment":[{"href":"https:\/\/www.pmfst.unist.hr\/cromc2020\/wp-json\/wp\/v2\/media?parent=527"}],"curies":[{"name":"wp","href":"https:\/\/api.w.org\/{rel}","templated":true}]}}