{"id":542,"date":"2019-10-14T14:00:08","date_gmt":"2019-10-14T12:00:08","guid":{"rendered":"https:\/\/www.pmfst.unist.hr\/cromc2020\/?page_id=542"},"modified":"2022-06-06T10:50:47","modified_gmt":"2022-06-06T08:50:47","slug":"nagrada-hrvatskog-matematickog-drustva-ante-mimica","status":"publish","type":"page","link":"https:\/\/www.pmfst.unist.hr\/cromc2020\/hr\/nagrada-hrvatskog-matematickog-drustva-ante-mimica\/","title":{"rendered":"NAGRADA HRVATSKOG MATEMATI\u010cKOG DRU\u0160TVA \u201cANTE MIMICA\u201d"},"content":{"rendered":"<div class=\"wpb-content-wrapper\">[vc_row][vc_column][vc_column_text css=&#8221;.vc_custom_1654505472894{margin-bottom: 0px !important;}&#8221;]Svake \u010detiri\u00a0godine Hrvatsko matemati\u010dko dru\u0161tvo dodjeljuje Nagradu HMD-a za izniman znanstveni doprinos u matematici mladom matemati\u010daru (do 35 godina starosti)\u00a0sa\u00a0stalnim boravi\u0161tem u Republici Hrvatskoj. Predsjednik Hrvatskoga matemati\u010dkog dru\u0161tva objavljuje ime dobitnika Nagrade na ceremoniji otvorenja Hrvatskoga matemati\u010dkog kongresa nakon \u010dega dobitnik odr\u017ei predavanje u kojem predstavi svoj znanstveni rad.<\/p>\n<p>Dosada\u0161nji dobitnici Nagrade HMD-a su:<\/p>\n<p>1996:\u00a0Ivan Slapni\u010dar, Sveu\u010dili\u0161te u Splitu<br \/>\n2000:\u00a0Andrej Dujella, Sveu\u010dili\u0161te u Zagrebu<br \/>\n2004:\u00a0Goran Mui\u0107, Sveu\u010dili\u0161te u Zagrebu<br \/>\n2008:\u00a0Ozren Per\u0161e, Sveu\u010dili\u0161te u Zagrebu<br \/>\n2012:\u00a0Igor Vel\u010di\u0107, Sveu\u010dili\u0161te u Zagrebu<br \/>\n2016:\u00a0Ante Mimica, Sveu\u010dili\u0161te u Zagrebu (posthumno)<\/p>\n<p>Ante Mimica je, na \u017ealost, preminuo prije nego mu je dodijeljena Nagrada, stoga je Hrvatsko matemati\u010dko dru\u0161tvo 2019. godine odlu\u010dilo da nagrada nosi naziv\u00a0<em>Nagrada Hrvatskoga matemati\u010dkog dru\u0161tva \u201eAnte Mimica\u201c za znanstveni doprinos u matematici<\/em>.[\/vc_column_text][\/vc_column][\/vc_row]\n<\/div>","protected":false},"excerpt":{"rendered":"<p>[vc_row][vc_column][vc_column_text css=&#8221;.vc_custom_1654505472894{margin-bottom: 0px !important;}&#8221;]Svake \u010detiri\u00a0godine Hrvatsko matemati\u010dko dru\u0161tvo dodjeljuje Nagradu HMD-a za izniman znanstveni doprinos u matematici mladom matemati\u010daru (do 35 godina starosti)\u00a0sa\u00a0stalnim boravi\u0161tem u Republici Hrvatskoj. Predsjednik Hrvatskoga matemati\u010dkog dru\u0161tva objavljuje ime dobitnika Nagrade na ceremoniji otvorenja Hrvatskoga matemati\u010dkog kongresa nakon \u010dega dobitnik odr\u017ei predavanje u kojem predstavi svoj znanstveni rad. Dosada\u0161nji dobitnici Nagrade [&hellip;]<\/p>\n","protected":false},"author":1,"featured_media":0,"parent":0,"menu_order":0,"comment_status":"closed","ping_status":"closed","template":"","meta":{"footnotes":""},"class_list":["post-542","page","type-page","status-publish","hentry"],"_links":{"self":[{"href":"https:\/\/www.pmfst.unist.hr\/cromc2020\/wp-json\/wp\/v2\/pages\/542","targetHints":{"allow":["GET"]}}],"collection":[{"href":"https:\/\/www.pmfst.unist.hr\/cromc2020\/wp-json\/wp\/v2\/pages"}],"about":[{"href":"https:\/\/www.pmfst.unist.hr\/cromc2020\/wp-json\/wp\/v2\/types\/page"}],"author":[{"embeddable":true,"href":"https:\/\/www.pmfst.unist.hr\/cromc2020\/wp-json\/wp\/v2\/users\/1"}],"replies":[{"embeddable":true,"href":"https:\/\/www.pmfst.unist.hr\/cromc2020\/wp-json\/wp\/v2\/comments?post=542"}],"version-history":[{"count":0,"href":"https:\/\/www.pmfst.unist.hr\/cromc2020\/wp-json\/wp\/v2\/pages\/542\/revisions"}],"wp:attachment":[{"href":"https:\/\/www.pmfst.unist.hr\/cromc2020\/wp-json\/wp\/v2\/media?parent=542"}],"curies":[{"name":"wp","href":"https:\/\/api.w.org\/{rel}","templated":true}]}}