{"id":550,"date":"2019-10-14T14:15:07","date_gmt":"2019-10-14T12:15:07","guid":{"rendered":"https:\/\/www.pmfst.unist.hr\/cromc2020\/?page_id=550"},"modified":"2022-05-02T08:11:09","modified_gmt":"2022-05-02T06:11:09","slug":"prijava-sazetaka","status":"publish","type":"page","link":"https:\/\/www.pmfst.unist.hr\/cromc2020\/hr\/prijava-sazetaka\/","title":{"rendered":"SLANJE SA\u017dETKA"},"content":{"rendered":"<div class=\"wpb-content-wrapper\">[vc_row][vc_column][vc_column_text css=&#8221;.vc_custom_1578468001212{margin-bottom: 0px !important;}&#8221;]Znanstveni program se sastoji od plenarnih predavanja (45 minuta), pozvanih predavanja (30 minuta), kratkih priop\u0107enja (15 minuta) i posterske sekcije.<br \/>\nKratka priop\u0107enja i postere \u0107e odabrati i odobriti Znanstveni odbor. Organizacijski odbor zadr\u017eava pravo odlu\u010divanja o obliku prezentacije (usmeno izlaganje ili poster) ovisno o broju prihva\u0107enih kratkih priop\u0107enja.<br \/>\nSa\u017eetak treba biti napisan na engleskom jeziku u LaTex- formatu koriste\u0107i ovaj <a href=\"https:\/\/www.pmfst.unist.hr\/cromc2020\/wp-content\/uploads\/2019\/12\/template-cromc2020.zip\" target=\"_blank\" rel=\"noopener noreferrer\">predlo\u017eak<\/a>.<br \/>\nSa\u017eetak (u LaTex-formatu i pdf-formatu) treba prijaviti putem mre\u017enog <strong>Obrazca za slanje sa\u017eetaka<\/strong>.<br \/>\nPrihva\u0107eni sa\u017eetci bit \u0107e dostupni na stranici <a href=\"https:\/\/www.pmfst.unist.hr\/cromc2020\/hr\/sazetci\/\">Sa\u017eetci<\/a>.<br \/>\n<strong>Rok za slanje sa\u017eetka je 1. svibnja 2022. godine.<\/strong><br \/>\nMolimo vas, imajte na umu da je prezentacija na Kongresu mogu\u0107a samo ako ste se registrirali i uplatili kotizaciju.[\/vc_column_text][\/vc_column][\/vc_row][vc_row disable_element=&#8221;yes&#8221;][vc_column][vc_separator][vc_empty_space][mk_fancy_title tag_name=&#8221;h4&#8243; font_family=&#8221;none&#8221;]\n<h4>Obrazac za slanje sa\u017eetka<\/h4>\n[\/mk_fancy_title]<div class=\"cf7sg-container\"><div id=\"cf7sg-form-sazetak-hr\" class=\"cf7-smart-grid has-grid key_sazetak-hr\">\n<div class=\"wpcf7 no-js\" id=\"wpcf7-f1001-o1\" lang=\"hr\" dir=\"ltr\" data-wpcf7-id=\"1001\">\n<div class=\"screen-reader-response\"><p role=\"status\" aria-live=\"polite\" aria-atomic=\"true\"><\/p> <ul><\/ul><\/div>\n<form action=\"\/cromc2020\/wp-json\/wp\/v2\/pages\/550#wpcf7-f1001-o1\" method=\"post\" class=\"wpcf7-form init\" aria-label=\"Kontakt obrazac\" enctype=\"multipart\/form-data\" novalidate=\"novalidate\" data-status=\"init\">\n<fieldset class=\"hidden-fields-container\"><input type=\"hidden\" name=\"_wpcf7\" value=\"1001\" \/><input type=\"hidden\" name=\"_wpcf7_version\" value=\"6.1.3\" \/><input type=\"hidden\" name=\"_wpcf7_locale\" value=\"hr\" \/><input type=\"hidden\" name=\"_wpcf7_unit_tag\" value=\"wpcf7-f1001-o1\" \/><input type=\"hidden\" name=\"_wpcf7_container_post\" value=\"0\" \/><input type=\"hidden\" name=\"_wpcf7_posted_data_hash\" value=\"\" \/><input type=\"hidden\" name=\"_wpcf7_key\" value=\"sazetak-hr\" \/><input type=\"hidden\" name=\"_cf7sg_toggles\" value=\"\" \/><input type=\"hidden\" name=\"_cf7sg_version\" value=\"4.15.8\" \/><input type=\"hidden\" name=\"_wpnonce\" value=\"fcf9648022\" \/><input type=\"hidden\" name=\"_wpcf7_lang\" \/><input type=\"hidden\" name=\"_wpcf7_recaptcha_response\" value=\"\" \/>\n<\/fieldset>\n<div class=\"container\">\n  <div class=\"row\">\n    <div class=\"columns one-half\">\n      <div class=\"container\">\n        <div class=\"row\">\n          <div class=\"columns full\">\n            <div class=\"field\"><label>Full name<em>*<\/em><\/label><span class=\"wpcf7-form-control-wrap\" data-name=\"your-name\"><input size=\"40\" maxlength=\"400\" class=\"wpcf7-form-control wpcf7-text wpcf7-validates-as-required\" aria-required=\"true\" aria-invalid=\"false\" value=\"\" type=\"text\" name=\"your-name\" \/><\/span>\n              <p class=\"info-tip\"><\/p>\n            <\/div>\n          <\/div>\n        <\/div>\n      <\/div>\n      <div class=\"container\">\n        <div class=\"row\">\n          <div class=\"columns full\">\n            <div class=\"field\"><label>Email adress<em>*<\/em><\/label><span class=\"wpcf7-form-control-wrap\" data-name=\"your-email\"><input size=\"40\" maxlength=\"400\" class=\"wpcf7-form-control wpcf7-email wpcf7-validates-as-required wpcf7-text wpcf7-validates-as-email\" aria-required=\"true\" aria-invalid=\"false\" value=\"\" type=\"email\" name=\"your-email\" \/><\/span>\n              <p class=\"info-tip\"><\/p>\n            <\/div>\n          <\/div>\n        <\/div>\n      <\/div>\n      <div class=\"container\">\n        <div class=\"row\">\n          <div class=\"columns full\">\n            <div class=\"field\"><label>Affiliation<em>*<\/em><\/label><span class=\"wpcf7-form-control-wrap\" data-name=\"affilation\"><input size=\"40\" maxlength=\"400\" class=\"wpcf7-form-control wpcf7-text wpcf7-validates-as-required\" aria-required=\"true\" aria-invalid=\"false\" value=\"\" type=\"text\" name=\"affilation\" \/><\/span>\n              <p class=\"info-tip\"><\/p>\n            <\/div>\n          <\/div>\n        <\/div>\n      <\/div>\n      <div class=\"container\">\n        <div class=\"row\">\n          <div class=\"columns full\">\n            <div class=\"field\"><label>Please choose the type of presentation <em>*<\/em><\/label><span class=\"wpcf7-form-control-wrap\" data-name=\"presentation\"><select class=\"wpcf7-form-control wpcf7-select wpcf7-validates-as-required\" aria-required=\"true\" aria-invalid=\"false\" name=\"presentation\"><option value=\"\">&#8212;Molimo odaberite jednu opciju&#8212;<\/option><option value=\"I am a plenary speaker.\">I am a plenary speaker.<\/option><option value=\"I am a invited speaker.\">I am a invited speaker.<\/option><option value=\"I would like to present a contributed talk.\">I would like to present a contributed talk.<\/option><option value=\"I would like to present a poster at the poster section.\">I would like to present a poster at the poster section.<\/option><\/select><\/span>\n              <p class=\"info-tip\"><\/p>\n            <\/div>\n          <\/div>\n        <\/div>\n      <\/div>\n      <div class=\"container\">\n        <div class=\"row\">\n          <div class=\"columns full\">\n            <div class=\"field\"><label>Section<em>*<\/em><\/label><span class=\"wpcf7-form-control-wrap\" data-name=\"section\"><select class=\"wpcf7-form-control wpcf7-select wpcf7-validates-as-required\" aria-required=\"true\" aria-invalid=\"false\" name=\"section\"><option value=\"\">&#8212;Molimo odaberite jednu opciju&#8212;<\/option><option value=\"Algebra\">Algebra<\/option><option value=\"Algebraic and Complex geometry\">Algebraic and Complex geometry<\/option><option value=\"Analysis and its Applications\">Analysis and its Applications<\/option><option value=\"Combinatorics and Discrete Mathematics\">Combinatorics and Discrete Mathematics<\/option><option value=\"Differential Geometry and Applications\">Differential Geometry and Applications<\/option><option value=\"Dynamical Systems and Ordinary Differential Equations and Applications\">Dynamical Systems and Ordinary Differential Equations and Applications<\/option><option value=\"Geometry\">Geometry<\/option><option value=\"Logic, Computation and Mathematical Aspects of Computer Science\">Logic, Computation and Mathematical Aspects of Computer Science<\/option><option value=\"Mathematical Image and Signal processing\">Mathematical Image and Signal processing<\/option><option value=\"Mathematical Physics\">Mathematical Physics<\/option><option value=\"Mathematics Education and History of Mathematics\">Mathematics Education and History of Mathematics<\/option><option value=\"Mathematics in Science and Technology\">Mathematics in Science and Technology<\/option><option value=\"Number Theory\">Number Theory<\/option><option value=\"Numerical Analysis and Scientific Computing\">Numerical Analysis and Scientific Computing<\/option><option value=\"Optimization and Control\">Optimization and Control<\/option><option value=\"Partial Differential Equations and Applications\">Partial Differential Equations and Applications<\/option><option value=\"Probability\">Probability<\/option><option value=\"Statistics and Financial Mathematics\">Statistics and Financial Mathematics<\/option><option value=\"Topology\">Topology<\/option><\/select><\/span>\n              <p class=\"info-tip\"><\/p>\n              <p>\u00a0<\/p>\n            <\/div>\n          <\/div>\n        <\/div>\n      <\/div>\n    <\/div>\n  <\/div>\n<\/div>\n<div class=\"container\">\n  <div class=\"row\">\n    <div class=\"columns full\">\n      <div class=\"field\"><label>Title: <em>*<\/em><\/label><span class=\"wpcf7-form-control-wrap\" data-name=\"title\"><input size=\"40\" maxlength=\"400\" class=\"wpcf7-form-control wpcf7-text wpcf7-validates-as-required\" aria-required=\"true\" aria-invalid=\"false\" value=\"\" type=\"text\" name=\"title\" \/><\/span>\n        <p class=\"info-tip\">Please upload your abstract here:* (An abstract must be written in English in LaTeX-Format using template from \"Abstract submission\" website.) <\/p>\n      <\/div>\n    <\/div>\n  <\/div>\n<\/div>\n<div class=\"container\">\n  <div class=\"row\">\n    <div class=\"columns full\">\n    <\/div>\n  <\/div>\n<\/div>\n<div class=\"container\">\n  <div class=\"row\">\n    <div class=\"columns one-half\">\n      <div class=\"field\"><label><b>Abstract upload (LaTex-format)<b> <em>*<\/em><\/b><\/b><\/label><span class=\"wpcf7-form-control-wrap\" data-name=\"latex\"><input size=\"40\" class=\"wpcf7-form-control wpcf7-file wpcf7-validates-as-required\" accept=\".tex\" aria-required=\"true\" aria-invalid=\"false\" type=\"file\" name=\"latex\" \/><\/span>\n        <p class=\"info-tip\"><\/p>\n      <\/div>\n    <\/div>\n    <div class=\"columns one-half\">\n      <div class=\"field\"><label><b>Abstract upload (pdf-format)<b><em>*<\/em><\/b><\/b><\/label><span class=\"wpcf7-form-control-wrap\" data-name=\"pdf\"><input size=\"40\" class=\"wpcf7-form-control wpcf7-file wpcf7-validates-as-required\" accept=\".pdf\" aria-required=\"true\" aria-invalid=\"false\" type=\"file\" name=\"pdf\" \/><\/span>\n        <p class=\"info-tip\"><\/p>\n        <p><\/p>\n        <p>\u00a0<\/p>\n        <p><\/p>\n      <\/div>\n    <\/div>\n  <\/div>\n<\/div>\n<div class=\"container\">\n  <div class=\"row\">\n    <div class=\"columns full\">\n      <div class=\"field\"><label><\/label><span class=\"wpcf7-form-control-wrap\" data-name=\"pristanak\"><span class=\"wpcf7-form-control wpcf7-acceptance\"><span class=\"wpcf7-list-item\"><label><input type=\"checkbox\" name=\"pristanak\" value=\"1\" aria-invalid=\"false\" \/><span class=\"wpcf7-list-item-label\"><em>I agree that the above data will be collected and processed. I agree that my name,email adress, affiliation and the title and abstract of my presentation are published on the official Congress website. I confirm that all co-authors are aware of the content of the abstract.<em><br> <em>In this form your personal data is collected for the purposes of processing your abstract submission and for organizational matters of the 7th Croatian Mathematical Congress. Please tick the box above to complete your registration.<em><\/span><\/label><\/span><\/span><\/span>\n        <p class=\"info-tip\"><\/p>\n        <p>\u00a0<\/p>\n        <\/em><\/em>\n        <\/em>\n        <\/em>\n      <\/div><em><em><em>\n      <\/em><\/em>\n      <\/em>\n    <\/div><em><em><em>\n    <\/em><\/em>\n    <\/em>\n  <\/div><em><em><em>\n  <\/em><\/em>\n  <\/em>\n<\/div>\n<div class=\"container\">\n  <div class=\"row\">\n    <div class=\"columns full\">\n    <\/div>\n  <\/div>\n<\/div><em><em><em>\n  <div class=\"container\">\n    <div class=\"row\">\n      <div class=\"columns one-third\">\n<div class=\"field\"><label><\/label><input class=\"wpcf7-form-control wpcf7-submit has-spinner\" type=\"submit\" value=\"Po\u0161alji\" \/>\n          <p class=\"info-tip\"><\/p>\n        <\/div><\/div>\n    <\/div>\n  <\/div><\/em><\/em>\n<\/em><div class=\"wpcf7-response-output\" aria-hidden=\"true\"><\/div>\n<\/form>\n<\/div>\n<\/div><\/div>[vc_empty_space][vc_separator][\/vc_column][\/vc_row][vc_row][vc_column][vc_column_text css=&#8221;.vc_custom_1574775593475{margin-bottom: 0px !important;}&#8221;]\n<h4>SEKCIJE<\/h4>\n<ol>\n<li>Algebra<\/li>\n<li>Algebarska i kompleksna geometrija<\/li>\n<li>Analiza i primjene<\/li>\n<li>Kombinatorika i diskretna matematika<\/li>\n<li>Diferencijalna geometrija i primjene<\/li>\n<li>Dinami\u010dki sustavi i obi\u010dne diferencijalne jednad\u017ebe<\/li>\n<li>Geometrija<\/li>\n<li>Logika, izra\u010dunljivost i matemati\u010dka teorija ra\u010dunarstva<\/li>\n<li>Matemati\u010dka obrada slike i signala<\/li>\n<li>Matemati\u010dka fizika<\/li>\n<li>Matemati\u010dko obrazovanje i povijest matematike<\/li>\n<li>Matematika u znanosti i tehnologiji<\/li>\n<li>Teorija brojeva<\/li>\n<li>Numeri\u010dka analiza i znanstveno ra\u010dunanje<\/li>\n<li>Optimizacija i upravljanje<\/li>\n<li>Parcijalne diferencijalne jednad\u017ebe i primjene<\/li>\n<li>Vjerojatnost<\/li>\n<li>Statistika i financijska matematika<\/li>\n<li>Topologija<\/li>\n<\/ol>\n[\/vc_column_text][\/vc_column][\/vc_row]\n<\/div>","protected":false},"excerpt":{"rendered":"<p>[vc_row][vc_column][vc_column_text css=&#8221;.vc_custom_1578468001212{margin-bottom: 0px !important;}&#8221;]Znanstveni program se sastoji od plenarnih predavanja (45 minuta), pozvanih predavanja (30 minuta), kratkih priop\u0107enja (15 minuta) i posterske sekcije. Kratka priop\u0107enja i postere \u0107e odabrati i odobriti Znanstveni odbor. Organizacijski odbor zadr\u017eava pravo odlu\u010divanja o obliku prezentacije (usmeno izlaganje ili poster) ovisno o broju prihva\u0107enih kratkih priop\u0107enja. Sa\u017eetak treba biti napisan [&hellip;]<\/p>\n","protected":false},"author":1,"featured_media":0,"parent":0,"menu_order":0,"comment_status":"closed","ping_status":"closed","template":"","meta":{"footnotes":""},"class_list":["post-550","page","type-page","status-publish","hentry"],"_links":{"self":[{"href":"https:\/\/www.pmfst.unist.hr\/cromc2020\/wp-json\/wp\/v2\/pages\/550","targetHints":{"allow":["GET"]}}],"collection":[{"href":"https:\/\/www.pmfst.unist.hr\/cromc2020\/wp-json\/wp\/v2\/pages"}],"about":[{"href":"https:\/\/www.pmfst.unist.hr\/cromc2020\/wp-json\/wp\/v2\/types\/page"}],"author":[{"embeddable":true,"href":"https:\/\/www.pmfst.unist.hr\/cromc2020\/wp-json\/wp\/v2\/users\/1"}],"replies":[{"embeddable":true,"href":"https:\/\/www.pmfst.unist.hr\/cromc2020\/wp-json\/wp\/v2\/comments?post=550"}],"version-history":[{"count":0,"href":"https:\/\/www.pmfst.unist.hr\/cromc2020\/wp-json\/wp\/v2\/pages\/550\/revisions"}],"wp:attachment":[{"href":"https:\/\/www.pmfst.unist.hr\/cromc2020\/wp-json\/wp\/v2\/media?parent=550"}],"curies":[{"name":"wp","href":"https:\/\/api.w.org\/{rel}","templated":true}]}}