{"id":555,"date":"2019-10-14T14:29:29","date_gmt":"2019-10-14T12:29:29","guid":{"rendered":"https:\/\/www.pmfst.unist.hr\/cromc2020\/?page_id=555"},"modified":"2022-07-08T12:09:26","modified_gmt":"2022-07-08T10:09:26","slug":"fees-and-registration","status":"publish","type":"page","link":"https:\/\/www.pmfst.unist.hr\/cromc2020\/fees-and-registration\/","title":{"rendered":"REGISTRATION AND FEES"},"content":{"rendered":"<div class=\"wpb-content-wrapper\">[vc_row][vc_column width=&#8221;2\/3&#8243;][mk_table style=&#8221;style2&#8243;]\n<table>\n<tbody>\n<tr>\n<th width=\"135\">Registration fees<\/th>\n<th width=\"110\">PACKAGE A<\/th>\n<th width=\"104\">PACKAGE B<\/th>\n<\/tr>\n<tr>\n<td width=\"135\">General<\/td>\n<td width=\"110\">120 \u20ac<\/td>\n<td width=\"104\">160 \u20ac<\/td>\n<\/tr>\n<tr>\n<td width=\"135\">Members of the Croatian Mathematical Society<\/td>\n<td width=\"110\">90 \u20ac<\/td>\n<td width=\"104\">130 \u20ac<\/td>\n<\/tr>\n<tr>\n<td width=\"135\">Students<\/td>\n<td width=\"110\">60 \u20ac<\/td>\n<td width=\"104\">100 \u20ac<\/td>\n<\/tr>\n<\/tbody>\n<\/table>\n[\/mk_table][\/vc_column][vc_column width=&#8221;1\/3&#8243;][\/vc_column][\/vc_row][vc_row][vc_column][vc_column_text css=&#8221;.vc_custom_1657274962682{margin-bottom: 0px !important;}&#8221;]Package A includes<\/p>\n<ul>\n<li>Conference materials<\/li>\n<li>Coffee breaks<\/li>\n<li>Welcome reception<\/li>\n<\/ul>\n<p>&nbsp;<\/p>\n<p>Package B also includes the\u00a0<a href=\"https:\/\/www.pmfst.unist.hr\/cromc2020\/social-programme\/\">Congress Banquet<\/a>. The fee for the accompanying person attending the banquet is 40\u20ac. For persons under the age of 12 the banquet is free of charge.[\/vc_column_text][\/vc_column][\/vc_row][vc_row][vc_column width=&#8221;1\/3&#8243;][\/vc_column][vc_column width=&#8221;1\/3&#8243;][mk_button dimension=&#8221;flat&#8221; corner_style=&#8221;rounded&#8221; size=&#8221;large&#8221; icon=&#8221;mk-moon-pencil-6&#8243; target=&#8221;_blank&#8221; nofollow=&#8221;true&#8221; align=&#8221;center&#8221; fullwidth=&#8221;true&#8221; bg_color=&#8221;#0078ff&#8221; btn_hover_bg=&#8221;#3d97ff&#8221;]Registration form[\/mk_button][vc_empty_space][\/vc_column][vc_column width=&#8221;1\/3&#8243;][\/vc_column][\/vc_row][vc_row][vc_column][vc_column_text css=&#8221;.vc_custom_1574940256860{margin-bottom: 0px !important;}&#8221;]Registration fee should be paid to :<\/p>\n<p>Split Mathematical Society<br \/>\nRu\u0111era Bo\u0161kovi\u0107a 33<br \/>\n21000 Split<br \/>\nCroatia<br \/>\nwith participant&#8217;s name and obligatory designation &#8220;for the Congress2020&#8221;.<\/p>\n<p><strong>Banking information<br \/>\n<\/strong>Bank name: Hrvatska po\u0161tanska banka p.l.c. Juri\u0161i\u0107eva 4, 10000 Zagreb<br \/>\nSWIFT\/BIC CODE: HPBZHR2X<br \/>\nIBAN: HR5523900011100310039[\/vc_column_text][\/vc_column][\/vc_row]\n<\/div>","protected":false},"excerpt":{"rendered":"<p>[vc_row][vc_column width=&#8221;2\/3&#8243;][mk_table style=&#8221;style2&#8243;] Registration fees PACKAGE A PACKAGE B General 120 \u20ac 160 \u20ac Members of the Croatian Mathematical Society 90 \u20ac 130 \u20ac Students 60 \u20ac 100 \u20ac [\/mk_table][\/vc_column][vc_column width=&#8221;1\/3&#8243;][\/vc_column][\/vc_row][vc_row][vc_column][vc_column_text css=&#8221;.vc_custom_1657274962682{margin-bottom: 0px !important;}&#8221;]Package A includes Conference materials Coffee breaks Welcome reception &nbsp; Package B also includes the\u00a0Congress Banquet. The fee for the accompanying person [&hellip;]<\/p>\n","protected":false},"author":1,"featured_media":0,"parent":0,"menu_order":0,"comment_status":"closed","ping_status":"closed","template":"","meta":{"footnotes":""},"class_list":["post-555","page","type-page","status-publish","hentry"],"_links":{"self":[{"href":"https:\/\/www.pmfst.unist.hr\/cromc2020\/wp-json\/wp\/v2\/pages\/555","targetHints":{"allow":["GET"]}}],"collection":[{"href":"https:\/\/www.pmfst.unist.hr\/cromc2020\/wp-json\/wp\/v2\/pages"}],"about":[{"href":"https:\/\/www.pmfst.unist.hr\/cromc2020\/wp-json\/wp\/v2\/types\/page"}],"author":[{"embeddable":true,"href":"https:\/\/www.pmfst.unist.hr\/cromc2020\/wp-json\/wp\/v2\/users\/1"}],"replies":[{"embeddable":true,"href":"https:\/\/www.pmfst.unist.hr\/cromc2020\/wp-json\/wp\/v2\/comments?post=555"}],"version-history":[{"count":0,"href":"https:\/\/www.pmfst.unist.hr\/cromc2020\/wp-json\/wp\/v2\/pages\/555\/revisions"}],"wp:attachment":[{"href":"https:\/\/www.pmfst.unist.hr\/cromc2020\/wp-json\/wp\/v2\/media?parent=555"}],"curies":[{"name":"wp","href":"https:\/\/api.w.org\/{rel}","templated":true}]}}