{"id":823,"date":"2019-11-21T15:22:48","date_gmt":"2019-11-21T14:22:48","guid":{"rendered":"https:\/\/www.pmfst.unist.hr\/cromc2020\/?page_id=823"},"modified":"2022-06-06T10:45:30","modified_gmt":"2022-06-06T08:45:30","slug":"drustvena-dogadanja","status":"publish","type":"page","link":"https:\/\/www.pmfst.unist.hr\/cromc2020\/hr\/drustvena-dogadanja\/","title":{"rendered":"DRU\u0160TVENA ZBIVANJA"},"content":{"rendered":"<div class=\"wpb-content-wrapper\">[vc_row][vc_column][vc_column_text css=&#8221;.vc_custom_1654166749122{margin-bottom: 0px !important;}&#8221;]<strong>KONGRESNI IZLET:\u00a0\u00a0 POLJICA I OMI\u0160<\/strong><\/p>\n<p>Izlet u\u00a0<a href=\"https:\/\/www.visitomis.hr\/hr\/poljica\">Poljica<\/a>\u00a0i\u00a0<a href=\"https:\/\/www.visitomis.hr\/hr\/ponosna-povijest\">Omi\u0161<\/a>\u00a0je planiran za \u010detvrtak (16. lipnja 2022.) u popodnevnim satima.<br \/>\nOkvirni plan: Polazak iz Splita poslije ru\u010dka. Vo\u017enja autobusom do Gata. Upoznavanje s povije\u0161\u0107u\u00a0<a href=\"https:\/\/hr.wikipedia.org\/wiki\/Polji%C4%8Dka_Republika\">Polji\u010dke republike<\/a>. Odlazak do crkvice sv. Jure i vidikovca, degustacija polji\u010dkog\u00a0<a href=\"https:\/\/www.dalmatia.hr\/hr\/atrakcije\/poljicki-soparnik\">soparnika<\/a>. Obilazak sveti\u0161ta sv. Leopolda Mandi\u0107a u Zaku\u010dcu.<br \/>\nU dogovoreno vrijeme polazak za Omi\u0161. Vo\u017enja brodicom od Omi\u0161a do Radmanovih mlinica kroz\u00a0<a href=\"https:\/\/www.visitomis.hr\/hr\/kanjon-rijeke-cetine\">kanjon Cetine<\/a>. Povratak autobusom u Omi\u0161. Obilazak<a href=\"https:\/\/www.visitomis.hr\/hr\/kulturna-i-povijesna-bastina\">\u00a0grada Omi\u0161a<\/a>\u00a0u pratnji lokalnog vodi\u010da. Ve\u010dera na bazi \u0161vedskog stola u <em>Gusarskoj konobi<\/em> u centru Omi\u0161a. Povratak u Split u ve\u010dernjim satima.[\/vc_column_text][vc_empty_space][vc_column_text css=&#8221;.vc_custom_1654166757952{margin-bottom: 0px !important;}&#8221;]\n<p><strong>KONGRESNI BANKET<\/strong><\/p>\n<p>Kongresni banket odr\u017eati\u00a0\u0107e se\u00a0u petak (17. lipnja. 2022.) u\u00a0 ve\u010dernjim satima u\u00a0<a href=\"https:\/\/visitsplit.com\/hr\/529\/podrumi\">Podrumima Dioklecijanove pala\u010de<\/a>.<br \/>\nPrije banketa je za ograni\u010den broj sudionika\u00a0predvi\u0111eno razgledavanje \u00a0<a href=\"https:\/\/visitsplit.com\/hr\/448\/dioklecijanova-palaca\">stare splitske gradske jezgre<\/a>\u00a0u pratnji vodi\u010da. Besplatne karte mogu se preuzeti na Kongresnom pultu.[\/vc_column_text][\/vc_column][\/vc_row]\n<\/div>","protected":false},"excerpt":{"rendered":"<p>[vc_row][vc_column][vc_column_text css=&#8221;.vc_custom_1654166749122{margin-bottom: 0px !important;}&#8221;]KONGRESNI IZLET:\u00a0\u00a0 POLJICA I OMI\u0160 Izlet u\u00a0Poljica\u00a0i\u00a0Omi\u0161\u00a0je planiran za \u010detvrtak (16. lipnja 2022.) u popodnevnim satima. Okvirni plan: Polazak iz Splita poslije ru\u010dka. Vo\u017enja autobusom do Gata. Upoznavanje s povije\u0161\u0107u\u00a0Polji\u010dke republike. Odlazak do crkvice sv. Jure i vidikovca, degustacija polji\u010dkog\u00a0soparnika. Obilazak sveti\u0161ta sv. Leopolda Mandi\u0107a u Zaku\u010dcu. U dogovoreno vrijeme polazak za [&hellip;]<\/p>\n","protected":false},"author":1,"featured_media":0,"parent":0,"menu_order":0,"comment_status":"closed","ping_status":"closed","template":"","meta":{"footnotes":""},"class_list":["post-823","page","type-page","status-publish","hentry"],"_links":{"self":[{"href":"https:\/\/www.pmfst.unist.hr\/cromc2020\/wp-json\/wp\/v2\/pages\/823","targetHints":{"allow":["GET"]}}],"collection":[{"href":"https:\/\/www.pmfst.unist.hr\/cromc2020\/wp-json\/wp\/v2\/pages"}],"about":[{"href":"https:\/\/www.pmfst.unist.hr\/cromc2020\/wp-json\/wp\/v2\/types\/page"}],"author":[{"embeddable":true,"href":"https:\/\/www.pmfst.unist.hr\/cromc2020\/wp-json\/wp\/v2\/users\/1"}],"replies":[{"embeddable":true,"href":"https:\/\/www.pmfst.unist.hr\/cromc2020\/wp-json\/wp\/v2\/comments?post=823"}],"version-history":[{"count":0,"href":"https:\/\/www.pmfst.unist.hr\/cromc2020\/wp-json\/wp\/v2\/pages\/823\/revisions"}],"wp:attachment":[{"href":"https:\/\/www.pmfst.unist.hr\/cromc2020\/wp-json\/wp\/v2\/media?parent=823"}],"curies":[{"name":"wp","href":"https:\/\/api.w.org\/{rel}","templated":true}]}}