{"id":120,"date":"2019-05-31T09:59:16","date_gmt":"2019-05-31T07:59:16","guid":{"rendered":"https:\/\/www.pmfst.unist.hr\/interpmf\/?page_id=120"},"modified":"2019-07-10T13:16:47","modified_gmt":"2019-07-10T11:16:47","slug":"tim","status":"publish","type":"page","link":"https:\/\/www.pmfst.unist.hr\/interpmf\/tim\/","title":{"rendered":"Tim"},"content":{"rendered":"<div class=\"wpb-content-wrapper\">[vc_row][vc_column][vc_column_text css=&#8221;.vc_custom_1562757332075{margin-bottom: 0px !important;}&#8221;]\n<h3 style=\"text-align: center;\">Projektni tim<\/h3>\n<h4>Nositelj projekta:\u00a0 Prirodoslovno-matemati\u010dki fakultet u Splitu<\/h4>\n<p>\u010clanovi projektnog tima na studijskom programu Fizika, smjerovi: ASTROFIZIKA I FIZIKA ELEMENTARNIH \u010cESTICA, FIZIKA OKOLI\u0160A<\/p>\n<ol>\n<li>prof. dr. sc. Darko Kora\u010din<\/li>\n<li>doc. dr. sc. Marko Kova\u010d<\/li>\n<li>prof. dr. sc. Ivica Aviani<\/li>\n<li>doc. dr. sc. \u017darko Kova\u010d<\/li>\n<li>doc. dr. sc. Petar Stipanovi\u0107<\/li>\n<li>dr. sc. Irena Bitunjac<\/li>\n<\/ol>\n<p>\u010clanovi projektnog tima na studijskom programu MOLEKULARNA BIOLOGIJA<\/p>\n<ol>\n<li>prof. dr. sc. Jasna Puizina<\/li>\n<li>prof. dr. sc. Ivana Bo\u010dina<\/li>\n<li>prof. dr. sc. Valerija Dunki\u0107<\/li>\n<li>doc. dr. sc. \u017deljana Fredotovi\u0107<\/li>\n<li>doc. dr. sc. Ana Maravi\u0107<\/li>\n<li>doc. dr. sc. Antonela Paladin<\/li>\n<li>doc. dr. sc. Sanja Puljas<\/li>\n<li>doc. dr. sc. Ivica \u0160amani\u0107<\/li>\n<li>doc. dr. sc. Matilda \u0160prung<\/li>\n<li>doc. dr. sc. Elma Vuko<\/li>\n<li>Marija Nazli\u0107<\/li>\n<li>Snje\u017eana Topi\u0107<\/li>\n<\/ol>\n<p>\u010clanovi projektnog tima na studijskom programu PODATKOVNA ZNANOST I IN\u017dENJERSTVO<\/p>\n<ol>\n<li>izv. prof. dr. sc. Ivica Boljat<\/li>\n<li>prof. dr. sc. Marko Rosi\u0107<\/li>\n<li>izv. prof. dr. sc. Ani Grubi\u0161i\u0107<\/li>\n<li>izv. prof. dr. sc. Sa\u0161a Mladenovi\u0107<\/li>\n<li>izv. prof. dr. sc. Branko \u017ditko<\/li>\n<li>doc. dr. sc. Hrvoje Kalini\u0107<\/li>\n<li>doc. dr. sc. Ivo Ugrina<\/li>\n<li>dr. sc. Jelena Naki\u0107<\/li>\n<li>dr. sc. Goran Zaharija<\/li>\n<li>dr. sc. Ton\u0107i Dadi\u0107<\/li>\n<li>Marin Agli\u0107 \u010cuvi\u0107<\/li>\n<li>Divna Krpan<\/li>\n<li>Monika Mladenovi\u0107<\/li>\n<\/ol>\n<h4>Partneri<\/h4>\n<ol>\n<li>\u00a0Fakultet elektrotehnike, strojarstva i brodogradnje u Splitu<\/li>\n<li>\u00a0Mediteranski institut za istra\u017eivanje \u017eivota<br \/>\n\u010clanovi projektnog tima na studijskom programu MOLEKULARNA BIOLOGIJA<\/li>\n<li>Oracle Hrvatska d.o.o.<\/li>\n<\/ol>\n[\/vc_column_text][\/vc_column][\/vc_row]\n<\/div>","protected":false},"excerpt":{"rendered":"<p>[vc_row][vc_column][vc_column_text css=&#8221;.vc_custom_1562757332075{margin-bottom: 0px !important;}&#8221;] Projektni tim Nositelj projekta:\u00a0 Prirodoslovno-matemati\u010dki fakultet u Splitu \u010clanovi projektnog tima na studijskom programu Fizika, smjerovi: ASTROFIZIKA I FIZIKA ELEMENTARNIH \u010cESTICA, FIZIKA OKOLI\u0160A prof. dr. sc. Darko Kora\u010din doc. dr. sc. Marko Kova\u010d prof. dr. sc. Ivica Aviani doc. dr. sc. \u017darko Kova\u010d doc. dr. sc. Petar Stipanovi\u0107 dr. sc. Irena [&hellip;]<\/p>\n","protected":false},"author":1,"featured_media":0,"parent":0,"menu_order":0,"comment_status":"closed","ping_status":"closed","template":"","meta":{"_acf_changed":false,"footnotes":""},"class_list":["post-120","page","type-page","status-publish","hentry"],"acf":[],"yoast_head":"<!-- This site is optimized with the Yoast SEO plugin v26.5 - https:\/\/yoast.com\/wordpress\/plugins\/seo\/ -->\n<title>Tim - INTERNACIONALIZACIJA DIPLOMSKIH STUDIJSKIH PROGRAMA NA PRIRODOSLOVNO-MATEMATI\u010cKOM FAKULTETU U SPLITU<\/title>\n<meta name=\"robots\" content=\"index, follow, max-snippet:-1, max-image-preview:large, max-video-preview:-1\" \/>\n<link rel=\"canonical\" href=\"https:\/\/www.pmfst.unist.hr\/interpmf\/tim\/\" \/>\n<meta property=\"og:locale\" content=\"hr_HR\" \/>\n<meta property=\"og:type\" content=\"article\" \/>\n<meta property=\"og:title\" content=\"Tim - INTERNACIONALIZACIJA DIPLOMSKIH STUDIJSKIH PROGRAMA NA PRIRODOSLOVNO-MATEMATI\u010cKOM FAKULTETU U SPLITU\" \/>\n<meta property=\"og:description\" content=\"[vc_row][vc_column][vc_column_text css=&#8221;.vc_custom_1562757332075{margin-bottom: 0px !important;}&#8221;] Projektni tim Nositelj projekta:\u00a0 Prirodoslovno-matemati\u010dki fakultet u Splitu \u010clanovi projektnog tima na studijskom programu Fizika, smjerovi: ASTROFIZIKA I FIZIKA ELEMENTARNIH \u010cESTICA, FIZIKA OKOLI\u0160A prof. dr. sc. Darko Kora\u010din doc. dr. sc. Marko Kova\u010d prof. dr. sc. Ivica Aviani doc. dr. sc. \u017darko Kova\u010d doc. dr. sc. Petar Stipanovi\u0107 dr. sc. Irena [&hellip;]\" \/>\n<meta property=\"og:url\" content=\"https:\/\/www.pmfst.unist.hr\/interpmf\/tim\/\" \/>\n<meta property=\"og:site_name\" content=\"INTERNACIONALIZACIJA DIPLOMSKIH STUDIJSKIH PROGRAMA NA PRIRODOSLOVNO-MATEMATI\u010cKOM FAKULTETU U SPLITU\" \/>\n<meta property=\"article:modified_time\" content=\"2019-07-10T11:16:47+00:00\" \/>\n<meta name=\"twitter:card\" content=\"summary_large_image\" \/>\n<meta name=\"twitter:label1\" content=\"Procijenjeno vrijeme \u010ditanja\" \/>\n\t<meta name=\"twitter:data1\" content=\"1 minuta\" \/>\n<script type=\"application\/ld+json\" class=\"yoast-schema-graph\">{\"@context\":\"https:\/\/schema.org\",\"@graph\":[{\"@type\":\"WebPage\",\"@id\":\"https:\/\/www.pmfst.unist.hr\/interpmf\/tim\/\",\"url\":\"https:\/\/www.pmfst.unist.hr\/interpmf\/tim\/\",\"name\":\"Tim - INTERNACIONALIZACIJA DIPLOMSKIH STUDIJSKIH PROGRAMA NA PRIRODOSLOVNO-MATEMATI\u010cKOM FAKULTETU U SPLITU\",\"isPartOf\":{\"@id\":\"https:\/\/www.pmfst.unist.hr\/interpmf\/#website\"},\"datePublished\":\"2019-05-31T07:59:16+00:00\",\"dateModified\":\"2019-07-10T11:16:47+00:00\",\"breadcrumb\":{\"@id\":\"https:\/\/www.pmfst.unist.hr\/interpmf\/tim\/#breadcrumb\"},\"inLanguage\":\"hr\",\"potentialAction\":[{\"@type\":\"ReadAction\",\"target\":[\"https:\/\/www.pmfst.unist.hr\/interpmf\/tim\/\"]}]},{\"@type\":\"BreadcrumbList\",\"@id\":\"https:\/\/www.pmfst.unist.hr\/interpmf\/tim\/#breadcrumb\",\"itemListElement\":[{\"@type\":\"ListItem\",\"position\":1,\"name\":\"Po\u010detna stranica\",\"item\":\"https:\/\/www.pmfst.unist.hr\/interpmf\/\"},{\"@type\":\"ListItem\",\"position\":2,\"name\":\"Tim\"}]},{\"@type\":\"WebSite\",\"@id\":\"https:\/\/www.pmfst.unist.hr\/interpmf\/#website\",\"url\":\"https:\/\/www.pmfst.unist.hr\/interpmf\/\",\"name\":\"INTERNACIONALIZACIJA DIPLOMSKIH STUDIJSKIH PROGRAMA NA PRIRODOSLOVNO-MATEMATI\u010cKOM FAKULTETU U SPLITU\",\"description\":\"INTERNACIONALIZACIJA DIPLOMSKIH STUDIJSKIH PROGRAMA NA PRIRODOSLOVNO-MATEMATI\u010cKOM FAKULTETU U SPLITU\",\"potentialAction\":[{\"@type\":\"SearchAction\",\"target\":{\"@type\":\"EntryPoint\",\"urlTemplate\":\"https:\/\/www.pmfst.unist.hr\/interpmf\/?s={search_term_string}\"},\"query-input\":{\"@type\":\"PropertyValueSpecification\",\"valueRequired\":true,\"valueName\":\"search_term_string\"}}],\"inLanguage\":\"hr\"}]}<\/script>\n<!-- \/ Yoast SEO plugin. -->","yoast_head_json":{"title":"Tim - INTERNACIONALIZACIJA DIPLOMSKIH STUDIJSKIH PROGRAMA NA PRIRODOSLOVNO-MATEMATI\u010cKOM FAKULTETU U SPLITU","robots":{"index":"index","follow":"follow","max-snippet":"max-snippet:-1","max-image-preview":"max-image-preview:large","max-video-preview":"max-video-preview:-1"},"canonical":"https:\/\/www.pmfst.unist.hr\/interpmf\/tim\/","og_locale":"hr_HR","og_type":"article","og_title":"Tim - INTERNACIONALIZACIJA DIPLOMSKIH STUDIJSKIH PROGRAMA NA PRIRODOSLOVNO-MATEMATI\u010cKOM FAKULTETU U SPLITU","og_description":"[vc_row][vc_column][vc_column_text css=&#8221;.vc_custom_1562757332075{margin-bottom: 0px !important;}&#8221;] Projektni tim Nositelj projekta:\u00a0 Prirodoslovno-matemati\u010dki fakultet u Splitu \u010clanovi projektnog tima na studijskom programu Fizika, smjerovi: ASTROFIZIKA I FIZIKA ELEMENTARNIH \u010cESTICA, FIZIKA OKOLI\u0160A prof. dr. sc. Darko Kora\u010din doc. dr. sc. Marko Kova\u010d prof. dr. sc. Ivica Aviani doc. dr. sc. \u017darko Kova\u010d doc. dr. sc. Petar Stipanovi\u0107 dr. sc. Irena [&hellip;]","og_url":"https:\/\/www.pmfst.unist.hr\/interpmf\/tim\/","og_site_name":"INTERNACIONALIZACIJA DIPLOMSKIH STUDIJSKIH PROGRAMA NA PRIRODOSLOVNO-MATEMATI\u010cKOM FAKULTETU U SPLITU","article_modified_time":"2019-07-10T11:16:47+00:00","twitter_card":"summary_large_image","twitter_misc":{"Procijenjeno vrijeme \u010ditanja":"1 minuta"},"schema":{"@context":"https:\/\/schema.org","@graph":[{"@type":"WebPage","@id":"https:\/\/www.pmfst.unist.hr\/interpmf\/tim\/","url":"https:\/\/www.pmfst.unist.hr\/interpmf\/tim\/","name":"Tim - INTERNACIONALIZACIJA DIPLOMSKIH STUDIJSKIH PROGRAMA NA PRIRODOSLOVNO-MATEMATI\u010cKOM FAKULTETU U SPLITU","isPartOf":{"@id":"https:\/\/www.pmfst.unist.hr\/interpmf\/#website"},"datePublished":"2019-05-31T07:59:16+00:00","dateModified":"2019-07-10T11:16:47+00:00","breadcrumb":{"@id":"https:\/\/www.pmfst.unist.hr\/interpmf\/tim\/#breadcrumb"},"inLanguage":"hr","potentialAction":[{"@type":"ReadAction","target":["https:\/\/www.pmfst.unist.hr\/interpmf\/tim\/"]}]},{"@type":"BreadcrumbList","@id":"https:\/\/www.pmfst.unist.hr\/interpmf\/tim\/#breadcrumb","itemListElement":[{"@type":"ListItem","position":1,"name":"Po\u010detna stranica","item":"https:\/\/www.pmfst.unist.hr\/interpmf\/"},{"@type":"ListItem","position":2,"name":"Tim"}]},{"@type":"WebSite","@id":"https:\/\/www.pmfst.unist.hr\/interpmf\/#website","url":"https:\/\/www.pmfst.unist.hr\/interpmf\/","name":"INTERNACIONALIZACIJA DIPLOMSKIH STUDIJSKIH PROGRAMA NA PRIRODOSLOVNO-MATEMATI\u010cKOM FAKULTETU U SPLITU","description":"INTERNACIONALIZACIJA DIPLOMSKIH STUDIJSKIH PROGRAMA NA PRIRODOSLOVNO-MATEMATI\u010cKOM FAKULTETU U SPLITU","potentialAction":[{"@type":"SearchAction","target":{"@type":"EntryPoint","urlTemplate":"https:\/\/www.pmfst.unist.hr\/interpmf\/?s={search_term_string}"},"query-input":{"@type":"PropertyValueSpecification","valueRequired":true,"valueName":"search_term_string"}}],"inLanguage":"hr"}]}},"_links":{"self":[{"href":"https:\/\/www.pmfst.unist.hr\/interpmf\/wp-json\/wp\/v2\/pages\/120","targetHints":{"allow":["GET"]}}],"collection":[{"href":"https:\/\/www.pmfst.unist.hr\/interpmf\/wp-json\/wp\/v2\/pages"}],"about":[{"href":"https:\/\/www.pmfst.unist.hr\/interpmf\/wp-json\/wp\/v2\/types\/page"}],"author":[{"embeddable":true,"href":"https:\/\/www.pmfst.unist.hr\/interpmf\/wp-json\/wp\/v2\/users\/1"}],"replies":[{"embeddable":true,"href":"https:\/\/www.pmfst.unist.hr\/interpmf\/wp-json\/wp\/v2\/comments?post=120"}],"version-history":[{"count":9,"href":"https:\/\/www.pmfst.unist.hr\/interpmf\/wp-json\/wp\/v2\/pages\/120\/revisions"}],"predecessor-version":[{"id":701,"href":"https:\/\/www.pmfst.unist.hr\/interpmf\/wp-json\/wp\/v2\/pages\/120\/revisions\/701"}],"wp:attachment":[{"href":"https:\/\/www.pmfst.unist.hr\/interpmf\/wp-json\/wp\/v2\/media?parent=120"}],"curies":[{"name":"wp","href":"https:\/\/api.w.org\/{rel}","templated":true}]}}