{"id":18,"date":"2019-05-29T12:46:58","date_gmt":"2019-05-29T10:46:58","guid":{"rendered":"https:\/\/www.pmfst.unist.hr\/interpmf\/?page_id=18"},"modified":"2019-07-10T13:19:09","modified_gmt":"2019-07-10T11:19:09","slug":"o-projektu","status":"publish","type":"page","link":"https:\/\/www.pmfst.unist.hr\/interpmf\/o-projektu\/","title":{"rendered":"O projektu"},"content":{"rendered":"<div class=\"wpb-content-wrapper\">[vc_row][vc_column][vc_column_text css=&#8221;.vc_custom_1560943002309{margin-bottom: 0px !important;}&#8221;]\n<h4 style=\"text-align: center;\">INTERNACIONALIZACIJA DIPLOMSKIH STUDIJSKIH PROGRAMA<br \/>\nNA PRIRODOSLOVNO-MATEMATI\u010cKOM FAKULTETU U SPLITU<\/h4>\n[\/vc_column_text][vc_empty_space][\/vc_column][\/vc_row][vc_row][vc_column width=&#8221;1\/2&#8243;][vc_column_text css=&#8221;.vc_custom_1560242857662{margin-bottom: 0px !important;}&#8221;]BROJ UGOVORA:\u00a0UP.03.1.1.02.0037<\/p>\n<h4>Korisnik projekta:<\/h4>\n<ul>\n<li><a href=\"https:\/\/www.pmfst.unist.hr\/\" target=\"_blank\" rel=\"noopener noreferrer\">Prirodoslovno-matemati\u010dki fakultet u Splitu<\/a><\/li>\n<\/ul>\n<h4>Partneri na projektu:<\/h4>\n<ul>\n<li><a href=\"https:\/\/www.fesb.unist.hr\/\" target=\"_blank\" rel=\"noopener noreferrer\">Fakultet elektrotehnike, strojarstva i brodogradnje u Splitu<\/a><\/li>\n<li><a href=\"http:\/\/www.medils.hr\/\" target=\"_blank\" rel=\"noopener noreferrer\">Mediteranski institut za istra\u017eivanje \u017eivota<\/a><\/li>\n<li><a href=\"https:\/\/www.oracle.com\/hr\/index.html\" target=\"_blank\" rel=\"noopener noreferrer\">Oracle Hrvatska d.o.o.<\/a><\/li>\n<\/ul>\n<h4>Kratki opis projekta:<\/h4>\n<p>Projekt je usmjeren na razvoj i uspostavu \u010detiri diplomska studija na engleskom jeziku:<\/p>\n<ul>\n<li>Astrofizika i fizika elementarnih \u010destica<\/li>\n<li>Fizika okoli\u0161a<\/li>\n<li>Molekularna biologija<\/li>\n<li>Podatkovna znanost i in\u017eenjerstvo<\/li>\n<\/ul>\n<p>Korisnik \u0107e zajedno s Partnerima pove\u0107ati kvalitetu i konkurentnost u obrazovnom segmentu i oja\u010dati interne kapacitete za provedbu studijskih programa na stranim jezicima.<\/p>\n<h4>Ciljevi projekta:<\/h4>\n<p>Pobolj\u0161anje kvalitete i relevantnosti visokog obrazovanja kroz pove\u0107anje broja studijskih programa na stranim jezicima ja\u010danjem kompetencija studenata i osoblja visokih u\u010dili\u0161ta.[\/vc_column_text][\/vc_column][vc_column width=&#8221;1\/2&#8243;][vc_column_text css=&#8221;.vc_custom_1560943128238{margin-bottom: 0px !important;}&#8221;]\n<h4>O\u010dekivani rezultati projekta:<\/h4>\n<ul>\n<li>Izvedeni studijski programi Astrofizika i fizika elementarnih \u010destica i Fizika okoli\u0161a<\/li>\n<li>Razvijeni studijski programi Molekularna biologija i Podatkovne znanosti i in\u017eenjerstvo te predani u postupak inicijalne akreditacije<\/li>\n<li>Nabavljena nastavna oprema i literatura<\/li>\n<li>Provedena edukacija nastavnika s ciljem usavr\u0161avanja jezi\u010dnih i stru\u010dnih kompetencija<\/li>\n<li>Odr\u017eane promid\u017ebene aktivnosti<\/li>\n<\/ul>\n<h4>Informacije o projektu:<\/h4>\n<ul>\n<li><strong>Ukupna vrijednost projekta<\/strong>: 1.780.928,91 kuna<\/li>\n<li><strong>Bespovratna sredstva od EU<\/strong>: 1.780.928,91 kuna, 100 % sufinanciranje<\/li>\n<li><strong>Fond<\/strong>: Europski socijalni fond, financijsko razdoblje 2014.\u20132020.<\/li>\n<li><strong>Poziv<\/strong>: Internacionalizacija visokog obrazovanja UP.03.1.1.02<\/li>\n<li><strong>Razdoblje provedbe projekta<\/strong>: Od 12.10.2018. do 11.10.2021.<\/li>\n<li>Za vi\u0161e informacija o EU fondovima posjetite stranice:\n<ul>\n<li><a href=\"http:\/\/www.strukturnifondovi.hr\" target=\"_blank\" rel=\"noopener noreferrer\">www.strukturnifondovi.hr<\/a><\/li>\n<li><a href=\"http:\/\/www.esf.hr\" target=\"_blank\" rel=\"noopener noreferrer\">www.esf.hr<\/a><\/li>\n<\/ul>\n<\/li>\n<\/ul>\n<h4>Kontakti<\/h4>\n<ul>\n<li>Doc. dr. sc. Viljemka Bu\u010devi\u0107 Popovic\u0301, prodekanica za znanost, tel.\u00a0 +385 21 619254<\/li>\n<li><a href=\"mailto:interpmf@pmfst.hr\">interpmf@pmfst.hr<\/a><\/li>\n<li><a href=\"https:\/\/www.pmfst.unist.hr\/interpmf\/kontakt\/\">kontakt obrazac<\/a><\/li>\n<\/ul>\n[\/vc_column_text][\/vc_column][\/vc_row][vc_row][vc_column][mk_icon_box icon=&#8221;mk-moon-file-pdf&#8221; title=&#8221;BRO\u0160URA &#8211; INTERNACIONALIZACIJA DIPLOMSKIH STUDIJSKIH PROGRAMA NA PRIRODOSLOVNO-MATEMATI\u010cKOM FAKULTETU U SPLITU&#8221; read_more_txt=&#8221;Preuzmi&#8221; read_more_url=&#8221;https:\/\/www.pmfst.unist.hr\/interpmf\/wp-content\/uploads\/2019\/06\/pmf-inter-broura-za-web-144-dpi.pdf&#8221; style=&#8221;boxed&#8221; icon_color=&#8221;#dd3333&#8243; icon_circle_color=&#8221;&#8221;][\/mk_icon_box][vc_separator color=&#8221;chino&#8221; style=&#8221;shadow&#8221;][\/vc_column][\/vc_row][vc_row][vc_column width=&#8221;1\/4&#8243;][mk_clients style=&#8221;column&#8221; column=&#8221;1&#8243; title=&#8221;Nositelj projekta&#8221; count=&#8221;1&#8243; target=&#8221;_blank&#8221; clients=&#8221;35&#8243;][\/vc_column][vc_column width=&#8221;1\/4&#8243;][mk_clients style=&#8221;column&#8221; column=&#8221;1&#8243; title=&#8221;Partneri na projektu&#8221; count=&#8221;1&#8243; target=&#8221;_blank&#8221; clients=&#8221;38&#8243;][\/vc_column][vc_column width=&#8221;1\/4&#8243;][vc_empty_space][mk_clients style=&#8221;column&#8221; column=&#8221;1&#8243; count=&#8221;1&#8243; target=&#8221;_blank&#8221; clients=&#8221;46&#8243;][\/vc_column][vc_column width=&#8221;1\/4&#8243;][vc_empty_space][mk_clients style=&#8221;column&#8221; column=&#8221;1&#8243; count=&#8221;1&#8243; target=&#8221;_blank&#8221; clients=&#8221;114&#8243;][\/vc_column][\/vc_row]\n<\/div>","protected":false},"excerpt":{"rendered":"<p>[vc_row][vc_column][vc_column_text css=&#8221;.vc_custom_1560943002309{margin-bottom: 0px !important;}&#8221;] INTERNACIONALIZACIJA DIPLOMSKIH STUDIJSKIH PROGRAMA NA PRIRODOSLOVNO-MATEMATI\u010cKOM FAKULTETU U SPLITU [\/vc_column_text][vc_empty_space][\/vc_column][\/vc_row][vc_row][vc_column width=&#8221;1\/2&#8243;][vc_column_text css=&#8221;.vc_custom_1560242857662{margin-bottom: 0px !important;}&#8221;]BROJ UGOVORA:\u00a0UP.03.1.1.02.0037 Korisnik projekta: Prirodoslovno-matemati\u010dki fakultet u Splitu Partneri na projektu: Fakultet elektrotehnike, strojarstva i brodogradnje u Splitu Mediteranski institut za istra\u017eivanje \u017eivota Oracle Hrvatska d.o.o. Kratki opis projekta: Projekt je usmjeren na razvoj i uspostavu \u010detiri diplomska [&hellip;]<\/p>\n","protected":false},"author":1,"featured_media":0,"parent":0,"menu_order":0,"comment_status":"closed","ping_status":"closed","template":"","meta":{"_acf_changed":false,"footnotes":""},"class_list":["post-18","page","type-page","status-publish","hentry"],"acf":[],"yoast_head":"<!-- This site is optimized with the Yoast SEO plugin v26.5 - https:\/\/yoast.com\/wordpress\/plugins\/seo\/ -->\n<title>O projektu - INTERNACIONALIZACIJA DIPLOMSKIH STUDIJSKIH PROGRAMA NA PRIRODOSLOVNO-MATEMATI\u010cKOM FAKULTETU U SPLITU<\/title>\n<meta name=\"robots\" content=\"index, follow, max-snippet:-1, max-image-preview:large, max-video-preview:-1\" \/>\n<link rel=\"canonical\" href=\"https:\/\/www.pmfst.unist.hr\/interpmf\/o-projektu\/\" \/>\n<meta property=\"og:locale\" content=\"hr_HR\" \/>\n<meta property=\"og:type\" content=\"article\" \/>\n<meta property=\"og:title\" content=\"O projektu - INTERNACIONALIZACIJA DIPLOMSKIH STUDIJSKIH PROGRAMA NA PRIRODOSLOVNO-MATEMATI\u010cKOM FAKULTETU U SPLITU\" \/>\n<meta property=\"og:description\" content=\"[vc_row][vc_column][vc_column_text css=&#8221;.vc_custom_1560943002309{margin-bottom: 0px !important;}&#8221;] INTERNACIONALIZACIJA DIPLOMSKIH STUDIJSKIH PROGRAMA NA PRIRODOSLOVNO-MATEMATI\u010cKOM FAKULTETU U SPLITU [\/vc_column_text][vc_empty_space][\/vc_column][\/vc_row][vc_row][vc_column width=&#8221;1\/2&#8243;][vc_column_text css=&#8221;.vc_custom_1560242857662{margin-bottom: 0px !important;}&#8221;]BROJ UGOVORA:\u00a0UP.03.1.1.02.0037 Korisnik projekta: Prirodoslovno-matemati\u010dki fakultet u Splitu Partneri na projektu: Fakultet elektrotehnike, strojarstva i brodogradnje u Splitu Mediteranski institut za istra\u017eivanje \u017eivota Oracle Hrvatska d.o.o. Kratki opis projekta: Projekt je usmjeren na razvoj i uspostavu \u010detiri diplomska [&hellip;]\" \/>\n<meta property=\"og:url\" content=\"https:\/\/www.pmfst.unist.hr\/interpmf\/o-projektu\/\" \/>\n<meta property=\"og:site_name\" content=\"INTERNACIONALIZACIJA DIPLOMSKIH STUDIJSKIH PROGRAMA NA PRIRODOSLOVNO-MATEMATI\u010cKOM FAKULTETU U SPLITU\" \/>\n<meta property=\"article:modified_time\" content=\"2019-07-10T11:19:09+00:00\" \/>\n<meta name=\"twitter:card\" content=\"summary_large_image\" \/>\n<meta name=\"twitter:label1\" content=\"Procijenjeno vrijeme \u010ditanja\" \/>\n\t<meta name=\"twitter:data1\" content=\"2 minute\" \/>\n<script type=\"application\/ld+json\" class=\"yoast-schema-graph\">{\"@context\":\"https:\/\/schema.org\",\"@graph\":[{\"@type\":\"WebPage\",\"@id\":\"https:\/\/www.pmfst.unist.hr\/interpmf\/o-projektu\/\",\"url\":\"https:\/\/www.pmfst.unist.hr\/interpmf\/o-projektu\/\",\"name\":\"O projektu - INTERNACIONALIZACIJA DIPLOMSKIH STUDIJSKIH PROGRAMA NA PRIRODOSLOVNO-MATEMATI\u010cKOM FAKULTETU U SPLITU\",\"isPartOf\":{\"@id\":\"https:\/\/www.pmfst.unist.hr\/interpmf\/#website\"},\"datePublished\":\"2019-05-29T10:46:58+00:00\",\"dateModified\":\"2019-07-10T11:19:09+00:00\",\"breadcrumb\":{\"@id\":\"https:\/\/www.pmfst.unist.hr\/interpmf\/o-projektu\/#breadcrumb\"},\"inLanguage\":\"hr\",\"potentialAction\":[{\"@type\":\"ReadAction\",\"target\":[\"https:\/\/www.pmfst.unist.hr\/interpmf\/o-projektu\/\"]}]},{\"@type\":\"BreadcrumbList\",\"@id\":\"https:\/\/www.pmfst.unist.hr\/interpmf\/o-projektu\/#breadcrumb\",\"itemListElement\":[{\"@type\":\"ListItem\",\"position\":1,\"name\":\"Po\u010detna stranica\",\"item\":\"https:\/\/www.pmfst.unist.hr\/interpmf\/\"},{\"@type\":\"ListItem\",\"position\":2,\"name\":\"O projektu\"}]},{\"@type\":\"WebSite\",\"@id\":\"https:\/\/www.pmfst.unist.hr\/interpmf\/#website\",\"url\":\"https:\/\/www.pmfst.unist.hr\/interpmf\/\",\"name\":\"INTERNACIONALIZACIJA DIPLOMSKIH STUDIJSKIH PROGRAMA NA PRIRODOSLOVNO-MATEMATI\u010cKOM FAKULTETU U SPLITU\",\"description\":\"INTERNACIONALIZACIJA DIPLOMSKIH STUDIJSKIH PROGRAMA NA PRIRODOSLOVNO-MATEMATI\u010cKOM FAKULTETU U SPLITU\",\"potentialAction\":[{\"@type\":\"SearchAction\",\"target\":{\"@type\":\"EntryPoint\",\"urlTemplate\":\"https:\/\/www.pmfst.unist.hr\/interpmf\/?s={search_term_string}\"},\"query-input\":{\"@type\":\"PropertyValueSpecification\",\"valueRequired\":true,\"valueName\":\"search_term_string\"}}],\"inLanguage\":\"hr\"}]}<\/script>\n<!-- \/ Yoast SEO plugin. -->","yoast_head_json":{"title":"O projektu - INTERNACIONALIZACIJA DIPLOMSKIH STUDIJSKIH PROGRAMA NA PRIRODOSLOVNO-MATEMATI\u010cKOM FAKULTETU U SPLITU","robots":{"index":"index","follow":"follow","max-snippet":"max-snippet:-1","max-image-preview":"max-image-preview:large","max-video-preview":"max-video-preview:-1"},"canonical":"https:\/\/www.pmfst.unist.hr\/interpmf\/o-projektu\/","og_locale":"hr_HR","og_type":"article","og_title":"O projektu - INTERNACIONALIZACIJA DIPLOMSKIH STUDIJSKIH PROGRAMA NA PRIRODOSLOVNO-MATEMATI\u010cKOM FAKULTETU U SPLITU","og_description":"[vc_row][vc_column][vc_column_text css=&#8221;.vc_custom_1560943002309{margin-bottom: 0px !important;}&#8221;] INTERNACIONALIZACIJA DIPLOMSKIH STUDIJSKIH PROGRAMA NA PRIRODOSLOVNO-MATEMATI\u010cKOM FAKULTETU U SPLITU [\/vc_column_text][vc_empty_space][\/vc_column][\/vc_row][vc_row][vc_column width=&#8221;1\/2&#8243;][vc_column_text css=&#8221;.vc_custom_1560242857662{margin-bottom: 0px !important;}&#8221;]BROJ UGOVORA:\u00a0UP.03.1.1.02.0037 Korisnik projekta: Prirodoslovno-matemati\u010dki fakultet u Splitu Partneri na projektu: Fakultet elektrotehnike, strojarstva i brodogradnje u Splitu Mediteranski institut za istra\u017eivanje \u017eivota Oracle Hrvatska d.o.o. Kratki opis projekta: Projekt je usmjeren na razvoj i uspostavu \u010detiri diplomska [&hellip;]","og_url":"https:\/\/www.pmfst.unist.hr\/interpmf\/o-projektu\/","og_site_name":"INTERNACIONALIZACIJA DIPLOMSKIH STUDIJSKIH PROGRAMA NA PRIRODOSLOVNO-MATEMATI\u010cKOM FAKULTETU U SPLITU","article_modified_time":"2019-07-10T11:19:09+00:00","twitter_card":"summary_large_image","twitter_misc":{"Procijenjeno vrijeme \u010ditanja":"2 minute"},"schema":{"@context":"https:\/\/schema.org","@graph":[{"@type":"WebPage","@id":"https:\/\/www.pmfst.unist.hr\/interpmf\/o-projektu\/","url":"https:\/\/www.pmfst.unist.hr\/interpmf\/o-projektu\/","name":"O projektu - INTERNACIONALIZACIJA DIPLOMSKIH STUDIJSKIH PROGRAMA NA PRIRODOSLOVNO-MATEMATI\u010cKOM FAKULTETU U SPLITU","isPartOf":{"@id":"https:\/\/www.pmfst.unist.hr\/interpmf\/#website"},"datePublished":"2019-05-29T10:46:58+00:00","dateModified":"2019-07-10T11:19:09+00:00","breadcrumb":{"@id":"https:\/\/www.pmfst.unist.hr\/interpmf\/o-projektu\/#breadcrumb"},"inLanguage":"hr","potentialAction":[{"@type":"ReadAction","target":["https:\/\/www.pmfst.unist.hr\/interpmf\/o-projektu\/"]}]},{"@type":"BreadcrumbList","@id":"https:\/\/www.pmfst.unist.hr\/interpmf\/o-projektu\/#breadcrumb","itemListElement":[{"@type":"ListItem","position":1,"name":"Po\u010detna stranica","item":"https:\/\/www.pmfst.unist.hr\/interpmf\/"},{"@type":"ListItem","position":2,"name":"O projektu"}]},{"@type":"WebSite","@id":"https:\/\/www.pmfst.unist.hr\/interpmf\/#website","url":"https:\/\/www.pmfst.unist.hr\/interpmf\/","name":"INTERNACIONALIZACIJA DIPLOMSKIH STUDIJSKIH PROGRAMA NA PRIRODOSLOVNO-MATEMATI\u010cKOM FAKULTETU U SPLITU","description":"INTERNACIONALIZACIJA DIPLOMSKIH STUDIJSKIH PROGRAMA NA PRIRODOSLOVNO-MATEMATI\u010cKOM FAKULTETU U SPLITU","potentialAction":[{"@type":"SearchAction","target":{"@type":"EntryPoint","urlTemplate":"https:\/\/www.pmfst.unist.hr\/interpmf\/?s={search_term_string}"},"query-input":{"@type":"PropertyValueSpecification","valueRequired":true,"valueName":"search_term_string"}}],"inLanguage":"hr"}]}},"_links":{"self":[{"href":"https:\/\/www.pmfst.unist.hr\/interpmf\/wp-json\/wp\/v2\/pages\/18","targetHints":{"allow":["GET"]}}],"collection":[{"href":"https:\/\/www.pmfst.unist.hr\/interpmf\/wp-json\/wp\/v2\/pages"}],"about":[{"href":"https:\/\/www.pmfst.unist.hr\/interpmf\/wp-json\/wp\/v2\/types\/page"}],"author":[{"embeddable":true,"href":"https:\/\/www.pmfst.unist.hr\/interpmf\/wp-json\/wp\/v2\/users\/1"}],"replies":[{"embeddable":true,"href":"https:\/\/www.pmfst.unist.hr\/interpmf\/wp-json\/wp\/v2\/comments?post=18"}],"version-history":[{"count":115,"href":"https:\/\/www.pmfst.unist.hr\/interpmf\/wp-json\/wp\/v2\/pages\/18\/revisions"}],"predecessor-version":[{"id":629,"href":"https:\/\/www.pmfst.unist.hr\/interpmf\/wp-json\/wp\/v2\/pages\/18\/revisions\/629"}],"wp:attachment":[{"href":"https:\/\/www.pmfst.unist.hr\/interpmf\/wp-json\/wp\/v2\/media?parent=18"}],"curies":[{"name":"wp","href":"https:\/\/api.w.org\/{rel}","templated":true}]}}