{"id":27,"date":"2019-05-29T12:49:53","date_gmt":"2019-05-29T10:49:53","guid":{"rendered":"https:\/\/www.pmfst.unist.hr\/interpmf\/?page_id=27"},"modified":"2019-06-23T22:37:15","modified_gmt":"2019-06-23T20:37:15","slug":"kontakt","status":"publish","type":"page","link":"https:\/\/www.pmfst.unist.hr\/interpmf\/kontakt\/","title":{"rendered":"Kontakt"},"content":{"rendered":"<div class=\"wpb-content-wrapper\">[vc_row][vc_column width=&#8221;1\/2&#8243;][mk_contact_info phone=&#8221;+38521619254&#8243; email=&#8221;interpmf@pmfst.hr&#8221; address=&#8221;PMFST, Ru\u0111era Bo\u0161kovi\u0107a 33, HR-21000 Split&#8221; company=&#8221;Internacionlizacija diplomskih studijskih programa na PMFST&#8221; website=&#8221;https:\/\/www.pmfst.unist.hr\/interpmf&#8221;][vc_separator style=&#8221;shadow&#8221; border_width=&#8221;2&#8243;][mk_contact_form title=&#8221;Kontakt obrazac&#8221; style=&#8221;classic&#8221; email=&#8221;interpmf@pmfst.hr&#8221; gdpr_consent_text=&#8221;Ovim dajem dozvolu da stranica www.pmfst.unist.hr\/interpmf prikuplja moje podatke kroz ovaj obrazac.&#8221;][\/vc_column][vc_column width=&#8221;1\/2&#8243;][vc_gmaps link=&#8221;#E-8_JTNDaWZyYW1lJTIwc3JjJTNEJTIyaHR0cHMlM0ElMkYlMkZ3d3cuZ29vZ2xlLmNvbSUyRm1hcHMlMkZlbWJlZCUzRnBiJTNEJTIxMW0xOCUyMTFtMTIlMjExbTMlMjExZDE2MzU5Ljc3ODk4MDAyMzM2MiUyMTJkMTYuNDY1MTUzODA5NDc0NTA4JTIxM2Q0My41MTQzODQxOTg3OTk1NzYlMjEybTMlMjExZjAlMjEyZjAlMjEzZjAlMjEzbTIlMjExaTEwMjQlMjEyaTc2OCUyMTRmMTMuMSUyMTNtMyUyMTFtMiUyMTFzMHgxMzM1NWUzY2VhYzBiZWY1JTI1M0EweDI2MGU0M2VhMGUyNDllZDElMjEyc1ByaXJvZG9zbG92bm8tbWF0ZW1hdGklMjVDNCUyNThEa2klMkJmYWt1bHRldCUyQnUlMkJTcGxpdHUlMkIlMjhQTUZTVCUyOSUyMTVlMCUyMTNtMiUyMTFzaHIlMjEyc2hyJTIxNHYxNTU5Mjk5NTgwOTc5JTIxNW0yJTIxMXNociUyMTJzaHIlMjIlMjB3aWR0aCUzRCUyMjEwMDAlMjIlMjBoZWlnaHQlM0QlMjI4MDAlMjIlMjBmcmFtZWJvcmRlciUzRCUyMjAlMjIlMjBzdHlsZSUzRCUyMmJvcmRlciUzQTAlMjIlMjBhbGxvd2Z1bGxzY3JlZW4lM0UlM0MlMkZpZnJhbWUlM0U=&#8221; size=&#8221;800&#8243;][\/vc_column][\/vc_row][vc_row fullwidth=&#8221;true&#8221;][vc_column][\/vc_column][\/vc_row]\n<\/div>","protected":false},"excerpt":{"rendered":"<p>[vc_row][vc_column width=&#8221;1\/2&#8243;][mk_contact_info phone=&#8221;+38521619254&#8243; email=&#8221;interpmf@pmfst.hr&#8221; address=&#8221;PMFST, Ru\u0111era Bo\u0161kovi\u0107a 33, HR-21000 Split&#8221; company=&#8221;Internacionlizacija diplomskih studijskih programa na PMFST&#8221; website=&#8221;https:\/\/www.pmfst.unist.hr\/interpmf&#8221;][vc_separator style=&#8221;shadow&#8221; border_width=&#8221;2&#8243;][mk_contact_form title=&#8221;Kontakt obrazac&#8221; style=&#8221;classic&#8221; email=&#8221;interpmf@pmfst.hr&#8221; gdpr_consent_text=&#8221;Ovim dajem dozvolu da stranica www.pmfst.unist.hr\/interpmf prikuplja moje podatke kroz ovaj obrazac.&#8221;][\/vc_column][vc_column width=&#8221;1\/2&#8243;][vc_gmaps link=&#8221;#E-8_JTNDaWZyYW1lJTIwc3JjJTNEJTIyaHR0cHMlM0ElMkYlMkZ3d3cuZ29vZ2xlLmNvbSUyRm1hcHMlMkZlbWJlZCUzRnBiJTNEJTIxMW0xOCUyMTFtMTIlMjExbTMlMjExZDE2MzU5Ljc3ODk4MDAyMzM2MiUyMTJkMTYuNDY1MTUzODA5NDc0NTA4JTIxM2Q0My41MTQzODQxOTg3OTk1NzYlMjEybTMlMjExZjAlMjEyZjAlMjEzZjAlMjEzbTIlMjExaTEwMjQlMjEyaTc2OCUyMTRmMTMuMSUyMTNtMyUyMTFtMiUyMTFzMHgxMzM1NWUzY2VhYzBiZWY1JTI1M0EweDI2MGU0M2VhMGUyNDllZDElMjEyc1ByaXJvZG9zbG92bm8tbWF0ZW1hdGklMjVDNCUyNThEa2klMkJmYWt1bHRldCUyQnUlMkJTcGxpdHUlMkIlMjhQTUZTVCUyOSUyMTVlMCUyMTNtMiUyMTFzaHIlMjEyc2hyJTIxNHYxNTU5Mjk5NTgwOTc5JTIxNW0yJTIxMXNociUyMTJzaHIlMjIlMjB3aWR0aCUzRCUyMjEwMDAlMjIlMjBoZWlnaHQlM0QlMjI4MDAlMjIlMjBmcmFtZWJvcmRlciUzRCUyMjAlMjIlMjBzdHlsZSUzRCUyMmJvcmRlciUzQTAlMjIlMjBhbGxvd2Z1bGxzY3JlZW4lM0UlM0MlMkZpZnJhbWUlM0U=&#8221; size=&#8221;800&#8243;][\/vc_column][\/vc_row][vc_row fullwidth=&#8221;true&#8221;][vc_column][\/vc_column][\/vc_row]<\/p>\n","protected":false},"author":1,"featured_media":0,"parent":0,"menu_order":0,"comment_status":"closed","ping_status":"closed","template":"","meta":{"_acf_changed":false,"footnotes":""},"class_list":["post-27","page","type-page","status-publish","hentry"],"acf":[],"yoast_head":"<!-- This site is optimized with the Yoast SEO plugin v26.5 - https:\/\/yoast.com\/wordpress\/plugins\/seo\/ -->\n<title>Kontakt - INTERNACIONALIZACIJA DIPLOMSKIH STUDIJSKIH PROGRAMA NA PRIRODOSLOVNO-MATEMATI\u010cKOM FAKULTETU U SPLITU<\/title>\n<meta name=\"robots\" content=\"index, follow, max-snippet:-1, max-image-preview:large, max-video-preview:-1\" \/>\n<link rel=\"canonical\" href=\"https:\/\/www.pmfst.unist.hr\/interpmf\/kontakt\/\" \/>\n<meta property=\"og:locale\" content=\"hr_HR\" \/>\n<meta property=\"og:type\" content=\"article\" \/>\n<meta property=\"og:title\" content=\"Kontakt - INTERNACIONALIZACIJA DIPLOMSKIH STUDIJSKIH PROGRAMA NA PRIRODOSLOVNO-MATEMATI\u010cKOM FAKULTETU U SPLITU\" \/>\n<meta property=\"og:description\" content=\"[vc_row][vc_column width=&#8221;1\/2&#8243;][mk_contact_info phone=&#8221;+38521619254&#8243; email=&#8221;interpmf@pmfst.hr&#8221; address=&#8221;PMFST, Ru\u0111era Bo\u0161kovi\u0107a 33, HR-21000 Split&#8221; company=&#8221;Internacionlizacija diplomskih studijskih programa na PMFST&#8221; website=&#8221;https:\/\/www.pmfst.unist.hr\/interpmf&#8221;][vc_separator style=&#8221;shadow&#8221; border_width=&#8221;2&#8243;][mk_contact_form title=&#8221;Kontakt obrazac&#8221; style=&#8221;classic&#8221; email=&#8221;interpmf@pmfst.hr&#8221; gdpr_consent_text=&#8221;Ovim dajem dozvolu da stranica www.pmfst.unist.hr\/interpmf prikuplja moje podatke kroz ovaj obrazac.&#8221;][\/vc_column][vc_column width=&#8221;1\/2&#8243;][vc_gmaps link=&#8221;#E-8_JTNDaWZyYW1lJTIwc3JjJTNEJTIyaHR0cHMlM0ElMkYlMkZ3d3cuZ29vZ2xlLmNvbSUyRm1hcHMlMkZlbWJlZCUzRnBiJTNEJTIxMW0xOCUyMTFtMTIlMjExbTMlMjExZDE2MzU5Ljc3ODk4MDAyMzM2MiUyMTJkMTYuNDY1MTUzODA5NDc0NTA4JTIxM2Q0My41MTQzODQxOTg3OTk1NzYlMjEybTMlMjExZjAlMjEyZjAlMjEzZjAlMjEzbTIlMjExaTEwMjQlMjEyaTc2OCUyMTRmMTMuMSUyMTNtMyUyMTFtMiUyMTFzMHgxMzM1NWUzY2VhYzBiZWY1JTI1M0EweDI2MGU0M2VhMGUyNDllZDElMjEyc1ByaXJvZG9zbG92bm8tbWF0ZW1hdGklMjVDNCUyNThEa2klMkJmYWt1bHRldCUyQnUlMkJTcGxpdHUlMkIlMjhQTUZTVCUyOSUyMTVlMCUyMTNtMiUyMTFzaHIlMjEyc2hyJTIxNHYxNTU5Mjk5NTgwOTc5JTIxNW0yJTIxMXNociUyMTJzaHIlMjIlMjB3aWR0aCUzRCUyMjEwMDAlMjIlMjBoZWlnaHQlM0QlMjI4MDAlMjIlMjBmcmFtZWJvcmRlciUzRCUyMjAlMjIlMjBzdHlsZSUzRCUyMmJvcmRlciUzQTAlMjIlMjBhbGxvd2Z1bGxzY3JlZW4lM0UlM0MlMkZpZnJhbWUlM0U=&#8221; size=&#8221;800&#8243;][\/vc_column][\/vc_row][vc_row fullwidth=&#8221;true&#8221;][vc_column][\/vc_column][\/vc_row]\" \/>\n<meta property=\"og:url\" content=\"https:\/\/www.pmfst.unist.hr\/interpmf\/kontakt\/\" \/>\n<meta property=\"og:site_name\" content=\"INTERNACIONALIZACIJA DIPLOMSKIH STUDIJSKIH PROGRAMA NA PRIRODOSLOVNO-MATEMATI\u010cKOM FAKULTETU U SPLITU\" \/>\n<meta property=\"article:modified_time\" content=\"2019-06-23T20:37:15+00:00\" \/>\n<meta name=\"twitter:card\" content=\"summary_large_image\" \/>\n<meta name=\"twitter:label1\" content=\"Procijenjeno vrijeme \u010ditanja\" \/>\n\t<meta name=\"twitter:data1\" content=\"1 minuta\" \/>\n<script type=\"application\/ld+json\" class=\"yoast-schema-graph\">{\"@context\":\"https:\/\/schema.org\",\"@graph\":[{\"@type\":\"WebPage\",\"@id\":\"https:\/\/www.pmfst.unist.hr\/interpmf\/kontakt\/\",\"url\":\"https:\/\/www.pmfst.unist.hr\/interpmf\/kontakt\/\",\"name\":\"Kontakt - INTERNACIONALIZACIJA DIPLOMSKIH STUDIJSKIH PROGRAMA NA PRIRODOSLOVNO-MATEMATI\u010cKOM FAKULTETU U SPLITU\",\"isPartOf\":{\"@id\":\"https:\/\/www.pmfst.unist.hr\/interpmf\/#website\"},\"datePublished\":\"2019-05-29T10:49:53+00:00\",\"dateModified\":\"2019-06-23T20:37:15+00:00\",\"breadcrumb\":{\"@id\":\"https:\/\/www.pmfst.unist.hr\/interpmf\/kontakt\/#breadcrumb\"},\"inLanguage\":\"hr\",\"potentialAction\":[{\"@type\":\"ReadAction\",\"target\":[\"https:\/\/www.pmfst.unist.hr\/interpmf\/kontakt\/\"]}]},{\"@type\":\"BreadcrumbList\",\"@id\":\"https:\/\/www.pmfst.unist.hr\/interpmf\/kontakt\/#breadcrumb\",\"itemListElement\":[{\"@type\":\"ListItem\",\"position\":1,\"name\":\"Po\u010detna stranica\",\"item\":\"https:\/\/www.pmfst.unist.hr\/interpmf\/\"},{\"@type\":\"ListItem\",\"position\":2,\"name\":\"Kontakt\"}]},{\"@type\":\"WebSite\",\"@id\":\"https:\/\/www.pmfst.unist.hr\/interpmf\/#website\",\"url\":\"https:\/\/www.pmfst.unist.hr\/interpmf\/\",\"name\":\"INTERNACIONALIZACIJA DIPLOMSKIH STUDIJSKIH PROGRAMA NA PRIRODOSLOVNO-MATEMATI\u010cKOM FAKULTETU U SPLITU\",\"description\":\"INTERNACIONALIZACIJA DIPLOMSKIH STUDIJSKIH PROGRAMA NA PRIRODOSLOVNO-MATEMATI\u010cKOM FAKULTETU U SPLITU\",\"potentialAction\":[{\"@type\":\"SearchAction\",\"target\":{\"@type\":\"EntryPoint\",\"urlTemplate\":\"https:\/\/www.pmfst.unist.hr\/interpmf\/?s={search_term_string}\"},\"query-input\":{\"@type\":\"PropertyValueSpecification\",\"valueRequired\":true,\"valueName\":\"search_term_string\"}}],\"inLanguage\":\"hr\"}]}<\/script>\n<!-- \/ Yoast SEO plugin. -->","yoast_head_json":{"title":"Kontakt - INTERNACIONALIZACIJA DIPLOMSKIH STUDIJSKIH PROGRAMA NA PRIRODOSLOVNO-MATEMATI\u010cKOM FAKULTETU U SPLITU","robots":{"index":"index","follow":"follow","max-snippet":"max-snippet:-1","max-image-preview":"max-image-preview:large","max-video-preview":"max-video-preview:-1"},"canonical":"https:\/\/www.pmfst.unist.hr\/interpmf\/kontakt\/","og_locale":"hr_HR","og_type":"article","og_title":"Kontakt - INTERNACIONALIZACIJA DIPLOMSKIH STUDIJSKIH PROGRAMA NA PRIRODOSLOVNO-MATEMATI\u010cKOM FAKULTETU U SPLITU","og_description":"[vc_row][vc_column width=&#8221;1\/2&#8243;][mk_contact_info phone=&#8221;+38521619254&#8243; email=&#8221;interpmf@pmfst.hr&#8221; address=&#8221;PMFST, Ru\u0111era Bo\u0161kovi\u0107a 33, HR-21000 Split&#8221; company=&#8221;Internacionlizacija diplomskih studijskih programa na PMFST&#8221; website=&#8221;https:\/\/www.pmfst.unist.hr\/interpmf&#8221;][vc_separator style=&#8221;shadow&#8221; border_width=&#8221;2&#8243;][mk_contact_form title=&#8221;Kontakt obrazac&#8221; style=&#8221;classic&#8221; email=&#8221;interpmf@pmfst.hr&#8221; gdpr_consent_text=&#8221;Ovim dajem dozvolu da stranica www.pmfst.unist.hr\/interpmf prikuplja moje podatke kroz ovaj obrazac.&#8221;][\/vc_column][vc_column width=&#8221;1\/2&#8243;][vc_gmaps link=&#8221;#E-8_JTNDaWZyYW1lJTIwc3JjJTNEJTIyaHR0cHMlM0ElMkYlMkZ3d3cuZ29vZ2xlLmNvbSUyRm1hcHMlMkZlbWJlZCUzRnBiJTNEJTIxMW0xOCUyMTFtMTIlMjExbTMlMjExZDE2MzU5Ljc3ODk4MDAyMzM2MiUyMTJkMTYuNDY1MTUzODA5NDc0NTA4JTIxM2Q0My41MTQzODQxOTg3OTk1NzYlMjEybTMlMjExZjAlMjEyZjAlMjEzZjAlMjEzbTIlMjExaTEwMjQlMjEyaTc2OCUyMTRmMTMuMSUyMTNtMyUyMTFtMiUyMTFzMHgxMzM1NWUzY2VhYzBiZWY1JTI1M0EweDI2MGU0M2VhMGUyNDllZDElMjEyc1ByaXJvZG9zbG92bm8tbWF0ZW1hdGklMjVDNCUyNThEa2klMkJmYWt1bHRldCUyQnUlMkJTcGxpdHUlMkIlMjhQTUZTVCUyOSUyMTVlMCUyMTNtMiUyMTFzaHIlMjEyc2hyJTIxNHYxNTU5Mjk5NTgwOTc5JTIxNW0yJTIxMXNociUyMTJzaHIlMjIlMjB3aWR0aCUzRCUyMjEwMDAlMjIlMjBoZWlnaHQlM0QlMjI4MDAlMjIlMjBmcmFtZWJvcmRlciUzRCUyMjAlMjIlMjBzdHlsZSUzRCUyMmJvcmRlciUzQTAlMjIlMjBhbGxvd2Z1bGxzY3JlZW4lM0UlM0MlMkZpZnJhbWUlM0U=&#8221; size=&#8221;800&#8243;][\/vc_column][\/vc_row][vc_row fullwidth=&#8221;true&#8221;][vc_column][\/vc_column][\/vc_row]","og_url":"https:\/\/www.pmfst.unist.hr\/interpmf\/kontakt\/","og_site_name":"INTERNACIONALIZACIJA DIPLOMSKIH STUDIJSKIH PROGRAMA NA PRIRODOSLOVNO-MATEMATI\u010cKOM FAKULTETU U SPLITU","article_modified_time":"2019-06-23T20:37:15+00:00","twitter_card":"summary_large_image","twitter_misc":{"Procijenjeno vrijeme \u010ditanja":"1 minuta"},"schema":{"@context":"https:\/\/schema.org","@graph":[{"@type":"WebPage","@id":"https:\/\/www.pmfst.unist.hr\/interpmf\/kontakt\/","url":"https:\/\/www.pmfst.unist.hr\/interpmf\/kontakt\/","name":"Kontakt - INTERNACIONALIZACIJA DIPLOMSKIH STUDIJSKIH PROGRAMA NA PRIRODOSLOVNO-MATEMATI\u010cKOM FAKULTETU U SPLITU","isPartOf":{"@id":"https:\/\/www.pmfst.unist.hr\/interpmf\/#website"},"datePublished":"2019-05-29T10:49:53+00:00","dateModified":"2019-06-23T20:37:15+00:00","breadcrumb":{"@id":"https:\/\/www.pmfst.unist.hr\/interpmf\/kontakt\/#breadcrumb"},"inLanguage":"hr","potentialAction":[{"@type":"ReadAction","target":["https:\/\/www.pmfst.unist.hr\/interpmf\/kontakt\/"]}]},{"@type":"BreadcrumbList","@id":"https:\/\/www.pmfst.unist.hr\/interpmf\/kontakt\/#breadcrumb","itemListElement":[{"@type":"ListItem","position":1,"name":"Po\u010detna stranica","item":"https:\/\/www.pmfst.unist.hr\/interpmf\/"},{"@type":"ListItem","position":2,"name":"Kontakt"}]},{"@type":"WebSite","@id":"https:\/\/www.pmfst.unist.hr\/interpmf\/#website","url":"https:\/\/www.pmfst.unist.hr\/interpmf\/","name":"INTERNACIONALIZACIJA DIPLOMSKIH STUDIJSKIH PROGRAMA NA PRIRODOSLOVNO-MATEMATI\u010cKOM FAKULTETU U SPLITU","description":"INTERNACIONALIZACIJA DIPLOMSKIH STUDIJSKIH PROGRAMA NA PRIRODOSLOVNO-MATEMATI\u010cKOM FAKULTETU U SPLITU","potentialAction":[{"@type":"SearchAction","target":{"@type":"EntryPoint","urlTemplate":"https:\/\/www.pmfst.unist.hr\/interpmf\/?s={search_term_string}"},"query-input":{"@type":"PropertyValueSpecification","valueRequired":true,"valueName":"search_term_string"}}],"inLanguage":"hr"}]}},"_links":{"self":[{"href":"https:\/\/www.pmfst.unist.hr\/interpmf\/wp-json\/wp\/v2\/pages\/27","targetHints":{"allow":["GET"]}}],"collection":[{"href":"https:\/\/www.pmfst.unist.hr\/interpmf\/wp-json\/wp\/v2\/pages"}],"about":[{"href":"https:\/\/www.pmfst.unist.hr\/interpmf\/wp-json\/wp\/v2\/types\/page"}],"author":[{"embeddable":true,"href":"https:\/\/www.pmfst.unist.hr\/interpmf\/wp-json\/wp\/v2\/users\/1"}],"replies":[{"embeddable":true,"href":"https:\/\/www.pmfst.unist.hr\/interpmf\/wp-json\/wp\/v2\/comments?post=27"}],"version-history":[{"count":20,"href":"https:\/\/www.pmfst.unist.hr\/interpmf\/wp-json\/wp\/v2\/pages\/27\/revisions"}],"predecessor-version":[{"id":579,"href":"https:\/\/www.pmfst.unist.hr\/interpmf\/wp-json\/wp\/v2\/pages\/27\/revisions\/579"}],"wp:attachment":[{"href":"https:\/\/www.pmfst.unist.hr\/interpmf\/wp-json\/wp\/v2\/media?parent=27"}],"curies":[{"name":"wp","href":"https:\/\/api.w.org\/{rel}","templated":true}]}}