{"id":393,"date":"2019-05-29T12:46:58","date_gmt":"2019-05-29T10:46:58","guid":{"rendered":"https:\/\/www.pmfst.unist.hr\/interpmf\/naslovna\/"},"modified":"2019-07-15T14:48:50","modified_gmt":"2019-07-15T12:48:50","slug":"o-projektu","status":"publish","type":"page","link":"https:\/\/www.pmfst.unist.hr\/interpmf\/o-projektu\/?lang=en","title":{"rendered":"About the project"},"content":{"rendered":"<div class=\"wpb-content-wrapper\">[vc_row][vc_column][vc_column_text css=&#8221;.vc_custom_1562757609657{margin-bottom: 0px !important;}&#8221;]\n<h4 style=\"text-align: center;\">INTERNATIONALISATION OF GRADUATE STUDY PROGRAMMES AT THE FACULTY OF SCIENCE, UNIVERSITY OF SPLIT<\/h4>\n[\/vc_column_text][vc_empty_space][\/vc_column][\/vc_row][vc_row][vc_column width=&#8221;1\/2&#8243;][vc_column_text css=&#8221;.vc_custom_1562757861826{margin-bottom: 0px !important;}&#8221;]GRANT NUMBER: UP.03.1.1.02.0037<\/p>\n<h4>Project coordinator (host institution):<\/h4>\n<ul>\n<li><a href=\"https:\/\/www.pmfst.unist.hr\/\" target=\"_blank\" rel=\"noopener noreferrer\">University of Split, Faculty of Science<\/a><\/li>\n<\/ul>\n<h4>Project partners:<\/h4>\n<ul>\n<li><a href=\"https:\/\/eng.fesb.unist.hr\/\" target=\"_blank\" rel=\"noopener noreferrer\">\u2022 University of Split, Faculty of Electrical Engineering, Mechanical Engineering and Naval Architecture <\/a><\/li>\n<li><a href=\"http:\/\/www.medils.org\/\" target=\"_blank\" rel=\"noopener noreferrer\">\u2022 Mediterranean Institute for Life Sciences<\/a><\/li>\n<li><a href=\"https:\/\/www.oracle.com\/hr\/index.html\" target=\"_blank\" rel=\"noopener noreferrer\">\u2022 Oracle Croatia d.o.o. <\/a><\/li>\n<\/ul>\n<h4>Short description of the project:<\/h4>\n<p>The project focusses on the development and establishment of four graduate studies in English:<\/p>\n<ul>\n<li>Astrophysics and Elementary Particle Physics<\/li>\n<li>Environmental Physics<\/li>\n<li>Molecular Biology<\/li>\n<li>Data Science and Engineering<\/li>\n<\/ul>\n<p>The project coordinator, together with the Partners, aims to increase the quality and competitiveness in the education segment and strengthen the internal capacity for the implementation of the study programmes in foreign languages.<\/p>\n<h4>Project objectives:<\/h4>\n<p>Improving the quality and relevance of higher education by increasing the number of study programmes in foreign languages by strengthening the competences of the students and the staff of the faculty.[\/vc_column_text][\/vc_column][vc_column width=&#8221;1\/2&#8243;][vc_column_text css=&#8221;.vc_custom_1562757967755{margin-bottom: 0px !important;}&#8221;]\n<h4>Expected project outcomes:<\/h4>\n<ul>\n<li>Deliver the study programmes of Astrophysics and Elementary Particle Physics, and Environmental Physics<\/li>\n<li>Develop the study programmes of Molecular Biology, and Data Science and Engineering and submit them for the initial accreditation process<\/li>\n<li>Purchase teaching equipment and literature<\/li>\n<li>Improve language and professional competencies of teachers by workshops and seminars<\/li>\n<li>Promotional activities<\/li>\n<\/ul>\n<h4>Project information:<\/h4>\n<ul>\n<li>Total project funds: 1,780,928.91 HRK<\/li>\n<li>EU grants: 1,780,928.91 HRK, 100% co-funding<\/li>\n<li>Fund: European Social Fund, Programming period 2014 -2020<\/li>\n<li>Call: Internationalisation of Higher Education UP.03.1.1.02<\/li>\n<li>Duration: from October 12 2018 to October 11 2021<\/li>\n<li>For more information about EU funds, please visit:\n<ul>\n<li>strukturnifondovi.hr<\/li>\n<li>esf.hr<\/li>\n<\/ul>\n<\/li>\n<\/ul>\n<h4>Contacts:<\/h4>\n<ul>\n<li>Prof. Dr. Viljemka Bu\u010devi\u0107 Popovi\u0107, Vice Dean for Science, tel.: +385 21 619-254<\/li>\n<li><a href=\"mailto:interpmf@pmfst.hr\">interpmf@pmfst.hr<\/a><\/li>\n<li>contact-form (link: <a href=\"https:\/\/www.pmfst.unist.hr\/interpmf\/kontakt\/?lang=en\">https:\/\/www.pmfst.unist.hr\/interpmf\/kontakt\/?lang=en<\/a>)<\/li>\n<\/ul>\n[\/vc_column_text][\/vc_column][\/vc_row][vc_row][vc_column][mk_icon_box icon=&#8221;mk-moon-file-pdf&#8221; title=&#8221;BROCHURE &#8211; INTERNATIONALISATION OF GRADUATE STUDY PROGRAMMES AT THE FACULTY OF SCIENCE, UNIVERSITY OF SPLIT&#8221; read_more_txt=&#8221;Preuzmi&#8221; read_more_url=&#8221;https:\/\/www.pmfst.unist.hr\/interpmf\/wp-content\/uploads\/2019\/06\/pmf-inter-broura-za-web-144-dpi.pdf&#8221; style=&#8221;boxed&#8221; icon_color=&#8221;#dd3333&#8243; icon_circle_color=&#8221;&#8221;][\/mk_icon_box][vc_separator color=&#8221;chino&#8221; style=&#8221;shadow&#8221;][\/vc_column][\/vc_row][vc_row][vc_column width=&#8221;1\/4&#8243;][mk_clients style=&#8221;column&#8221; column=&#8221;1&#8243; title=&#8221;Project coordinator (host institution):&#8221; count=&#8221;1&#8243; target=&#8221;_blank&#8221; clients=&#8221;35&#8243;][\/vc_column][vc_column width=&#8221;1\/4&#8243;][mk_clients style=&#8221;column&#8221; column=&#8221;1&#8243; title=&#8221;Project partners:&#8221; count=&#8221;1&#8243; target=&#8221;_blank&#8221; clients=&#8221;38&#8243;][\/vc_column][vc_column width=&#8221;1\/4&#8243;][vc_empty_space][mk_clients style=&#8221;column&#8221; column=&#8221;1&#8243; count=&#8221;1&#8243; target=&#8221;_blank&#8221; clients=&#8221;46&#8243;][\/vc_column][vc_column width=&#8221;1\/4&#8243;][vc_empty_space][mk_clients style=&#8221;column&#8221; column=&#8221;1&#8243; count=&#8221;1&#8243; target=&#8221;_blank&#8221; clients=&#8221;114&#8243;][\/vc_column][\/vc_row]\n<\/div><script type=\"text\/javascript\"> toolTips('.classtoolTips3','<h5>Fizika, usmjerenja: Astrofizika i fizika elementarnih \u010destica, Fizika okoli\u0161a<\/h5>'); <\/script>","protected":false},"excerpt":{"rendered":"<p>[vc_row][vc_column][vc_column_text css=&#8221;.vc_custom_1562757609657{margin-bottom: 0px !important;}&#8221;] INTERNATIONALISATION OF GRADUATE STUDY PROGRAMMES AT THE FACULTY OF SCIENCE, UNIVERSITY OF SPLIT [\/vc_column_text][vc_empty_space][\/vc_column][\/vc_row][vc_row][vc_column width=&#8221;1\/2&#8243;][vc_column_text css=&#8221;.vc_custom_1562757861826{margin-bottom: 0px !important;}&#8221;]GRANT NUMBER: UP.03.1.1.02.0037 Project coordinator (host institution): University of Split, Faculty of Science Project partners: \u2022 University of Split, Faculty of Electrical Engineering, Mechanical Engineering and Naval Architecture \u2022 Mediterranean Institute for Life Sciences [&hellip;]<\/p>\n","protected":false},"author":1,"featured_media":0,"parent":0,"menu_order":0,"comment_status":"closed","ping_status":"closed","template":"","meta":{"_acf_changed":false,"footnotes":""},"class_list":["post-393","page","type-page","status-publish","hentry"],"acf":[],"yoast_head":"<!-- This site is optimized with the Yoast SEO plugin v26.5 - https:\/\/yoast.com\/wordpress\/plugins\/seo\/ -->\n<title>About the project - INTERNACIONALIZACIJA DIPLOMSKIH STUDIJSKIH PROGRAMA NA PRIRODOSLOVNO-MATEMATI\u010cKOM FAKULTETU U SPLITU<\/title>\n<meta name=\"robots\" content=\"index, follow, max-snippet:-1, max-image-preview:large, max-video-preview:-1\" \/>\n<link rel=\"canonical\" href=\"https:\/\/www.pmfst.unist.hr\/interpmf\/o-projektu\/\" \/>\n<meta property=\"og:locale\" content=\"hr_HR\" \/>\n<meta property=\"og:type\" content=\"article\" \/>\n<meta property=\"og:title\" content=\"About the project - INTERNACIONALIZACIJA DIPLOMSKIH STUDIJSKIH PROGRAMA NA PRIRODOSLOVNO-MATEMATI\u010cKOM FAKULTETU U SPLITU\" \/>\n<meta property=\"og:description\" content=\"[vc_row][vc_column][vc_column_text css=&#8221;.vc_custom_1562757609657{margin-bottom: 0px !important;}&#8221;] INTERNATIONALISATION OF GRADUATE STUDY PROGRAMMES AT THE FACULTY OF SCIENCE, UNIVERSITY OF SPLIT [\/vc_column_text][vc_empty_space][\/vc_column][\/vc_row][vc_row][vc_column width=&#8221;1\/2&#8243;][vc_column_text css=&#8221;.vc_custom_1562757861826{margin-bottom: 0px !important;}&#8221;]GRANT NUMBER: UP.03.1.1.02.0037 Project coordinator (host institution): University of Split, Faculty of Science Project partners: \u2022 University of Split, Faculty of Electrical Engineering, Mechanical Engineering and Naval Architecture \u2022 Mediterranean Institute for Life Sciences [&hellip;]\" \/>\n<meta property=\"og:url\" content=\"https:\/\/www.pmfst.unist.hr\/interpmf\/o-projektu\/?lang=en\" \/>\n<meta property=\"og:site_name\" content=\"INTERNACIONALIZACIJA DIPLOMSKIH STUDIJSKIH PROGRAMA NA PRIRODOSLOVNO-MATEMATI\u010cKOM FAKULTETU U SPLITU\" \/>\n<meta property=\"article:modified_time\" content=\"2019-07-15T12:48:50+00:00\" \/>\n<meta name=\"twitter:card\" content=\"summary_large_image\" \/>\n<meta name=\"twitter:label1\" content=\"Procijenjeno vrijeme \u010ditanja\" \/>\n\t<meta name=\"twitter:data1\" content=\"2 minute\" \/>\n<script type=\"application\/ld+json\" class=\"yoast-schema-graph\">{\"@context\":\"https:\/\/schema.org\",\"@graph\":[{\"@type\":\"WebPage\",\"@id\":\"https:\/\/www.pmfst.unist.hr\/interpmf\/o-projektu\/?lang=en\",\"url\":\"https:\/\/www.pmfst.unist.hr\/interpmf\/o-projektu\/?lang=en\",\"name\":\"About the project - INTERNACIONALIZACIJA DIPLOMSKIH STUDIJSKIH PROGRAMA NA PRIRODOSLOVNO-MATEMATI\u010cKOM FAKULTETU U SPLITU\",\"isPartOf\":{\"@id\":\"https:\/\/www.pmfst.unist.hr\/interpmf\/#website\"},\"datePublished\":\"2019-05-29T10:46:58+00:00\",\"dateModified\":\"2019-07-15T12:48:50+00:00\",\"breadcrumb\":{\"@id\":\"https:\/\/www.pmfst.unist.hr\/interpmf\/o-projektu\/?lang=en#breadcrumb\"},\"inLanguage\":\"hr\",\"potentialAction\":[{\"@type\":\"ReadAction\",\"target\":[\"https:\/\/www.pmfst.unist.hr\/interpmf\/o-projektu\/?lang=en\"]}]},{\"@type\":\"BreadcrumbList\",\"@id\":\"https:\/\/www.pmfst.unist.hr\/interpmf\/o-projektu\/?lang=en#breadcrumb\",\"itemListElement\":[{\"@type\":\"ListItem\",\"position\":1,\"name\":\"Po\u010detna stranica\",\"item\":\"https:\/\/www.pmfst.unist.hr\/interpmf\/\"},{\"@type\":\"ListItem\",\"position\":2,\"name\":\"About the project\"}]},{\"@type\":\"WebSite\",\"@id\":\"https:\/\/www.pmfst.unist.hr\/interpmf\/#website\",\"url\":\"https:\/\/www.pmfst.unist.hr\/interpmf\/\",\"name\":\"INTERNACIONALIZACIJA DIPLOMSKIH STUDIJSKIH PROGRAMA NA PRIRODOSLOVNO-MATEMATI\u010cKOM FAKULTETU U SPLITU\",\"description\":\"INTERNACIONALIZACIJA DIPLOMSKIH STUDIJSKIH PROGRAMA NA PRIRODOSLOVNO-MATEMATI\u010cKOM FAKULTETU U SPLITU\",\"potentialAction\":[{\"@type\":\"SearchAction\",\"target\":{\"@type\":\"EntryPoint\",\"urlTemplate\":\"https:\/\/www.pmfst.unist.hr\/interpmf\/?s={search_term_string}\"},\"query-input\":{\"@type\":\"PropertyValueSpecification\",\"valueRequired\":true,\"valueName\":\"search_term_string\"}}],\"inLanguage\":\"hr\"}]}<\/script>\n<!-- \/ Yoast SEO plugin. -->","yoast_head_json":{"title":"About the project - INTERNACIONALIZACIJA DIPLOMSKIH STUDIJSKIH PROGRAMA NA PRIRODOSLOVNO-MATEMATI\u010cKOM FAKULTETU U SPLITU","robots":{"index":"index","follow":"follow","max-snippet":"max-snippet:-1","max-image-preview":"max-image-preview:large","max-video-preview":"max-video-preview:-1"},"canonical":"https:\/\/www.pmfst.unist.hr\/interpmf\/o-projektu\/","og_locale":"hr_HR","og_type":"article","og_title":"About the project - INTERNACIONALIZACIJA DIPLOMSKIH STUDIJSKIH PROGRAMA NA PRIRODOSLOVNO-MATEMATI\u010cKOM FAKULTETU U SPLITU","og_description":"[vc_row][vc_column][vc_column_text css=&#8221;.vc_custom_1562757609657{margin-bottom: 0px !important;}&#8221;] INTERNATIONALISATION OF GRADUATE STUDY PROGRAMMES AT THE FACULTY OF SCIENCE, UNIVERSITY OF SPLIT [\/vc_column_text][vc_empty_space][\/vc_column][\/vc_row][vc_row][vc_column width=&#8221;1\/2&#8243;][vc_column_text css=&#8221;.vc_custom_1562757861826{margin-bottom: 0px !important;}&#8221;]GRANT NUMBER: UP.03.1.1.02.0037 Project coordinator (host institution): University of Split, Faculty of Science Project partners: \u2022 University of Split, Faculty of Electrical Engineering, Mechanical Engineering and Naval Architecture \u2022 Mediterranean Institute for Life Sciences [&hellip;]","og_url":"https:\/\/www.pmfst.unist.hr\/interpmf\/o-projektu\/?lang=en","og_site_name":"INTERNACIONALIZACIJA DIPLOMSKIH STUDIJSKIH PROGRAMA NA PRIRODOSLOVNO-MATEMATI\u010cKOM FAKULTETU U SPLITU","article_modified_time":"2019-07-15T12:48:50+00:00","twitter_card":"summary_large_image","twitter_misc":{"Procijenjeno vrijeme \u010ditanja":"2 minute"},"schema":{"@context":"https:\/\/schema.org","@graph":[{"@type":"WebPage","@id":"https:\/\/www.pmfst.unist.hr\/interpmf\/o-projektu\/?lang=en","url":"https:\/\/www.pmfst.unist.hr\/interpmf\/o-projektu\/?lang=en","name":"About the project - INTERNACIONALIZACIJA DIPLOMSKIH STUDIJSKIH PROGRAMA NA PRIRODOSLOVNO-MATEMATI\u010cKOM FAKULTETU U SPLITU","isPartOf":{"@id":"https:\/\/www.pmfst.unist.hr\/interpmf\/#website"},"datePublished":"2019-05-29T10:46:58+00:00","dateModified":"2019-07-15T12:48:50+00:00","breadcrumb":{"@id":"https:\/\/www.pmfst.unist.hr\/interpmf\/o-projektu\/?lang=en#breadcrumb"},"inLanguage":"hr","potentialAction":[{"@type":"ReadAction","target":["https:\/\/www.pmfst.unist.hr\/interpmf\/o-projektu\/?lang=en"]}]},{"@type":"BreadcrumbList","@id":"https:\/\/www.pmfst.unist.hr\/interpmf\/o-projektu\/?lang=en#breadcrumb","itemListElement":[{"@type":"ListItem","position":1,"name":"Po\u010detna stranica","item":"https:\/\/www.pmfst.unist.hr\/interpmf\/"},{"@type":"ListItem","position":2,"name":"About the project"}]},{"@type":"WebSite","@id":"https:\/\/www.pmfst.unist.hr\/interpmf\/#website","url":"https:\/\/www.pmfst.unist.hr\/interpmf\/","name":"INTERNACIONALIZACIJA DIPLOMSKIH STUDIJSKIH PROGRAMA NA PRIRODOSLOVNO-MATEMATI\u010cKOM FAKULTETU U SPLITU","description":"INTERNACIONALIZACIJA DIPLOMSKIH STUDIJSKIH PROGRAMA NA PRIRODOSLOVNO-MATEMATI\u010cKOM FAKULTETU U SPLITU","potentialAction":[{"@type":"SearchAction","target":{"@type":"EntryPoint","urlTemplate":"https:\/\/www.pmfst.unist.hr\/interpmf\/?s={search_term_string}"},"query-input":{"@type":"PropertyValueSpecification","valueRequired":true,"valueName":"search_term_string"}}],"inLanguage":"hr"}]}},"_links":{"self":[{"href":"https:\/\/www.pmfst.unist.hr\/interpmf\/wp-json\/wp\/v2\/pages\/393","targetHints":{"allow":["GET"]}}],"collection":[{"href":"https:\/\/www.pmfst.unist.hr\/interpmf\/wp-json\/wp\/v2\/pages"}],"about":[{"href":"https:\/\/www.pmfst.unist.hr\/interpmf\/wp-json\/wp\/v2\/types\/page"}],"author":[{"embeddable":true,"href":"https:\/\/www.pmfst.unist.hr\/interpmf\/wp-json\/wp\/v2\/users\/1"}],"replies":[{"embeddable":true,"href":"https:\/\/www.pmfst.unist.hr\/interpmf\/wp-json\/wp\/v2\/comments?post=393"}],"version-history":[{"count":12,"href":"https:\/\/www.pmfst.unist.hr\/interpmf\/wp-json\/wp\/v2\/pages\/393\/revisions"}],"predecessor-version":[{"id":747,"href":"https:\/\/www.pmfst.unist.hr\/interpmf\/wp-json\/wp\/v2\/pages\/393\/revisions\/747"}],"wp:attachment":[{"href":"https:\/\/www.pmfst.unist.hr\/interpmf\/wp-json\/wp\/v2\/media?parent=393"}],"curies":[{"name":"wp","href":"https:\/\/api.w.org\/{rel}","templated":true}]}}