{"id":147,"date":"2019-04-28T21:27:58","date_gmt":"2019-04-28T19:27:58","guid":{"rendered":"https:\/\/www.pmfst.unist.hr\/istrazivanje-u-edukaciji\/?page_id=147"},"modified":"2023-11-17T09:00:40","modified_gmt":"2023-11-17T08:00:40","slug":"kontakt","status":"publish","type":"page","link":"https:\/\/www.pmfst.unist.hr\/istrazivanje-u-edukaciji\/kontakt\/","title":{"rendered":"Kontakt"},"content":{"rendered":"<div class=\"wpb-content-wrapper\">[vc_row][vc_column][vc_column_text css=&#8221;.vc_custom_1700208041222{margin-bottom: 0px !important;}&#8221;]\n<h4>Kontakti<\/h4>\n<p>Voditeljica slu\u017ebe za poslijediplomske studije, cjelo\u017eivotno obrazovanje i mobilnost studenata <strong>Marina Murat dipl. iur. <\/strong>, stoji Vam na raspolaganju za sve informacije i pitanja. Mo\u017eete je kontaktirati putem: e-maila: <a href=\"mailto:edukacija-dr@pmfst.hr\"><strong>edukacija-dr@pmfst.hr<\/strong><\/a>, na tel: 021\/619-204 ili osobno (kabinet B1-31).<\/p>\n<h4>\u0160to Vas jo\u0161 zanima?<\/h4>\n<p>Slobodno nam se obratite sa svim pitanjima, odgovorit \u0107emo vam u kratkom roku.[\/vc_column_text][vc_separator color=&#8221;mulled_wine&#8221; style=&#8221;shadow&#8221;][\/vc_column][\/vc_row][vc_row disable_element=&#8221;yes&#8221;][vc_column][mk_contact_form style=&#8221;classic&#8221; button_text=&#8221;Po\u0161alji&#8221; phone=&#8221;true&#8221; gdpr_consent_text=&#8221;Pristajem da ovo web mjesto prikuplja podatke kroz ovaj kontakt obrazac&#8221;][\/vc_column][\/vc_row]\n<\/div>","protected":false},"excerpt":{"rendered":"<p>[vc_row][vc_column][vc_column_text css=&#8221;.vc_custom_1700208041222{margin-bottom: 0px !important;}&#8221;] Kontakti Voditeljica slu\u017ebe za poslijediplomske studije, cjelo\u017eivotno obrazovanje i mobilnost studenata Marina Murat dipl. iur. , stoji Vam na raspolaganju za sve informacije i pitanja. Mo\u017eete je kontaktirati putem: e-maila: edukacija-dr@pmfst.hr, na tel: 021\/619-204 ili osobno (kabinet B1-31). \u0160to Vas jo\u0161 zanima? Slobodno nam se obratite sa svim pitanjima, odgovorit \u0107emo [&hellip;]<\/p>\n","protected":false},"author":1,"featured_media":0,"parent":0,"menu_order":0,"comment_status":"closed","ping_status":"closed","template":"","meta":{"footnotes":""},"class_list":["post-147","page","type-page","status-publish","hentry"],"_links":{"self":[{"href":"https:\/\/www.pmfst.unist.hr\/istrazivanje-u-edukaciji\/wp-json\/wp\/v2\/pages\/147","targetHints":{"allow":["GET"]}}],"collection":[{"href":"https:\/\/www.pmfst.unist.hr\/istrazivanje-u-edukaciji\/wp-json\/wp\/v2\/pages"}],"about":[{"href":"https:\/\/www.pmfst.unist.hr\/istrazivanje-u-edukaciji\/wp-json\/wp\/v2\/types\/page"}],"author":[{"embeddable":true,"href":"https:\/\/www.pmfst.unist.hr\/istrazivanje-u-edukaciji\/wp-json\/wp\/v2\/users\/1"}],"replies":[{"embeddable":true,"href":"https:\/\/www.pmfst.unist.hr\/istrazivanje-u-edukaciji\/wp-json\/wp\/v2\/comments?post=147"}],"version-history":[{"count":11,"href":"https:\/\/www.pmfst.unist.hr\/istrazivanje-u-edukaciji\/wp-json\/wp\/v2\/pages\/147\/revisions"}],"predecessor-version":[{"id":720,"href":"https:\/\/www.pmfst.unist.hr\/istrazivanje-u-edukaciji\/wp-json\/wp\/v2\/pages\/147\/revisions\/720"}],"wp:attachment":[{"href":"https:\/\/www.pmfst.unist.hr\/istrazivanje-u-edukaciji\/wp-json\/wp\/v2\/media?parent=147"}],"curies":[{"name":"wp","href":"https:\/\/api.w.org\/{rel}","templated":true}]}}