{"id":15,"date":"2019-04-26T13:52:12","date_gmt":"2019-04-26T11:52:12","guid":{"rendered":"https:\/\/www.pmfst.unist.hr\/istrazivanje-u-edukaciji\/?page_id=15"},"modified":"2021-05-10T08:09:06","modified_gmt":"2021-05-10T06:09:06","slug":"uvjeti-za-upis","status":"publish","type":"page","link":"https:\/\/www.pmfst.unist.hr\/istrazivanje-u-edukaciji\/uvjeti-za-upis\/","title":{"rendered":"Uvjeti za upis u I. godinu studija"},"content":{"rendered":"<div class=\"wpb-content-wrapper\">[vc_row][vc_column][vc_column_text css=&#8221;.vc_custom_1620626944431{margin-bottom: 0px !important;}&#8221;]<strong>Studij mogu upisati pristupnici koji su:<\/strong><\/p>\n<ul>\n<li>zavr\u0161ili sveu\u010dili\u0161ni dodiplomski ili diplomski jednopredmetni ili dvopredmetni studij nastavni\u010dkog smjera odgovaraju\u0107e struke,<\/li>\n<li>zavr\u0161ili sveu\u010dili\u0161ni dodiplomski ili diplomski studij in\u017eenjerskog ili istra\u017eiva\u010dkog smjera, uz ste\u010dene pedago\u0161ke kompetencije od 60 ECTS bodova,<\/li>\n<li>stekli akademski stupanj magistra znanosti zavr\u0161etkom Poslijediplomskog studija didaktike prirodnih znanosti na Prirodoslovno-matemati\u010dkom fakultetu Sveu\u010dili\u0161ta u Splitu, uz obvezno polaganje sljede\u0107ih ispita:\n<ul>\n<li>Istra\u017eiva\u010dke metode u obrazovanju (I. semestar)<\/li>\n<li>Trendovi i teme istra\u017eivanja metodike u\u017ee struke \u2013 jedan predmet po usmjerenju (I. semestar)<\/li>\n<li>Jedan izborni predmet u\u017ee struke (II. semestar)<\/li>\n<li>Istra\u017eiva\u010dki seminar I (II. semestar)<\/li>\n<li>Istra\u017eiva\u010dki seminar II (III. semestar)<\/li>\n<li>Po jedan seminar iz svake skupine Znanstvenih seminara (II., III., IV. semestar).<\/li>\n<\/ul>\n<\/li>\n<\/ul>\n<p><strong>Akademski stupanj<\/strong><br \/>\nAkademski naziv koji se stje\u010de po zavr\u0161etku studija: Doktor\/doktorica znanosti iz interdisciplinarnih podru\u010dja znanosti, polje obrazovne znanosti.<\/p>\n<p><strong>\u00a0<\/strong><strong>\u0160kolarina<\/strong><br \/>\n\u0160kolarina iznosi 15 000,00 kn po akademskoj godini.<\/p>\n<p><strong>\u00a0<\/strong><strong>Kurikulum<\/strong><br \/>\nDoktorski studij traje tri godine. Kurikulum doktorskog studija sastoji se od obveznog i izbornog dijela. Obvezni dio obuhva\u0107a psiholo\u0161ko-pedago\u0161ke sadr\u017eaje i metodiku struke. Izborne predmete iz u\u017ee struke student\/ica bira u dogovoru s mentorom, uzimaju\u0107i u obzir osobni interes i temu doktorske disertacije.<\/p>\n<p>Nastavnici i mentori na doktorskom studiju su aktivni znanstvenici s me\u0111unarodno relevantnim publikacijama i kompetencijama u vo\u0111enju istra\u017eiva\u010dkih projekata i mentorstvu.<\/p>\n<p>Kontaktirajte na\u0161e nastavnike kako bi saznali vi\u0161e o istra\u017eiva\u010dkim programima.[\/vc_column_text][\/vc_column][\/vc_row]\n<\/div>","protected":false},"excerpt":{"rendered":"<p>[vc_row][vc_column][vc_column_text css=&#8221;.vc_custom_1620626944431{margin-bottom: 0px !important;}&#8221;]Studij mogu upisati pristupnici koji su: zavr\u0161ili sveu\u010dili\u0161ni dodiplomski ili diplomski jednopredmetni ili dvopredmetni studij nastavni\u010dkog smjera odgovaraju\u0107e struke, zavr\u0161ili sveu\u010dili\u0161ni dodiplomski ili diplomski studij in\u017eenjerskog ili istra\u017eiva\u010dkog smjera, uz ste\u010dene pedago\u0161ke kompetencije od 60 ECTS bodova, stekli akademski stupanj magistra znanosti zavr\u0161etkom Poslijediplomskog studija didaktike prirodnih znanosti na Prirodoslovno-matemati\u010dkom fakultetu Sveu\u010dili\u0161ta [&hellip;]<\/p>\n","protected":false},"author":1,"featured_media":0,"parent":0,"menu_order":0,"comment_status":"closed","ping_status":"closed","template":"","meta":{"footnotes":""},"class_list":["post-15","page","type-page","status-publish","hentry"],"_links":{"self":[{"href":"https:\/\/www.pmfst.unist.hr\/istrazivanje-u-edukaciji\/wp-json\/wp\/v2\/pages\/15","targetHints":{"allow":["GET"]}}],"collection":[{"href":"https:\/\/www.pmfst.unist.hr\/istrazivanje-u-edukaciji\/wp-json\/wp\/v2\/pages"}],"about":[{"href":"https:\/\/www.pmfst.unist.hr\/istrazivanje-u-edukaciji\/wp-json\/wp\/v2\/types\/page"}],"author":[{"embeddable":true,"href":"https:\/\/www.pmfst.unist.hr\/istrazivanje-u-edukaciji\/wp-json\/wp\/v2\/users\/1"}],"replies":[{"embeddable":true,"href":"https:\/\/www.pmfst.unist.hr\/istrazivanje-u-edukaciji\/wp-json\/wp\/v2\/comments?post=15"}],"version-history":[{"count":5,"href":"https:\/\/www.pmfst.unist.hr\/istrazivanje-u-edukaciji\/wp-json\/wp\/v2\/pages\/15\/revisions"}],"predecessor-version":[{"id":459,"href":"https:\/\/www.pmfst.unist.hr\/istrazivanje-u-edukaciji\/wp-json\/wp\/v2\/pages\/15\/revisions\/459"}],"wp:attachment":[{"href":"https:\/\/www.pmfst.unist.hr\/istrazivanje-u-edukaciji\/wp-json\/wp\/v2\/media?parent=15"}],"curies":[{"name":"wp","href":"https:\/\/api.w.org\/{rel}","templated":true}]}}