{"id":250,"date":"2019-05-16T11:48:26","date_gmt":"2019-05-16T09:48:26","guid":{"rendered":"https:\/\/www.pmfst.unist.hr\/istrazivanje-u-edukaciji\/?page_id=250"},"modified":"2025-10-27T11:42:52","modified_gmt":"2025-10-27T10:42:52","slug":"doktorski-radovi","status":"publish","type":"page","link":"https:\/\/www.pmfst.unist.hr\/istrazivanje-u-edukaciji\/doktorski-radovi\/","title":{"rendered":"Doktorski radovi"},"content":{"rendered":"<div class=\"wpb-content-wrapper\">[vc_row][vc_column][vc_column_text css=&#8221;.vc_custom_1556479424705{margin-bottom: 0px !important;}&#8221;]\n<h4 style=\"text-align: center;\">Doktorski radovi<\/h4>\n[\/vc_column_text][mk_table]\n<table>\n<tbody>\n<tr>\n<td>Ivan Perai\u0107<\/td>\n<td><a href=\"https:\/\/www.pmfst.unist.hr\/istrazivanje-u-edukaciji\/wp-content\/uploads\/2025\/10\/ivan_peraic_doktorski_rad_final.pdf\" target=\"_blank\" rel=\"noopener\">Primjena analitike u\u010denja za napredno vrednovanje odgojno-obrazovnih ishoda<\/a><\/td>\n<td>11. rujna 2025<\/td>\n<\/tr>\n<tr>\n<td>Marina Bala\u017einec<\/td>\n<td><a href=\"https:\/\/www.pmfst.unist.hr\/istrazivanje-u-edukaciji\/wp-content\/uploads\/2025\/01\/marina-balazinec_disertacija.pdf\" target=\"_blank\" rel=\"noopener\">Kolaboracija u\u010denika tijekom istra\u017eiva\u010dkog u\u010denja o tlu na nastavi prirode<\/a><\/td>\n<td>18. prosinca 2024<\/td>\n<\/tr>\n<tr>\n<td>Lana \u0160ojat<\/td>\n<td><a href=\"https:\/\/www.pmfst.unist.hr\/istrazivanje-u-edukaciji\/wp-content\/uploads\/2024\/06\/pds_sojat_lana.pdf\" target=\"_blank\" rel=\"noopener\">Uvjerenja i metodi\u010dko znanje budu\u0107ih nastavnika kemije u hrvatskoj<\/a><\/td>\n<td>24. svibnja 2024<\/td>\n<\/tr>\n<tr>\n<td>\u017dana<br \/>\n\u017danko<\/td>\n<td>Miskoncepcije i razli\u010diti pristupi pou\u010davanju u uvodnoj nastavi programiranja u\u010denika osnovne \u0161kole<\/td>\n<td><\/td>\n<\/tr>\n<tr>\n<td>Nikolina<br \/>\nBubica<\/td>\n<td><a href=\"https:\/\/repozitorij.pmfst.unist.hr\/islandora\/object\/pmfst%3A1387\" target=\"_blank\" rel=\"noopener\">Model vrednovanja ra\u010dunalnog razmi\u0161ljanja za koncepte apstrakcije, dekompozicije i algoritamskog razmi\u0161ljanja temeljen na dokazu<\/a><\/td>\n<td>4. velja\u010de<br \/>\n2022.<\/td>\n<\/tr>\n<tr>\n<td>Snje\u017eana<br \/>\nSmerdel<\/td>\n<td><a href=\"https:\/\/repozitorij.pmfst.unist.hr\/islandora\/object\/pmfst%3A1311\" target=\"_blank\" rel=\"noopener\">Implementacija strategije predu\u010denja u srednjo\u0161kolskoj nastavi kemije<\/a><\/td>\n<td>22. srpnja<br \/>\n2021.<\/td>\n<\/tr>\n<tr>\n<td>Kre\u0161imir<br \/>\nRaki\u0107<\/td>\n<td><a href=\"https:\/\/repozitorij.pmfst.unist.hr\/islandora\/object\/pmfst%3A937\" target=\"_blank\" rel=\"noopener noreferrer\">Model pou\u010davanja agentske paradigme kori\u0161tenjem simulacijskih okru\u017eenja<\/a><\/td>\n<td>4. lipnja<br \/>\n2020.<\/td>\n<\/tr>\n<tr>\n<td>Divna<br \/>\nKrpan<\/td>\n<td><a href=\"https:\/\/repozitorij.pmfst.unist.hr\/islandora\/object\/pmfst%3A920\" target=\"_blank\" rel=\"noopener noreferrer\">Pou\u010davanje objektno orijentiranog programiranja metodom didakti\u010dkog skrivanja<\/a><\/td>\n<td>24. velja\u010de<br \/>\n2020.<\/td>\n<\/tr>\n<tr>\n<td>Monika<br \/>\nMladenovi\u0107<\/td>\n<td><a href=\"https:\/\/repozitorij.pmfst.unist.hr\/islandora\/object\/pmfst%3A760\" target=\"_blank\" rel=\"noopener noreferrer\">Pou\u010davanje po\u010detnog programiranja oblikovanjem ra\u010dunalnih igara<\/a><\/td>\n<td>15. srpnaj<br \/>\n2019.<\/td>\n<\/tr>\n<tr>\n<td>Sanda<br \/>\n\u0160imi\u010di\u0107<\/td>\n<td><a href=\"https:\/\/repozitorij.pmfst.unist.hr\/islandora\/object\/pmfst%3A554\" target=\"_blank\" rel=\"noopener noreferrer\">Uporaba \u010desti\u010dnog crte\u017ea pri analizi, usvajanju, provjeri i unapre\u0111enju konceptualnog znanja u po\u010detnom pou\u010davanju kemije<\/a><\/td>\n<td>23. o\u017eujka<br \/>\n2018.<\/td>\n<\/tr>\n<tr>\n<td>Mila<br \/>\nBuli\u0107<\/td>\n<td><a href=\"https:\/\/repozitorij.pmfst.unist.hr\/islandora\/object\/pmfst%3A541\" target=\"_blank\" rel=\"noopener noreferrer\">Sustavi e-u\u010denja u promicanju obrazovanja za zdrav i odr\u017eiv \u017eivot<\/a><\/td>\n<td>9. o\u017eujka<br \/>\n2018.<\/td>\n<\/tr>\n<tr>\n<td>Roko<br \/>\nVladu\u0161i\u0107<\/td>\n<td><a href=\"https:\/\/repozitorij.pmfst.unist.hr\/islandora\/object\/pmfst%3A540\" target=\"_blank\" rel=\"noopener noreferrer\">Metodi\u010dko znanje o kemijskim vezama s naglaskom na jezi\u010dna pitanja u Republici Hrvatskoj<\/a><\/td>\n<td>16. listopada<br \/>\n2017.<\/td>\n<\/tr>\n<tr>\n<td>Damir<br \/>\nPurkovi\u0107<\/td>\n<td><a href=\"https:\/\/repozitorij.pmfst.unist.hr\/islandora\/object\/pmfst%3A536\" target=\"_blank\" rel=\"noopener noreferrer\">Elementi kontekstualnog pristupa u\u010denju i pou\u010davanju kao \u010dimbenici uspje\u0161nosti nastave tehni\u010dke kulture<\/a><\/td>\n<td>28. lipnja<br \/>\n2016.<\/td>\n<\/tr>\n<\/tbody>\n<\/table>\n[\/mk_table][vc_separator color=&#8221;mulled_wine&#8221; style=&#8221;shadow&#8221;][\/vc_column][\/vc_row]\n<\/div>","protected":false},"excerpt":{"rendered":"<p>[vc_row][vc_column][vc_column_text css=&#8221;.vc_custom_1556479424705{margin-bottom: 0px !important;}&#8221;] Doktorski radovi [\/vc_column_text][mk_table] Ivan Perai\u0107 Primjena analitike u\u010denja za napredno vrednovanje odgojno-obrazovnih ishoda 11. rujna 2025 Marina Bala\u017einec Kolaboracija u\u010denika tijekom istra\u017eiva\u010dkog u\u010denja o tlu na nastavi prirode 18. prosinca 2024 Lana \u0160ojat Uvjerenja i metodi\u010dko znanje budu\u0107ih nastavnika kemije u hrvatskoj 24. svibnja 2024 \u017dana \u017danko Miskoncepcije i razli\u010diti pristupi [&hellip;]<\/p>\n","protected":false},"author":1,"featured_media":0,"parent":0,"menu_order":0,"comment_status":"closed","ping_status":"closed","template":"","meta":{"footnotes":""},"class_list":["post-250","page","type-page","status-publish","hentry"],"_links":{"self":[{"href":"https:\/\/www.pmfst.unist.hr\/istrazivanje-u-edukaciji\/wp-json\/wp\/v2\/pages\/250","targetHints":{"allow":["GET"]}}],"collection":[{"href":"https:\/\/www.pmfst.unist.hr\/istrazivanje-u-edukaciji\/wp-json\/wp\/v2\/pages"}],"about":[{"href":"https:\/\/www.pmfst.unist.hr\/istrazivanje-u-edukaciji\/wp-json\/wp\/v2\/types\/page"}],"author":[{"embeddable":true,"href":"https:\/\/www.pmfst.unist.hr\/istrazivanje-u-edukaciji\/wp-json\/wp\/v2\/users\/1"}],"replies":[{"embeddable":true,"href":"https:\/\/www.pmfst.unist.hr\/istrazivanje-u-edukaciji\/wp-json\/wp\/v2\/comments?post=250"}],"version-history":[{"count":33,"href":"https:\/\/www.pmfst.unist.hr\/istrazivanje-u-edukaciji\/wp-json\/wp\/v2\/pages\/250\/revisions"}],"predecessor-version":[{"id":1018,"href":"https:\/\/www.pmfst.unist.hr\/istrazivanje-u-edukaciji\/wp-json\/wp\/v2\/pages\/250\/revisions\/1018"}],"wp:attachment":[{"href":"https:\/\/www.pmfst.unist.hr\/istrazivanje-u-edukaciji\/wp-json\/wp\/v2\/media?parent=250"}],"curies":[{"name":"wp","href":"https:\/\/api.w.org\/{rel}","templated":true}]}}