{"id":261,"date":"2019-05-16T12:18:35","date_gmt":"2019-05-16T10:18:35","guid":{"rendered":"https:\/\/www.pmfst.unist.hr\/istrazivanje-u-edukaciji\/?page_id=261"},"modified":"2024-05-27T12:20:41","modified_gmt":"2024-05-27T10:20:41","slug":"doctoral-theses-2","status":"publish","type":"page","link":"https:\/\/www.pmfst.unist.hr\/istrazivanje-u-edukaciji\/en\/doctoral-theses-2\/","title":{"rendered":"Doctoral theses"},"content":{"rendered":"<div class=\"wpb-content-wrapper\">[vc_row][vc_column][vc_column_text css=&#8221;.vc_custom_1556483928862{margin-bottom: 0px !important;}&#8221;]\n<h4 style=\"text-align: center;\">Doctoral theses<\/h4>\n[\/vc_column_text][mk_table]\n<table>\n<tbody>\n<tr>\n<td>Lana \u0160ojat <\/td>\n<td><a href=\"https:\/\/repozitorij.pmfst.unist.hr\/en\/islandora\/object\/pmfst%3A1387\" target=\"_blank\" rel=\"noopener\">Beliefs and Pedagogical Content Knowledge of Croatian pre-service Chemistry teachers<\/a><\/td>\n<td>24. April<br \/>\n2024.<\/td>\n<\/tr>\n<tr>\n<td>Nikolina Bubica<\/td>\n<td><a href=\"https:\/\/repozitorij.pmfst.unist.hr\/en\/islandora\/object\/pmfst%3A1387\" target=\"_blank\" rel=\"noopener\">Evidence Centered Evaluation Model of Computational Thinking for Concepts of Abstraction, Decomposition and Algorithmic Thinking<\/a><\/td>\n<td>04. February<br \/>\n2022.<\/td>\n<\/tr>\n<tr>\n<td>Snje\u017eana Smerdel<\/td>\n<td><a href=\"https:\/\/repozitorij.pmfst.unist.hr\/islandora\/object\/pmfst%3A1311\" target=\"_blank\" rel=\"noopener\">Implementation of the Pre-learning Strategy in Secondary Chemistry Teaching<\/a><\/td>\n<td>22. July<br \/>\n2021.<\/td>\n<\/tr>\n<tr>\n<td>Kre\u0161imir Raki\u0107<\/td>\n<td><a href=\"https:\/\/repozitorij.pmfst.unist.hr\/islandora\/object\/pmfst%3A937\" target=\"_blank\" rel=\"noopener noreferrer\">Model of Teaching Agent Paradigm Using Simulation Environments<\/a><\/td>\n<td>4 June<br \/>\n2020<\/td>\n<\/tr>\n<tr>\n<td>Divna Krpan<\/td>\n<td><a href=\"https:\/\/repozitorij.pmfst.unist.hr\/islandora\/object\/pmfst%3A920\" target=\"_blank\" rel=\"noopener noreferrer\">Teaching object oriented programming using didactic reduction<\/a><\/td>\n<td>24 February<br \/>\n2020<\/td>\n<\/tr>\n<tr>\n<td>Mladenovi\u0107 Monika<\/td>\n<td><a href=\"https:\/\/repozitorij.pmfst.unist.hr\/islandora\/object\/pmfst%3A760\" target=\"_blank\" rel=\"noopener noreferrer\">Teaching programming for beginners by designing computer games<\/a><\/td>\n<td>15 July<br \/>\n2019<\/td>\n<\/tr>\n<tr>\n<td>\u0160imi\u010di\u0107 Sanda<\/td>\n<td><a href=\"https:\/\/repozitorij.pmfst.unist.hr\/en\/islandora\/object\/pmfst%3A554\" target=\"_blank\" rel=\"noopener noreferrer\">Usage of particulate drawings in analysis, learning, testing and improvement of conceptual knowledge in the initial chemistry teaching<\/a><\/td>\n<td>23 March 2018<\/td>\n<\/tr>\n<tr>\n<td>Buli\u0107 Mila<\/td>\n<td><a href=\"https:\/\/repozitorij.pmfst.unist.hr\/en\/islandora\/object\/pmfst%3A541\" target=\"_blank\" rel=\"noopener noreferrer\">E-learning systems in promoting education for a healthy and sustainable life<\/a><\/td>\n<td>9 March<br \/>\n2018<\/td>\n<\/tr>\n<tr>\n<td>Vladu\u0161i\u0107 Roko<\/td>\n<td><a href=\"https:\/\/repozitorij.pmfst.unist.hr\/en\/islandora\/object\/pmfst%3A540\" target=\"_blank\" rel=\"noopener noreferrer\">PCK about chemical bonding with particular focus on language issues in Croatia<\/a><\/td>\n<td>16 October<br \/>\n2017<\/td>\n<\/tr>\n<tr>\n<td>Purkovi\u0107 Damir<\/td>\n<td><a href=\"https:\/\/repozitorij.pmfst.unist.hr\/en\/islandora\/object\/pmfst%3A536\" target=\"_blank\" rel=\"noopener noreferrer\">The elements of contextual learning and teaching approaches as factors of success of teaching technical culture<\/a><\/td>\n<td>28 June<br \/>\n2016<\/td>\n<\/tr>\n<\/tbody>\n<\/table>\n[\/mk_table][vc_separator color=&#8221;mulled_wine&#8221; style=&#8221;shadow&#8221;][\/vc_column][\/vc_row]\n<\/div>","protected":false},"excerpt":{"rendered":"<p>[vc_row][vc_column][vc_column_text css=&#8221;.vc_custom_1556483928862{margin-bottom: 0px !important;}&#8221;] Doctoral theses [\/vc_column_text][mk_table] Lana \u0160ojat Beliefs and Pedagogical Content Knowledge of Croatian pre-service Chemistry teachers 24. April 2024. Nikolina Bubica Evidence Centered Evaluation Model of Computational Thinking for Concepts of Abstraction, Decomposition and Algorithmic Thinking 04. February 2022. Snje\u017eana Smerdel Implementation of the Pre-learning Strategy in Secondary Chemistry Teaching 22. July [&hellip;]<\/p>\n","protected":false},"author":1,"featured_media":0,"parent":0,"menu_order":0,"comment_status":"closed","ping_status":"closed","template":"","meta":{"footnotes":""},"class_list":["post-261","page","type-page","status-publish","hentry"],"_links":{"self":[{"href":"https:\/\/www.pmfst.unist.hr\/istrazivanje-u-edukaciji\/wp-json\/wp\/v2\/pages\/261","targetHints":{"allow":["GET"]}}],"collection":[{"href":"https:\/\/www.pmfst.unist.hr\/istrazivanje-u-edukaciji\/wp-json\/wp\/v2\/pages"}],"about":[{"href":"https:\/\/www.pmfst.unist.hr\/istrazivanje-u-edukaciji\/wp-json\/wp\/v2\/types\/page"}],"author":[{"embeddable":true,"href":"https:\/\/www.pmfst.unist.hr\/istrazivanje-u-edukaciji\/wp-json\/wp\/v2\/users\/1"}],"replies":[{"embeddable":true,"href":"https:\/\/www.pmfst.unist.hr\/istrazivanje-u-edukaciji\/wp-json\/wp\/v2\/comments?post=261"}],"version-history":[{"count":20,"href":"https:\/\/www.pmfst.unist.hr\/istrazivanje-u-edukaciji\/wp-json\/wp\/v2\/pages\/261\/revisions"}],"predecessor-version":[{"id":822,"href":"https:\/\/www.pmfst.unist.hr\/istrazivanje-u-edukaciji\/wp-json\/wp\/v2\/pages\/261\/revisions\/822"}],"wp:attachment":[{"href":"https:\/\/www.pmfst.unist.hr\/istrazivanje-u-edukaciji\/wp-json\/wp\/v2\/media?parent=261"}],"curies":[{"name":"wp","href":"https:\/\/api.w.org\/{rel}","templated":true}]}}