{"id":32,"date":"2019-04-26T14:09:08","date_gmt":"2019-04-26T12:09:08","guid":{"rendered":"https:\/\/www.pmfst.unist.hr\/istrazivanje-u-edukaciji\/?page_id=32"},"modified":"2025-04-17T10:23:06","modified_gmt":"2025-04-17T08:23:06","slug":"povjerenstvo","status":"publish","type":"page","link":"https:\/\/www.pmfst.unist.hr\/istrazivanje-u-edukaciji\/povjerenstvo\/","title":{"rendered":"Povjerenstvo"},"content":{"rendered":"<div class=\"wpb-content-wrapper\">[vc_row fullwidth=&#8221;true&#8221;][vc_column][vc_column_text css=&#8221;.vc_custom_1556402973110{margin-bottom: 0px !important;}&#8221;]\n<h4 style=\"text-align: center;\">Povjerenstvo poslijediplomskog sveu\u010dili\u0161nog studija \u201eIstra\u017eivanje u edukaciji u podru\u010dju prirodnih i tehni\u010dkih znanosti\u201c<\/h4>\n[\/vc_column_text][mk_employees style=&#8221;boxed&#8221; box_border_color=&#8221;#1e73be&#8221; description=&#8221;false&#8221; order=&#8221;ASC&#8221; orderby=&#8221;menu_order&#8221;][\/vc_column][\/vc_row]\n<\/div>","protected":false},"excerpt":{"rendered":"<p>[vc_row fullwidth=&#8221;true&#8221;][vc_column][vc_column_text css=&#8221;.vc_custom_1556402973110{margin-bottom: 0px !important;}&#8221;] Povjerenstvo poslijediplomskog sveu\u010dili\u0161nog studija \u201eIstra\u017eivanje u edukaciji u podru\u010dju prirodnih i tehni\u010dkih znanosti\u201c [\/vc_column_text][mk_employees style=&#8221;boxed&#8221; box_border_color=&#8221;#1e73be&#8221; description=&#8221;false&#8221; order=&#8221;ASC&#8221; orderby=&#8221;menu_order&#8221;][\/vc_column][\/vc_row]<\/p>\n","protected":false},"author":1,"featured_media":0,"parent":0,"menu_order":0,"comment_status":"closed","ping_status":"closed","template":"","meta":{"footnotes":""},"class_list":["post-32","page","type-page","status-publish","hentry"],"_links":{"self":[{"href":"https:\/\/www.pmfst.unist.hr\/istrazivanje-u-edukaciji\/wp-json\/wp\/v2\/pages\/32","targetHints":{"allow":["GET"]}}],"collection":[{"href":"https:\/\/www.pmfst.unist.hr\/istrazivanje-u-edukaciji\/wp-json\/wp\/v2\/pages"}],"about":[{"href":"https:\/\/www.pmfst.unist.hr\/istrazivanje-u-edukaciji\/wp-json\/wp\/v2\/types\/page"}],"author":[{"embeddable":true,"href":"https:\/\/www.pmfst.unist.hr\/istrazivanje-u-edukaciji\/wp-json\/wp\/v2\/users\/1"}],"replies":[{"embeddable":true,"href":"https:\/\/www.pmfst.unist.hr\/istrazivanje-u-edukaciji\/wp-json\/wp\/v2\/comments?post=32"}],"version-history":[{"count":36,"href":"https:\/\/www.pmfst.unist.hr\/istrazivanje-u-edukaciji\/wp-json\/wp\/v2\/pages\/32\/revisions"}],"predecessor-version":[{"id":966,"href":"https:\/\/www.pmfst.unist.hr\/istrazivanje-u-edukaciji\/wp-json\/wp\/v2\/pages\/32\/revisions\/966"}],"wp:attachment":[{"href":"https:\/\/www.pmfst.unist.hr\/istrazivanje-u-edukaciji\/wp-json\/wp\/v2\/media?parent=32"}],"curies":[{"name":"wp","href":"https:\/\/api.w.org\/{rel}","templated":true}]}}