{"id":5,"date":"2019-04-26T12:44:00","date_gmt":"2019-04-26T10:44:00","guid":{"rendered":"https:\/\/www.pmfst.unist.hr\/istrazivanje-u-edukaciji\/?page_id=5"},"modified":"2025-12-05T13:19:27","modified_gmt":"2025-12-05T12:19:27","slug":"naslovna","status":"publish","type":"page","link":"https:\/\/www.pmfst.unist.hr\/istrazivanje-u-edukaciji\/","title":{"rendered":"Naslovna"},"content":{"rendered":"<div class=\"wpb-content-wrapper\">[vc_row][vc_column]\n\t\t\t\t<p class=\"rs-p-wp-fix\"><\/p>\n\t\t\t\t<sr7-module data-alias=\"slider_post_home\" data-id=\"2\" id=\"SR7_2_1\" data-version=\"6.7.53\">\n\t\t\t\t\t<sr7-adjuster><\/sr7-adjuster>\n\t\t\t\t\t<sr7-content>\n\t\t\t\t\t\t<sr7-slide id=\"SR7_2_1-1\" data-key=\"1\">\n\t\t\t\t\t\t\t<sr7-txt id=\"SR7_2_1-1-2\" class=\"sr7-layer\">Znanstveni poslijediplomski studij \n\u201eIstra\u017eivanje u edukaciji<br> u podru\u010dju prirodnih i tehni\u010dkih znanosti\u201c\n<\/sr7-txt>\n\t\t\t\t\t\t<\/sr7-slide>\n\t\t\t\t\t\t<sr7-slide id=\"SR7_2_1-3\" data-key=\"3\">\n\t\t\t\t\t\t<\/sr7-slide>\n\t\t\t\t\t<\/sr7-content>\n\t\t\t\t<\/sr7-module>\n\t\t\t\t<script>\n\t\t\t\t\twindow.SR7 ??={};SR7.PMH ??={}; SR7.PMH[\"SR7_2_1\"] = {cn:100,state:false,fn: function() { if (window._tpt!==undefined && window._tpt.prepareModuleHeight !== undefined) {  _tpt.prepareModuleHeight({id:\"SR7_2_1\",el:[350],type:'standard',shdw:'0',gh:[350],gw:[1240],vpt:['-200px'],size:{fullWidth:false, fullHeight:false},mh:'0',onh:0,onw:0,bg:{color:'transparent'},plType:'0',plColor:'#FFFFFF'});   SR7.PMH[\"SR7_2_1\"].state=true;} else if(SR7.PMH[\"SR7_2_1\"].cn-->0)\tsetTimeout( SR7.PMH[\"SR7_2_1\"].fn,19);}};SR7.PMH[\"SR7_2_1\" ].fn();\n\t\t\t\t<\/script>\n[vc_separator color=&#8221;mulled_wine&#8221; style=&#8221;shadow&#8221;][\/vc_column][\/vc_row][vc_row][vc_column][vc_column_text css=&#8221;.vc_custom_1556279452873{margin-bottom: 0px !important;}&#8221;]Dobrodo\u0161li<br \/>\nna stranice poslijediplomskog znanstvenog studija Istra\u017eivanje u edukaciji u podru\u010dju prirodnih i tehni\u010dkih znanosti na Prirodoslovno-matemati\u010dkom fakultetu Sveu\u010dili\u0161ta u Splitu. Ova mre\u017ena stranica ima za cilj upoznati Vas sa sadr\u017eajem, organizacijom i prednostima studija.<\/p>\n<p>Studij je interdisciplinarnoga pristupa, u Republici Hrvatskoj jedini doktorski studij za znanstveno usavr\u0161avanje diplomiranih profesora i magistara edukacije koji bi, uz posjedovanje kvalitetnog znanja iz u\u017ee struke, bili osposobljeni za znanstveno istra\u017eivanje i unapre\u0111enje nastave u podru\u010dju prirodnih i tehni\u010dkih znanosti. Brzi razvoj znanosti, mno\u0161tvo novih spoznaja u prirodnim i tehni\u010dkim znanostima razlozi su sve ve\u0107e potrebe za cjelo\u017eivotnim usavr\u0161avanjem nastavni\u010dkog kadra, razvoja novih strategija i metodologija te izrade suvremenih programskih sadr\u017eaja na svim razinama \u0161kolovanja. Cilj programa Doktorskoga studija jest odgojiti eksperte vi\u010dne kori\u0161tenju interdisciplinarnih metoda i na\u010dela kakve tra\u017ee spomenuti izazovi.<\/p>\n<p><em>doc. dr. sc. Anna Alajbeg<\/em><br \/>\n<em>Voditelj studija<\/em>[\/vc_column_text][vc_separator color=&#8221;mulled_wine&#8221; style=&#8221;shadow&#8221;][\/vc_column][\/vc_row]\n<\/div>","protected":false},"excerpt":{"rendered":"<p>[vc_row][vc_column][vc_separator color=&#8221;mulled_wine&#8221; style=&#8221;shadow&#8221;][\/vc_column][\/vc_row][vc_row][vc_column][vc_column_text css=&#8221;.vc_custom_1556279452873{margin-bottom: 0px !important;}&#8221;]Dobrodo\u0161li na stranice poslijediplomskog znanstvenog studija Istra\u017eivanje u edukaciji u podru\u010dju prirodnih i tehni\u010dkih znanosti na Prirodoslovno-matemati\u010dkom fakultetu Sveu\u010dili\u0161ta u Splitu. Ova mre\u017ena stranica ima za cilj upoznati Vas sa sadr\u017eajem, organizacijom i prednostima studija. Studij je interdisciplinarnoga pristupa, u Republici Hrvatskoj jedini doktorski studij za znanstveno usavr\u0161avanje diplomiranih profesora [&hellip;]<\/p>\n","protected":false},"author":1,"featured_media":0,"parent":0,"menu_order":0,"comment_status":"closed","ping_status":"closed","template":"","meta":{"footnotes":""},"class_list":["post-5","page","type-page","status-publish","hentry"],"_links":{"self":[{"href":"https:\/\/www.pmfst.unist.hr\/istrazivanje-u-edukaciji\/wp-json\/wp\/v2\/pages\/5","targetHints":{"allow":["GET"]}}],"collection":[{"href":"https:\/\/www.pmfst.unist.hr\/istrazivanje-u-edukaciji\/wp-json\/wp\/v2\/pages"}],"about":[{"href":"https:\/\/www.pmfst.unist.hr\/istrazivanje-u-edukaciji\/wp-json\/wp\/v2\/types\/page"}],"author":[{"embeddable":true,"href":"https:\/\/www.pmfst.unist.hr\/istrazivanje-u-edukaciji\/wp-json\/wp\/v2\/users\/1"}],"replies":[{"embeddable":true,"href":"https:\/\/www.pmfst.unist.hr\/istrazivanje-u-edukaciji\/wp-json\/wp\/v2\/comments?post=5"}],"version-history":[{"count":24,"href":"https:\/\/www.pmfst.unist.hr\/istrazivanje-u-edukaciji\/wp-json\/wp\/v2\/pages\/5\/revisions"}],"predecessor-version":[{"id":1033,"href":"https:\/\/www.pmfst.unist.hr\/istrazivanje-u-edukaciji\/wp-json\/wp\/v2\/pages\/5\/revisions\/1033"}],"wp:attachment":[{"href":"https:\/\/www.pmfst.unist.hr\/istrazivanje-u-edukaciji\/wp-json\/wp\/v2\/media?parent=5"}],"curies":[{"name":"wp","href":"https:\/\/api.w.org\/{rel}","templated":true}]}}