{"id":98,"date":"2019-04-27T20:00:54","date_gmt":"2019-04-27T18:00:54","guid":{"rendered":"https:\/\/www.pmfst.unist.hr\/istrazivanje-u-edukaciji\/?page_id=98"},"modified":"2025-05-14T15:01:59","modified_gmt":"2025-05-14T13:01:59","slug":"dokumenti","status":"publish","type":"page","link":"https:\/\/www.pmfst.unist.hr\/istrazivanje-u-edukaciji\/dokumenti\/","title":{"rendered":"Dokumenti"},"content":{"rendered":"<div class=\"wpb-content-wrapper\">[vc_row][vc_column][\/vc_column][\/vc_row][vc_row][vc_column][vc_tta_accordion style=&#8221;flat&#8221; shape=&#8221;square&#8221; color=&#8221;chino&#8221; c_icon=&#8221;chevron&#8221; active_section=&#8221;1&#8243; no_fill=&#8221;true&#8221; collapsible_all=&#8221;true&#8221;][vc_tta_section title=&#8221;Va\u017ee\u0107a dokumenatcija od 2020. godine&#8221; tab_id=&#8221;1652953279340-3a3ccc4d-bcf5&#8243;][vc_column_text css=&#8221;.vc_custom_1747227717999{margin-bottom: 0px !important;}&#8221;]<strong>PRAVILNIK I OSTALI AKTI :<\/strong><\/p>\n<p><a href=\"https:\/\/www.pmfst.unist.hr\/wp-content\/uploads\/2023\/10\/skmp123101911500.pdf\">Pravilnik poslijediplomskoga sveu\u010dili\u0161nog studija Istra\u017eivanje u edukaciji u podru\u010dju prirodnih i tehni\u010dkih znanosti (2023)<\/a><\/p>\n<p><strong>OBRASCI I UPUTE<\/strong><\/p>\n<p><a href=\"https:\/\/www.pmfst.unist.hr\/istrazivanje-u-edukaciji\/wp-content\/uploads\/2024\/04\/pmfstdrs_1_prijava_na_natjecaj-3.doc\" target=\"_blank\" rel=\"noopener\">PMFSTDRS_1 Obrazac prijave na natje\u010daj<\/a><br \/>\n<a href=\"https:\/\/www.pmfst.unist.hr\/istrazivanje-u-edukaciji\/wp-content\/uploads\/2022\/05\/pmfstdrs_2-godisnje-izvjesce-studenta.docx\">PMFSTDRS_2 Godi\u0161nje izvje\u0161\u0107e studenta<\/a><br \/>\n<a href=\"https:\/\/www.pmfst.unist.hr\/istrazivanje-u-edukaciji\/wp-content\/uploads\/2022\/05\/pmfstdrs_3-godisnje-izvjesce-mentora.docx\">PMFSTDRS_3 Godi\u0161nje izvje\u0161\u0107e mentora<\/a><br \/>\n<a href=\"https:\/\/www.pmfst.unist.hr\/istrazivanje-u-edukaciji\/wp-content\/uploads\/2022\/05\/pmfstdrs_4-prijava-za-polaganje-istrazivackog-seminara-i.docx\">PMFSTDRS_4 Prijava za polaganje Istra\u017eiva\u010dkog seminara I<\/a><br \/>\n<a href=\"https:\/\/www.pmfst.unist.hr\/istrazivanje-u-edukaciji\/wp-content\/uploads\/2022\/05\/pmfstdrs_5-izvjesce-o-istrazivackom-seminaru-i.docx\">PMFSTDRS_5 Izvje\u0161\u0107e o Istra\u017eiva\u010dkom seminaru I<\/a><br \/>\n<a href=\"https:\/\/www.pmfst.unist.hr\/istrazivanje-u-edukaciji\/wp-content\/uploads\/2025\/05\/pmfstdrs_5a-izvjesce-o-istrazivackom-seminaru-ii-8-2-2.docx\">PMFSTDRS_5a Izvje\u0161\u0107e o Istra\u017eiva\u010dkom seminaru II<\/a><br \/>\n<a href=\"https:\/\/www.pmfst.unist.hr\/istrazivanje-u-edukaciji\/wp-content\/uploads\/2025\/05\/pmfstdrs_5b_izvjesce_o_istrazivackom_radu-9-1-4.docx\">PMFSTDRS_5b Izvje\u0161\u0107e o Istra\u017eiva\u010dkom radu<\/a><br \/>\n<a href=\"https:\/\/www.pmfst.unist.hr\/istrazivanje-u-edukaciji\/wp-content\/uploads\/2022\/05\/prijava-za-pokretanje-postupka-prihvacanja-teme-doktorskog-rada-.docx\">PMFSTDRS_6 Prijava za pokretanje postupka prihva\u0107anja teme<\/a><br \/>\n<a href=\"https:\/\/www.pmfst.unist.hr\/istrazivanje-u-edukaciji\/wp-content\/uploads\/2022\/05\/pmfstdrs_7-prijava-teme-doktorskog-rada.docx\">PMFSTDRS_7 Prijava teme doktorskog rada<\/a><br \/>\n<a href=\"https:\/\/www.pmfst.unist.hr\/istrazivanje-u-edukaciji\/wp-content\/uploads\/2022\/05\/izvjesce-o-prihvacanju-ili-odbijanju-teme-doktorskog-rada.docx\">PMFSTDRS_8 Izvje\u0161\u0107e o prihva\u0107anju ili odbijanju teme doktorskog rada<\/a><br \/>\n<a href=\"https:\/\/www.pmfst.unist.hr\/istrazivanje-u-edukaciji\/wp-content\/uploads\/2022\/05\/pmfstdrs_9a-zahtjev-za-promjenu-mentora.docx\">PMFSTDRS_9a Zahtjev za promjenu mentora<\/a><br \/>\n<a href=\"https:\/\/www.pmfst.unist.hr\/istrazivanje-u-edukaciji\/wp-content\/uploads\/2022\/05\/ocitovanje-mentora-o-zahtjevu-za-promjenu-teme-9b.docx\">PMFSTDRS_9b O\u010ditovanje mentora o Zahtjevu za promjenu teme<\/a><br \/>\n<a href=\"https:\/\/www.pmfst.unist.hr\/istrazivanje-u-edukaciji\/wp-content\/uploads\/2022\/05\/9c-ocitovanje-mentora-o-zahtjevu-za-promjenu-mentora.docx\">PMFSTDRS_9c O\u010ditovanje mentora o Zahtjevu za promjenu mentora<\/a><br \/>\n<a href=\"https:\/\/www.pmfst.unist.hr\/istrazivanje-u-edukaciji\/wp-content\/uploads\/2022\/05\/pmfstdrs_9-zahtjev-studenta-za-promjenu-teme.docx\">PMFSTDRS_9 Zahtjev studenta za promjenu teme<\/a><br \/>\n<a href=\"https:\/\/www.pmfst.unist.hr\/istrazivanje-u-edukaciji\/wp-content\/uploads\/2022\/05\/pmfstdrs_10-izvjesce-o-ocjenjivanu-doktorskog-rada.docx\">PMFSTDRS_10 Izvje\u0161\u0107e o ocjenjivanju doktorskog rada<\/a><br \/>\n<a href=\"https:\/\/www.pmfst.unist.hr\/istrazivanje-u-edukaciji\/wp-content\/uploads\/2022\/05\/pmfstdrs_11-zapisnik-s-obrane-doktorskog-rada.docx\">PMFSTDRS_11 Zapisnik s obrane doktorskog rada<\/a><br \/>\n<a href=\"https:\/\/www.pmfst.unist.hr\/istrazivanje-u-edukaciji\/wp-content\/uploads\/2022\/05\/pmfstdrs_p1-protokol-za-obranu-doktorskog-rada.docx\">PMFSTDRS_P1 Protokol za obranu doktorskog rada<\/a><br \/>\n<a href=\"https:\/\/www.pmfst.unist.hr\/istrazivanje-u-edukaciji\/wp-content\/uploads\/2022\/05\/suglasnost-mentora.docx\">PMFSTDRS_SM Suglasnost mentora za pokretanje postupka ocjene i obrane doktorskog rada<\/a><br \/>\n<a href=\"https:\/\/www.pmfst.unist.hr\/istrazivanje-u-edukaciji\/wp-content\/uploads\/2022\/05\/zamolba-1.docx\">Zamolba<\/a><br \/>\n<a href=\"https:\/\/www.pmfst.unist.hr\/istrazivanje-u-edukaciji\/wp-content\/uploads\/2024\/01\/pmfst_obrazac_eticko_povjerenstvo_za_istrazivanja-1.docx\" target=\"_blank\" rel=\"noopener\">PMFST Obrazac eti\u010dko povjerenstvo za istra\u017eivanja<\/a><br \/>\n<a href=\"https:\/\/www.pmfst.unist.hr\/istrazivanje-u-edukaciji\/wp-content\/uploads\/2024\/06\/upute-za-oblikovanje_doktorskog_rada_2024-1.docx\">Upute za oblikovanje doktorskog rada<\/a><\/p>\n<p><strong>STUDIJSKI PROGRAM<\/strong><\/p>\n<ul>\n<li><a href=\"https:\/\/www.pmfst.unist.hr\/istrazivanje-u-edukaciji\/wp-content\/uploads\/2025\/02\/izmjene-i-dopune-elaborata-studeni-2024.pdf\" target=\"_blank\" rel=\"noopener\">Izmjene i dopune Elaborata studija<\/a><\/li>\n<li><a href=\"https:\/\/www.pmfst.unist.hr\/istrazivanje-u-edukaciji\/wp-content\/uploads\/2022\/10\/elaborat-hr-fv_29.6.22_senat_29.9.22_izb.inf_.-nos.kolegija.pdf\" target=\"_blank\" rel=\"noopener\">Elaborat studija<\/a><\/li>\n<\/ul>\n<h4>ARHIVA<\/h4>\n<ul>\n<li><a href=\"https:\/\/www.pmfst.unist.hr\/istrazivanje-u-edukaciji\/wp-content\/uploads\/2020\/07\/elaborat-s-izmjenama-i-dopunama-2020.-proieni-tekst.pdf\">Elaborat studija 2020.<\/a><\/li>\n<li><a href=\"https:\/\/www.pmfst.unist.hr\/istrazivanje-u-edukaciji\/wp-content\/uploads\/2024\/02\/pravilnik-poslijediplomskoga-sveucilisnog-studija-istrazivanje-u-edukaciji-u-podrucju-prirodnih-i-tehnickih-znanosti-2020.pdf\">Pravilnik poslijediplomskoga sveu\u010dili\u0161nog studija Istra\u017eivanje u edukaciji u podru\u010dju prirodnih i tehni\u010dkih znanosti (2020)<\/a><\/li>\n<\/ul>\n[\/vc_column_text][\/vc_tta_section][vc_tta_section title=&#8221;Va\u017ee\u0107a dokumenatcija prije 2020. godine&#8221; tab_id=&#8221;1652953279347-307ce289-f84a&#8221;][vc_column_text css=&#8221;.vc_custom_1653034143173{margin-bottom: 0px !important;}&#8221;]<strong>PRAVILNIK I OSTALI AKTI :<\/strong><\/p>\n<p><a href=\"https:\/\/www.pmfst.unist.hr\/istrazivanje-u-edukaciji\/wp-content\/uploads\/2022\/05\/izmjene-i-dopune-pravilnika2018.pdf\"><strong>Izmjene i dopune <\/strong><strong>Pravilnika poslijediplomskoga sveu\u010dili\u0161nog studija Istra\u017eivanje u edukaciji u podru\u010dju prirodnih i tehni\u010dkih znanosti (19.9.2018.)<\/strong><\/a><\/p>\n<p>&nbsp;<\/p>\n<p><a href=\"https:\/\/www.pmfst.unist.hr\/istrazivanje-u-edukaciji\/wp-content\/uploads\/2022\/05\/pravil1.pdf\">Pravilnik poslijediplomskoga sveu\u010dili\u0161nog studija Istra\u017eivanje u edukaciji u podru\u010dju prirodnih i tehni\u010dkih znanosti (29. 3. 2016.)<\/a><\/p>\n<p><strong>\u00a0<\/strong><\/p>\n<p><strong>OBRASCI I UPUTE<\/strong><\/p>\n<p><a href=\"https:\/\/www.pmfst.unist.hr\/istrazivanje-u-edukaciji\/wp-content\/uploads\/2022\/05\/pmfstdrs_2_godisnje_izvjesce_studenta.docx\">PMFSTDRS_2 Godi\u0161nje izvje\u0161\u0107e studenta<\/a><br \/>\n<a href=\"https:\/\/www.pmfst.unist.hr\/istrazivanje-u-edukaciji\/wp-content\/uploads\/2022\/05\/pmfstdrs_3_godisnje_izvjesce_mentora.docx\">PMFSTDRS_3 Godi\u0161nje izvje\u0161\u0107e mentora<\/a><br \/>\n<a href=\"https:\/\/www.pmfst.unist.hr\/istrazivanje-u-edukaciji\/wp-content\/uploads\/2020\/03\/pmfstdrs_4-prijava-za-polaganje-istrazivackog-seminara-i.docx\">PMFSTDRS_4 Prijava za polaganje Istra\u017eiva\u010dkog seminara I<\/a><br \/>\n<a href=\"https:\/\/www.pmfst.unist.hr\/istrazivanje-u-edukaciji\/wp-content\/uploads\/2022\/05\/pmfstdrs_5_izvjesce_o_istrazivackom_seminaru_i.docx\">PMFSTDRS_5 Izvje\u0161\u0107e o Istra\u017eiva\u010dkom seminaru I<\/a><br \/>\n<a href=\"https:\/\/www.pmfst.unist.hr\/istrazivanje-u-edukaciji\/wp-content\/uploads\/2022\/05\/pmfstdrs_5a_izvjesce_o_istrazivackom_seminaru_ii.docx\">PMFSTDRS_5a Izvje\u0161\u0107e o Istra\u017eiva\u010dkom seminaru II<\/a><br \/>\n<a href=\"https:\/\/www.pmfst.unist.hr\/istrazivanje-u-edukaciji\/wp-content\/uploads\/2022\/05\/pmfstdrs_5b_izvjesce_o_istrazivackom_radu.docx\">PMFSTDRS_5b Izvje\u0161\u0107e o Istra\u017eiva\u010dkom radu<\/a><br \/>\n<a href=\"https:\/\/www.pmfst.unist.hr\/istrazivanje-u-edukaciji\/wp-content\/uploads\/2022\/05\/pmfstdrs_6.docx\">PMFSTDRS_6 Prijava za pokretanje postupka prihva\u0107anja teme<\/a><br \/>\n<a href=\"https:\/\/www.pmfst.unist.hr\/istrazivanje-u-edukaciji\/wp-content\/uploads\/2022\/05\/pmfstdrs_7_prijava_teme_doktorskog_rada.docx\">PMFSTDRS_7 Prijava teme doktorskog rada<\/a><br \/>\n<a href=\"https:\/\/www.pmfst.unist.hr\/istrazivanje-u-edukaciji\/wp-content\/uploads\/2022\/05\/pmfstdrs_8.docx\">PMFSTDRS_8 Izvje\u0161\u0107e o prihva\u0107anju ili odbijanju teme doktorskog rada<\/a><br \/>\n<a href=\"https:\/\/www.pmfst.unist.hr\/istrazivanje-u-edukaciji\/wp-content\/uploads\/2022\/05\/pmfstdrs_9_zahtjev_studenta_za_promjenu_teme.docx\">PMFSTDRS_9a Zahtjev za promjenu mentora<\/a><br \/>\n<a href=\"https:\/\/www.pmfst.unist.hr\/istrazivanje-u-edukaciji\/wp-content\/uploads\/2022\/05\/pmfstdrs_9b.docx\">PMFSTDRS_9b O\u010ditovanje mentora o Zahtjevu za promjenu teme<\/a><br \/>\n<a href=\"https:\/\/www.pmfst.unist.hr\/istrazivanje-u-edukaciji\/wp-content\/uploads\/2022\/05\/pmfstdrs_9c.docx\">PMFSTDRS_9c O\u010ditovanje mentora o Zahtjevu za promjenu mentora<\/a><br \/>\n<a href=\"https:\/\/www.pmfst.unist.hr\/istrazivanje-u-edukaciji\/wp-content\/uploads\/2022\/05\/pmfstdrs_9_zahtjev_studenta_za_promjenu_teme.docx\">PMFSTDRS_9 Zahtjev studenta za promjenu teme<\/a><br \/>\n<a href=\"https:\/\/www.pmfst.unist.hr\/istrazivanje-u-edukaciji\/wp-content\/uploads\/2022\/05\/pmfstdrs_10_izvjesce_o_ocjenjivanu_doktorskog_rada.docx\">PMFSTDRS_10 Izvje\u0161\u0107e o ocjenjivanju doktorskog rada<\/a><br \/>\n<a href=\"https:\/\/www.pmfst.unist.hr\/istrazivanje-u-edukaciji\/wp-content\/uploads\/2022\/05\/pmfstdrs_11_zapisnik_s_obrane_doktorskog_rada.docx\">PMFSTDRS_11 Zapisnik s obrane doktorskog rada<\/a><br \/>\n<a href=\"https:\/\/www.pmfst.unist.hr\/istrazivanje-u-edukaciji\/wp-content\/uploads\/2022\/05\/pmfstdrs_p1_protokol_za_obranu_doktorskog_rada.docx\">PMFSTDRS_P1 Protokol za obranu doktorskog rada<\/a><br \/>\n<a href=\"https:\/\/www.pmfst.unist.hr\/istrazivanje-u-edukaciji\/wp-content\/uploads\/2022\/05\/pmfstdrs_sm.docx\">PMFSTDRS_SM Suglasnost mentora za pokretanje postupka ocjene i obrane doktorskog rada<\/a><br \/>\n<a href=\"https:\/\/www.pmfst.unist.hr\/istrazivanje-u-edukaciji\/wp-content\/uploads\/2022\/05\/zamolba-1.docx\">Zamolba<\/a><br \/>\n<a href=\"https:\/\/www.pmfst.unist.hr\/istrazivanje-u-edukaciji\/wp-content\/uploads\/2022\/05\/upute-za-oblikovanje_doktorskog_rada.pdf\">Upute za oblikovanje doktorskog rada<\/a>[\/vc_column_text][\/vc_tta_section][\/vc_tta_accordion][\/vc_column][\/vc_row]\n<\/div>","protected":false},"excerpt":{"rendered":"<p>[vc_row][vc_column][\/vc_column][\/vc_row][vc_row][vc_column][vc_tta_accordion style=&#8221;flat&#8221; shape=&#8221;square&#8221; color=&#8221;chino&#8221; c_icon=&#8221;chevron&#8221; active_section=&#8221;1&#8243; no_fill=&#8221;true&#8221; collapsible_all=&#8221;true&#8221;][vc_tta_section title=&#8221;Va\u017ee\u0107a dokumenatcija od 2020. godine&#8221; tab_id=&#8221;1652953279340-3a3ccc4d-bcf5&#8243;][vc_column_text css=&#8221;.vc_custom_1747227717999{margin-bottom: 0px !important;}&#8221;]PRAVILNIK I OSTALI AKTI : Pravilnik poslijediplomskoga sveu\u010dili\u0161nog studija Istra\u017eivanje u edukaciji u podru\u010dju prirodnih i tehni\u010dkih znanosti (2023) OBRASCI I UPUTE PMFSTDRS_1 Obrazac prijave na natje\u010daj PMFSTDRS_2 Godi\u0161nje izvje\u0161\u0107e studenta PMFSTDRS_3 Godi\u0161nje izvje\u0161\u0107e mentora PMFSTDRS_4 Prijava za polaganje [&hellip;]<\/p>\n","protected":false},"author":1,"featured_media":0,"parent":0,"menu_order":0,"comment_status":"closed","ping_status":"closed","template":"","meta":{"footnotes":""},"class_list":["post-98","page","type-page","status-publish","hentry"],"_links":{"self":[{"href":"https:\/\/www.pmfst.unist.hr\/istrazivanje-u-edukaciji\/wp-json\/wp\/v2\/pages\/98","targetHints":{"allow":["GET"]}}],"collection":[{"href":"https:\/\/www.pmfst.unist.hr\/istrazivanje-u-edukaciji\/wp-json\/wp\/v2\/pages"}],"about":[{"href":"https:\/\/www.pmfst.unist.hr\/istrazivanje-u-edukaciji\/wp-json\/wp\/v2\/types\/page"}],"author":[{"embeddable":true,"href":"https:\/\/www.pmfst.unist.hr\/istrazivanje-u-edukaciji\/wp-json\/wp\/v2\/users\/1"}],"replies":[{"embeddable":true,"href":"https:\/\/www.pmfst.unist.hr\/istrazivanje-u-edukaciji\/wp-json\/wp\/v2\/comments?post=98"}],"version-history":[{"count":69,"href":"https:\/\/www.pmfst.unist.hr\/istrazivanje-u-edukaciji\/wp-json\/wp\/v2\/pages\/98\/revisions"}],"predecessor-version":[{"id":976,"href":"https:\/\/www.pmfst.unist.hr\/istrazivanje-u-edukaciji\/wp-json\/wp\/v2\/pages\/98\/revisions\/976"}],"wp:attachment":[{"href":"https:\/\/www.pmfst.unist.hr\/istrazivanje-u-edukaciji\/wp-json\/wp\/v2\/media?parent=98"}],"curies":[{"name":"wp","href":"https:\/\/api.w.org\/{rel}","templated":true}]}}