{"id":11443,"date":"2019-04-17T11:06:02","date_gmt":"2019-04-17T09:06:02","guid":{"rendered":"https:\/\/www.pmfst.unist.hr\/odjel-za-biologiju\/?page_id=11443"},"modified":"2019-05-10T10:47:53","modified_gmt":"2019-05-10T08:47:53","slug":"festival-znanosti","status":"publish","type":"page","link":"https:\/\/www.pmfst.unist.hr\/odjel-za-biologiju\/festival-znanosti\/","title":{"rendered":"Festival znanosti"},"content":{"rendered":"<div class=\"wpb-content-wrapper\">[vc_row][vc_column][vc_tabs][vc_tab title=&#8221;2019&#8243; tab_id=&#8221;1555492086-1-85&#8243;][vc_row_inner][vc_column_inner][vc_empty_space][vc_column_text css=&#8221;.vc_custom_1555492154074{margin-bottom: 0px !important;}&#8221;]\n<h4 style=\"text-align: center;\">Tajne zelene boje<\/h4>\n<p>Zelena boja asocira na prirodu, \u017eivot, snagu, obnavljanje, prolje\u0107e. Zeleno je boja biljnog carstva. Zelena su \u010dudna i nepoznata bi\u0107a \u2013 mali zeleni s drugih planeta. Zelena je boja lovaca zbog povezanosti sa \u0161umom i prikrivanja u njoj. U Smaragdnom gradu \u010carobnjaka iz Oza svi nose zeleno obojene nao\u010dale kako bi svijet oko sebe vidjeli zeleno. Zelena je boja ekologije i zdravlja. Na radionici \u201e<em>Tajne zelene boje<\/em>\u201c u\u010denici su upoznali zeleni pigment klorofil, zelene kloroplaste,\u00a0 zelenog kukca, zelene alge, bojali zelenu bojanku.. Studentice Biologije i kemije Natali Mili\u0107 i Nikolina Kanjer, uz mentorstvo doc. dr. sc. Elme Vuko, vodile su djecu kroz zeleno obojeni svijet i do\u010darale im \u0161to sve u zelenoj boji vide biolozi.<\/p>\n[\/vc_column_text][mk_gallery images=&#8221;11458,11456,11457,11455,11454,11453,11452,11451,11449,11450,11448,11447,11446,11445&#8243; column=&#8221;4&#8243; height=&#8221;200&#8243; hover_scenarios=&#8221;slow_zoom&#8221; frame_style=&#8221;gray_border&#8221; orderby=&#8221;title&#8221;][vc_separator color=&#8221;mulled_wine&#8221; style=&#8221;shadow&#8221; border_width=&#8221;3&#8243;][\/vc_column_inner][\/vc_row_inner][vc_row_inner][vc_column_inner][vc_empty_space][vc_column_text css=&#8221;.vc_custom_1555492524072{margin-bottom: 0px !important;}&#8221;]\n<h4 style=\"text-align: center;\">\u010caroban svijet biljnih boja<\/h4>\n<p>Najva\u017enija tvornica na Zemlji zelene je boje. Za\u0161to? Jesenja boja li\u0161\u0107a o\u010darava, ali i podsje\u0107a na prolaznost. A gdje je nestala zelena boja? Naran\u010dasta mrkva, crvena raj\u010dica, modro gro\u017e\u0111e, zelena salata, crveni kupus&#8230;namirnice su koje \u010duvaju zdravlje. Za\u0161to je obojeno zdravo? Ove i mnoge druge zanimljivosti u\u010denici su doznali na \u0161arenoj radionici \u201e<em>\u010caroban svijet biljnih boja\u201c <\/em>\u00a0koju su odr\u017eali studenti i studentice Biologije i kemije: Ivan Bla\u017eevi\u0107, Karla Radojkovi\u0107,\u00a0 Laura Kuri\u0107, Marko Para\u0111ina i Lea Maduni\u0107 uz mentorstvo doc. dr. sc. Elme Vuko. Na zelenom, naran\u010dastom, crvenom i ljubi\u010dastom stolu uz mno\u0161tvo zanimljivosti i osvje\u017eenje zdravim smoothijima, biologija je predstavljena kao \u010dudesan svijet boja koje priroda koristi u svoj njihovoj rasko\u0161i, a nama velikodu\u0161no nudi ljepotu i zdravlje, samo trebamo stati i prepoznati&#8230;<\/p>\n[\/vc_column_text][mk_gallery images=&#8221;11484,11485,11486,11487,11488,11489,11490,11491,11492,11493,11494&#8243; column=&#8221;4&#8243; height=&#8221;200&#8243; hover_scenarios=&#8221;slow_zoom&#8221; frame_style=&#8221;gray_border&#8221; orderby=&#8221;title&#8221;][vc_separator color=&#8221;mulled_wine&#8221; style=&#8221;shadow&#8221; border_width=&#8221;3&#8243;][\/vc_column_inner][\/vc_row_inner][\/vc_tab][vc_tab title=&#8221;2018&#8243; tab_id=&#8221;1555492362221-1-4&#8243;][vc_row_inner][vc_column_inner][vc_empty_space][vc_column_text css=&#8221;.vc_custom_1557476460795{margin-bottom: 0px !important;}&#8221;]\n<h4 style=\"text-align: center;\">OD PLUTA DO STANICE<\/h4>\n<p>Za velika otkri\u0107a ponekad je potrebno postaviti jednostavno pitanje poput onog: Za\u0161to pluto pliva na vodi? Ba\u0161 ovo se zapitao Robert Hook u 17. st. i to ga je dovelo do otkri\u0107a stanice &#8211; osnovne strukturne jedinice u gra\u0111i svih \u017eivih bi\u0107a. Radionica Od pluta do stanice je u\u010denike povela na putovanje u biljni i \u017eivotinjski svijet na razini stanice. Od mrtvih stanica pluta do \u017eivih biljnih stanica, od najjednostavnijih oblika \u017eivota do slo\u017eenih vi\u0161estani\u010dnih organizma, u vidnom polju mikroskopa u\u010denici su otkrili \u010daroliju koju kriju stanice i oku nevidljivi \u017eivi svijet. Radionicu su organizirale doc. dr. sc. Elma Vuko i doc. dr. sc. Antonela Paladin te studenti smjera Biologija i Kemija te Nutricionizam.[\/vc_column_text][mk_gallery images=&#8221;11559,11561,11563,11565,11567,11569,11571,11573,11575,11577,11579,11581,11583,11585,11587,11589,11591&#8243; column=&#8221;4&#8243; height=&#8221;200&#8243; hover_scenarios=&#8221;slow_zoom&#8221; frame_style=&#8221;gray_border&#8221; orderby=&#8221;title&#8221;][vc_separator color=&#8221;mulled_wine&#8221; style=&#8221;shadow&#8221; border_width=&#8221;3&#8243;][\/vc_column_inner][\/vc_row_inner][\/vc_tab][vc_tab title=&#8221;2017&#8243; tab_id=&#8221;1557477062052-2-7&#8243;][vc_row_inner][vc_column_inner][vc_empty_space][vc_column_text css=&#8221;.vc_custom_1557477154244{margin-bottom: 0px !important;}&#8221;]\n<h4 style=\"text-align: center;\">BILJKE ZA SVA VREMENA<\/h4>\n<p>Za\u010dinske i aromati\u010dne biljke bogatstvo su prirode i neizostavni dio mediteranske kuhinje. Zbog svojih ljekovitih svojstava primjenjuju se u farmakobotanici i narodnoj medicini, \u010dime su zaslu\u017eile naziv \u201ebiljke za sva vremena\u201c. Lon\u010di\u0107i s biljkama, mikroskopski preparati i zadana kri\u017ealjka otkrili su brojne zanimljivosti o maslini, ru\u017emarinu, kadulji, bosiljku, maj\u010dinoj du\u0161ici, origanu, lovoru, menti, smilju i drugim biljkama. Radionicu Biljke za sva vremena organizirale su prof.dr.sc. Valerija Dunki\u0107 i doc.dr.sc. Elma Vuko i studenti prve godine smjera Biologija i Kemija te Nutricionizam.[\/vc_column_text][mk_gallery images=&#8221;11596,11598,11600,11602,11604,11606,11608,11610,11612,11614,11616,11618,11620,11622,11624,11626,11628,11630,11632,11634,11636,11638,11640,11642,11644&#8243; column=&#8221;4&#8243; height=&#8221;200&#8243; hover_scenarios=&#8221;slow_zoom&#8221; frame_style=&#8221;gray_border&#8221; orderby=&#8221;title&#8221;][vc_separator color=&#8221;mulled_wine&#8221; style=&#8221;shadow&#8221; border_width=&#8221;3&#8243;][\/vc_column_inner][\/vc_row_inner][vc_row_inner][vc_column_inner][vc_empty_space][vc_column_text css=&#8221;.vc_custom_1557477959239{margin-bottom: 0px !important;}&#8221;]\n<h4 style=\"text-align: center;\">VREMEPLOV ODJELA ZA BIOLOGIJU<\/h4>\n<p>Izlo\u017eba Vremeplov Odjela za biologiju odvela nas je u potragu za zaboravljenom znanstvenom i nastavnom opremom koja je bila neizostavan dio nekada\u0161njeg znanstveno-istra\u017eiva\u010dkog rada i nastavnog procesa, a danas je podsjetnik na vremena i ljude koji su na\u0161 Odjel u\u010dinili onim \u0161to smo danas..Arhiva Odjela za biologiju izronila je na svjetlo dana iz na\u0161ih ormara prilikom preseljenje iz prostora u Teslinoj ulici u novu zgradu Tri fakulteta u kojoj smo danas. O\u010darani patinastom ljepotom starih knjiga i studentskih bilje\u017enica, prvih mikroskopa, prepariranih \u017eivotinja i herbariziranih biljaka, organizirali smo izlo\u017ebu s namjerom da prika\u017eemo biologiju kakva je bila nekad, a njeno inspirativno bogatstvo sa\u010duvamo od zaborava vremena. Izlo\u017ebu su postavile doc. dr. sc. Elma Vuko i stru\u010dna suradnica Snje\u017eana Topi\u0107.[\/vc_column_text][mk_gallery images=&#8221;11647,11649,11651,11653,11655,11657,11659,11661,11663,11665,11667,11669,11671,11673,11675,11677&#8243; column=&#8221;4&#8243; height=&#8221;200&#8243; hover_scenarios=&#8221;slow_zoom&#8221; frame_style=&#8221;gray_border&#8221; orderby=&#8221;title&#8221;][vc_separator color=&#8221;mulled_wine&#8221; style=&#8221;shadow&#8221; border_width=&#8221;3&#8243;][\/vc_column_inner][\/vc_row_inner][\/vc_tab][\/vc_tabs][\/vc_column][\/vc_row]\n<\/div>","protected":false},"excerpt":{"rendered":"<p>[vc_row][vc_column][vc_tabs][vc_tab title=&#8221;2019&#8243; tab_id=&#8221;1555492086-1-85&#8243;][vc_row_inner][vc_column_inner][vc_empty_space][vc_column_text css=&#8221;.vc_custom_1555492154074{margin-bottom: 0px !important;}&#8221;] Tajne zelene boje Zelena boja asocira na prirodu, \u017eivot, snagu, obnavljanje, prolje\u0107e. Zeleno je boja biljnog carstva. Zelena su \u010dudna i nepoznata bi\u0107a \u2013 mali zeleni s drugih planeta. Zelena je boja lovaca zbog povezanosti sa \u0161umom i prikrivanja u njoj. U Smaragdnom gradu \u010carobnjaka iz Oza svi nose [&hellip;]<\/p>\n","protected":false},"author":1,"featured_media":0,"parent":0,"menu_order":0,"comment_status":"closed","ping_status":"closed","template":"","meta":{"_acf_changed":false,"rs_blank_template":"","rs_page_bg_color":"","slide_template_v7":"","footnotes":""},"class_list":["post-11443","page","type-page","status-publish","hentry"],"acf":[],"yoast_head":"<!-- This site is optimized with the Yoast SEO plugin v27.4 - https:\/\/yoast.com\/product\/yoast-seo-wordpress\/ -->\n<title>Festival znanosti - Odjel za biologiju - PMF Split<\/title>\n<meta name=\"robots\" content=\"index, follow, max-snippet:-1, max-image-preview:large, max-video-preview:-1\" \/>\n<link rel=\"canonical\" href=\"https:\/\/www.pmfst.unist.hr\/odjel-za-biologiju\/festival-znanosti\/\" \/>\n<meta property=\"og:locale\" content=\"hr_HR\" \/>\n<meta property=\"og:type\" content=\"article\" \/>\n<meta property=\"og:title\" content=\"Festival znanosti - Odjel za biologiju - PMF Split\" \/>\n<meta property=\"og:description\" content=\"[vc_row][vc_column][vc_tabs][vc_tab title=&#8221;2019&#8243; tab_id=&#8221;1555492086-1-85&#8243;][vc_row_inner][vc_column_inner][vc_empty_space][vc_column_text css=&#8221;.vc_custom_1555492154074{margin-bottom: 0px !important;}&#8221;] Tajne zelene boje Zelena boja asocira na prirodu, \u017eivot, snagu, obnavljanje, prolje\u0107e. Zeleno je boja biljnog carstva. Zelena su \u010dudna i nepoznata bi\u0107a \u2013 mali zeleni s drugih planeta. Zelena je boja lovaca zbog povezanosti sa \u0161umom i prikrivanja u njoj. U Smaragdnom gradu \u010carobnjaka iz Oza svi nose [&hellip;]\" \/>\n<meta property=\"og:url\" content=\"https:\/\/www.pmfst.unist.hr\/odjel-za-biologiju\/festival-znanosti\/\" \/>\n<meta property=\"og:site_name\" content=\"Odjel za biologiju - PMF Split\" \/>\n<meta property=\"article:modified_time\" content=\"2019-05-10T08:47:53+00:00\" \/>\n<meta name=\"twitter:card\" content=\"summary_large_image\" \/>\n<meta name=\"twitter:label1\" content=\"Procijenjeno vrijeme \u010ditanja\" \/>\n\t<meta name=\"twitter:data1\" content=\"5 minuta\" \/>\n<script type=\"application\/ld+json\" class=\"yoast-schema-graph\">{\"@context\":\"https:\\\/\\\/schema.org\",\"@graph\":[{\"@type\":\"WebPage\",\"@id\":\"https:\\\/\\\/www.pmfst.unist.hr\\\/odjel-za-biologiju\\\/festival-znanosti\\\/\",\"url\":\"https:\\\/\\\/www.pmfst.unist.hr\\\/odjel-za-biologiju\\\/festival-znanosti\\\/\",\"name\":\"Festival znanosti - Odjel za biologiju - PMF Split\",\"isPartOf\":{\"@id\":\"https:\\\/\\\/www.pmfst.unist.hr\\\/odjel-za-biologiju\\\/#website\"},\"datePublished\":\"2019-04-17T09:06:02+00:00\",\"dateModified\":\"2019-05-10T08:47:53+00:00\",\"breadcrumb\":{\"@id\":\"https:\\\/\\\/www.pmfst.unist.hr\\\/odjel-za-biologiju\\\/festival-znanosti\\\/#breadcrumb\"},\"inLanguage\":\"hr\",\"potentialAction\":[{\"@type\":\"ReadAction\",\"target\":[\"https:\\\/\\\/www.pmfst.unist.hr\\\/odjel-za-biologiju\\\/festival-znanosti\\\/\"]}]},{\"@type\":\"BreadcrumbList\",\"@id\":\"https:\\\/\\\/www.pmfst.unist.hr\\\/odjel-za-biologiju\\\/festival-znanosti\\\/#breadcrumb\",\"itemListElement\":[{\"@type\":\"ListItem\",\"position\":1,\"name\":\"Po\u010detna stranica\",\"item\":\"https:\\\/\\\/www.pmfst.unist.hr\\\/odjel-za-biologiju\\\/\"},{\"@type\":\"ListItem\",\"position\":2,\"name\":\"Festival znanosti\"}]},{\"@type\":\"WebSite\",\"@id\":\"https:\\\/\\\/www.pmfst.unist.hr\\\/odjel-za-biologiju\\\/#website\",\"url\":\"https:\\\/\\\/www.pmfst.unist.hr\\\/odjel-za-biologiju\\\/\",\"name\":\"Odjel za biologiju - PMF Split\",\"description\":\"Web stranica odjela za bilogiju PMF-a Split\",\"potentialAction\":[{\"@type\":\"SearchAction\",\"target\":{\"@type\":\"EntryPoint\",\"urlTemplate\":\"https:\\\/\\\/www.pmfst.unist.hr\\\/odjel-za-biologiju\\\/?s={search_term_string}\"},\"query-input\":{\"@type\":\"PropertyValueSpecification\",\"valueRequired\":true,\"valueName\":\"search_term_string\"}}],\"inLanguage\":\"hr\"}]}<\/script>\n<!-- \/ Yoast SEO plugin. -->","yoast_head_json":{"title":"Festival znanosti - Odjel za biologiju - PMF Split","robots":{"index":"index","follow":"follow","max-snippet":"max-snippet:-1","max-image-preview":"max-image-preview:large","max-video-preview":"max-video-preview:-1"},"canonical":"https:\/\/www.pmfst.unist.hr\/odjel-za-biologiju\/festival-znanosti\/","og_locale":"hr_HR","og_type":"article","og_title":"Festival znanosti - Odjel za biologiju - PMF Split","og_description":"[vc_row][vc_column][vc_tabs][vc_tab title=&#8221;2019&#8243; tab_id=&#8221;1555492086-1-85&#8243;][vc_row_inner][vc_column_inner][vc_empty_space][vc_column_text css=&#8221;.vc_custom_1555492154074{margin-bottom: 0px !important;}&#8221;] Tajne zelene boje Zelena boja asocira na prirodu, \u017eivot, snagu, obnavljanje, prolje\u0107e. Zeleno je boja biljnog carstva. Zelena su \u010dudna i nepoznata bi\u0107a \u2013 mali zeleni s drugih planeta. Zelena je boja lovaca zbog povezanosti sa \u0161umom i prikrivanja u njoj. U Smaragdnom gradu \u010carobnjaka iz Oza svi nose [&hellip;]","og_url":"https:\/\/www.pmfst.unist.hr\/odjel-za-biologiju\/festival-znanosti\/","og_site_name":"Odjel za biologiju - PMF Split","article_modified_time":"2019-05-10T08:47:53+00:00","twitter_card":"summary_large_image","twitter_misc":{"Procijenjeno vrijeme \u010ditanja":"5 minuta"},"schema":{"@context":"https:\/\/schema.org","@graph":[{"@type":"WebPage","@id":"https:\/\/www.pmfst.unist.hr\/odjel-za-biologiju\/festival-znanosti\/","url":"https:\/\/www.pmfst.unist.hr\/odjel-za-biologiju\/festival-znanosti\/","name":"Festival znanosti - Odjel za biologiju - PMF Split","isPartOf":{"@id":"https:\/\/www.pmfst.unist.hr\/odjel-za-biologiju\/#website"},"datePublished":"2019-04-17T09:06:02+00:00","dateModified":"2019-05-10T08:47:53+00:00","breadcrumb":{"@id":"https:\/\/www.pmfst.unist.hr\/odjel-za-biologiju\/festival-znanosti\/#breadcrumb"},"inLanguage":"hr","potentialAction":[{"@type":"ReadAction","target":["https:\/\/www.pmfst.unist.hr\/odjel-za-biologiju\/festival-znanosti\/"]}]},{"@type":"BreadcrumbList","@id":"https:\/\/www.pmfst.unist.hr\/odjel-za-biologiju\/festival-znanosti\/#breadcrumb","itemListElement":[{"@type":"ListItem","position":1,"name":"Po\u010detna stranica","item":"https:\/\/www.pmfst.unist.hr\/odjel-za-biologiju\/"},{"@type":"ListItem","position":2,"name":"Festival znanosti"}]},{"@type":"WebSite","@id":"https:\/\/www.pmfst.unist.hr\/odjel-za-biologiju\/#website","url":"https:\/\/www.pmfst.unist.hr\/odjel-za-biologiju\/","name":"Odjel za biologiju - PMF Split","description":"Web stranica odjela za bilogiju PMF-a Split","potentialAction":[{"@type":"SearchAction","target":{"@type":"EntryPoint","urlTemplate":"https:\/\/www.pmfst.unist.hr\/odjel-za-biologiju\/?s={search_term_string}"},"query-input":{"@type":"PropertyValueSpecification","valueRequired":true,"valueName":"search_term_string"}}],"inLanguage":"hr"}]}},"_links":{"self":[{"href":"https:\/\/www.pmfst.unist.hr\/odjel-za-biologiju\/wp-json\/wp\/v2\/pages\/11443","targetHints":{"allow":["GET"]}}],"collection":[{"href":"https:\/\/www.pmfst.unist.hr\/odjel-za-biologiju\/wp-json\/wp\/v2\/pages"}],"about":[{"href":"https:\/\/www.pmfst.unist.hr\/odjel-za-biologiju\/wp-json\/wp\/v2\/types\/page"}],"author":[{"embeddable":true,"href":"https:\/\/www.pmfst.unist.hr\/odjel-za-biologiju\/wp-json\/wp\/v2\/users\/1"}],"replies":[{"embeddable":true,"href":"https:\/\/www.pmfst.unist.hr\/odjel-za-biologiju\/wp-json\/wp\/v2\/comments?post=11443"}],"version-history":[{"count":0,"href":"https:\/\/www.pmfst.unist.hr\/odjel-za-biologiju\/wp-json\/wp\/v2\/pages\/11443\/revisions"}],"wp:attachment":[{"href":"https:\/\/www.pmfst.unist.hr\/odjel-za-biologiju\/wp-json\/wp\/v2\/media?parent=11443"}],"curies":[{"name":"wp","href":"https:\/\/api.w.org\/{rel}","templated":true}]}}