{"id":11747,"date":"2019-07-21T09:11:26","date_gmt":"2019-07-21T07:11:26","guid":{"rendered":"https:\/\/www.pmfst.unist.hr\/odjel-za-biologiju\/?page_id=11747"},"modified":"2019-08-28T12:04:07","modified_gmt":"2019-08-28T10:04:07","slug":"radionice-i-edukacije","status":"publish","type":"page","link":"https:\/\/www.pmfst.unist.hr\/odjel-za-biologiju\/radionice-i-edukacije\/","title":{"rendered":"Radionice i edukacije"},"content":{"rendered":"<div class=\"wpb-content-wrapper\">[mk_page_section][vc_column][vc_column_text css=&#8221;.vc_custom_1566986301092{margin-bottom: 0px !important;}&#8221;]\n<h4 style=\"text-align: center;\">Prva strana studentica zavr\u0161ila tromjese\u010dnu stru\u010dnu praksu na Odjelu za Biologiju PMF-a Split<\/h4>\n<p>Mathilde Gerault, studentica 3 godine studija <em>Engineering and health science: Biology and health systems,<\/em> sa Sveu\u010dili\u0161ta Angers, u Angersu u Francuskoj, boravila je u Laboratoriju za genetiku i molekularnu biologiju, od 2. svibnja do 2. kolovoza 2019. godine i odradila svoju stru\u010dnu praksu. Tema njezinog znanstveno-istra\u017eiva\u010dkog projekta bila je <em>Kloniranje i mapiranje satelitskih sekvenci u vrsta roda Allium<\/em>, a izradila ga je pod mentorskim vodstvom prof. dr. sc. Jasne Puizine. Studentici su u radu pomagali doc. dr. sc. Ivica \u0160amani\u0107 i doc. dr. sc. \u017deljana Fredotovi\u0107.[\/vc_column_text][mk_gallery images=&#8221;11774,11777,11770,11768&#8243; column=&#8221;4&#8243; height=&#8221;300&#8243;][vc_empty_space][vc_separator color=&#8221;mulled_wine&#8221; style=&#8221;shadow&#8221; border_width=&#8221;2&#8243;][\/vc_column][\/mk_page_section][mk_page_section][vc_column][vc_column_text css=&#8221;.vc_custom_1566986501017{margin-bottom: 0px !important;}&#8221;]\n<h4 style=\"text-align: center;\">Odr\u017eana radionica iz proteomike \u201e2D Oxi-DIGE\u201c<\/h4>\n<p>Znanstvenici s Odjela za biologiju i Odjela za kemiju Prirodoslovno-matemati\u010dkog fakulteta Sveu\u010dili\u0161ta u Splitu sudjelovali su 5. i 6. velja\u010de na dvodnevnoj radionici iz proteomike \u201e2D Oxi-DIGE\u201c, koju je vodila dr. sc. Sanja Radman s MedILS-a.<\/p>\n<p>Proteini su uklju\u010deni u klju\u010dne stani\u010dne funkcije, a na\u0161e zdravlje ovise o njihovoj kvaliteti. Akumulacija o\u0161te\u0107enih proteina obilje\u017eje je \u0161tetnih stani\u010dnih procesa kao \u0161to su pove\u0107ani oksidativni stres, kroni\u010dne upale, starenje i bolesti povezane s dobi. Stoga se pra\u0107enje oksidiranih proteina koristi kao biomarker biolo\u0161kog starenja kao i djelotvornosti antioksidativnih, protuupalnih i anti-age terapija.<\/p>\n<p>Jedna od novijih tehnologija proteomike, nazvana 2D Oxi-DIGE, omogu\u0107ava zna\u010dajno pobolj\u0161anje u smislu specifi\u010dnosti, reproducibilnosti i statisti\u010dke potpore proteomskoj analizi oksidiranih proteina. U 2D Oxi-DIGE, specifi\u010dne fluorescentne sonde specifi\u010dno se ve\u017eu za karbonilne skupine u proteinima. Kontrolni i eksperimentalni uzorci obilje\u017eavaju se s dvije razli\u010dite fluorescentne sonde koji fluoresciraju svjetlo na razli\u010ditim valnim duljinama, proizvode\u0107i fluorescenciju razli\u010ditih boja. Tako se uzorci iz razli\u010ditih eksperimentalnih skupina zajedno razdvajaju na jednom 2D (dvodimenzionalnom) gelu. Identificiraju se razli\u010dita mjesta (proteini) koji se mogu identificirati masenom spektrometrijom i drugim naknadnim analizama.[\/vc_column_text][vc_single_image image=&#8221;11781&#8243; img_size=&#8221;full&#8221; alignment=&#8221;center&#8221;][vc_column_text align=&#8221;center&#8221; css=&#8221;.vc_custom_1566986598377{margin-bottom: 0px !important;}&#8221;]Sudionici radionice s PMF-a: \u017deljana Fredotovi\u0107, Barbara Soldo, Ivica \u0160amani\u0107, Nives Kevi\u0107, Matilda \u0160prung, Jasna Puizina i sudionici radionice s MedILS-a: Sanda Rai\u0107, Sanja Radman[\/vc_column_text][vc_empty_space][vc_separator color=&#8221;mulled_wine&#8221; style=&#8221;shadow&#8221; border_width=&#8221;2&#8243;][\/vc_column][\/mk_page_section][vc_row][vc_column][vc_column_text css=&#8221;.vc_custom_1566986125956{margin-bottom: 0px !important;}&#8221;]\n<h3 style=\"text-align: center;\">Na Katedri za molekularnu biologiju i genetiku \u00a0odr\u017eana radionica <em>&#8216;Genetika kvasca&#8217;<\/em><\/h3>\n<p>&nbsp;<\/p>\n<p>Na Katedri za molekularnu biologiju i genetiku, Odjela za biologiju, PMF-a u Splitu od 10. do 17. srpnja 2019. godine odr\u017eana je radionica <em>\u201eGenetika kvasca\u201c <\/em>namijenjena djelatnicima Katedre i Odjela. Voditeljica radionice bila je dr. sc. dr.sc. Tamare Milo\u0161evi\u0107, ujedno predsjednica francuske udruge Rhizome Association. Sudjelovali su nastavnici prof. dr. sc. Jasna Puizina, doc. dr. sc. Ivica \u0161amani\u0107 i doc. dr. sc. \u017deljana Fredotovi\u0107.<\/p>\n<p>Pekarski kvasac, <em>Saccharomyces cerevisiae<\/em>, je vrlo popularan eksperimentalni organizam. Uspjeh kvasca kao modelnog organizma za eukariotska istra\u017eivanja posljedica je jednostavnosti genetske manipulacije i u\u010dinkovitosti transformacije kvasca u usporedbi s drugim organizmima.<\/p>\n<p>Danas se kvasac u velikoj mjeri koristi ne samo za fermentaciju, biolo\u0161ka i biomedicinska istra\u017eivanja, ve\u0107 slu\u017ei i kao tvornica stanica za proizvodnju cjepiva, hormona, enzima, bioetanola i mnogih drugih proizvoda.<\/p>\n<p>U intenzivnom tjednu radionice sudionici su, izme\u0111u ostalog, usvojili vje\u0161tine nacijepljivanja kvasca na bogatim i sporulacijskim podlogama, rada na genetickom simulatoru MIT StarGenetics, disekcije tetrada na mikromanipulatoru te upotrebe SDG Yeast Genome Database i analize fenotipova.[\/vc_column_text][\/vc_column][\/vc_row][vc_row][vc_column width=&#8221;1\/6&#8243;][\/vc_column][vc_column width=&#8221;2\/3&#8243;][vc_single_image image=&#8221;11748&#8243; img_size=&#8221;full&#8221; onclick=&#8221;link_image&#8221;][vc_column_text css=&#8221;.vc_custom_1563693200998{margin-bottom: 0px !important;}&#8221;]\n<blockquote><p>Sudionici radionice &#8216;Genetika kvasaca&#8217; s lijeva na desno. dr. sc. Tamara Milo\u0161evi\u0107, voditeljica radionice i djelatnici Katedre za genetiku i molekularnu biologiju PMF-a u Splitu: prof. dr. sc. Jasna Puizina, doc. dr. sc. \u017deljana Fredotovi\u0107, doc. dr. sc. Ivica \u0160amani\u0107<\/p><\/blockquote>\n[\/vc_column_text][\/vc_column][vc_column width=&#8221;1\/6&#8243;][\/vc_column][\/vc_row][vc_row][vc_column][mk_gallery images=&#8221;11750,11752,11754,11756,11758,11760,11762&#8243; height=&#8221;300&#8243;][\/vc_column][\/vc_row]\n<\/div>","protected":false},"excerpt":{"rendered":"<p>[mk_page_section][vc_column][vc_column_text css=&#8221;.vc_custom_1566986301092{margin-bottom: 0px !important;}&#8221;] Prva strana studentica zavr\u0161ila tromjese\u010dnu stru\u010dnu praksu na Odjelu za Biologiju PMF-a Split Mathilde Gerault, studentica 3 godine studija Engineering and health science: Biology and health systems, sa Sveu\u010dili\u0161ta Angers, u Angersu u Francuskoj, boravila je u Laboratoriju za genetiku i molekularnu biologiju, od 2. svibnja do 2. kolovoza 2019. godine [&hellip;]<\/p>\n","protected":false},"author":1,"featured_media":0,"parent":0,"menu_order":0,"comment_status":"closed","ping_status":"closed","template":"","meta":{"_acf_changed":false,"rs_blank_template":"","rs_page_bg_color":"","slide_template_v7":"","footnotes":""},"class_list":["post-11747","page","type-page","status-publish","hentry"],"acf":[],"yoast_head":"<!-- This site is optimized with the Yoast SEO plugin v27.2 - https:\/\/yoast.com\/product\/yoast-seo-wordpress\/ -->\n<title>Radionice i edukacije - Odjel za biologiju - PMF Split<\/title>\n<meta name=\"robots\" content=\"index, follow, max-snippet:-1, max-image-preview:large, max-video-preview:-1\" \/>\n<link rel=\"canonical\" href=\"https:\/\/www.pmfst.unist.hr\/odjel-za-biologiju\/radionice-i-edukacije\/\" \/>\n<meta property=\"og:locale\" content=\"hr_HR\" \/>\n<meta property=\"og:type\" content=\"article\" \/>\n<meta property=\"og:title\" content=\"Radionice i edukacije - Odjel za biologiju - PMF Split\" \/>\n<meta property=\"og:description\" content=\"[mk_page_section][vc_column][vc_column_text css=&#8221;.vc_custom_1566986301092{margin-bottom: 0px !important;}&#8221;] Prva strana studentica zavr\u0161ila tromjese\u010dnu stru\u010dnu praksu na Odjelu za Biologiju PMF-a Split Mathilde Gerault, studentica 3 godine studija Engineering and health science: Biology and health systems, sa Sveu\u010dili\u0161ta Angers, u Angersu u Francuskoj, boravila je u Laboratoriju za genetiku i molekularnu biologiju, od 2. svibnja do 2. kolovoza 2019. godine [&hellip;]\" \/>\n<meta property=\"og:url\" content=\"https:\/\/www.pmfst.unist.hr\/odjel-za-biologiju\/radionice-i-edukacije\/\" \/>\n<meta property=\"og:site_name\" content=\"Odjel za biologiju - PMF Split\" \/>\n<meta property=\"article:modified_time\" content=\"2019-08-28T10:04:07+00:00\" \/>\n<meta name=\"twitter:card\" content=\"summary_large_image\" \/>\n<meta name=\"twitter:label1\" content=\"Procijenjeno vrijeme \u010ditanja\" \/>\n\t<meta name=\"twitter:data1\" content=\"4 minute\" \/>\n<script type=\"application\/ld+json\" class=\"yoast-schema-graph\">{\"@context\":\"https:\/\/schema.org\",\"@graph\":[{\"@type\":\"WebPage\",\"@id\":\"https:\/\/www.pmfst.unist.hr\/odjel-za-biologiju\/radionice-i-edukacije\/\",\"url\":\"https:\/\/www.pmfst.unist.hr\/odjel-za-biologiju\/radionice-i-edukacije\/\",\"name\":\"Radionice i edukacije - Odjel za biologiju - PMF Split\",\"isPartOf\":{\"@id\":\"https:\/\/www.pmfst.unist.hr\/odjel-za-biologiju\/#website\"},\"datePublished\":\"2019-07-21T07:11:26+00:00\",\"dateModified\":\"2019-08-28T10:04:07+00:00\",\"breadcrumb\":{\"@id\":\"https:\/\/www.pmfst.unist.hr\/odjel-za-biologiju\/radionice-i-edukacije\/#breadcrumb\"},\"inLanguage\":\"hr\",\"potentialAction\":[{\"@type\":\"ReadAction\",\"target\":[\"https:\/\/www.pmfst.unist.hr\/odjel-za-biologiju\/radionice-i-edukacije\/\"]}]},{\"@type\":\"BreadcrumbList\",\"@id\":\"https:\/\/www.pmfst.unist.hr\/odjel-za-biologiju\/radionice-i-edukacije\/#breadcrumb\",\"itemListElement\":[{\"@type\":\"ListItem\",\"position\":1,\"name\":\"Po\u010detna stranica\",\"item\":\"https:\/\/www.pmfst.unist.hr\/odjel-za-biologiju\/\"},{\"@type\":\"ListItem\",\"position\":2,\"name\":\"Radionice i edukacije\"}]},{\"@type\":\"WebSite\",\"@id\":\"https:\/\/www.pmfst.unist.hr\/odjel-za-biologiju\/#website\",\"url\":\"https:\/\/www.pmfst.unist.hr\/odjel-za-biologiju\/\",\"name\":\"Odjel za biologiju - PMF Split\",\"description\":\"Web stranica odjela za bilogiju PMF-a Split\",\"potentialAction\":[{\"@type\":\"SearchAction\",\"target\":{\"@type\":\"EntryPoint\",\"urlTemplate\":\"https:\/\/www.pmfst.unist.hr\/odjel-za-biologiju\/?s={search_term_string}\"},\"query-input\":{\"@type\":\"PropertyValueSpecification\",\"valueRequired\":true,\"valueName\":\"search_term_string\"}}],\"inLanguage\":\"hr\"}]}<\/script>\n<!-- \/ Yoast SEO plugin. -->","yoast_head_json":{"title":"Radionice i edukacije - Odjel za biologiju - PMF Split","robots":{"index":"index","follow":"follow","max-snippet":"max-snippet:-1","max-image-preview":"max-image-preview:large","max-video-preview":"max-video-preview:-1"},"canonical":"https:\/\/www.pmfst.unist.hr\/odjel-za-biologiju\/radionice-i-edukacije\/","og_locale":"hr_HR","og_type":"article","og_title":"Radionice i edukacije - Odjel za biologiju - PMF Split","og_description":"[mk_page_section][vc_column][vc_column_text css=&#8221;.vc_custom_1566986301092{margin-bottom: 0px !important;}&#8221;] Prva strana studentica zavr\u0161ila tromjese\u010dnu stru\u010dnu praksu na Odjelu za Biologiju PMF-a Split Mathilde Gerault, studentica 3 godine studija Engineering and health science: Biology and health systems, sa Sveu\u010dili\u0161ta Angers, u Angersu u Francuskoj, boravila je u Laboratoriju za genetiku i molekularnu biologiju, od 2. svibnja do 2. kolovoza 2019. godine [&hellip;]","og_url":"https:\/\/www.pmfst.unist.hr\/odjel-za-biologiju\/radionice-i-edukacije\/","og_site_name":"Odjel za biologiju - PMF Split","article_modified_time":"2019-08-28T10:04:07+00:00","twitter_card":"summary_large_image","twitter_misc":{"Procijenjeno vrijeme \u010ditanja":"4 minute"},"schema":{"@context":"https:\/\/schema.org","@graph":[{"@type":"WebPage","@id":"https:\/\/www.pmfst.unist.hr\/odjel-za-biologiju\/radionice-i-edukacije\/","url":"https:\/\/www.pmfst.unist.hr\/odjel-za-biologiju\/radionice-i-edukacije\/","name":"Radionice i edukacije - Odjel za biologiju - PMF Split","isPartOf":{"@id":"https:\/\/www.pmfst.unist.hr\/odjel-za-biologiju\/#website"},"datePublished":"2019-07-21T07:11:26+00:00","dateModified":"2019-08-28T10:04:07+00:00","breadcrumb":{"@id":"https:\/\/www.pmfst.unist.hr\/odjel-za-biologiju\/radionice-i-edukacije\/#breadcrumb"},"inLanguage":"hr","potentialAction":[{"@type":"ReadAction","target":["https:\/\/www.pmfst.unist.hr\/odjel-za-biologiju\/radionice-i-edukacije\/"]}]},{"@type":"BreadcrumbList","@id":"https:\/\/www.pmfst.unist.hr\/odjel-za-biologiju\/radionice-i-edukacije\/#breadcrumb","itemListElement":[{"@type":"ListItem","position":1,"name":"Po\u010detna stranica","item":"https:\/\/www.pmfst.unist.hr\/odjel-za-biologiju\/"},{"@type":"ListItem","position":2,"name":"Radionice i edukacije"}]},{"@type":"WebSite","@id":"https:\/\/www.pmfst.unist.hr\/odjel-za-biologiju\/#website","url":"https:\/\/www.pmfst.unist.hr\/odjel-za-biologiju\/","name":"Odjel za biologiju - PMF Split","description":"Web stranica odjela za bilogiju PMF-a Split","potentialAction":[{"@type":"SearchAction","target":{"@type":"EntryPoint","urlTemplate":"https:\/\/www.pmfst.unist.hr\/odjel-za-biologiju\/?s={search_term_string}"},"query-input":{"@type":"PropertyValueSpecification","valueRequired":true,"valueName":"search_term_string"}}],"inLanguage":"hr"}]}},"_links":{"self":[{"href":"https:\/\/www.pmfst.unist.hr\/odjel-za-biologiju\/wp-json\/wp\/v2\/pages\/11747","targetHints":{"allow":["GET"]}}],"collection":[{"href":"https:\/\/www.pmfst.unist.hr\/odjel-za-biologiju\/wp-json\/wp\/v2\/pages"}],"about":[{"href":"https:\/\/www.pmfst.unist.hr\/odjel-za-biologiju\/wp-json\/wp\/v2\/types\/page"}],"author":[{"embeddable":true,"href":"https:\/\/www.pmfst.unist.hr\/odjel-za-biologiju\/wp-json\/wp\/v2\/users\/1"}],"replies":[{"embeddable":true,"href":"https:\/\/www.pmfst.unist.hr\/odjel-za-biologiju\/wp-json\/wp\/v2\/comments?post=11747"}],"version-history":[{"count":0,"href":"https:\/\/www.pmfst.unist.hr\/odjel-za-biologiju\/wp-json\/wp\/v2\/pages\/11747\/revisions"}],"wp:attachment":[{"href":"https:\/\/www.pmfst.unist.hr\/odjel-za-biologiju\/wp-json\/wp\/v2\/media?parent=11747"}],"curies":[{"name":"wp","href":"https:\/\/api.w.org\/{rel}","templated":true}]}}