{"id":12180,"date":"2020-03-16T11:39:57","date_gmt":"2020-03-16T10:39:57","guid":{"rendered":"https:\/\/www.pmfst.unist.hr\/odjel-za-biologiju\/?page_id=12180"},"modified":"2020-03-16T11:43:07","modified_gmt":"2020-03-16T10:43:07","slug":"deset-najvaznijih-pitanja-i-odgovora-za-buduce-studente-biologije-i-biologije-kemije","status":"publish","type":"page","link":"https:\/\/www.pmfst.unist.hr\/odjel-za-biologiju\/deset-najvaznijih-pitanja-i-odgovora-za-buduce-studente-biologije-i-biologije-kemije\/","title":{"rendered":"Deset najva\u017enijih pitanja i odgovora za budu\u0107e studente Biologije i Biologije-kemije"},"content":{"rendered":"<div class=\"wpb-content-wrapper\">[vc_row][vc_column][vc_empty_space][vc_column_text css=&#8221;.vc_custom_1584355384199{margin-bottom: 0px !important;}&#8221;]\n<ol>\n<li><strong>\u0160to je biologija? <\/strong><\/li>\n<\/ol>\n<p><strong>\u00a0<\/strong>Biologija je znanost o \u017eivim bi\u0107ima koja prou\u010dava fizi\u010dku strukturu \u017eivih bi\u0107a, njihovu biokemiju i \u00a0molekularne interakcije, fiziologiju i evoluciju te interakcije izme\u0111u \u017eivih bi\u0107a i okoli\u0161a.<\/p>\n<ol start=\"2\">\n<li><strong>Zbog \u010dega je biologija va\u017ena? <\/strong><\/li>\n<\/ol>\n<p>Biolozi \u010duvaju i kontinuirano stvaraju nove znanstvene spoznaje, od kojih mnoge postaju temelji za daljnji razvoj i napredak \u010ditavog \u010dovje\u010danstva. Primjerice:<\/p>\n<ul>\n<li>Molekularni biolozi su razvili brojne molekularno-biolo\u0161ke metode i osmislili tehnike va\u017ene za otkrivanje i lije\u010denje bolesti, kao i za unaprje\u0111enje zdravlja ljudi i drugih \u017eivih organizama.<\/li>\n<li>U podru\u010dju bioraznolikosti i ekologije, biologija tra\u017ei u\u010dinkovite metode za za\u0161titu ugro\u017eenih vrsta i prirode, va\u017enih op\u0107enito za opstanak \u017eivota na Zemlji.<\/li>\n<li>Primijenjenom biologijom (biotehnologijom) pronalaze se razli\u010dita rje\u0161enja za unaprje\u0111enje proizvodnje hrane, lijekova, energije te op\u0107enito odr\u017eivo kori\u0161tenje prirodnih resursa.<\/li>\n<\/ul>\n<ol start=\"3\">\n<li><strong>Koji smjerovi postoje na Odjelu za Biologiju i kako se oni razlikuju <\/strong><\/li>\n<\/ol>\n<p>Na preddiplomskoj razini studenti mogu trenutno upisati jedan od dva ponu\u0111ena studija: dvopredmetni studij Biologije i Kemije te jednopredmetni studij Biologije.<br \/>\nNa diplomskoj razini zasad mogu upisati samo nastavni\u010dki studij Biologije i kemije, no uskoro o\u010dekujemo otvaranje na\u0161eg novog diplomskog studija Molekularne biologije i to na hrvatskom i na engleskom jeziku.<\/p>\n<ol start=\"4\">\n<li><strong>\u0160to je specifi\u010dno za ovaj Odjel? <\/strong><\/li>\n<\/ol>\n<p>Jedinstveni smo na Sveu\u010dili\u0161tu u Splitu po tome \u0161to imamo dugu tradiciju botani\u010dkih stru\u010dnjaka koji istra\u017euju floru i vegetaciju Hrvatske te fitokemijski sastav i biolo\u0161ke aktivnosti specijalnih biljnih metabolita. U okviru Katedre za botaniku brinemo se i o Botani\u010dkom vrtu na Marjanu gdje na\u0161i studenti botani\u010dke predmete u\u010de u direktnom kontaktu s biljkama.<br \/>\nZoolozi Odjela za biologiju imaju vrijedne suradnje sa institucijama iz Hrvatske i inozemstva, te aktivno istra\u017euju biologiju i ekologiju riba Jadrana, beskralje\u017enjake mora i \u0161pilja kr\u0161kog podru\u010dja.<br \/>\nZnanstvenici Laboratorija za histologiju i elektronsku mikroskopiju istra\u017euju histolo\u0161ke zna\u010dajke animalnih i biljnih tkiva na razini svjetlosne mikroskopije uz primjenu histokemijskih, imunohistokemijskih i imunofluorescencijskih tehnika te ultrastrukturnu gra\u0111u tkiva na razini transmisijske elektronske mikroskopije (TEM).<br \/>\nU okviru Katedre za genetiku i molekularnu biologiju istra\u017euju se geneti\u010dke i epigeneti\u010dke promjene koje se doga\u0111aju nakon spontane i inducirane poliploidizacije i hibridizacije u biljaka, te zna\u010denje tih procesa za fiziologiju, ekologiju i evoluciju vi\u0161ih biljaka. Tako\u0111er, istra\u017euje se i biolo\u0161ka aktivnost fitokemikalija autohtonih dalmatinskih biljaka na regulaciju ekspresije gena u ljudskim stanicama, prevenciju o\u0161te\u0107enja DNA i drugih biolo\u0161kih makromolekula \u010dovjeka te njihov mogu\u0107i protutumorski, protuupalni i \u2018antiaging\u2019 potencijal.<br \/>\nNa\u0161i mikrobiolozi jedini u Hrvatskoj istra\u017euju javnozdravstvenu problematiku rezistencije patogenih bakterija na antibiotike u morskom okoli\u0161u,\u00a0u sklopu \u010dega se radi i komparativna analiza metagenomskih podataka u cilju odre\u0111ivanja filogenije, taksonomskog sastava i funkcionalne predikcije mikrobnih zajednica rezistentnih na antibiotike. Tako\u0111er, kroz dugogodi\u0161nju suradnju sa inozemnim institucijama vrlo uspje\u0161no\u00a0identificiraju, dizajniraju i testiraju nove antimikrobne peptide kao potencijalne antibiotike.<br \/>\nMi, znanstvenici Odjela za biologiju, svojim istra\u017eivanjima nastojimo doprinjeti unaprje\u0111enju\u00a0 globalnih znanja koja mo\u017eemo sa\u017eeti u naziv Znanosti o \u017eivotu i s tim ciljem kontinuirano pratimo najnovije znanstvene metode i postignu\u0107a.<\/p>\n<ol start=\"5\">\n<li><strong>Kakvi su prostorni i infrastrukturni uvjeti na Odjelu za Biologiju?<\/strong><\/li>\n<\/ol>\n<p>Imamo \u0161est specijaliziranih praktikuma te pet znanstveno-istra\u017eiva\u010dkih laboratorija. Oni su ve\u0107 sada opremljeni kvalitetnom znanstveno-istra\u017eiva\u010dkom opremom, pri \u010demu se\u00a0 razina opremljenosti i ukupne organizacije stalno popravlja. O\u010dekujemo i veliko unaprje\u0111enje opremljenosti nabavom sve opreme koja je predvi\u0111ena u okviru Infrastrukturnog projekta financiranog od strane Europske Unije, koji bi uskoro trebao biti dovr\u0161en.<\/p>\n<p>U tijeku je nabava najsuvremenijih elektronskih mikroskopa, ure\u0111aja za cjelogenomska sekvenciranja i analize DNA, proteina, stanica i tkiva te druge kapitalne i sitne opreme.<\/p>\n<ol start=\"6\">\n<li><strong> \u0160to studenti mogu o\u010dekivati ako se odlu\u010de upisati Biologiju?<\/strong><\/li>\n<\/ol>\n<ul>\n<li>Zahtjevan i zanimljiv studij. Uz predavanja i seminare studenti samostalno rade u laboratorijima gdje se izvode prakti\u010dni dijelovi nastave. Terenska nastava \u010desto uklju\u010duju putovanja i istra\u017eivanja u prirodi uz neizostavne posjete muzejima, zoolo\u0161kim i botani\u010dkim vrtovima, muzejskim zbirkama i sli\u010dno.<\/li>\n<li>Studenti imaju mogu\u0107nost upisa Stru\u010dne prakse u nekoj od nastavnih baza Fakulteta (instituti, muzeji i sli\u010dno) gdje stje\u010du prakti\u010dna znanja i ostvaruju kontakte s mogu\u0107im poslodavcima. Odlazak u inozemstvo kroz Erazmus razmjene je tako\u0111er mogu\u0107nost kroz koju se studenti stru\u010dno usavr\u0161avaju.<\/li>\n<li>Studenti mogu sudjelovati i u razli\u010ditim izvannastavnim aktivnostima poput me\u0111unarodnih ljetnih \u0161kola koje redovito organiziramo po\u010detkom rujna.<\/li>\n<li>Studenti imaju mogu\u0107nost prijave vlastitih studentskih projekata koje financira studentski zbor Sveu\u010dili\u0161ta u Splitu.<\/li>\n<li>Studenti se mogu uklju\u010diti se u brojne aktivnosti popularizacije znanosti poput Festivala znanosti, Dana otvorenih vrata, Dana Botani\u010dkih vrtova, rada sa srednjo\u0161kolcima i sli\u010dno\u2026.<\/li>\n<li>Sudjelovanja na dr\u017eavnim takmi\u010denjima i susretima sa studentima srodnih podru\u010dja (tzv. Primatijade ili STEM games).<\/li>\n<\/ul>\n<ol start=\"7\">\n<li><strong>Koja znanja i vje\u0161tine stje\u010du studenti na Odjelu za Biologiju?<\/strong><\/li>\n<\/ol>\n<ul>\n<li>Osim \u0161to \u0107e usvojiti mnoga temeljna i primijenjena biolo\u0161ka znanja, vje\u0161tine i kompetencije, studenti \u0107e ste\u0107i i dosta interdisciplinarnih znanja i vje\u0161tina osobito iz biologiji srodnih i va\u017enih podru\u010dja kemije, fizike, matematike, informatike, biomedicine i biotehnologije.<\/li>\n<li>Kod studenata razvijamo tzv. transverzalne ili prenosive vje\u0161tine kao \u0161to su komunikacija, liderstvo, kriti\u010dko mi\u0161ljenje, a koje su izuzetno va\u017ene za budu\u0107a radna mjesta.<\/li>\n<li>Kod studenata nastojimo osvijestiti potrebu cjelo\u017eivotnog obrazovanja i razviti svijest o mogu\u0107nostima razvoja njihovih karijera.<\/li>\n<\/ul>\n<ol start=\"8\">\n<li><strong>Koje su mogu\u0107nosti zapo\u0161ljavanja nakon zavr\u0161etka studija Biologije?<\/strong><\/li>\n<\/ol>\n<ul>\n<li>Na\u0161i diplomirani studenti mogu se zaposliti u za\u0161ti\u0107enim podru\u010djima, nacionalnim parkovima, parkovima prirode, botani\u010dkim i zoolo\u0161kim vrtovima, muzejskim zbirkama, dr\u017eavnim i lokalnim ustanovama za za\u0161titu okoli\u0161a, provoditi inspekcijske poslove i sli\u010dno.<\/li>\n<li>Mogu\u0107nost zapo\u0161ljavanja su i privatne ili javne znanstvene i nastavne institucije, biomedicinske i medicinske tvrtke, biotehnolo\u0161ke i farmaceutske firme te firme uklju\u010dene u proizvodnju i kontrolu kvalitete hrane, vode, za\u0161tite okoli\u0161a, proizvodnje i trgovine znanstvenom opremom i sli\u010dno.<\/li>\n<li>Dio diplomiranih studenata zapo\u0161ljava se na razli\u010ditim znanstveno-istra\u017eiva\u010dkim i drugim projektima te centrima izvrsnosti gdje imaju priliku izraditi doktorsku disertaciju te nastaviti daljnji razvoj znanstvene karijere.<\/li>\n<li>Najbolji i najspretniji studenti mogu se oku\u0161ati u podru\u010dju post-akademskog zapo\u0161ljavanja i osnivanju vlastitih start-up i spin-off tvrtki. Pritom mogu ra\u010dunati i na potporu Sveu\u010dili\u0161ta putem poduzetni\u010dkog inkubatora, koji se dovr\u0161ava.<\/li>\n<\/ul>\n<ol start=\"9\">\n<li><strong>S kojim znanstveno-istra\u017eiva\u010dkim ustanovama u zemlji i svijetu sura\u0111uje Odjel za Biologiju? Koje koristi mogu imati studenti od suradnji?<\/strong><\/li>\n<\/ol>\n<p>Znanstvenici s Odjela za biologiju ostvarili su brojne kontakte s kolegama znanstvenicima iz drugih zemalja Europske Unije, nakon \u010dega su potpisani i brojni Erasmus bilateralni ugovori, koji omogu\u0107uju studentima da odlaze studirati ili raditi stru\u010dnu praksu u tim zemljama. Tako Odjel za biologiju ima suradnju sa institucijama iz Njema\u010dke, Austrije, Italije, \u010ce\u0161ke, Slovenije, SAD-a i brojnih drugih zemalja.<\/p>\n<ol start=\"10\">\n<li><strong> Poruka za potencijalne studente<\/strong><\/li>\n<\/ol>\n<p>Bio-znanosti su u velikom usponu i razvoju u \u010ditavom svijetu te kao takve nude brojne mogu\u0107nosti zapo\u0161ljavanja i razvoja va\u0161ih budu\u0107ih karijera. Mi, nastavnici Odjela za biologiju, smo tu radi vas, i pru\u017eit \u0107emo vam stru\u010dna znanja potrebna za va\u0161e profesionalno usavr\u0161avanje i razvoj vlastitih karijera. Nastavnicima Odjela za biologiju, kao i ostalom osoblju PMF-a uvijek se mo\u017eete obratiti za pomo\u0107, podr\u0161ku, savjet. Do\u0111ite, uvjerite se, ne\u0107ete se razo\u010darati. S ponosom \u0107ete isticati da ste bili student ovog Fakulteta i dio zajednice koju nazivamo studenti i profesori splitskog PMF-a.<\/p>\n<p style=\"text-align: center;\">Nastavnici odjela za Biologiju<\/p>\n<p style=\"text-align: center;\">Split, 14. velja\u010de 2020.<\/p>\n[\/vc_column_text][\/vc_column][\/vc_row]\n<\/div>","protected":false},"excerpt":{"rendered":"<p>[vc_row][vc_column][vc_empty_space][vc_column_text css=&#8221;.vc_custom_1584355384199{margin-bottom: 0px !important;}&#8221;] \u0160to je biologija? \u00a0Biologija je znanost o \u017eivim bi\u0107ima koja prou\u010dava fizi\u010dku strukturu \u017eivih bi\u0107a, njihovu biokemiju i \u00a0molekularne interakcije, fiziologiju i evoluciju te interakcije izme\u0111u \u017eivih bi\u0107a i okoli\u0161a. Zbog \u010dega je biologija va\u017ena? Biolozi \u010duvaju i kontinuirano stvaraju nove znanstvene spoznaje, od kojih mnoge postaju temelji za daljnji razvoj [&hellip;]<\/p>\n","protected":false},"author":1,"featured_media":0,"parent":0,"menu_order":0,"comment_status":"closed","ping_status":"closed","template":"","meta":{"_acf_changed":false,"rs_blank_template":"","rs_page_bg_color":"","slide_template_v7":"","footnotes":""},"class_list":["post-12180","page","type-page","status-publish","hentry"],"acf":[],"yoast_head":"<!-- This site is optimized with the Yoast SEO plugin v27.4 - https:\/\/yoast.com\/product\/yoast-seo-wordpress\/ -->\n<title>Deset najva\u017enijih pitanja i odgovora za budu\u0107e studente Biologije i Biologije-kemije - Odjel za biologiju - PMF Split<\/title>\n<meta name=\"robots\" content=\"index, follow, max-snippet:-1, max-image-preview:large, max-video-preview:-1\" \/>\n<link rel=\"canonical\" href=\"https:\/\/www.pmfst.unist.hr\/odjel-za-biologiju\/deset-najvaznijih-pitanja-i-odgovora-za-buduce-studente-biologije-i-biologije-kemije\/\" \/>\n<meta property=\"og:locale\" content=\"hr_HR\" \/>\n<meta property=\"og:type\" content=\"article\" \/>\n<meta property=\"og:title\" content=\"Deset najva\u017enijih pitanja i odgovora za budu\u0107e studente Biologije i Biologije-kemije - Odjel za biologiju - PMF Split\" \/>\n<meta property=\"og:description\" content=\"[vc_row][vc_column][vc_empty_space][vc_column_text css=&#8221;.vc_custom_1584355384199{margin-bottom: 0px !important;}&#8221;] \u0160to je biologija? \u00a0Biologija je znanost o \u017eivim bi\u0107ima koja prou\u010dava fizi\u010dku strukturu \u017eivih bi\u0107a, njihovu biokemiju i \u00a0molekularne interakcije, fiziologiju i evoluciju te interakcije izme\u0111u \u017eivih bi\u0107a i okoli\u0161a. Zbog \u010dega je biologija va\u017ena? Biolozi \u010duvaju i kontinuirano stvaraju nove znanstvene spoznaje, od kojih mnoge postaju temelji za daljnji razvoj [&hellip;]\" \/>\n<meta property=\"og:url\" content=\"https:\/\/www.pmfst.unist.hr\/odjel-za-biologiju\/deset-najvaznijih-pitanja-i-odgovora-za-buduce-studente-biologije-i-biologije-kemije\/\" \/>\n<meta property=\"og:site_name\" content=\"Odjel za biologiju - PMF Split\" \/>\n<meta property=\"article:modified_time\" content=\"2020-03-16T10:43:07+00:00\" \/>\n<meta name=\"twitter:card\" content=\"summary_large_image\" \/>\n<meta name=\"twitter:label1\" content=\"Procijenjeno vrijeme \u010ditanja\" \/>\n\t<meta name=\"twitter:data1\" content=\"7 minuta\" \/>\n<script type=\"application\/ld+json\" class=\"yoast-schema-graph\">{\"@context\":\"https:\\\/\\\/schema.org\",\"@graph\":[{\"@type\":\"WebPage\",\"@id\":\"https:\\\/\\\/www.pmfst.unist.hr\\\/odjel-za-biologiju\\\/deset-najvaznijih-pitanja-i-odgovora-za-buduce-studente-biologije-i-biologije-kemije\\\/\",\"url\":\"https:\\\/\\\/www.pmfst.unist.hr\\\/odjel-za-biologiju\\\/deset-najvaznijih-pitanja-i-odgovora-za-buduce-studente-biologije-i-biologije-kemije\\\/\",\"name\":\"Deset najva\u017enijih pitanja i odgovora za budu\u0107e studente Biologije i Biologije-kemije - Odjel za biologiju - PMF Split\",\"isPartOf\":{\"@id\":\"https:\\\/\\\/www.pmfst.unist.hr\\\/odjel-za-biologiju\\\/#website\"},\"datePublished\":\"2020-03-16T10:39:57+00:00\",\"dateModified\":\"2020-03-16T10:43:07+00:00\",\"breadcrumb\":{\"@id\":\"https:\\\/\\\/www.pmfst.unist.hr\\\/odjel-za-biologiju\\\/deset-najvaznijih-pitanja-i-odgovora-za-buduce-studente-biologije-i-biologije-kemije\\\/#breadcrumb\"},\"inLanguage\":\"hr\",\"potentialAction\":[{\"@type\":\"ReadAction\",\"target\":[\"https:\\\/\\\/www.pmfst.unist.hr\\\/odjel-za-biologiju\\\/deset-najvaznijih-pitanja-i-odgovora-za-buduce-studente-biologije-i-biologije-kemije\\\/\"]}]},{\"@type\":\"BreadcrumbList\",\"@id\":\"https:\\\/\\\/www.pmfst.unist.hr\\\/odjel-za-biologiju\\\/deset-najvaznijih-pitanja-i-odgovora-za-buduce-studente-biologije-i-biologije-kemije\\\/#breadcrumb\",\"itemListElement\":[{\"@type\":\"ListItem\",\"position\":1,\"name\":\"Po\u010detna stranica\",\"item\":\"https:\\\/\\\/www.pmfst.unist.hr\\\/odjel-za-biologiju\\\/\"},{\"@type\":\"ListItem\",\"position\":2,\"name\":\"Deset najva\u017enijih pitanja i odgovora za budu\u0107e studente Biologije i Biologije-kemije\"}]},{\"@type\":\"WebSite\",\"@id\":\"https:\\\/\\\/www.pmfst.unist.hr\\\/odjel-za-biologiju\\\/#website\",\"url\":\"https:\\\/\\\/www.pmfst.unist.hr\\\/odjel-za-biologiju\\\/\",\"name\":\"Odjel za biologiju - PMF Split\",\"description\":\"Web stranica odjela za bilogiju PMF-a Split\",\"potentialAction\":[{\"@type\":\"SearchAction\",\"target\":{\"@type\":\"EntryPoint\",\"urlTemplate\":\"https:\\\/\\\/www.pmfst.unist.hr\\\/odjel-za-biologiju\\\/?s={search_term_string}\"},\"query-input\":{\"@type\":\"PropertyValueSpecification\",\"valueRequired\":true,\"valueName\":\"search_term_string\"}}],\"inLanguage\":\"hr\"}]}<\/script>\n<!-- \/ Yoast SEO plugin. -->","yoast_head_json":{"title":"Deset najva\u017enijih pitanja i odgovora za budu\u0107e studente Biologije i Biologije-kemije - Odjel za biologiju - PMF Split","robots":{"index":"index","follow":"follow","max-snippet":"max-snippet:-1","max-image-preview":"max-image-preview:large","max-video-preview":"max-video-preview:-1"},"canonical":"https:\/\/www.pmfst.unist.hr\/odjel-za-biologiju\/deset-najvaznijih-pitanja-i-odgovora-za-buduce-studente-biologije-i-biologije-kemije\/","og_locale":"hr_HR","og_type":"article","og_title":"Deset najva\u017enijih pitanja i odgovora za budu\u0107e studente Biologije i Biologije-kemije - Odjel za biologiju - PMF Split","og_description":"[vc_row][vc_column][vc_empty_space][vc_column_text css=&#8221;.vc_custom_1584355384199{margin-bottom: 0px !important;}&#8221;] \u0160to je biologija? \u00a0Biologija je znanost o \u017eivim bi\u0107ima koja prou\u010dava fizi\u010dku strukturu \u017eivih bi\u0107a, njihovu biokemiju i \u00a0molekularne interakcije, fiziologiju i evoluciju te interakcije izme\u0111u \u017eivih bi\u0107a i okoli\u0161a. Zbog \u010dega je biologija va\u017ena? Biolozi \u010duvaju i kontinuirano stvaraju nove znanstvene spoznaje, od kojih mnoge postaju temelji za daljnji razvoj [&hellip;]","og_url":"https:\/\/www.pmfst.unist.hr\/odjel-za-biologiju\/deset-najvaznijih-pitanja-i-odgovora-za-buduce-studente-biologije-i-biologije-kemije\/","og_site_name":"Odjel za biologiju - PMF Split","article_modified_time":"2020-03-16T10:43:07+00:00","twitter_card":"summary_large_image","twitter_misc":{"Procijenjeno vrijeme \u010ditanja":"7 minuta"},"schema":{"@context":"https:\/\/schema.org","@graph":[{"@type":"WebPage","@id":"https:\/\/www.pmfst.unist.hr\/odjel-za-biologiju\/deset-najvaznijih-pitanja-i-odgovora-za-buduce-studente-biologije-i-biologije-kemije\/","url":"https:\/\/www.pmfst.unist.hr\/odjel-za-biologiju\/deset-najvaznijih-pitanja-i-odgovora-za-buduce-studente-biologije-i-biologije-kemije\/","name":"Deset najva\u017enijih pitanja i odgovora za budu\u0107e studente Biologije i Biologije-kemije - Odjel za biologiju - PMF Split","isPartOf":{"@id":"https:\/\/www.pmfst.unist.hr\/odjel-za-biologiju\/#website"},"datePublished":"2020-03-16T10:39:57+00:00","dateModified":"2020-03-16T10:43:07+00:00","breadcrumb":{"@id":"https:\/\/www.pmfst.unist.hr\/odjel-za-biologiju\/deset-najvaznijih-pitanja-i-odgovora-za-buduce-studente-biologije-i-biologije-kemije\/#breadcrumb"},"inLanguage":"hr","potentialAction":[{"@type":"ReadAction","target":["https:\/\/www.pmfst.unist.hr\/odjel-za-biologiju\/deset-najvaznijih-pitanja-i-odgovora-za-buduce-studente-biologije-i-biologije-kemije\/"]}]},{"@type":"BreadcrumbList","@id":"https:\/\/www.pmfst.unist.hr\/odjel-za-biologiju\/deset-najvaznijih-pitanja-i-odgovora-za-buduce-studente-biologije-i-biologije-kemije\/#breadcrumb","itemListElement":[{"@type":"ListItem","position":1,"name":"Po\u010detna stranica","item":"https:\/\/www.pmfst.unist.hr\/odjel-za-biologiju\/"},{"@type":"ListItem","position":2,"name":"Deset najva\u017enijih pitanja i odgovora za budu\u0107e studente Biologije i Biologije-kemije"}]},{"@type":"WebSite","@id":"https:\/\/www.pmfst.unist.hr\/odjel-za-biologiju\/#website","url":"https:\/\/www.pmfst.unist.hr\/odjel-za-biologiju\/","name":"Odjel za biologiju - PMF Split","description":"Web stranica odjela za bilogiju PMF-a Split","potentialAction":[{"@type":"SearchAction","target":{"@type":"EntryPoint","urlTemplate":"https:\/\/www.pmfst.unist.hr\/odjel-za-biologiju\/?s={search_term_string}"},"query-input":{"@type":"PropertyValueSpecification","valueRequired":true,"valueName":"search_term_string"}}],"inLanguage":"hr"}]}},"_links":{"self":[{"href":"https:\/\/www.pmfst.unist.hr\/odjel-za-biologiju\/wp-json\/wp\/v2\/pages\/12180","targetHints":{"allow":["GET"]}}],"collection":[{"href":"https:\/\/www.pmfst.unist.hr\/odjel-za-biologiju\/wp-json\/wp\/v2\/pages"}],"about":[{"href":"https:\/\/www.pmfst.unist.hr\/odjel-za-biologiju\/wp-json\/wp\/v2\/types\/page"}],"author":[{"embeddable":true,"href":"https:\/\/www.pmfst.unist.hr\/odjel-za-biologiju\/wp-json\/wp\/v2\/users\/1"}],"replies":[{"embeddable":true,"href":"https:\/\/www.pmfst.unist.hr\/odjel-za-biologiju\/wp-json\/wp\/v2\/comments?post=12180"}],"version-history":[{"count":0,"href":"https:\/\/www.pmfst.unist.hr\/odjel-za-biologiju\/wp-json\/wp\/v2\/pages\/12180\/revisions"}],"wp:attachment":[{"href":"https:\/\/www.pmfst.unist.hr\/odjel-za-biologiju\/wp-json\/wp\/v2\/media?parent=12180"}],"curies":[{"name":"wp","href":"https:\/\/api.w.org\/{rel}","templated":true}]}}