{"id":454,"date":"2018-03-26T13:05:00","date_gmt":"2018-03-26T11:05:00","guid":{"rendered":"https:\/\/www.pmfst.unist.hr\/odjel-za-biologiju\/?page_id=454"},"modified":"2021-01-29T13:06:01","modified_gmt":"2021-01-29T12:06:01","slug":"projekti","status":"publish","type":"page","link":"https:\/\/www.pmfst.unist.hr\/odjel-za-biologiju\/projekti\/","title":{"rendered":"Projekti"},"content":{"rendered":"<div class=\"wpb-content-wrapper\">[vc_row][vc_column][vc_empty_space][mk_fancy_title color=&#8221;#01bcb0&#8243; size=&#8221;28&#8243; font_family=&#8221;none&#8221;]Projekti[\/mk_fancy_title][vc_separator color=&#8221;mulled_wine&#8221; style=&#8221;shadow&#8221; border_width=&#8221;6&#8243;][vc_tta_tabs color=&#8221;turquoise&#8221; active_section=&#8221;1&#8243; css=&#8221;.vc_custom_1518613417707{background-color: #ffffff !important;}&#8221;][vc_tta_section title=&#8221;Nacionalni projekti&#8221; tab_id=&#8221;1518611544505-c6274d8b-8ab3&#8243;][mk_table]\n<table width=\"0\">\n<tbody>\n<tr>\n<td width=\"415\"><strong>Naziv<\/strong><\/td>\n<td width=\"85\"><strong>Izvor financiranja<\/strong><\/td>\n<td width=\"151\"><strong>\u0160ifra<\/strong><\/td>\n<td width=\"104\"><strong>Trajanje<\/strong><\/td>\n<td width=\"123\"><strong>Su\/Voditelj<\/strong><\/td>\n<td width=\"132\"><strong>Suradnici<\/strong><\/td>\n<\/tr>\n<tr>\n<td><a href=\"https:\/\/projects.pmfst.unist.hr\/croves-phyba\/\" target=\"_blank\" rel=\"noopener\">Hrvatske vrste roda Veronica: fitotaksonomija i biolo\u0161ka aktivnost (CROVeS-PhyBA)<\/a><\/td>\n<td>HrZZ<\/td>\n<td>IP-2020-02-8425<\/td>\n<td>01\/2021-01\/2025<\/td>\n<td>Valerija Dunki\u0107<\/td>\n<td>Marija Nazli\u0107, Mirko Ru\u0161\u010di\u0107, Jasna Puizina, Elma Vuko, Snje\u017eana Topi\u0107, Dario Kremer, Renata Juri\u0161i\u0107-Grubi\u0161i\u010d, Sini\u0161a Sre\u010dec<\/td>\n<\/tr>\n<tr>\n<td>Antibioti\u010dka rezistencija u ure\u0111ajima za obradu otpadnih voda u Hrvatskoj \u2013 naglasak na \u03b2-laktamaze pro\u0161irenog spektra i karbapenemaze (WasteCare)<\/td>\n<td>HrZZ<\/td>\n<td>IP-2019-04-5539<\/td>\n<td>01\/2020-12\/2023<\/td>\n<td><\/td>\n<td>Ana Maravi\u0107<\/td>\n<\/tr>\n<tr>\n<td><a href=\"https:\/\/projects.pmfst.unist.hr\/argas\/\" target=\"_blank\" rel=\"noopener noreferrer\">Sezonska i prostorna raspodjela gena rezistencije na antibiotike u morskim mikrobnim zajednicama du\u017e trofi\u010dkog gradijenta u srednjem Jadranu (ARGAS)<\/a><\/td>\n<td>HrZZ<\/td>\n<td>UIP-2019-04-9778<\/td>\n<td>01\/2020-12\/2024<\/td>\n<td>Ana Maravi\u0107<\/td>\n<td>Ivica \u0160amani\u0107<\/td>\n<\/tr>\n<tr>\n<td width=\"415\">Aktivno\u0161\u0107u i in silico usmjeren dizajn malih bioaktivnih molekula<\/td>\n<td width=\"85\">HrZZ<\/td>\n<td width=\"151\">IP-2016-05-3775<\/td>\n<td width=\"104\">2017 &#8211; danas<\/td>\n<td width=\"123\"><\/td>\n<td width=\"132\">Mirjana Sko\u010dibu\u0161i\u0107<br \/>\nLinda Bazina<br \/>\nRenata Od\u017eak<\/td>\n<\/tr>\n<tr>\n<td width=\"415\">Genomske i epigenomske promjene u auto- i\u00a0 aloploiploidima na modelu dalmatinskog buha\u010da, ljutike i anemona<\/td>\n<td width=\"85\">HrZZ<\/td>\n<td width=\"151\">IP-2016-06-8432<\/td>\n<td width=\"104\">2017 &#8211; danas<\/td>\n<td width=\"123\"><\/td>\n<td width=\"132\">Ivica \u0160amani\u0107<br \/>\nJasna Puizina<br \/>\n\u017deljana Fredotovi\u0107<\/td>\n<\/tr>\n<tr>\n<td>Novi pristupi u razumijevanju odnosa kompatibilnosti i interakcije pelud-tu\u010dak kod masline (Olea europaea L.) UKF 1c\u00a0 (New approaches in understanding of the compatibility relationships and pollen\u2013pistil interactions in olive (<em>Olea europaea<\/em> L.)<\/td>\n<td><\/td>\n<td><\/td>\n<td>2016-2018<\/td>\n<td><\/td>\n<td>Ivana Bo\u010dina<\/td>\n<\/tr>\n<tr>\n<td width=\"415\">Cijepljenje raj\u010dice ubla\u017eava bioti\u010dki stres izazvan \u0161titastim moljcima (TomGfar)<\/td>\n<td width=\"85\">HrZZ<\/td>\n<td width=\"151\">IP-2014-09-3365<\/td>\n<td width=\"104\">2015 &#8211; danas<\/td>\n<td width=\"123\"><\/td>\n<td width=\"132\">Ivana Bo\u010dina<br \/>\nIvica Ljubenkov<\/td>\n<\/tr>\n<tr>\n<td width=\"415\">Sklerokronologija kao alat za otkrivanje dugoro\u010dnih okoli\u0161nih promjena u Jadranu (SCOOL)<\/td>\n<td width=\"85\">HrZZ<\/td>\n<td width=\"151\">IP-2014-09-5747<\/td>\n<td width=\"104\">2015 \u2013 2016<\/td>\n<td width=\"123\"><\/td>\n<td width=\"132\">Sanja Puljas<\/td>\n<\/tr>\n<tr>\n<td width=\"415\">Anisakis spp: Genomska epidemiologija (AnGel)<\/td>\n<td width=\"85\">HrZZ<\/td>\n<td width=\"151\">IP-2013-11-5576<\/td>\n<td width=\"104\">2014 &#8211; danas<\/td>\n<td width=\"123\"><\/td>\n<td width=\"132\">Ivana Bo\u010dina<\/td>\n<\/tr>\n<tr>\n<td width=\"415\">Taksonomija, ekologija i uporaba roga\u010da (Ceratonia siliqua) i lovora (Laurus nobilis) u Hrvatskoj (TEUCLIC)<\/td>\n<td width=\"85\">HrZZ<\/td>\n<td width=\"151\">IP-2013-11-3304<\/td>\n<td width=\"104\">2014 &#8211; 2017<\/td>\n<td width=\"123\"><\/td>\n<td width=\"132\">Valerija Dunki\u0107<\/p>\n<p>Nada Bezi\u0107<\/td>\n<\/tr>\n<tr>\n<td width=\"415\">Biofizikalni dizajn antimikrobnih peptida i inovativni molekularni deskriptori (BioAmpMode)<\/td>\n<td width=\"85\">HrZZ<\/td>\n<td width=\"151\">IP-2013-11-8481<\/td>\n<td width=\"104\">2014 &#8211; 2017<\/td>\n<td width=\"123\">Damir Vuki\u010devi\u0107<\/td>\n<td width=\"132\">Ana Maravi\u0107<\/p>\n<p>Lucija Krce<\/p>\n<p>Tomislav Ron\u010devi\u0107<\/td>\n<\/tr>\n<tr>\n<td width=\"415\">Mehanizmi o\u010duvanja stabilnosti genoma u vi\u0161ih biljaka<\/td>\n<td width=\"85\">MZO<\/td>\n<td width=\"151\">177-11911196-0829<\/td>\n<td width=\"104\">2011 &#8211; 2013<\/td>\n<td width=\"123\">Jasna Puizina<\/td>\n<td width=\"132\">\u017deljana Fredotovi\u0107<br \/>\nIvica \u0160amani\u0107<br \/>\nMirko Ru\u0161\u010di\u0107<\/td>\n<\/tr>\n<tr>\n<td width=\"415\">Gospodarenje i bioraznolikost bogatstava u Hrvatskom priobalju<\/td>\n<td width=\"85\">MZO<\/td>\n<td width=\"151\">001-0013077-0844<\/td>\n<td width=\"104\">2007 &#8211; 2014<\/td>\n<td width=\"123\"><\/td>\n<td width=\"132\">Mate \u0160anti\u0107<\/td>\n<\/tr>\n<tr>\n<td width=\"415\">Indikatori fekalnog one\u010di\u0161\u0107enja i mogu\u0107e patogene bakterije u obalnom moru<\/td>\n<td width=\"85\">MZO<\/td>\n<td width=\"151\">177-0000000-3182<\/td>\n<td width=\"104\">2007 &#8211; 2014<\/td>\n<td width=\"123\">Mirjana Sko\u010dibu\u0161i\u0107<\/td>\n<td width=\"132\">Ana Maravi\u0107<\/td>\n<\/tr>\n<tr>\n<td width=\"415\">Organizacija, funkcija i mehanizmi evolucije biljnog genoma<\/td>\n<td width=\"85\">MZO<\/td>\n<td width=\"151\">119-1191196-1201<\/td>\n<td width=\"104\">2007 &#8211; 2013<\/td>\n<td width=\"123\"><\/td>\n<td width=\"132\">Jasna Puizina<\/td>\n<\/tr>\n<tr>\n<td width=\"415\">Zna\u010daj sukcesije za o\u010duvanje bioraznolikosti Mediteranske vegetacijske regije<\/td>\n<td width=\"85\">MZO<\/td>\n<td width=\"151\">177-0680722-3581<\/td>\n<td width=\"104\">2007 &#8211; 2013<\/td>\n<td width=\"123\">Juraj Kamenjarin<\/td>\n<td width=\"132\"><\/td>\n<\/tr>\n<tr>\n<td width=\"415\">Genski izra\u017eaj u ranom razvoju \u010dovjeka<\/td>\n<td width=\"85\">MZO<\/td>\n<td width=\"151\">216-2160528- 0507<\/td>\n<td width=\"104\">2007 \u2013 2010<\/td>\n<td width=\"123\"><\/td>\n<td width=\"132\">Ivana Bo\u010dina<\/td>\n<\/tr>\n<tr>\n<td width=\"415\">Sinergisti\u010dke smjese u antifungalnoj i antimikotoksigenoj za\u0161titi hrane<\/td>\n<td width=\"85\">MZO<\/td>\n<td width=\"151\">113-1130473-0334<\/td>\n<td width=\"104\">2006 &#8211; 2014<\/td>\n<td width=\"123\"><\/td>\n<td width=\"132\">Valerija Dunki\u0107<\/td>\n<\/tr>\n<tr>\n<td width=\"415\">Kserofiti i njhovi sekundarni metaboliti<\/td>\n<td width=\"85\">MZO<\/td>\n<td width=\"151\">177-1191192-0830<\/td>\n<td width=\"104\">2006 \u2013 2013<\/td>\n<td width=\"123\">Nada Bezi\u0107<\/td>\n<td width=\"132\">Valerija Dunki\u0107<br \/>\nElma Vuko<\/td>\n<\/tr>\n<tr>\n<td width=\"415\">Geneti\u010dka raznolikost endemi\u010dnih i kultiviranih biljaka Dalmacije<\/td>\n<td width=\"85\">MZO<\/td>\n<td width=\"151\">0177143<\/td>\n<td width=\"104\">2006 \u2013 2008<\/td>\n<td width=\"123\">Jasna Puizina<\/td>\n<td width=\"132\">Ivica \u0160amani\u0107<br \/>\nJuraj Kamenjarin<\/td>\n<\/tr>\n<tr>\n<td width=\"415\">Bioraznolikost Hrvatske: Geneti\u010dka karakterizacija autohtone flore i faune i gospodarski va\u017enih vrsta i pasmina<\/td>\n<td width=\"85\">MZO<\/td>\n<td width=\"151\"><\/td>\n<td width=\"104\">2003 &#8211; 2005<\/td>\n<td width=\"123\"><\/td>\n<td width=\"132\">Jasna Puizina<\/td>\n<\/tr>\n<tr>\n<td width=\"415\">Razvoj i bolesti osovinskih organa u \u010dovjeka<\/td>\n<td width=\"85\">MZO<\/td>\n<td width=\"151\">0216002<\/td>\n<td width=\"104\">2002 &#8211; 2005<\/td>\n<td width=\"123\"><\/td>\n<td width=\"132\">Ivana Bo\u010dina<\/td>\n<\/tr>\n<tr>\n<td width=\"415\">Ekolo\u0161ki uzgoj jestivih pu\u017eeva roda Helix<\/td>\n<td width=\"85\">MZO<\/td>\n<td width=\"151\">Tehnologijski projekt<\/td>\n<td width=\"104\">2001- 2003<\/td>\n<td width=\"123\"><\/td>\n<td width=\"132\">Biljana Apostolska<br \/>\n&nbsp;<\/td>\n<\/tr>\n<tr>\n<td width=\"415\">Kserofiti i njihova biolo\u0161ka uloga<\/td>\n<td width=\"85\">MZO<\/td>\n<td width=\"151\">0177140<\/td>\n<td width=\"104\">2001 &#8211; 2006<\/td>\n<td width=\"123\">Nada Bezi\u0107<\/td>\n<td width=\"132\">Valerija Dunki\u0107<br \/>\nElma Vuko<\/td>\n<\/tr>\n<tr>\n<td width=\"415\">Organizacija i evolucija genoma u biljaka roda Allium<\/td>\n<td width=\"85\">MZO<\/td>\n<td width=\"151\">177147<\/td>\n<td width=\"104\">1999 \u2013 2001<\/td>\n<td width=\"123\">Jasna Puizina<\/td>\n<td width=\"132\"><\/td>\n<\/tr>\n<tr>\n<td width=\"415\">Raznolikosti u organizaciji kromatina i ekspresiji gena u vi\u0161ih biljaka<\/td>\n<td width=\"85\">MZO<\/td>\n<td width=\"151\">119112<\/td>\n<td width=\"104\">1998 &#8211; 2002<\/td>\n<td width=\"123\"><\/td>\n<td width=\"132\">Jasna Puizina<\/td>\n<\/tr>\n<tr>\n<td width=\"415\">Anatomska i fiziolo\u0161ka istra\u017eivanja kopnenih biljaka mediteranskog podru\u010dja Hrvatske<\/td>\n<td width=\"85\">MZO<\/td>\n<td width=\"151\">177040<\/td>\n<td width=\"104\">1996 &#8211; 2001<\/td>\n<td width=\"123\">Nada Bezi\u0107<\/td>\n<td width=\"132\">Valerija Dunki\u0107<\/td>\n<\/tr>\n<tr>\n<td width=\"415\">Razvoj sredi\u0161njeg \u017eiv\u010danog sustava i kralje\u017enice u \u010dovjeka<\/td>\n<td width=\"85\">MZO<\/td>\n<td width=\"151\">108194<\/td>\n<td width=\"104\">1996 &#8211; 2001<\/td>\n<td width=\"123\"><\/td>\n<td width=\"132\">Ivana Bo\u010dina<\/td>\n<\/tr>\n<tr>\n<td width=\"415\">Makromorfolo\u0161ka i mikromorfolo\u0161ka istra\u017eivanja kod riba<\/td>\n<td width=\"85\">MZO<\/td>\n<td width=\"151\">1-08-156<\/td>\n<td width=\"104\">1993 &#8211; 1998<\/td>\n<td width=\"123\"><\/td>\n<td width=\"132\">Mate \u0160anti\u0107<\/td>\n<\/tr>\n<tr>\n<td width=\"415\">Istra\u017eivanje i za\u0161tita okoli\u0161a kopnenog dijela Hrvatske<\/td>\n<td width=\"85\">MZO<\/td>\n<td width=\"151\"><\/td>\n<td width=\"104\">1986 &#8211; 1990<\/td>\n<td width=\"123\"><\/td>\n<td width=\"132\">Nada Bezi\u0107<br \/>\nMirjana Sko\u010dibu\u0161i\u0107<\/td>\n<\/tr>\n<\/tbody>\n<\/table>\n[\/mk_table][\/vc_tta_section][vc_tta_section title=&#8221;Me\u0111unarodni projekti&#8221; tab_id=&#8221;1518612608602-fd3a1bdd-8b08&#8243;][mk_table]\n<table width=\"0\">\n<tbody>\n<tr>\n<td width=\"415\"><strong>Naziv<\/strong><\/td>\n<td width=\"236\"><strong>Izvor financiranja<\/strong><\/td>\n<td width=\"104\"><strong>Trajanje<\/strong><\/td>\n<td width=\"123\"><strong>Su\/Voditelj<\/strong><\/td>\n<td width=\"132\"><strong>Suradnici<\/strong><\/td>\n<\/tr>\n<tr>\n<td width=\"415\">MEDITS &#8211; Mediterranean International Bottom Trawl Survey<\/td>\n<td width=\"236\">EU<\/td>\n<td width=\"104\">1996 &#8211; 2001<\/td>\n<td width=\"123\"><\/td>\n<td width=\"132\">Mate \u0160anti\u0107<\/td>\n<\/tr>\n<tr>\n<td width=\"415\">Poissons d&#8217;Eaux Recycl\u00e9es et Lagun\u00e9es (PEARL)<\/td>\n<td width=\"236\">IFREMER (Institut fran\u03c2ais de Rechercher pour l&#8217;Exploitation de la Mer)<\/td>\n<td width=\"104\">2005 \u2013 2007<\/td>\n<td width=\"123\"><\/td>\n<td width=\"132\">Ivana Bo\u010dina<\/td>\n<\/tr>\n<tr>\n<td width=\"415\">A European Network For Mitigating Bacterial Colonisation and Persistence On Foods and Food Processing Environments<\/td>\n<td width=\"236\">COST<\/td>\n<td width=\"104\">2012 &#8211; 2016<\/td>\n<td width=\"123\">Juraj Simuni\u0107<\/td>\n<td width=\"132\"><\/td>\n<\/tr>\n<tr>\n<td width=\"415\">Participates in implementation of ARAMACC<\/td>\n<td width=\"236\">Marie Curie ITN (EU FP7)<\/td>\n<td width=\"104\">2013 \u2013 2017<\/td>\n<td width=\"123\"><\/td>\n<td width=\"132\">Sanja Puljas<br \/>\n&nbsp;<\/td>\n<\/tr>\n<tr>\n<td width=\"415\">New approaches in understanding of the compatibility relationships and pollen\u2013pistil interactions in olive (Olea europaea L.)<\/td>\n<td width=\"236\">UKF<\/td>\n<td width=\"104\">2017 &#8211; danas<\/td>\n<td width=\"123\"><\/td>\n<td width=\"132\">Ivana Bo\u010dina<\/td>\n<\/tr>\n<\/tbody>\n<\/table>\n[\/mk_table][\/vc_tta_section][vc_tta_section title=&#8221;Bileteralni sporazumi&#8221; tab_id=&#8221;1518612607041-5bc7a44e-2683&#8243;][mk_table style=&#8221;style2&#8243;]\n<table width=\"0\">\n<tbody>\n<tr>\n<td width=\"415\"><strong>Naziv<\/strong><\/td>\n<td width=\"236\"><strong>Izvor financiranja<\/strong><\/td>\n<td width=\"104\"><strong>Trajanje<\/strong><\/td>\n<td width=\"123\"><strong>Su\/Voditelj<\/strong><\/td>\n<td width=\"132\"><strong>Suradnici<\/strong><\/td>\n<\/tr>\n<tr>\n<td>Atmosferskim plazmenim mlazom potpomognuto mikrostrukturiranje i impregnacija nano\u010destica u celulozu za budu\u0107e primjene<\/td>\n<td>hrvatsko-austrijski bilateralni projekt<\/td>\n<td>2020 &#8211; 2021<\/td>\n<td><\/td>\n<td>Ana Maravi\u0107<\/td>\n<\/tr>\n<tr>\n<td width=\"415\">Genetics of\u00a0 Allium ampeloprasum complex<\/td>\n<td width=\"236\">hrvatsko-slovenski bilateralni\u00a0 projekt<\/td>\n<td width=\"104\">1999 &#8211; 2001<\/td>\n<td width=\"123\">Jasna Puizina<\/td>\n<td width=\"132\"><\/td>\n<\/tr>\n<tr>\n<td width=\"415\">Genetics of brown algae, Cystoseira spp. (Phaeophyceae, Fucales) from the Adriatic Sea<\/td>\n<td width=\"236\">hrvatsko-austrijski bilateralni projekt<\/td>\n<td width=\"104\">2012 \u2013 2013<\/td>\n<td width=\"123\">Jasna Puizina<\/td>\n<td width=\"132\">Ivica \u0160amani\u0107<\/td>\n<\/tr>\n<tr>\n<td width=\"415\">Date shell Lithophaga lithophaga as indicator of environmental changes in the Mediterranean \u2013 sclerochronological and conservation study<\/td>\n<td width=\"236\">hrvatsko-francuski bilateralni projekt<\/td>\n<td width=\"104\">2013 \u2013 2014<\/td>\n<td width=\"123\"><\/td>\n<td width=\"132\">Sanja Puljas<br \/>\n&nbsp;<\/td>\n<\/tr>\n<\/tbody>\n<\/table>\n[\/mk_table][\/vc_tta_section][vc_tta_section title=&#8221;Ostalo&#8221; tab_id=&#8221;1518612606361-a7845c8c-f696&#8243;][vc_separator color=&#8221;mulled_wine&#8221; style=&#8221;shadow&#8221;][mk_table style=&#8221;style2&#8243;]\n<table width=\"0\">\n<tbody>\n<tr>\n<td width=\"415\"><strong>Naziv<\/strong><\/td>\n<td width=\"236\"><strong>Izvor financiranja<\/strong><\/td>\n<td width=\"104\"><strong>Trajanje<\/strong><\/td>\n<td width=\"123\"><strong>Su\/Voditelj<\/strong><\/td>\n<td width=\"132\"><strong>Suradnici<\/strong><\/td>\n<\/tr>\n<tr>\n<td width=\"415\">\u010covjek i biosfera<\/td>\n<td width=\"236\">&#8211;<\/td>\n<td width=\"104\">1981 &#8211; 1985<\/td>\n<td width=\"123\"><\/td>\n<td width=\"132\">Nada Bezi\u0107<\/td>\n<\/tr>\n<tr>\n<td width=\"415\">Istra\u017eivanja biolo\u0161kih i molekularnih svojstava biljnih virusa<\/td>\n<td width=\"236\">&#8211;<\/td>\n<td width=\"104\">1990 &#8211; 1996<\/td>\n<td width=\"123\"><\/td>\n<td width=\"132\">Nada Bezi\u0107<\/td>\n<\/tr>\n<tr>\n<td width=\"415\">Kinuklidin i derivati kinuklidina \u2013 spojevi visokog biolo\u0161kog i medicinskog potencijala<\/td>\n<td width=\"236\">Zaklada Adris<\/td>\n<td width=\"104\">2017 &#8211; danas<\/td>\n<td width=\"123\">Matilda \u0160prung<\/td>\n<td width=\"132\">Renata Od\u017eak<br \/>\nBarbara Soldo<br \/>\nAna Maravi\u0107<br \/>\nLucija Krce<\/td>\n<\/tr>\n<\/tbody>\n<\/table>\n[\/mk_table][vc_separator color=&#8221;mulled_wine&#8221; style=&#8221;shadow&#8221;][\/vc_tta_section][\/vc_tta_tabs][\/vc_column][\/vc_row]\n<\/div>","protected":false},"excerpt":{"rendered":"<p>[vc_row][vc_column][vc_empty_space][mk_fancy_title color=&#8221;#01bcb0&#8243; size=&#8221;28&#8243; font_family=&#8221;none&#8221;]Projekti[\/mk_fancy_title][vc_separator color=&#8221;mulled_wine&#8221; style=&#8221;shadow&#8221; border_width=&#8221;6&#8243;][vc_tta_tabs color=&#8221;turquoise&#8221; active_section=&#8221;1&#8243; css=&#8221;.vc_custom_1518613417707{background-color: #ffffff !important;}&#8221;][vc_tta_section title=&#8221;Nacionalni projekti&#8221; tab_id=&#8221;1518611544505-c6274d8b-8ab3&#8243;][mk_table] Naziv Izvor financiranja \u0160ifra Trajanje Su\/Voditelj Suradnici Hrvatske vrste roda Veronica: fitotaksonomija i biolo\u0161ka aktivnost (CROVeS-PhyBA) HrZZ IP-2020-02-8425 01\/2021-01\/2025 Valerija Dunki\u0107 Marija Nazli\u0107, Mirko Ru\u0161\u010di\u0107, Jasna Puizina, Elma Vuko, Snje\u017eana Topi\u0107, Dario Kremer, Renata Juri\u0161i\u0107-Grubi\u0161i\u010d, Sini\u0161a Sre\u010dec Antibioti\u010dka rezistencija u [&hellip;]<\/p>\n","protected":false},"author":1,"featured_media":0,"parent":0,"menu_order":0,"comment_status":"closed","ping_status":"closed","template":"","meta":{"_acf_changed":false,"rs_blank_template":"","rs_page_bg_color":"","slide_template_v7":"","footnotes":""},"class_list":["post-454","page","type-page","status-publish","hentry"],"acf":[],"yoast_head":"<!-- This site is optimized with the Yoast SEO plugin v27.4 - https:\/\/yoast.com\/product\/yoast-seo-wordpress\/ -->\n<title>Projekti - Odjel za biologiju - PMF Split<\/title>\n<meta name=\"robots\" content=\"index, follow, max-snippet:-1, max-image-preview:large, max-video-preview:-1\" \/>\n<link rel=\"canonical\" href=\"https:\/\/www.pmfst.unist.hr\/odjel-za-biologiju\/projekti\/\" \/>\n<meta property=\"og:locale\" content=\"hr_HR\" \/>\n<meta property=\"og:type\" content=\"article\" \/>\n<meta property=\"og:title\" content=\"Projekti - Odjel za biologiju - PMF Split\" \/>\n<meta property=\"og:description\" content=\"[vc_row][vc_column][vc_empty_space][mk_fancy_title color=&#8221;#01bcb0&#8243; size=&#8221;28&#8243; font_family=&#8221;none&#8221;]Projekti[\/mk_fancy_title][vc_separator color=&#8221;mulled_wine&#8221; style=&#8221;shadow&#8221; border_width=&#8221;6&#8243;][vc_tta_tabs color=&#8221;turquoise&#8221; active_section=&#8221;1&#8243; css=&#8221;.vc_custom_1518613417707{background-color: #ffffff !important;}&#8221;][vc_tta_section title=&#8221;Nacionalni projekti&#8221; tab_id=&#8221;1518611544505-c6274d8b-8ab3&#8243;][mk_table] Naziv Izvor financiranja \u0160ifra Trajanje Su\/Voditelj Suradnici Hrvatske vrste roda Veronica: fitotaksonomija i biolo\u0161ka aktivnost (CROVeS-PhyBA) HrZZ IP-2020-02-8425 01\/2021-01\/2025 Valerija Dunki\u0107 Marija Nazli\u0107, Mirko Ru\u0161\u010di\u0107, Jasna Puizina, Elma Vuko, Snje\u017eana Topi\u0107, Dario Kremer, Renata Juri\u0161i\u0107-Grubi\u0161i\u010d, Sini\u0161a Sre\u010dec Antibioti\u010dka rezistencija u [&hellip;]\" \/>\n<meta property=\"og:url\" content=\"https:\/\/www.pmfst.unist.hr\/odjel-za-biologiju\/projekti\/\" \/>\n<meta property=\"og:site_name\" content=\"Odjel za biologiju - PMF Split\" \/>\n<meta property=\"article:modified_time\" content=\"2021-01-29T12:06:01+00:00\" \/>\n<meta name=\"twitter:card\" content=\"summary_large_image\" \/>\n<meta name=\"twitter:label1\" content=\"Procijenjeno vrijeme \u010ditanja\" \/>\n\t<meta name=\"twitter:data1\" content=\"4 minute\" \/>\n<script type=\"application\/ld+json\" class=\"yoast-schema-graph\">{\"@context\":\"https:\\\/\\\/schema.org\",\"@graph\":[{\"@type\":\"WebPage\",\"@id\":\"https:\\\/\\\/www.pmfst.unist.hr\\\/odjel-za-biologiju\\\/projekti\\\/\",\"url\":\"https:\\\/\\\/www.pmfst.unist.hr\\\/odjel-za-biologiju\\\/projekti\\\/\",\"name\":\"Projekti - Odjel za biologiju - PMF Split\",\"isPartOf\":{\"@id\":\"https:\\\/\\\/www.pmfst.unist.hr\\\/odjel-za-biologiju\\\/#website\"},\"datePublished\":\"2018-03-26T11:05:00+00:00\",\"dateModified\":\"2021-01-29T12:06:01+00:00\",\"breadcrumb\":{\"@id\":\"https:\\\/\\\/www.pmfst.unist.hr\\\/odjel-za-biologiju\\\/projekti\\\/#breadcrumb\"},\"inLanguage\":\"hr\",\"potentialAction\":[{\"@type\":\"ReadAction\",\"target\":[\"https:\\\/\\\/www.pmfst.unist.hr\\\/odjel-za-biologiju\\\/projekti\\\/\"]}]},{\"@type\":\"BreadcrumbList\",\"@id\":\"https:\\\/\\\/www.pmfst.unist.hr\\\/odjel-za-biologiju\\\/projekti\\\/#breadcrumb\",\"itemListElement\":[{\"@type\":\"ListItem\",\"position\":1,\"name\":\"Po\u010detna stranica\",\"item\":\"https:\\\/\\\/www.pmfst.unist.hr\\\/odjel-za-biologiju\\\/\"},{\"@type\":\"ListItem\",\"position\":2,\"name\":\"Projekti\"}]},{\"@type\":\"WebSite\",\"@id\":\"https:\\\/\\\/www.pmfst.unist.hr\\\/odjel-za-biologiju\\\/#website\",\"url\":\"https:\\\/\\\/www.pmfst.unist.hr\\\/odjel-za-biologiju\\\/\",\"name\":\"Odjel za biologiju - PMF Split\",\"description\":\"Web stranica odjela za bilogiju PMF-a Split\",\"potentialAction\":[{\"@type\":\"SearchAction\",\"target\":{\"@type\":\"EntryPoint\",\"urlTemplate\":\"https:\\\/\\\/www.pmfst.unist.hr\\\/odjel-za-biologiju\\\/?s={search_term_string}\"},\"query-input\":{\"@type\":\"PropertyValueSpecification\",\"valueRequired\":true,\"valueName\":\"search_term_string\"}}],\"inLanguage\":\"hr\"}]}<\/script>\n<!-- \/ Yoast SEO plugin. -->","yoast_head_json":{"title":"Projekti - Odjel za biologiju - PMF Split","robots":{"index":"index","follow":"follow","max-snippet":"max-snippet:-1","max-image-preview":"max-image-preview:large","max-video-preview":"max-video-preview:-1"},"canonical":"https:\/\/www.pmfst.unist.hr\/odjel-za-biologiju\/projekti\/","og_locale":"hr_HR","og_type":"article","og_title":"Projekti - Odjel za biologiju - PMF Split","og_description":"[vc_row][vc_column][vc_empty_space][mk_fancy_title color=&#8221;#01bcb0&#8243; size=&#8221;28&#8243; font_family=&#8221;none&#8221;]Projekti[\/mk_fancy_title][vc_separator color=&#8221;mulled_wine&#8221; style=&#8221;shadow&#8221; border_width=&#8221;6&#8243;][vc_tta_tabs color=&#8221;turquoise&#8221; active_section=&#8221;1&#8243; css=&#8221;.vc_custom_1518613417707{background-color: #ffffff !important;}&#8221;][vc_tta_section title=&#8221;Nacionalni projekti&#8221; tab_id=&#8221;1518611544505-c6274d8b-8ab3&#8243;][mk_table] Naziv Izvor financiranja \u0160ifra Trajanje Su\/Voditelj Suradnici Hrvatske vrste roda Veronica: fitotaksonomija i biolo\u0161ka aktivnost (CROVeS-PhyBA) HrZZ IP-2020-02-8425 01\/2021-01\/2025 Valerija Dunki\u0107 Marija Nazli\u0107, Mirko Ru\u0161\u010di\u0107, Jasna Puizina, Elma Vuko, Snje\u017eana Topi\u0107, Dario Kremer, Renata Juri\u0161i\u0107-Grubi\u0161i\u010d, Sini\u0161a Sre\u010dec Antibioti\u010dka rezistencija u [&hellip;]","og_url":"https:\/\/www.pmfst.unist.hr\/odjel-za-biologiju\/projekti\/","og_site_name":"Odjel za biologiju - PMF Split","article_modified_time":"2021-01-29T12:06:01+00:00","twitter_card":"summary_large_image","twitter_misc":{"Procijenjeno vrijeme \u010ditanja":"4 minute"},"schema":{"@context":"https:\/\/schema.org","@graph":[{"@type":"WebPage","@id":"https:\/\/www.pmfst.unist.hr\/odjel-za-biologiju\/projekti\/","url":"https:\/\/www.pmfst.unist.hr\/odjel-za-biologiju\/projekti\/","name":"Projekti - Odjel za biologiju - PMF Split","isPartOf":{"@id":"https:\/\/www.pmfst.unist.hr\/odjel-za-biologiju\/#website"},"datePublished":"2018-03-26T11:05:00+00:00","dateModified":"2021-01-29T12:06:01+00:00","breadcrumb":{"@id":"https:\/\/www.pmfst.unist.hr\/odjel-za-biologiju\/projekti\/#breadcrumb"},"inLanguage":"hr","potentialAction":[{"@type":"ReadAction","target":["https:\/\/www.pmfst.unist.hr\/odjel-za-biologiju\/projekti\/"]}]},{"@type":"BreadcrumbList","@id":"https:\/\/www.pmfst.unist.hr\/odjel-za-biologiju\/projekti\/#breadcrumb","itemListElement":[{"@type":"ListItem","position":1,"name":"Po\u010detna stranica","item":"https:\/\/www.pmfst.unist.hr\/odjel-za-biologiju\/"},{"@type":"ListItem","position":2,"name":"Projekti"}]},{"@type":"WebSite","@id":"https:\/\/www.pmfst.unist.hr\/odjel-za-biologiju\/#website","url":"https:\/\/www.pmfst.unist.hr\/odjel-za-biologiju\/","name":"Odjel za biologiju - PMF Split","description":"Web stranica odjela za bilogiju PMF-a Split","potentialAction":[{"@type":"SearchAction","target":{"@type":"EntryPoint","urlTemplate":"https:\/\/www.pmfst.unist.hr\/odjel-za-biologiju\/?s={search_term_string}"},"query-input":{"@type":"PropertyValueSpecification","valueRequired":true,"valueName":"search_term_string"}}],"inLanguage":"hr"}]}},"_links":{"self":[{"href":"https:\/\/www.pmfst.unist.hr\/odjel-za-biologiju\/wp-json\/wp\/v2\/pages\/454","targetHints":{"allow":["GET"]}}],"collection":[{"href":"https:\/\/www.pmfst.unist.hr\/odjel-za-biologiju\/wp-json\/wp\/v2\/pages"}],"about":[{"href":"https:\/\/www.pmfst.unist.hr\/odjel-za-biologiju\/wp-json\/wp\/v2\/types\/page"}],"author":[{"embeddable":true,"href":"https:\/\/www.pmfst.unist.hr\/odjel-za-biologiju\/wp-json\/wp\/v2\/users\/1"}],"replies":[{"embeddable":true,"href":"https:\/\/www.pmfst.unist.hr\/odjel-za-biologiju\/wp-json\/wp\/v2\/comments?post=454"}],"version-history":[{"count":0,"href":"https:\/\/www.pmfst.unist.hr\/odjel-za-biologiju\/wp-json\/wp\/v2\/pages\/454\/revisions"}],"wp:attachment":[{"href":"https:\/\/www.pmfst.unist.hr\/odjel-za-biologiju\/wp-json\/wp\/v2\/media?parent=454"}],"curies":[{"name":"wp","href":"https:\/\/api.w.org\/{rel}","templated":true}]}}