{"id":48,"date":"2017-12-15T08:27:23","date_gmt":"2017-12-15T07:27:23","guid":{"rendered":"https:\/\/www.pmfst.unist.hr\/odjel-za-biologiju\/?page_id=48"},"modified":"2025-10-10T11:47:12","modified_gmt":"2025-10-10T09:47:12","slug":"48-2","status":"publish","type":"page","link":"https:\/\/www.pmfst.unist.hr\/odjel-za-biologiju\/48-2\/","title":{"rendered":"Studij"},"content":{"rendered":"<div class=\"wpb-content-wrapper\">[mk_page_section sidebar=&#8221;sidebar-1&#8243;][vc_column width=&#8221;1\/2&#8243;][vc_column_text css=&#8221;.vc_custom_1583834149220{margin-bottom: 0px !important;}&#8221;]\n<p style=\"text-align: justify;\">Odjel za biologiju sudjeluje u izvo\u0111enju dva preddiplomska studija u trajanju od \u0161est semestara: <strong>Biologija i kemija<\/strong> i <strong>Biologija<\/strong>, te diplomskog studija <strong>Biologija i kemija; nastavni\u010dki smjer<\/strong>, u trajanju od \u010detiri semestra. Studijski programi koji se izvode na Odjelu za biologiju omogu\u0107uju stjecanje znanja i kompetencija kroz usvajanja teorijskih znanja, laboratorijski rad, terenska istra\u017eivanja, znanstveno-istra\u017eiva\u010dki rad i stru\u010dnu praksu. Odjel za biologiju sudjeluje u izvo\u0111enju nastave preddiplomskog studija Nutricionizma u trajanju od \u0161est semestara. <strong>Studijski program Nutricionizma<\/strong> omogu\u0107uje stjecanje temeljnih znanja iz prirodoslovnih polja, stru\u010dnih znanja iz nutricionizma, zakonodavstva te sociologije i psihologije prehrane. Studijski program Nutricionizam od ak. god. 2018.\/2019. ne upisuje nove studente. Odjel za biologiju sudjeluje u realizaciji dva doktorska poslijediplomska sveu\u010dili\u0161na studija organizirana pri Prirodoslovno-matemati\u010dkom fakultetu: <strong>\u201eBiofizika\u201c<\/strong> i <strong>\u201eIstra\u017eivanje u edukaciji u podru\u010dju prirodnih i tehni\u010dkih znanosti\u201c<\/strong>, usmjerenje Biologija. Nastavnici Odjela za biologiju sudjeluju i u realizaciji dvaju programa cjelo\u017eivotnog obrazovanja: Dopunsko pedago\u0161ko-psiholo\u0161ko-didakti\u010dko-metodi\u010dko obrazovanje, koje omogu\u0107ava polaznicima stjecanje pedago\u0161kih kompetencija nu\u017enih za rad s u\u010denicima u osnovnim i srednjim \u0161kolama. Od 2017. godine na Odjelu se izvodi i nekoliko me\u0111unarodnih ljetnih \u0161kole u okviru ljetne \u0161kole Sveu\u010dili\u0161ta u Splitu, Split Summer School. Od 2018. godine nastavnici Odjela za biologiju sudjeluju i u radu Centra izvrsnosti iz prirodoslovlja pri Splitsko-Dalmatinskoj \u017eupaniji, gdje rade s darovitim u\u010denicima, poti\u010du i usmjeravaju njihov interes za biologiju i prirodoslovlje. Nastavnici i studenti Odjela za biologiju vrlo su aktivni i na Festivalu znanosti, Danima botani\u010dkih vrtova i arboretuma, te drugim manifestacijama koje populariziraju znanost i prirodoslovlje.<\/p>\n[\/vc_column_text][\/vc_column][vc_column width=&#8221;1\/2&#8243;][mk_fancy_title strip_tags=&#8221;true&#8221; tag_name=&#8221;span&#8221; color=&#8221;#1e73be&#8221; size=&#8221;16&#8243; font_family=&#8221;none&#8221;]\n<h2>PREDDIPLOMSKI STUDIJ<\/h2>\n[\/mk_fancy_title][vc_row_inner][vc_column_inner width=&#8221;1\/3&#8243;][vc_single_image image=&#8221;11404&#8243; img_size=&#8221;full&#8221; style=&#8221;vc_box_shadow&#8221; onclick=&#8221;custom_link&#8221; img_link_target=&#8221;_blank&#8221; css_animation=&#8221;fadeInDown&#8221; css=&#8221;&#8221; link=&#8221;https:\/\/www.pmfst.unist.hr\/portfolio-posts\/prijediplomski-sveucilisni-studij-biologija-i-kemija\/&#8221;][\/vc_column_inner][vc_column_inner width=&#8221;1\/3&#8243;][vc_single_image image=&#8221;11407&#8243; img_size=&#8221;full&#8221; style=&#8221;vc_box_shadow&#8221; onclick=&#8221;custom_link&#8221; img_link_target=&#8221;_blank&#8221; css_animation=&#8221;fadeInDown&#8221; link=&#8221;https:\/\/www.pmfst.unist.hr\/portfolio-posts\/preddiplomski-sveucilisni-studij-biologija\/&#8221;][\/vc_column_inner][vc_column_inner width=&#8221;1\/3&#8243;][vc_single_image image=&#8221;11406&#8243; img_size=&#8221;full&#8221; style=&#8221;vc_box_shadow&#8221; onclick=&#8221;custom_link&#8221; img_link_target=&#8221;_blank&#8221; css_animation=&#8221;fadeInDown&#8221; link=&#8221;https:\/\/www.pmfst.unist.hr\/portfolio-posts\/preddiplomski-sveucilisni-studij-nutricionizam\/&#8221;][\/vc_column_inner][\/vc_row_inner][mk_fancy_title strip_tags=&#8221;true&#8221; tag_name=&#8221;span&#8221; color=&#8221;#1e73be&#8221; size=&#8221;16&#8243; font_family=&#8221;none&#8221;]\n<h2>DIPLOMSKI STUDIJ<\/h2>\n[\/mk_fancy_title][vc_row_inner][vc_column_inner width=&#8221;1\/3&#8243;][vc_single_image image=&#8221;11408&#8243; img_size=&#8221;full&#8221; style=&#8221;vc_box_shadow&#8221; onclick=&#8221;custom_link&#8221; img_link_target=&#8221;_blank&#8221; css_animation=&#8221;fadeInDown&#8221; link=&#8221;https:\/\/www.pmfst.unist.hr\/portfolio-posts\/ddiplomski-sveucilisni-studij-biologija-i-kemija\/&#8221;][\/vc_column_inner][vc_column_inner width=&#8221;1\/3&#8243;][vc_single_image image=&#8221;12453&#8243; img_size=&#8221;full&#8221; style=&#8221;vc_box_shadow&#8221; onclick=&#8221;custom_link&#8221; img_link_target=&#8221;_blank&#8221; css_animation=&#8221;fadeInDown&#8221; link=&#8221;https:\/\/www.pmfst.unist.hr\/portfolio-posts\/diplomski-sveucilisni-studij-molekularna-biologija\/&#8221;][\/vc_column_inner][vc_column_inner width=&#8221;1\/3&#8243;][\/vc_column_inner][\/vc_row_inner][vc_row_inner][vc_column_inner][vc_cta h2=&#8221;&#8221; h4=&#8221;Deset najva\u017enijih pitanja i odgovora za budu\u0107e studente Biologije i Biologije-kemije&#8221; txt_align=&#8221;center&#8221; color=&#8221;mulled-wine&#8221; add_button=&#8221;bottom&#8221; btn_title=&#8221;Prika\u017ei&#8221; btn_color=&#8221;info&#8221; btn_align=&#8221;center&#8221; btn_button_block=&#8221;true&#8221; btn_link=&#8221;url:https%3A%2F%2Fwww.pmfst.unist.hr%2Fodjel-za-biologiju%2Fdeset-najvaznijih-pitanja-i-odgovora-za-buduce-studente-biologije-i-biologije-kemije%2F|title:Deset%20najva%C5%BEnijih%20pitanja%20i%20odgovora%20za%20budu%C4%87e%20studente%20Biologije%20i%20Biologije-kemije||&#8221;][\/vc_cta][\/vc_column_inner][\/vc_row_inner][\/vc_column][\/mk_page_section]\n<\/div>","protected":false},"excerpt":{"rendered":"<p>[mk_page_section sidebar=&#8221;sidebar-1&#8243;][vc_column width=&#8221;1\/2&#8243;][vc_column_text css=&#8221;.vc_custom_1583834149220{margin-bottom: 0px !important;}&#8221;] Odjel za biologiju sudjeluje u izvo\u0111enju dva preddiplomska studija u trajanju od \u0161est semestara: Biologija i kemija i Biologija, te diplomskog studija Biologija i kemija; nastavni\u010dki smjer, u trajanju od \u010detiri semestra. Studijski programi koji se izvode na Odjelu za biologiju omogu\u0107uju stjecanje znanja i kompetencija kroz usvajanja teorijskih [&hellip;]<\/p>\n","protected":false},"author":1,"featured_media":0,"parent":0,"menu_order":0,"comment_status":"closed","ping_status":"closed","template":"","meta":{"_acf_changed":false,"rs_blank_template":"","rs_page_bg_color":"","slide_template_v7":"","footnotes":""},"class_list":["post-48","page","type-page","status-publish","hentry"],"acf":[],"yoast_head":"<!-- This site is optimized with the Yoast SEO plugin v27.4 - https:\/\/yoast.com\/product\/yoast-seo-wordpress\/ -->\n<title>Studij - Odjel za biologiju - PMF Split<\/title>\n<meta name=\"robots\" content=\"index, follow, max-snippet:-1, max-image-preview:large, max-video-preview:-1\" \/>\n<link rel=\"canonical\" href=\"https:\/\/www.pmfst.unist.hr\/odjel-za-biologiju\/48-2\/\" \/>\n<meta property=\"og:locale\" content=\"hr_HR\" \/>\n<meta property=\"og:type\" content=\"article\" \/>\n<meta property=\"og:title\" content=\"Studij - Odjel za biologiju - PMF Split\" \/>\n<meta property=\"og:description\" content=\"[mk_page_section sidebar=&#8221;sidebar-1&#8243;][vc_column width=&#8221;1\/2&#8243;][vc_column_text css=&#8221;.vc_custom_1583834149220{margin-bottom: 0px !important;}&#8221;] Odjel za biologiju sudjeluje u izvo\u0111enju dva preddiplomska studija u trajanju od \u0161est semestara: Biologija i kemija i Biologija, te diplomskog studija Biologija i kemija; nastavni\u010dki smjer, u trajanju od \u010detiri semestra. Studijski programi koji se izvode na Odjelu za biologiju omogu\u0107uju stjecanje znanja i kompetencija kroz usvajanja teorijskih [&hellip;]\" \/>\n<meta property=\"og:url\" content=\"https:\/\/www.pmfst.unist.hr\/odjel-za-biologiju\/48-2\/\" \/>\n<meta property=\"og:site_name\" content=\"Odjel za biologiju - PMF Split\" \/>\n<meta property=\"article:modified_time\" content=\"2025-10-10T09:47:12+00:00\" \/>\n<meta name=\"twitter:card\" content=\"summary_large_image\" \/>\n<meta name=\"twitter:label1\" content=\"Procijenjeno vrijeme \u010ditanja\" \/>\n\t<meta name=\"twitter:data1\" content=\"2 minute\" \/>\n<script type=\"application\/ld+json\" class=\"yoast-schema-graph\">{\"@context\":\"https:\\\/\\\/schema.org\",\"@graph\":[{\"@type\":\"WebPage\",\"@id\":\"https:\\\/\\\/www.pmfst.unist.hr\\\/odjel-za-biologiju\\\/48-2\\\/\",\"url\":\"https:\\\/\\\/www.pmfst.unist.hr\\\/odjel-za-biologiju\\\/48-2\\\/\",\"name\":\"Studij - Odjel za biologiju - PMF Split\",\"isPartOf\":{\"@id\":\"https:\\\/\\\/www.pmfst.unist.hr\\\/odjel-za-biologiju\\\/#website\"},\"datePublished\":\"2017-12-15T07:27:23+00:00\",\"dateModified\":\"2025-10-10T09:47:12+00:00\",\"breadcrumb\":{\"@id\":\"https:\\\/\\\/www.pmfst.unist.hr\\\/odjel-za-biologiju\\\/48-2\\\/#breadcrumb\"},\"inLanguage\":\"hr\",\"potentialAction\":[{\"@type\":\"ReadAction\",\"target\":[\"https:\\\/\\\/www.pmfst.unist.hr\\\/odjel-za-biologiju\\\/48-2\\\/\"]}]},{\"@type\":\"BreadcrumbList\",\"@id\":\"https:\\\/\\\/www.pmfst.unist.hr\\\/odjel-za-biologiju\\\/48-2\\\/#breadcrumb\",\"itemListElement\":[{\"@type\":\"ListItem\",\"position\":1,\"name\":\"Po\u010detna stranica\",\"item\":\"https:\\\/\\\/www.pmfst.unist.hr\\\/odjel-za-biologiju\\\/\"},{\"@type\":\"ListItem\",\"position\":2,\"name\":\"Studij\"}]},{\"@type\":\"WebSite\",\"@id\":\"https:\\\/\\\/www.pmfst.unist.hr\\\/odjel-za-biologiju\\\/#website\",\"url\":\"https:\\\/\\\/www.pmfst.unist.hr\\\/odjel-za-biologiju\\\/\",\"name\":\"Odjel za biologiju - PMF Split\",\"description\":\"Web stranica odjela za bilogiju PMF-a Split\",\"potentialAction\":[{\"@type\":\"SearchAction\",\"target\":{\"@type\":\"EntryPoint\",\"urlTemplate\":\"https:\\\/\\\/www.pmfst.unist.hr\\\/odjel-za-biologiju\\\/?s={search_term_string}\"},\"query-input\":{\"@type\":\"PropertyValueSpecification\",\"valueRequired\":true,\"valueName\":\"search_term_string\"}}],\"inLanguage\":\"hr\"}]}<\/script>\n<!-- \/ Yoast SEO plugin. -->","yoast_head_json":{"title":"Studij - Odjel za biologiju - PMF Split","robots":{"index":"index","follow":"follow","max-snippet":"max-snippet:-1","max-image-preview":"max-image-preview:large","max-video-preview":"max-video-preview:-1"},"canonical":"https:\/\/www.pmfst.unist.hr\/odjel-za-biologiju\/48-2\/","og_locale":"hr_HR","og_type":"article","og_title":"Studij - Odjel za biologiju - PMF Split","og_description":"[mk_page_section sidebar=&#8221;sidebar-1&#8243;][vc_column width=&#8221;1\/2&#8243;][vc_column_text css=&#8221;.vc_custom_1583834149220{margin-bottom: 0px !important;}&#8221;] Odjel za biologiju sudjeluje u izvo\u0111enju dva preddiplomska studija u trajanju od \u0161est semestara: Biologija i kemija i Biologija, te diplomskog studija Biologija i kemija; nastavni\u010dki smjer, u trajanju od \u010detiri semestra. Studijski programi koji se izvode na Odjelu za biologiju omogu\u0107uju stjecanje znanja i kompetencija kroz usvajanja teorijskih [&hellip;]","og_url":"https:\/\/www.pmfst.unist.hr\/odjel-za-biologiju\/48-2\/","og_site_name":"Odjel za biologiju - PMF Split","article_modified_time":"2025-10-10T09:47:12+00:00","twitter_card":"summary_large_image","twitter_misc":{"Procijenjeno vrijeme \u010ditanja":"2 minute"},"schema":{"@context":"https:\/\/schema.org","@graph":[{"@type":"WebPage","@id":"https:\/\/www.pmfst.unist.hr\/odjel-za-biologiju\/48-2\/","url":"https:\/\/www.pmfst.unist.hr\/odjel-za-biologiju\/48-2\/","name":"Studij - Odjel za biologiju - PMF Split","isPartOf":{"@id":"https:\/\/www.pmfst.unist.hr\/odjel-za-biologiju\/#website"},"datePublished":"2017-12-15T07:27:23+00:00","dateModified":"2025-10-10T09:47:12+00:00","breadcrumb":{"@id":"https:\/\/www.pmfst.unist.hr\/odjel-za-biologiju\/48-2\/#breadcrumb"},"inLanguage":"hr","potentialAction":[{"@type":"ReadAction","target":["https:\/\/www.pmfst.unist.hr\/odjel-za-biologiju\/48-2\/"]}]},{"@type":"BreadcrumbList","@id":"https:\/\/www.pmfst.unist.hr\/odjel-za-biologiju\/48-2\/#breadcrumb","itemListElement":[{"@type":"ListItem","position":1,"name":"Po\u010detna stranica","item":"https:\/\/www.pmfst.unist.hr\/odjel-za-biologiju\/"},{"@type":"ListItem","position":2,"name":"Studij"}]},{"@type":"WebSite","@id":"https:\/\/www.pmfst.unist.hr\/odjel-za-biologiju\/#website","url":"https:\/\/www.pmfst.unist.hr\/odjel-za-biologiju\/","name":"Odjel za biologiju - PMF Split","description":"Web stranica odjela za bilogiju PMF-a Split","potentialAction":[{"@type":"SearchAction","target":{"@type":"EntryPoint","urlTemplate":"https:\/\/www.pmfst.unist.hr\/odjel-za-biologiju\/?s={search_term_string}"},"query-input":{"@type":"PropertyValueSpecification","valueRequired":true,"valueName":"search_term_string"}}],"inLanguage":"hr"}]}},"_links":{"self":[{"href":"https:\/\/www.pmfst.unist.hr\/odjel-za-biologiju\/wp-json\/wp\/v2\/pages\/48","targetHints":{"allow":["GET"]}}],"collection":[{"href":"https:\/\/www.pmfst.unist.hr\/odjel-za-biologiju\/wp-json\/wp\/v2\/pages"}],"about":[{"href":"https:\/\/www.pmfst.unist.hr\/odjel-za-biologiju\/wp-json\/wp\/v2\/types\/page"}],"author":[{"embeddable":true,"href":"https:\/\/www.pmfst.unist.hr\/odjel-za-biologiju\/wp-json\/wp\/v2\/users\/1"}],"replies":[{"embeddable":true,"href":"https:\/\/www.pmfst.unist.hr\/odjel-za-biologiju\/wp-json\/wp\/v2\/comments?post=48"}],"version-history":[{"count":0,"href":"https:\/\/www.pmfst.unist.hr\/odjel-za-biologiju\/wp-json\/wp\/v2\/pages\/48\/revisions"}],"wp:attachment":[{"href":"https:\/\/www.pmfst.unist.hr\/odjel-za-biologiju\/wp-json\/wp\/v2\/media?parent=48"}],"curies":[{"name":"wp","href":"https:\/\/api.w.org\/{rel}","templated":true}]}}