{"id":11620,"date":"2018-02-08T11:34:30","date_gmt":"2018-02-08T10:34:30","guid":{"rendered":"https:\/\/www.pmfst.unist.hr\/odjel-za-informatiku\/studij\/"},"modified":"2021-03-02T09:06:06","modified_gmt":"2021-03-02T08:06:06","slug":"studij","status":"publish","type":"page","link":"https:\/\/www.pmfst.unist.hr\/odjel-za-informatiku\/studij\/?lang=en","title":{"rendered":"Studies"},"content":{"rendered":"<div class=\"wpb-content-wrapper\">[mk_page_section sidebar=&#8221;sidebar-1&#8243;][vc_column][vc_column_text css=&#8221;.vc_custom_1614504986367{margin-bottom: 0px !important;}&#8221;]Students in the study programme Computer Science acquire theoretical and practical knowledge to plan, design, implement, test, optimise, roll out and support users during exploitation. This knowledge is sufficient for creating and successfully running a company that develops program support, devises new program support products for the export market, and is adequate for creating and presenting business plans and product designs to investors and buyers. Furthermore, the courses which incorporate pedagogic, didactic and methodical competences, enable students in the graduate study programme to teach in primary and secondary school.<\/p>\n<p>The aim of the study programme is to offer computer science study programmes at the University of Split based on a new and attractive programme incorporating an interdisciplinary approach, to create experts who are sought on the labour market. Students who complete this study programme become teachers who are also IT specialists, and vice versa.[\/vc_column_text][\/vc_column][\/mk_page_section][vc_row disable_element=&#8221;yes&#8221;][vc_column][vc_empty_space][vc_single_image image=&#8221;11466&#8243; img_size=&#8221;700&#215;500&#8243; alignment=&#8221;center&#8221; onclick=&#8221;link_image&#8221;][\/vc_column][\/vc_row][vc_row][vc_column width=&#8221;1\/2&#8243;][mk_fancy_title strip_tags=&#8221;true&#8221; tag_name=&#8221;span&#8221; color=&#8221;#1e73be&#8221; size=&#8221;16&#8243; font_family=&#8221;none&#8221;]\n<h4>UNDERGRDUATE STUDIES<\/h4>\n[\/mk_fancy_title][\/vc_column][vc_column width=&#8221;1\/2&#8243;][mk_fancy_title strip_tags=&#8221;true&#8221; tag_name=&#8221;span&#8221; color=&#8221;#1e73be&#8221; size=&#8221;16&#8243; font_family=&#8221;none&#8221;]\n<h4>GRADUATE STUDIES<\/h4>\n[\/mk_fancy_title][\/vc_column][\/vc_row][vc_row][vc_column width=&#8221;1\/6&#8243;][vc_single_image image=&#8221;11622&#8243; img_size=&#8221;full&#8221; style=&#8221;vc_box_shadow&#8221; onclick=&#8221;custom_link&#8221; img_link_target=&#8221;_blank&#8221; css_animation=&#8221;fadeInDown&#8221; link=&#8221;https:\/\/www.pmfst.unist.hr\/portfolio-posts\/preddiplomski-sveucilisni-studij-informatika\/?lang=en&#8221;][vc_single_image image=&#8221;11629&#8243; img_size=&#8221;full&#8221; style=&#8221;vc_box_shadow&#8221; onclick=&#8221;custom_link&#8221; img_link_target=&#8221;_blank&#8221; css_animation=&#8221;fadeInDown&#8221; link=&#8221;https:\/\/www.pmfst.unist.hr\/portfolio-posts\/preddiplomski-sveucilisni-studij-informatika-i-tehnika\/?lang=en&#8221;][\/vc_column][vc_column width=&#8221;1\/6&#8243;][vc_single_image image=&#8221;11645&#8243; img_size=&#8221;full&#8221; style=&#8221;vc_box_shadow&#8221; onclick=&#8221;custom_link&#8221; img_link_target=&#8221;_blank&#8221; css_animation=&#8221;fadeInDown&#8221; link=&#8221;https:\/\/www.pmfst.unist.hr\/portfolio-posts\/preddiplomski-sveucilisni-studij-matematika-i-informatika-smjer-nastavnicki\/?lang=en&#8221;][\/vc_column][vc_column width=&#8221;1\/6&#8243;][\/vc_column][vc_column width=&#8221;1\/6&#8243;][vc_single_image image=&#8221;11633&#8243; img_size=&#8221;full&#8221; style=&#8221;vc_box_shadow&#8221; onclick=&#8221;custom_link&#8221; img_link_target=&#8221;_blank&#8221; css_animation=&#8221;fadeInDown&#8221; link=&#8221;https:\/\/www.pmfst.unist.hr\/portfolio-posts\/diplomski-sveucilisni-studij-informatika\/?lang=en&#8221;][vc_single_image image=&#8221;11651&#8243; img_size=&#8221;full&#8221; style=&#8221;vc_box_shadow&#8221; onclick=&#8221;custom_link&#8221; img_link_target=&#8221;_blank&#8221; css_animation=&#8221;fadeInDown&#8221; link=&#8221;https:\/\/www.pmfst.unist.hr\/portfolio-posts\/diplomski-sveucilisni-studij-fizika-i-informatika\/?lang=en&#8221;][\/vc_column][vc_column width=&#8221;1\/6&#8243;][vc_single_image image=&#8221;11648&#8243; img_size=&#8221;full&#8221; style=&#8221;vc_box_shadow&#8221; onclick=&#8221;custom_link&#8221; img_link_target=&#8221;_blank&#8221; css_animation=&#8221;fadeInDown&#8221; link=&#8221;https:\/\/www.pmfst.unist.hr\/portfolio-posts\/matematika-i-informatika-diplomski-smjer\/?lang=en&#8221;][vc_single_image image=&#8221;11654&#8243; img_size=&#8221;full&#8221; style=&#8221;vc_box_shadow&#8221; onclick=&#8221;custom_link&#8221; img_link_target=&#8221;_blank&#8221; css_animation=&#8221;fadeInDown&#8221; link=&#8221;https:\/\/www.pmfst.unist.hr\/portfolio-posts\/preddiplomski-sveucilisni-studij-informatika-i-tehnika\/?lang=en&#8221;][\/vc_column][vc_column width=&#8221;1\/6&#8243;][\/vc_column][\/vc_row]\n<\/div>","protected":false},"excerpt":{"rendered":"<p>[mk_page_section sidebar=&#8221;sidebar-1&#8243;][vc_column][vc_column_text css=&#8221;.vc_custom_1614504986367{margin-bottom: 0px !important;}&#8221;]Students in the study programme Computer Science acquire theoretical and practical knowledge to plan, design, implement, test, optimise, roll out and support users during exploitation. This knowledge is sufficient for creating and successfully running a company that develops program support, devises new program support products for the export market, and is [&hellip;]<\/p>\n","protected":false},"author":1,"featured_media":0,"parent":0,"menu_order":0,"comment_status":"closed","ping_status":"closed","template":"","meta":{"_acf_changed":false,"rs_blank_template":"","rs_page_bg_color":"","slide_template_v7":"","footnotes":""},"class_list":["post-11620","page","type-page","status-publish","hentry"],"acf":[],"yoast_head":"<!-- This site is optimized with the Yoast SEO plugin v27.5 - https:\/\/yoast.com\/product\/yoast-seo-wordpress\/ -->\n<title>Studies - Odjel za informatiku<\/title>\n<meta name=\"robots\" content=\"index, follow, max-snippet:-1, max-image-preview:large, max-video-preview:-1\" \/>\n<link rel=\"canonical\" href=\"https:\/\/www.pmfst.unist.hr\/odjel-za-informatiku\/studij\/?lang=en\" \/>\n<meta property=\"og:locale\" content=\"hr_HR\" \/>\n<meta property=\"og:type\" content=\"article\" \/>\n<meta property=\"og:title\" content=\"Studies - Odjel za informatiku\" \/>\n<meta property=\"og:description\" content=\"[mk_page_section sidebar=&#8221;sidebar-1&#8243;][vc_column][vc_column_text css=&#8221;.vc_custom_1614504986367{margin-bottom: 0px !important;}&#8221;]Students in the study programme Computer Science acquire theoretical and practical knowledge to plan, design, implement, test, optimise, roll out and support users during exploitation. This knowledge is sufficient for creating and successfully running a company that develops program support, devises new program support products for the export market, and is [&hellip;]\" \/>\n<meta property=\"og:url\" content=\"https:\/\/www.pmfst.unist.hr\/odjel-za-informatiku\/studij\/?lang=en\" \/>\n<meta property=\"og:site_name\" content=\"Odjel za informatiku\" \/>\n<meta property=\"article:modified_time\" content=\"2021-03-02T08:06:06+00:00\" \/>\n<meta name=\"twitter:card\" content=\"summary_large_image\" \/>\n<meta name=\"twitter:label1\" content=\"Procijenjeno vrijeme \u010ditanja\" \/>\n\t<meta name=\"twitter:data1\" content=\"1 minuta\" \/>\n<script type=\"application\/ld+json\" class=\"yoast-schema-graph\">{\"@context\":\"https:\\\/\\\/schema.org\",\"@graph\":[{\"@type\":\"WebPage\",\"@id\":\"https:\\\/\\\/www.pmfst.unist.hr\\\/odjel-za-informatiku\\\/studij\\\/?lang=en\",\"url\":\"https:\\\/\\\/www.pmfst.unist.hr\\\/odjel-za-informatiku\\\/studij\\\/?lang=en\",\"name\":\"Studies - Odjel za informatiku\",\"isPartOf\":{\"@id\":\"https:\\\/\\\/www.pmfst.unist.hr\\\/odjel-za-informatiku\\\/#website\"},\"datePublished\":\"2018-02-08T10:34:30+00:00\",\"dateModified\":\"2021-03-02T08:06:06+00:00\",\"breadcrumb\":{\"@id\":\"https:\\\/\\\/www.pmfst.unist.hr\\\/odjel-za-informatiku\\\/studij\\\/?lang=en#breadcrumb\"},\"inLanguage\":\"hr\",\"potentialAction\":[{\"@type\":\"ReadAction\",\"target\":[\"https:\\\/\\\/www.pmfst.unist.hr\\\/odjel-za-informatiku\\\/studij\\\/?lang=en\"]}]},{\"@type\":\"BreadcrumbList\",\"@id\":\"https:\\\/\\\/www.pmfst.unist.hr\\\/odjel-za-informatiku\\\/studij\\\/?lang=en#breadcrumb\",\"itemListElement\":[{\"@type\":\"ListItem\",\"position\":1,\"name\":\"Po\u010detna stranica\",\"item\":\"https:\\\/\\\/www.pmfst.unist.hr\\\/odjel-za-informatiku\\\/\"},{\"@type\":\"ListItem\",\"position\":2,\"name\":\"Studies\"}]},{\"@type\":\"WebSite\",\"@id\":\"https:\\\/\\\/www.pmfst.unist.hr\\\/odjel-za-informatiku\\\/#website\",\"url\":\"https:\\\/\\\/www.pmfst.unist.hr\\\/odjel-za-informatiku\\\/\",\"name\":\"Odjel za informatiku\",\"description\":\"Odjel za informatiku Prirodoslovnog-matemati\u010dkiog fakulteta Sveu\u010dili\u0161ta u Splitu\",\"potentialAction\":[{\"@type\":\"SearchAction\",\"target\":{\"@type\":\"EntryPoint\",\"urlTemplate\":\"https:\\\/\\\/www.pmfst.unist.hr\\\/odjel-za-informatiku\\\/?s={search_term_string}\"},\"query-input\":{\"@type\":\"PropertyValueSpecification\",\"valueRequired\":true,\"valueName\":\"search_term_string\"}}],\"inLanguage\":\"hr\"}]}<\/script>\n<!-- \/ Yoast SEO plugin. -->","yoast_head_json":{"title":"Studies - Odjel za informatiku","robots":{"index":"index","follow":"follow","max-snippet":"max-snippet:-1","max-image-preview":"max-image-preview:large","max-video-preview":"max-video-preview:-1"},"canonical":"https:\/\/www.pmfst.unist.hr\/odjel-za-informatiku\/studij\/?lang=en","og_locale":"hr_HR","og_type":"article","og_title":"Studies - Odjel za informatiku","og_description":"[mk_page_section sidebar=&#8221;sidebar-1&#8243;][vc_column][vc_column_text css=&#8221;.vc_custom_1614504986367{margin-bottom: 0px !important;}&#8221;]Students in the study programme Computer Science acquire theoretical and practical knowledge to plan, design, implement, test, optimise, roll out and support users during exploitation. This knowledge is sufficient for creating and successfully running a company that develops program support, devises new program support products for the export market, and is [&hellip;]","og_url":"https:\/\/www.pmfst.unist.hr\/odjel-za-informatiku\/studij\/?lang=en","og_site_name":"Odjel za informatiku","article_modified_time":"2021-03-02T08:06:06+00:00","twitter_card":"summary_large_image","twitter_misc":{"Procijenjeno vrijeme \u010ditanja":"1 minuta"},"schema":{"@context":"https:\/\/schema.org","@graph":[{"@type":"WebPage","@id":"https:\/\/www.pmfst.unist.hr\/odjel-za-informatiku\/studij\/?lang=en","url":"https:\/\/www.pmfst.unist.hr\/odjel-za-informatiku\/studij\/?lang=en","name":"Studies - Odjel za informatiku","isPartOf":{"@id":"https:\/\/www.pmfst.unist.hr\/odjel-za-informatiku\/#website"},"datePublished":"2018-02-08T10:34:30+00:00","dateModified":"2021-03-02T08:06:06+00:00","breadcrumb":{"@id":"https:\/\/www.pmfst.unist.hr\/odjel-za-informatiku\/studij\/?lang=en#breadcrumb"},"inLanguage":"hr","potentialAction":[{"@type":"ReadAction","target":["https:\/\/www.pmfst.unist.hr\/odjel-za-informatiku\/studij\/?lang=en"]}]},{"@type":"BreadcrumbList","@id":"https:\/\/www.pmfst.unist.hr\/odjel-za-informatiku\/studij\/?lang=en#breadcrumb","itemListElement":[{"@type":"ListItem","position":1,"name":"Po\u010detna stranica","item":"https:\/\/www.pmfst.unist.hr\/odjel-za-informatiku\/"},{"@type":"ListItem","position":2,"name":"Studies"}]},{"@type":"WebSite","@id":"https:\/\/www.pmfst.unist.hr\/odjel-za-informatiku\/#website","url":"https:\/\/www.pmfst.unist.hr\/odjel-za-informatiku\/","name":"Odjel za informatiku","description":"Odjel za informatiku Prirodoslovnog-matemati\u010dkiog fakulteta Sveu\u010dili\u0161ta u Splitu","potentialAction":[{"@type":"SearchAction","target":{"@type":"EntryPoint","urlTemplate":"https:\/\/www.pmfst.unist.hr\/odjel-za-informatiku\/?s={search_term_string}"},"query-input":{"@type":"PropertyValueSpecification","valueRequired":true,"valueName":"search_term_string"}}],"inLanguage":"hr"}]}},"_links":{"self":[{"href":"https:\/\/www.pmfst.unist.hr\/odjel-za-informatiku\/wp-json\/wp\/v2\/pages\/11620","targetHints":{"allow":["GET"]}}],"collection":[{"href":"https:\/\/www.pmfst.unist.hr\/odjel-za-informatiku\/wp-json\/wp\/v2\/pages"}],"about":[{"href":"https:\/\/www.pmfst.unist.hr\/odjel-za-informatiku\/wp-json\/wp\/v2\/types\/page"}],"author":[{"embeddable":true,"href":"https:\/\/www.pmfst.unist.hr\/odjel-za-informatiku\/wp-json\/wp\/v2\/users\/1"}],"replies":[{"embeddable":true,"href":"https:\/\/www.pmfst.unist.hr\/odjel-za-informatiku\/wp-json\/wp\/v2\/comments?post=11620"}],"version-history":[{"count":0,"href":"https:\/\/www.pmfst.unist.hr\/odjel-za-informatiku\/wp-json\/wp\/v2\/pages\/11620\/revisions"}],"wp:attachment":[{"href":"https:\/\/www.pmfst.unist.hr\/odjel-za-informatiku\/wp-json\/wp\/v2\/media?parent=11620"}],"curies":[{"name":"wp","href":"https:\/\/api.w.org\/{rel}","templated":true}]}}