{"id":14,"date":"2018-02-08T09:04:09","date_gmt":"2018-02-08T08:04:09","guid":{"rendered":"https:\/\/www.pmfst.unist.hr\/odjel-za-informatiku\/?page_id=14"},"modified":"2018-02-08T09:07:24","modified_gmt":"2018-02-08T08:07:24","slug":"o-odjelu","status":"publish","type":"page","link":"https:\/\/www.pmfst.unist.hr\/odjel-za-informatiku\/o-odjelu\/","title":{"rendered":"O odjelu"},"content":{"rendered":"<div class=\"wpb-content-wrapper\">[vc_row][vc_column][mk_divider style=&#8221;shadow_line&#8221;][vc_column_text css=&#8221;.vc_custom_1518077182184{margin-bottom: 0px !important;}&#8221;]\n<p style=\"text-align: justify;\"><img loading=\"lazy\" decoding=\"async\" class=\"wp-image-15 size-full alignright\" src=\"https:\/\/www.pmfst.unist.hr\/odjel-za-informatiku\/wp-content\/uploads\/sites\/26\/2018\/02\/festival-znanosti-2014-016-720x340-300x141.jpg\" alt=\"\" width=\"300\" height=\"141\" \/>Razvojem znanosti i tehnike primjena ra\u010dunala postaje sastavni dio ve\u0107ine ljudskih djelatnosti. Cilj na\u0161eg studija je osposobiti mlade stru\u010dnjake za aktivno sudjelovanje u obrazovanju novih nara\u0161taja, kao i u razvoju i primjeni informacijske i komunikacijske tehnologije.\u00a0Odjel za Informatiku provodi nastavni\u010dki studij Informatike koji na razini preddiplomskoj razini priprema studente za rad u struci ili za nastavak studiranja na bilo kojem fakultetu koji nudi diplomski studij ra\u010dunarstva.\u00a0Na diplomskoj razini studija pored stru\u010dnog dijela, vezanog uz podru\u010dje informatike savladavaju se i vje\u0161tine potrebne za uspje\u0161an rad sa ljudima, bilo da se radi o kolegama na poslu ili u\u010denicima.\u00a0Posebnost programa kojeg nudimo o\u010dituje se kroz pa\u017eljivo odmjerenu mje\u0161avinu teorije i prakse te struke i odnosa prema ljudima.<\/p>\n<p>&nbsp;<\/p>\n<p style=\"text-align: justify;\"><img loading=\"lazy\" decoding=\"async\" class=\"alignleft size-full wp-image-16\" src=\"https:\/\/www.pmfst.unist.hr\/odjel-za-informatiku\/wp-content\/uploads\/sites\/26\/2018\/02\/festival-znanosti-2014-02-300x225.jpg\" alt=\"\" width=\"300\" height=\"225\" \/>Nastavnici Odjela za informatiku realiziraju nastavu na jednopredmentnom studiju Informatike, te u suradnji s nastavnicima drugih Odjela\u00a0dvopredmetne studije nastavnog smjera Matematika i informatika, Informatika i tehnika, te Fizika i informatika. Nastavnici Odjela sudjeluju u realizaciji nastave preddiplomskog i diplomskog\u00a0studija\u00a0pri, Filozofskom fakultetu u Splitu i Kemijsko-tehnolo\u0161kom fakultetu u Splitu. Sudjeluju u realizaciji poslijediplomske nastave poslijediplomskog sveu\u010dili\u0161nog studija\u00a0\u201eIstra\u017eivanje u edukaciji u podru\u010dju prirodnih i tehni\u010dkih znanosti\u201c koji je organiziran pri Prirodoslovno-matemati\u010dkom fakultetu u Splitu, te u realizaciji nastave na poslijediplomskim studijima pri Fakultetu elektrotehnike, strojarstva i brodogradnje u Splitu. U suradnji sa \u017eupanijskom Udrugom pedagoga tehni\u010dke kulture organiziraju i realiziraju te\u010dajeve do\u0161kolovanja nastavnika osnovnih \u0161kola iz podru\u010dja ra\u010dunarstva i informatike sa studentima redovito sudjeluju u provedbi \u017eupanijskih natjecanja iz podru\u010dja informatike za osnovne \u0161kole.<\/p>\n[\/vc_column_text][\/vc_column][\/vc_row][vc_row][vc_column][vc_separator color=&#8221;black&#8221; style=&#8221;shadow&#8221; border_width=&#8221;5&#8243;][\/vc_column][\/vc_row]\n<\/div>","protected":false},"excerpt":{"rendered":"<p>[vc_row][vc_column][mk_divider style=&#8221;shadow_line&#8221;][vc_column_text css=&#8221;.vc_custom_1518077182184{margin-bottom: 0px !important;}&#8221;] Razvojem znanosti i tehnike primjena ra\u010dunala postaje sastavni dio ve\u0107ine ljudskih djelatnosti. Cilj na\u0161eg studija je osposobiti mlade stru\u010dnjake za aktivno sudjelovanje u obrazovanju novih nara\u0161taja, kao i u razvoju i primjeni informacijske i komunikacijske tehnologije.\u00a0Odjel za Informatiku provodi nastavni\u010dki studij Informatike koji na razini preddiplomskoj razini priprema studente za [&hellip;]<\/p>\n","protected":false},"author":1,"featured_media":0,"parent":0,"menu_order":0,"comment_status":"closed","ping_status":"closed","template":"","meta":{"_acf_changed":false,"rs_blank_template":"","rs_page_bg_color":"","slide_template_v7":"","footnotes":""},"class_list":["post-14","page","type-page","status-publish","hentry"],"acf":[],"yoast_head":"<!-- This site is optimized with the Yoast SEO plugin v27.5 - https:\/\/yoast.com\/product\/yoast-seo-wordpress\/ -->\n<title>O odjelu - Odjel za informatiku<\/title>\n<meta name=\"robots\" content=\"index, follow, max-snippet:-1, max-image-preview:large, max-video-preview:-1\" \/>\n<link rel=\"canonical\" href=\"https:\/\/www.pmfst.unist.hr\/odjel-za-informatiku\/o-odjelu\/\" \/>\n<meta property=\"og:locale\" content=\"hr_HR\" \/>\n<meta property=\"og:type\" content=\"article\" \/>\n<meta property=\"og:title\" content=\"O odjelu - Odjel za informatiku\" \/>\n<meta property=\"og:description\" content=\"[vc_row][vc_column][mk_divider style=&#8221;shadow_line&#8221;][vc_column_text css=&#8221;.vc_custom_1518077182184{margin-bottom: 0px !important;}&#8221;] Razvojem znanosti i tehnike primjena ra\u010dunala postaje sastavni dio ve\u0107ine ljudskih djelatnosti. Cilj na\u0161eg studija je osposobiti mlade stru\u010dnjake za aktivno sudjelovanje u obrazovanju novih nara\u0161taja, kao i u razvoju i primjeni informacijske i komunikacijske tehnologije.\u00a0Odjel za Informatiku provodi nastavni\u010dki studij Informatike koji na razini preddiplomskoj razini priprema studente za [&hellip;]\" \/>\n<meta property=\"og:url\" content=\"https:\/\/www.pmfst.unist.hr\/odjel-za-informatiku\/o-odjelu\/\" \/>\n<meta property=\"og:site_name\" content=\"Odjel za informatiku\" \/>\n<meta property=\"article:modified_time\" content=\"2018-02-08T08:07:24+00:00\" \/>\n<meta property=\"og:image\" content=\"https:\/\/www.pmfst.unist.hr\/odjel-za-informatiku\/wp-content\/uploads\/sites\/26\/2018\/02\/festival-znanosti-2014-016-720x340-300x141.jpg\" \/>\n<meta name=\"twitter:card\" content=\"summary_large_image\" \/>\n<meta name=\"twitter:label1\" content=\"Procijenjeno vrijeme \u010ditanja\" \/>\n\t<meta name=\"twitter:data1\" content=\"2 minute\" \/>\n<script type=\"application\/ld+json\" class=\"yoast-schema-graph\">{\"@context\":\"https:\\\/\\\/schema.org\",\"@graph\":[{\"@type\":\"WebPage\",\"@id\":\"https:\\\/\\\/www.pmfst.unist.hr\\\/odjel-za-informatiku\\\/o-odjelu\\\/\",\"url\":\"https:\\\/\\\/www.pmfst.unist.hr\\\/odjel-za-informatiku\\\/o-odjelu\\\/\",\"name\":\"O odjelu - Odjel za informatiku\",\"isPartOf\":{\"@id\":\"https:\\\/\\\/www.pmfst.unist.hr\\\/odjel-za-informatiku\\\/#website\"},\"primaryImageOfPage\":{\"@id\":\"https:\\\/\\\/www.pmfst.unist.hr\\\/odjel-za-informatiku\\\/o-odjelu\\\/#primaryimage\"},\"image\":{\"@id\":\"https:\\\/\\\/www.pmfst.unist.hr\\\/odjel-za-informatiku\\\/o-odjelu\\\/#primaryimage\"},\"thumbnailUrl\":\"https:\\\/\\\/www.pmfst.unist.hr\\\/odjel-za-informatiku\\\/wp-content\\\/uploads\\\/sites\\\/26\\\/2018\\\/02\\\/festival-znanosti-2014-016-720x340-300x141.jpg\",\"datePublished\":\"2018-02-08T08:04:09+00:00\",\"dateModified\":\"2018-02-08T08:07:24+00:00\",\"breadcrumb\":{\"@id\":\"https:\\\/\\\/www.pmfst.unist.hr\\\/odjel-za-informatiku\\\/o-odjelu\\\/#breadcrumb\"},\"inLanguage\":\"hr\",\"potentialAction\":[{\"@type\":\"ReadAction\",\"target\":[\"https:\\\/\\\/www.pmfst.unist.hr\\\/odjel-za-informatiku\\\/o-odjelu\\\/\"]}]},{\"@type\":\"ImageObject\",\"inLanguage\":\"hr\",\"@id\":\"https:\\\/\\\/www.pmfst.unist.hr\\\/odjel-za-informatiku\\\/o-odjelu\\\/#primaryimage\",\"url\":\"https:\\\/\\\/www.pmfst.unist.hr\\\/odjel-za-informatiku\\\/wp-content\\\/uploads\\\/sites\\\/26\\\/2018\\\/02\\\/festival-znanosti-2014-016-720x340-300x141.jpg\",\"contentUrl\":\"https:\\\/\\\/www.pmfst.unist.hr\\\/odjel-za-informatiku\\\/wp-content\\\/uploads\\\/sites\\\/26\\\/2018\\\/02\\\/festival-znanosti-2014-016-720x340-300x141.jpg\",\"width\":300,\"height\":141},{\"@type\":\"BreadcrumbList\",\"@id\":\"https:\\\/\\\/www.pmfst.unist.hr\\\/odjel-za-informatiku\\\/o-odjelu\\\/#breadcrumb\",\"itemListElement\":[{\"@type\":\"ListItem\",\"position\":1,\"name\":\"Po\u010detna stranica\",\"item\":\"https:\\\/\\\/www.pmfst.unist.hr\\\/odjel-za-informatiku\\\/\"},{\"@type\":\"ListItem\",\"position\":2,\"name\":\"O odjelu\"}]},{\"@type\":\"WebSite\",\"@id\":\"https:\\\/\\\/www.pmfst.unist.hr\\\/odjel-za-informatiku\\\/#website\",\"url\":\"https:\\\/\\\/www.pmfst.unist.hr\\\/odjel-za-informatiku\\\/\",\"name\":\"Odjel za informatiku\",\"description\":\"Odjel za informatiku Prirodoslovnog-matemati\u010dkiog fakulteta Sveu\u010dili\u0161ta u Splitu\",\"potentialAction\":[{\"@type\":\"SearchAction\",\"target\":{\"@type\":\"EntryPoint\",\"urlTemplate\":\"https:\\\/\\\/www.pmfst.unist.hr\\\/odjel-za-informatiku\\\/?s={search_term_string}\"},\"query-input\":{\"@type\":\"PropertyValueSpecification\",\"valueRequired\":true,\"valueName\":\"search_term_string\"}}],\"inLanguage\":\"hr\"}]}<\/script>\n<!-- \/ Yoast SEO plugin. -->","yoast_head_json":{"title":"O odjelu - Odjel za informatiku","robots":{"index":"index","follow":"follow","max-snippet":"max-snippet:-1","max-image-preview":"max-image-preview:large","max-video-preview":"max-video-preview:-1"},"canonical":"https:\/\/www.pmfst.unist.hr\/odjel-za-informatiku\/o-odjelu\/","og_locale":"hr_HR","og_type":"article","og_title":"O odjelu - Odjel za informatiku","og_description":"[vc_row][vc_column][mk_divider style=&#8221;shadow_line&#8221;][vc_column_text css=&#8221;.vc_custom_1518077182184{margin-bottom: 0px !important;}&#8221;] Razvojem znanosti i tehnike primjena ra\u010dunala postaje sastavni dio ve\u0107ine ljudskih djelatnosti. Cilj na\u0161eg studija je osposobiti mlade stru\u010dnjake za aktivno sudjelovanje u obrazovanju novih nara\u0161taja, kao i u razvoju i primjeni informacijske i komunikacijske tehnologije.\u00a0Odjel za Informatiku provodi nastavni\u010dki studij Informatike koji na razini preddiplomskoj razini priprema studente za [&hellip;]","og_url":"https:\/\/www.pmfst.unist.hr\/odjel-za-informatiku\/o-odjelu\/","og_site_name":"Odjel za informatiku","article_modified_time":"2018-02-08T08:07:24+00:00","og_image":[{"url":"https:\/\/www.pmfst.unist.hr\/odjel-za-informatiku\/wp-content\/uploads\/sites\/26\/2018\/02\/festival-znanosti-2014-016-720x340-300x141.jpg","type":"","width":"","height":""}],"twitter_card":"summary_large_image","twitter_misc":{"Procijenjeno vrijeme \u010ditanja":"2 minute"},"schema":{"@context":"https:\/\/schema.org","@graph":[{"@type":"WebPage","@id":"https:\/\/www.pmfst.unist.hr\/odjel-za-informatiku\/o-odjelu\/","url":"https:\/\/www.pmfst.unist.hr\/odjel-za-informatiku\/o-odjelu\/","name":"O odjelu - Odjel za informatiku","isPartOf":{"@id":"https:\/\/www.pmfst.unist.hr\/odjel-za-informatiku\/#website"},"primaryImageOfPage":{"@id":"https:\/\/www.pmfst.unist.hr\/odjel-za-informatiku\/o-odjelu\/#primaryimage"},"image":{"@id":"https:\/\/www.pmfst.unist.hr\/odjel-za-informatiku\/o-odjelu\/#primaryimage"},"thumbnailUrl":"https:\/\/www.pmfst.unist.hr\/odjel-za-informatiku\/wp-content\/uploads\/sites\/26\/2018\/02\/festival-znanosti-2014-016-720x340-300x141.jpg","datePublished":"2018-02-08T08:04:09+00:00","dateModified":"2018-02-08T08:07:24+00:00","breadcrumb":{"@id":"https:\/\/www.pmfst.unist.hr\/odjel-za-informatiku\/o-odjelu\/#breadcrumb"},"inLanguage":"hr","potentialAction":[{"@type":"ReadAction","target":["https:\/\/www.pmfst.unist.hr\/odjel-za-informatiku\/o-odjelu\/"]}]},{"@type":"ImageObject","inLanguage":"hr","@id":"https:\/\/www.pmfst.unist.hr\/odjel-za-informatiku\/o-odjelu\/#primaryimage","url":"https:\/\/www.pmfst.unist.hr\/odjel-za-informatiku\/wp-content\/uploads\/sites\/26\/2018\/02\/festival-znanosti-2014-016-720x340-300x141.jpg","contentUrl":"https:\/\/www.pmfst.unist.hr\/odjel-za-informatiku\/wp-content\/uploads\/sites\/26\/2018\/02\/festival-znanosti-2014-016-720x340-300x141.jpg","width":300,"height":141},{"@type":"BreadcrumbList","@id":"https:\/\/www.pmfst.unist.hr\/odjel-za-informatiku\/o-odjelu\/#breadcrumb","itemListElement":[{"@type":"ListItem","position":1,"name":"Po\u010detna stranica","item":"https:\/\/www.pmfst.unist.hr\/odjel-za-informatiku\/"},{"@type":"ListItem","position":2,"name":"O odjelu"}]},{"@type":"WebSite","@id":"https:\/\/www.pmfst.unist.hr\/odjel-za-informatiku\/#website","url":"https:\/\/www.pmfst.unist.hr\/odjel-za-informatiku\/","name":"Odjel za informatiku","description":"Odjel za informatiku Prirodoslovnog-matemati\u010dkiog fakulteta Sveu\u010dili\u0161ta u Splitu","potentialAction":[{"@type":"SearchAction","target":{"@type":"EntryPoint","urlTemplate":"https:\/\/www.pmfst.unist.hr\/odjel-za-informatiku\/?s={search_term_string}"},"query-input":{"@type":"PropertyValueSpecification","valueRequired":true,"valueName":"search_term_string"}}],"inLanguage":"hr"}]}},"_links":{"self":[{"href":"https:\/\/www.pmfst.unist.hr\/odjel-za-informatiku\/wp-json\/wp\/v2\/pages\/14","targetHints":{"allow":["GET"]}}],"collection":[{"href":"https:\/\/www.pmfst.unist.hr\/odjel-za-informatiku\/wp-json\/wp\/v2\/pages"}],"about":[{"href":"https:\/\/www.pmfst.unist.hr\/odjel-za-informatiku\/wp-json\/wp\/v2\/types\/page"}],"author":[{"embeddable":true,"href":"https:\/\/www.pmfst.unist.hr\/odjel-za-informatiku\/wp-json\/wp\/v2\/users\/1"}],"replies":[{"embeddable":true,"href":"https:\/\/www.pmfst.unist.hr\/odjel-za-informatiku\/wp-json\/wp\/v2\/comments?post=14"}],"version-history":[{"count":0,"href":"https:\/\/www.pmfst.unist.hr\/odjel-za-informatiku\/wp-json\/wp\/v2\/pages\/14\/revisions"}],"wp:attachment":[{"href":"https:\/\/www.pmfst.unist.hr\/odjel-za-informatiku\/wp-json\/wp\/v2\/media?parent=14"}],"curies":[{"name":"wp","href":"https:\/\/api.w.org\/{rel}","templated":true}]}}