{"id":58,"date":"2018-02-08T11:34:30","date_gmt":"2018-02-08T10:34:30","guid":{"rendered":"https:\/\/www.pmfst.unist.hr\/odjel-za-informatiku\/?page_id=58"},"modified":"2021-09-22T21:21:14","modified_gmt":"2021-09-22T19:21:14","slug":"studij","status":"publish","type":"page","link":"https:\/\/www.pmfst.unist.hr\/odjel-za-informatiku\/studij\/","title":{"rendered":"Studij"},"content":{"rendered":"<div class=\"wpb-content-wrapper\">[mk_page_section sidebar=&#8221;sidebar-1&#8243;][vc_column][vc_column_text css=&#8221;.vc_custom_1518085999078{margin-bottom: 0px !important;}&#8221;]\n<h2><strong>STUDIJ INFORMATIKE<\/strong><\/h2>\n<p class=\"studij-tekst\">Na studiju informatike se stje\u010du teorijska i prakti\u010dna znanja za planiranje, projektiranje, izvedbu, testiranje, optimizaciju, pu\u0161tanje u pogon i podr\u0161ku korisniku tijekom eksploatacije. Ta znanja su dovoljna za stvaranje i uspje\u0161no vo\u0111enje tvrtki za razvoj programske podr\u0161ke, osmi\u0161ljavanje novih proizvoda programske podr\u0161ke namijenjenih izvozu te stvaranje i prezentiranje poslovnih planova i dizajna produkata investitorima i kupcima. Pored navedenog, kroz kolegije vezane uz pedago\u0161ko didakti\u010dko metodi\u010dke kompetencije, studenti diplomskog studija osposobljeni su za provo\u0111enje nastave u osnovnim i srednjim \u0161kolama.<\/p>\n<p class=\"studij-tekst\">Cilj studija je pro\u0161iriti ponudu informati\u010dkih studija Sveu\u010dili\u0161ta u Splitu novim i atraktivnim programom temeljenom na interdiscipliniranom pristupu, te stvoriti stru\u010dnjaka koji je tra\u017een na tr\u017ei\u0161tu. Studenti koji zavr\u0161e ovaj studij su nastavnici koji su ujedino informati\u010dar, a i informati\u010dari koji su ujedino nastavnici.<\/p>\n[\/vc_column_text][\/vc_column][\/mk_page_section][vc_row][vc_column][vc_empty_space][vc_single_image image=&#8221;11466&#8243; img_size=&#8221;700&#215;500&#8243; alignment=&#8221;center&#8221; onclick=&#8221;link_image&#8221;][\/vc_column][\/vc_row][vc_row][vc_column width=&#8221;1\/2&#8243;][mk_fancy_title strip_tags=&#8221;true&#8221; tag_name=&#8221;span&#8221; color=&#8221;#1e73be&#8221; size=&#8221;16&#8243; font_family=&#8221;none&#8221;]\n<h2>PREDDIPLOMSKI STUDIJ<\/h2>\n[\/mk_fancy_title][\/vc_column][vc_column width=&#8221;1\/2&#8243;][mk_fancy_title strip_tags=&#8221;true&#8221; tag_name=&#8221;span&#8221; color=&#8221;#1e73be&#8221; size=&#8221;16&#8243; font_family=&#8221;none&#8221;]\n<h2>DIPLOMSKI STUDIJ<\/h2>\n[\/mk_fancy_title][\/vc_column][\/vc_row][vc_row][vc_column width=&#8221;1\/6&#8243;][vc_single_image image=&#8221;11396&#8243; img_size=&#8221;full&#8221; style=&#8221;vc_box_shadow&#8221; onclick=&#8221;custom_link&#8221; img_link_target=&#8221;_blank&#8221; css_animation=&#8221;fadeInDown&#8221; link=&#8221;https:\/\/www.pmfst.unist.hr\/portfolio-posts\/preddiplomski-sveucilisni-studij-informatika\/&#8221;][vc_single_image image=&#8221;11398&#8243; img_size=&#8221;full&#8221; style=&#8221;vc_box_shadow&#8221; onclick=&#8221;custom_link&#8221; img_link_target=&#8221;_blank&#8221; css_animation=&#8221;fadeInDown&#8221; link=&#8221;https:\/\/www.pmfst.unist.hr\/portfolio-posts\/preddiplomski-sveucilisni-studij-fizika-i-informatika\/&#8221;][\/vc_column][vc_column width=&#8221;1\/6&#8243;][vc_single_image image=&#8221;11397&#8243; img_size=&#8221;full&#8221; style=&#8221;vc_box_shadow&#8221; onclick=&#8221;custom_link&#8221; img_link_target=&#8221;_blank&#8221; css_animation=&#8221;fadeInDown&#8221; link=&#8221;https:\/\/www.pmfst.unist.hr\/portfolio-posts\/preddiplomski-sveucilisni-studij-matematika-i-informatika-smjer-nastavnicki\/&#8221;][vc_single_image image=&#8221;11399&#8243; img_size=&#8221;full&#8221; style=&#8221;vc_box_shadow&#8221; onclick=&#8221;custom_link&#8221; img_link_target=&#8221;_blank&#8221; css_animation=&#8221;fadeInDown&#8221; link=&#8221;https:\/\/www.pmfst.unist.hr\/portfolio-posts\/preddiplomski-sveucilisni-studij-informatika-i-tehnika\/&#8221;][\/vc_column][vc_column width=&#8221;1\/6&#8243;][\/vc_column][vc_column width=&#8221;1\/6&#8243;][vc_single_image image=&#8221;11405&#8243; img_size=&#8221;full&#8221; style=&#8221;vc_box_shadow&#8221; onclick=&#8221;custom_link&#8221; img_link_target=&#8221;_blank&#8221; css_animation=&#8221;fadeInDown&#8221; link=&#8221;https:\/\/www.pmfst.unist.hr\/portfolio-posts\/diplomski-sveucilisni-studij-informatika\/&#8221;][vc_single_image image=&#8221;11402&#8243; img_size=&#8221;full&#8221; style=&#8221;vc_box_shadow&#8221; onclick=&#8221;custom_link&#8221; img_link_target=&#8221;_blank&#8221; css_animation=&#8221;fadeInDown&#8221; link=&#8221;https:\/\/www.pmfst.unist.hr\/portfolio-posts\/diplomski-sveucilisni-studij-fizika-i-informatika\/&#8221;][\/vc_column][vc_column width=&#8221;1\/6&#8243;][vc_single_image image=&#8221;11401&#8243; img_size=&#8221;full&#8221; style=&#8221;vc_box_shadow&#8221; onclick=&#8221;custom_link&#8221; img_link_target=&#8221;_blank&#8221; css_animation=&#8221;fadeInDown&#8221; link=&#8221;https:\/\/www.pmfst.unist.hr\/portfolio-posts\/matematika-i-informatika-diplomski-smjer\/&#8221;][vc_single_image image=&#8221;11403&#8243; img_size=&#8221;full&#8221; style=&#8221;vc_box_shadow&#8221; onclick=&#8221;custom_link&#8221; img_link_target=&#8221;_blank&#8221; css_animation=&#8221;fadeInDown&#8221; link=&#8221;https:\/\/www.pmfst.unist.hr\/portfolio-posts\/diplomski-sveucilisni-studij-informatika-i-tehnika\/&#8221;][\/vc_column][vc_column width=&#8221;1\/6&#8243;][vc_single_image image=&#8221;11691&#8243; img_size=&#8221;full&#8221; style=&#8221;vc_box_shadow&#8221; onclick=&#8221;custom_link&#8221; img_link_target=&#8221;_blank&#8221; css_animation=&#8221;fadeInDown&#8221; link=&#8221;https:\/\/www.pmfst.unist.hr\/portfolio-posts\/podatkovna-znanost-i-inzenjerstvo\/&#8221;][\/vc_column][\/vc_row]\n<\/div>","protected":false},"excerpt":{"rendered":"<p>[mk_page_section sidebar=&#8221;sidebar-1&#8243;][vc_column][vc_column_text css=&#8221;.vc_custom_1518085999078{margin-bottom: 0px !important;}&#8221;] STUDIJ INFORMATIKE Na studiju informatike se stje\u010du teorijska i prakti\u010dna znanja za planiranje, projektiranje, izvedbu, testiranje, optimizaciju, pu\u0161tanje u pogon i podr\u0161ku korisniku tijekom eksploatacije. Ta znanja su dovoljna za stvaranje i uspje\u0161no vo\u0111enje tvrtki za razvoj programske podr\u0161ke, osmi\u0161ljavanje novih proizvoda programske podr\u0161ke namijenjenih izvozu te stvaranje i prezentiranje [&hellip;]<\/p>\n","protected":false},"author":1,"featured_media":0,"parent":0,"menu_order":0,"comment_status":"closed","ping_status":"closed","template":"","meta":{"_acf_changed":false,"rs_blank_template":"","rs_page_bg_color":"","slide_template_v7":"","footnotes":""},"class_list":["post-58","page","type-page","status-publish","hentry"],"acf":[],"yoast_head":"<!-- This site is optimized with the Yoast SEO plugin v27.4 - https:\/\/yoast.com\/product\/yoast-seo-wordpress\/ -->\n<title>Studij - Odjel za informatiku<\/title>\n<meta name=\"robots\" content=\"index, follow, max-snippet:-1, max-image-preview:large, max-video-preview:-1\" \/>\n<link rel=\"canonical\" href=\"https:\/\/www.pmfst.unist.hr\/odjel-za-informatiku\/studij\/\" \/>\n<meta property=\"og:locale\" content=\"hr_HR\" \/>\n<meta property=\"og:type\" content=\"article\" \/>\n<meta property=\"og:title\" content=\"Studij - Odjel za informatiku\" \/>\n<meta property=\"og:description\" content=\"[mk_page_section sidebar=&#8221;sidebar-1&#8243;][vc_column][vc_column_text css=&#8221;.vc_custom_1518085999078{margin-bottom: 0px !important;}&#8221;] STUDIJ INFORMATIKE Na studiju informatike se stje\u010du teorijska i prakti\u010dna znanja za planiranje, projektiranje, izvedbu, testiranje, optimizaciju, pu\u0161tanje u pogon i podr\u0161ku korisniku tijekom eksploatacije. Ta znanja su dovoljna za stvaranje i uspje\u0161no vo\u0111enje tvrtki za razvoj programske podr\u0161ke, osmi\u0161ljavanje novih proizvoda programske podr\u0161ke namijenjenih izvozu te stvaranje i prezentiranje [&hellip;]\" \/>\n<meta property=\"og:url\" content=\"https:\/\/www.pmfst.unist.hr\/odjel-za-informatiku\/studij\/\" \/>\n<meta property=\"og:site_name\" content=\"Odjel za informatiku\" \/>\n<meta property=\"article:modified_time\" content=\"2021-09-22T19:21:14+00:00\" \/>\n<meta name=\"twitter:card\" content=\"summary_large_image\" \/>\n<meta name=\"twitter:label1\" content=\"Procijenjeno vrijeme \u010ditanja\" \/>\n\t<meta name=\"twitter:data1\" content=\"1 minuta\" \/>\n<script type=\"application\/ld+json\" class=\"yoast-schema-graph\">{\"@context\":\"https:\\\/\\\/schema.org\",\"@graph\":[{\"@type\":\"WebPage\",\"@id\":\"https:\\\/\\\/www.pmfst.unist.hr\\\/odjel-za-informatiku\\\/studij\\\/\",\"url\":\"https:\\\/\\\/www.pmfst.unist.hr\\\/odjel-za-informatiku\\\/studij\\\/\",\"name\":\"Studij - Odjel za informatiku\",\"isPartOf\":{\"@id\":\"https:\\\/\\\/www.pmfst.unist.hr\\\/odjel-za-informatiku\\\/#website\"},\"datePublished\":\"2018-02-08T10:34:30+00:00\",\"dateModified\":\"2021-09-22T19:21:14+00:00\",\"breadcrumb\":{\"@id\":\"https:\\\/\\\/www.pmfst.unist.hr\\\/odjel-za-informatiku\\\/studij\\\/#breadcrumb\"},\"inLanguage\":\"hr\",\"potentialAction\":[{\"@type\":\"ReadAction\",\"target\":[\"https:\\\/\\\/www.pmfst.unist.hr\\\/odjel-za-informatiku\\\/studij\\\/\"]}]},{\"@type\":\"BreadcrumbList\",\"@id\":\"https:\\\/\\\/www.pmfst.unist.hr\\\/odjel-za-informatiku\\\/studij\\\/#breadcrumb\",\"itemListElement\":[{\"@type\":\"ListItem\",\"position\":1,\"name\":\"Po\u010detna stranica\",\"item\":\"https:\\\/\\\/www.pmfst.unist.hr\\\/odjel-za-informatiku\\\/\"},{\"@type\":\"ListItem\",\"position\":2,\"name\":\"Studij\"}]},{\"@type\":\"WebSite\",\"@id\":\"https:\\\/\\\/www.pmfst.unist.hr\\\/odjel-za-informatiku\\\/#website\",\"url\":\"https:\\\/\\\/www.pmfst.unist.hr\\\/odjel-za-informatiku\\\/\",\"name\":\"Odjel za informatiku\",\"description\":\"Odjel za informatiku Prirodoslovnog-matemati\u010dkiog fakulteta Sveu\u010dili\u0161ta u Splitu\",\"potentialAction\":[{\"@type\":\"SearchAction\",\"target\":{\"@type\":\"EntryPoint\",\"urlTemplate\":\"https:\\\/\\\/www.pmfst.unist.hr\\\/odjel-za-informatiku\\\/?s={search_term_string}\"},\"query-input\":{\"@type\":\"PropertyValueSpecification\",\"valueRequired\":true,\"valueName\":\"search_term_string\"}}],\"inLanguage\":\"hr\"}]}<\/script>\n<!-- \/ Yoast SEO plugin. -->","yoast_head_json":{"title":"Studij - Odjel za informatiku","robots":{"index":"index","follow":"follow","max-snippet":"max-snippet:-1","max-image-preview":"max-image-preview:large","max-video-preview":"max-video-preview:-1"},"canonical":"https:\/\/www.pmfst.unist.hr\/odjel-za-informatiku\/studij\/","og_locale":"hr_HR","og_type":"article","og_title":"Studij - Odjel za informatiku","og_description":"[mk_page_section sidebar=&#8221;sidebar-1&#8243;][vc_column][vc_column_text css=&#8221;.vc_custom_1518085999078{margin-bottom: 0px !important;}&#8221;] STUDIJ INFORMATIKE Na studiju informatike se stje\u010du teorijska i prakti\u010dna znanja za planiranje, projektiranje, izvedbu, testiranje, optimizaciju, pu\u0161tanje u pogon i podr\u0161ku korisniku tijekom eksploatacije. Ta znanja su dovoljna za stvaranje i uspje\u0161no vo\u0111enje tvrtki za razvoj programske podr\u0161ke, osmi\u0161ljavanje novih proizvoda programske podr\u0161ke namijenjenih izvozu te stvaranje i prezentiranje [&hellip;]","og_url":"https:\/\/www.pmfst.unist.hr\/odjel-za-informatiku\/studij\/","og_site_name":"Odjel za informatiku","article_modified_time":"2021-09-22T19:21:14+00:00","twitter_card":"summary_large_image","twitter_misc":{"Procijenjeno vrijeme \u010ditanja":"1 minuta"},"schema":{"@context":"https:\/\/schema.org","@graph":[{"@type":"WebPage","@id":"https:\/\/www.pmfst.unist.hr\/odjel-za-informatiku\/studij\/","url":"https:\/\/www.pmfst.unist.hr\/odjel-za-informatiku\/studij\/","name":"Studij - Odjel za informatiku","isPartOf":{"@id":"https:\/\/www.pmfst.unist.hr\/odjel-za-informatiku\/#website"},"datePublished":"2018-02-08T10:34:30+00:00","dateModified":"2021-09-22T19:21:14+00:00","breadcrumb":{"@id":"https:\/\/www.pmfst.unist.hr\/odjel-za-informatiku\/studij\/#breadcrumb"},"inLanguage":"hr","potentialAction":[{"@type":"ReadAction","target":["https:\/\/www.pmfst.unist.hr\/odjel-za-informatiku\/studij\/"]}]},{"@type":"BreadcrumbList","@id":"https:\/\/www.pmfst.unist.hr\/odjel-za-informatiku\/studij\/#breadcrumb","itemListElement":[{"@type":"ListItem","position":1,"name":"Po\u010detna stranica","item":"https:\/\/www.pmfst.unist.hr\/odjel-za-informatiku\/"},{"@type":"ListItem","position":2,"name":"Studij"}]},{"@type":"WebSite","@id":"https:\/\/www.pmfst.unist.hr\/odjel-za-informatiku\/#website","url":"https:\/\/www.pmfst.unist.hr\/odjel-za-informatiku\/","name":"Odjel za informatiku","description":"Odjel za informatiku Prirodoslovnog-matemati\u010dkiog fakulteta Sveu\u010dili\u0161ta u Splitu","potentialAction":[{"@type":"SearchAction","target":{"@type":"EntryPoint","urlTemplate":"https:\/\/www.pmfst.unist.hr\/odjel-za-informatiku\/?s={search_term_string}"},"query-input":{"@type":"PropertyValueSpecification","valueRequired":true,"valueName":"search_term_string"}}],"inLanguage":"hr"}]}},"_links":{"self":[{"href":"https:\/\/www.pmfst.unist.hr\/odjel-za-informatiku\/wp-json\/wp\/v2\/pages\/58","targetHints":{"allow":["GET"]}}],"collection":[{"href":"https:\/\/www.pmfst.unist.hr\/odjel-za-informatiku\/wp-json\/wp\/v2\/pages"}],"about":[{"href":"https:\/\/www.pmfst.unist.hr\/odjel-za-informatiku\/wp-json\/wp\/v2\/types\/page"}],"author":[{"embeddable":true,"href":"https:\/\/www.pmfst.unist.hr\/odjel-za-informatiku\/wp-json\/wp\/v2\/users\/1"}],"replies":[{"embeddable":true,"href":"https:\/\/www.pmfst.unist.hr\/odjel-za-informatiku\/wp-json\/wp\/v2\/comments?post=58"}],"version-history":[{"count":0,"href":"https:\/\/www.pmfst.unist.hr\/odjel-za-informatiku\/wp-json\/wp\/v2\/pages\/58\/revisions"}],"wp:attachment":[{"href":"https:\/\/www.pmfst.unist.hr\/odjel-za-informatiku\/wp-json\/wp\/v2\/media?parent=58"}],"curies":[{"name":"wp","href":"https:\/\/api.w.org\/{rel}","templated":true}]}}