{"id":78,"date":"2018-03-26T14:07:59","date_gmt":"2018-03-26T12:07:59","guid":{"rendered":"https:\/\/www.pmfst.unist.hr\/odjel-za-informatiku\/?page_id=78"},"modified":"2020-02-20T14:00:42","modified_gmt":"2020-02-20T13:00:42","slug":"projekti","status":"publish","type":"page","link":"https:\/\/www.pmfst.unist.hr\/odjel-za-informatiku\/projekti\/","title":{"rendered":"Projekti"},"content":{"rendered":"<div class=\"wpb-content-wrapper\">[vc_row][vc_column][vc_empty_space][mk_fancy_title color=&#8221;#01bcb0&#8243; size=&#8221;28&#8243; font_family=&#8221;none&#8221;]Projekti[\/mk_fancy_title][vc_separator color=&#8221;mulled_wine&#8221; style=&#8221;shadow&#8221; border_width=&#8221;6&#8243;][vc_tta_tabs color=&#8221;turquoise&#8221; active_section=&#8221;1&#8243; css=&#8221;.vc_custom_1518613417707{background-color: #ffffff !important;}&#8221;][vc_tta_section title=&#8221;Nacionalni projekti&#8221; tab_id=&#8221;1518611544505-c6274d8b-8ab3&#8243;][mk_table]\n<table>\n<tbody>\n<tr>\n<td width=\"396\"><strong>Naziv<\/strong><\/td>\n<td width=\"165\"><strong>Izvor financiranja<\/strong><\/td>\n<td width=\"113\"><strong>\u0160ifra<\/strong><\/td>\n<td width=\"80\"><strong>Trajanje<\/strong><\/td>\n<td width=\"109\"><strong>Su\/Voditelj<\/strong><\/td>\n<td width=\"268\"><strong>Suradnici<\/strong><\/td>\n<\/tr>\n<tr>\n<td>Pro\u0161irenje osjetilnosti senzora u laboratoriju za obradbu i analizu podataka iz okoline<\/td>\n<td>HRZZ<\/td>\n<td>UIP-2019-04-1737<\/td>\n<td>2020-2025<\/td>\n<td>Hrvoje Kalini\u0107<\/td>\n<td>Institut za ocenaografiju i ribarstvo, Sveu\u010dili\u0161te u zagrebu &#8211; Fakultet prometnih znanosti, Institut Ericsson Nikola Tesla<\/td>\n<\/tr>\n<tr>\n<td width=\"396\">Investigation of the impact of autonomous vehicles on urban traffic flow characteristics<\/td>\n<td width=\"165\">Kratkoro\u010dna potpora, Sveu\u010dili\u0161te u Zagrebu<\/td>\n<td width=\"113\"><\/td>\n<td width=\"80\">2019<\/td>\n<td width=\"109\"><\/td>\n<td width=\"268\">Hrvoje Kalini\u0107<\/td>\n<\/tr>\n<tr>\n<td width=\"396\">Application of deep learning in intelligent traffic control<\/td>\n<td width=\"165\">Kratkoro\u010dna potpora, Sveu\u010dili\u0161te u Zagrebu<\/td>\n<td width=\"113\"><\/td>\n<td width=\"80\">2018<\/td>\n<td width=\"109\"><\/td>\n<td width=\"268\">Hrvoje Kalini\u0107<\/td>\n<\/tr>\n<tr>\n<td width=\"396\">Razvoj metodolo\u0161kog okvira za strate\u0161ko odlu\u010divanje u visokom obrazovanju &#8211; primjer implementacije otvorenog u\u010denja i u\u010denja na daljinu \u2013 HigherDecision<\/td>\n<td width=\"165\">HRZZ<\/td>\n<td width=\"113\">IP-2014-09-7854<\/td>\n<td width=\"80\">2015 &#8211; 2019<\/td>\n<td width=\"109\"><\/td>\n<td width=\"268\">Andrina Grani\u0107<\/td>\n<\/tr>\n<tr>\n<td width=\"396\">Univerzalna posredni\u010dka platforma za sustave e-u\u010denja<\/td>\n<td width=\"165\">MZO<\/td>\n<td width=\"113\">036-0361994-1995<\/td>\n<td width=\"80\">2007 &#8211; 2014<\/td>\n<td width=\"109\"><\/td>\n<td width=\"268\">Marko Rosi\u0107<\/td>\n<\/tr>\n<tr>\n<td width=\"396\">Inteligentna potpora sveprisutnosti sustava e-u\u010denja<\/td>\n<td width=\"165\">MZO<\/td>\n<td width=\"113\">361994<\/td>\n<td width=\"80\">2007 &#8211; 2014<\/td>\n<td width=\"109\"><\/td>\n<td width=\"268\">Marko Rosi\u0107<\/td>\n<\/tr>\n<tr>\n<td width=\"396\">Upotrebljivost i prilagodljivost su\u010delja inteligentnih autorskih ljuski<\/td>\n<td width=\"165\">MZO<\/td>\n<td width=\"113\">177-0361994-1998<\/td>\n<td width=\"80\">2007 &#8211; 2014<\/td>\n<td width=\"109\">Andrina Grani\u0107<\/td>\n<td width=\"268\">Nikola Maranguni\u0107<br \/>\nGoran Zaharija<br \/>\nJelena Naki\u0107<\/td>\n<\/tr>\n<tr>\n<td width=\"396\">Oblikovanje i vrednovanje inteligentnih sustava e-u\u010denja<\/td>\n<td width=\"165\">MZO<\/td>\n<td width=\"113\">177-0361994-1996<\/td>\n<td width=\"80\">2006 &#8211; 2014<\/td>\n<td width=\"109\">Slavomir Stankov<\/td>\n<td width=\"268\">Branko \u017ditko<br \/>\nAni Grubi\u0161i\u0107<br \/>\nSa\u0161a Mladenovi\u0107<br \/>\nTon\u0107i Dadi\u0107<\/td>\n<\/tr>\n<tr>\n<td width=\"396\">Web-orijentirana inteligentna autorska ljuska<\/td>\n<td width=\"165\">MZO<\/td>\n<td width=\"113\">TP-02\/0177-01<\/td>\n<td width=\"80\">2003 &#8211; 2005<\/td>\n<td width=\"109\">Slavomir Stankov<\/td>\n<td width=\"268\">Branko \u017ditko<br \/>\nAni Grubi\u0161i\u0107<br \/>\nAndrina Grani\u0107<br \/>\nMarko Rosi\u0107<\/td>\n<\/tr>\n<tr>\n<td width=\"396\">Semanti\u010dki Web kao omogu\u0107avatelj informacijske infrastrukture<\/td>\n<td width=\"165\">MZO<\/td>\n<td width=\"113\">36033<\/td>\n<td width=\"80\">2002 &#8211; 2007<\/td>\n<td width=\"109\"><\/td>\n<td width=\"268\">Andrina Grani\u0107<br \/>\nMarko Rosi\u0107<\/td>\n<\/tr>\n<tr>\n<td width=\"396\">Ra\u010dunalni i didakti\u010dki aspekti inteligentnih autorskih alata u obrazovanju<\/td>\n<td width=\"165\">MZO<\/td>\n<td width=\"113\">177110<\/td>\n<td width=\"80\">2002 &#8211; 2006<\/td>\n<td width=\"109\">Slavomir Stankov<\/td>\n<td width=\"268\">Branko \u017ditko<br \/>\nAni Grubi\u0161i\u0107<\/td>\n<\/tr>\n<tr>\n<td width=\"396\">Istra\u017eivanje prijemnih optimalnih struktura pasivnog sonara<\/td>\n<td width=\"165\">MZO<\/td>\n<td width=\"113\">177180<\/td>\n<td width=\"80\">2002 &#8211; 2006<\/td>\n<td width=\"109\">Kosta Ugrinovi\u0107<\/td>\n<td width=\"268\"><\/td>\n<\/tr>\n<tr>\n<td width=\"396\">Distribuirani laboratorij za daljinsko vo\u0111enje i pou\u010davanje<\/td>\n<td width=\"165\">MZO<\/td>\n<td width=\"113\">TP-01\/12507<\/td>\n<td width=\"80\">2001 &#8211; 2003<\/td>\n<td width=\"109\"><\/td>\n<td width=\"268\">Slavomir Stankov<br \/>\nMarko Rosi\u0107<\/td>\n<\/tr>\n<tr>\n<td width=\"396\">Elementi arhitektura za regionalne informacijske infrastrukture<\/td>\n<td width=\"165\">MZO<\/td>\n<td width=\"113\">36033<\/td>\n<td width=\"80\">2000 &#8211; 2002<\/td>\n<td width=\"109\"><\/td>\n<td width=\"268\">Marko Rosi\u0107<\/td>\n<\/tr>\n<tr>\n<td width=\"396\">Elementi arhitektura za regionalne informacijske infrastrukture<\/td>\n<td width=\"165\">MZO<\/td>\n<td width=\"113\">36033<\/td>\n<td width=\"80\">1997 &#8211; 2002<\/td>\n<td width=\"109\"><\/td>\n<td width=\"268\">Andrina Grani\u0107<\/td>\n<\/tr>\n<tr>\n<td width=\"396\">Pasivna detekcija hidroakusti\u010dkih signala<\/td>\n<td width=\"165\">MZO<\/td>\n<td width=\"113\">177080<\/td>\n<td width=\"80\">1996 &#8211; 2002<\/td>\n<td width=\"109\">Kosta Ugrinovi\u0107<\/td>\n<td width=\"268\"><\/td>\n<\/tr>\n<tr>\n<td width=\"396\">Osamostaljivanje u\u010denika pomo\u0107u novih informacijskih tehnologija<\/td>\n<td width=\"165\">MZO<\/td>\n<td width=\"113\">177010<\/td>\n<td width=\"80\">1996 &#8211; 2002<\/td>\n<td width=\"109\"><\/td>\n<td width=\"268\">Slavomir Stankov<\/td>\n<\/tr>\n<tr>\n<td width=\"396\">Inteligentno motrenje i vo\u0111enje procesa<\/td>\n<td width=\"165\">MZO<\/td>\n<td width=\"113\">125023<\/td>\n<td width=\"80\">1996 &#8211; 2002<\/td>\n<td width=\"109\"><\/td>\n<td width=\"268\">Slavomir Stankov<\/td>\n<\/tr>\n<tr>\n<td width=\"396\">Istra\u017eivanja u teoriji detekcije stohasti\u010dkog signala u \u0161umu<\/td>\n<td width=\"165\">MZO<\/td>\n<td width=\"113\">2-07-401<\/td>\n<td width=\"80\">1992 &#8211; 1995<\/td>\n<td width=\"109\">Kosta Ugrinovi\u0107<\/td>\n<td width=\"268\">Andrina Grani\u0107<\/td>\n<\/tr>\n<\/tbody>\n<\/table>\n[\/mk_table][\/vc_tta_section][vc_tta_section title=&#8221;Me\u0111unarodni projekti&#8221; tab_id=&#8221;1518612608602-fd3a1bdd-8b08&#8243;][mk_table]\n<table width=\"920\">\n<tbody>\n<tr>\n<td width=\"379\"><strong>Naziv<\/strong><\/td>\n<td width=\"239\"><strong>Izvor financiranja<\/strong><\/td>\n<td width=\"75\"><strong>Trajanje<\/strong><\/td>\n<td width=\"109\"><strong>Su\/Voditelj<\/strong><\/td>\n<td width=\"118\"><strong>Suradnici<\/strong><\/td>\n<\/tr>\n<tr>\n<td width=\"379\"><a href=\"http:\/\/www.acnltutor.net\" target=\"_blank\" rel=\"noopener noreferrer\">Enhancing Adaptive Courseware based on Natural Language Processing<\/a><\/td>\n<td width=\"239\">Office of Naval Research<\/td>\n<td width=\"75\">02\/2020-01\/2024<\/td>\n<td width=\"109\">Branko \u017ditko<br \/>\nAni Grubi\u0161i\u0107<br \/>\nSlavomir Stankov<\/td>\n<td width=\"118\">Ines \u0160ari\u0107-Grgi\u0107<\/td>\n<\/tr>\n<tr>\n<td width=\"379\"><a href=\"http:\/\/mapmf.pmfst.unist.hr\/heritage\/\" target=\"_blank\" rel=\"noopener noreferrer\">Innovation in Intelligent Management of Heritage Buildings<\/a><\/td>\n<td width=\"239\">COST<\/td>\n<td width=\"75\">2015 &#8211; 2019<\/td>\n<td width=\"109\">Andrina Grani\u0107<\/td>\n<td width=\"118\">Sa\u0161a Mladenovi\u0107<br \/>\nGoran Zaharija<\/td>\n<\/tr>\n<tr>\n<td width=\"379\"><a href=\"http:\/\/www.acnltutor.net\" target=\"_blank\" rel=\"noopener noreferrer\">Adaptive Courseware based on Natural Language Processing (AC &amp; NL Tutor)<\/a><\/td>\n<td width=\"239\">Office of Naval Research<\/td>\n<td width=\"75\">2015 &#8211; 2019<\/td>\n<td width=\"109\">Branko \u017ditko<br \/>\nAni Grubi\u0161i\u0107<br \/>\nSlavomir Stankov<\/td>\n<td width=\"118\">Ines \u0160ari\u0107-Grgi\u0107<\/td>\n<\/tr>\n<tr>\n<td width=\"379\">Towards an alliance of European research fleets (EUROFLEET-II)<\/td>\n<td width=\"239\">FP7<\/td>\n<td width=\"75\">2015 &#8211; 2017<\/td>\n<td width=\"109\"><\/td>\n<td width=\"118\">Hrvoje Kalini\u0107<\/td>\n<\/tr>\n<tr>\n<td width=\"379\">MESSI &#8211; Meteotsunamis, destructive long ocean waves in the tsunami frequency band: from observations and simulations towards a warning system<\/td>\n<td width=\"239\">Unity Through Knowledge (UKF)<\/td>\n<td width=\"75\">2015 &#8211; 2017<\/td>\n<td width=\"109\"><\/td>\n<td width=\"118\">Hrvoje Kalini\u0107<\/td>\n<\/tr>\n<tr>\n<td width=\"379\">Student Business e-Academy<\/td>\n<td width=\"239\">Erasmus+ Programme KA2: Strategic Partnerships<\/td>\n<td width=\"75\">2015 &#8211; 2017<\/td>\n<td width=\"109\"><\/td>\n<td width=\"118\">Andrina Grani\u0107<br \/>\nGoran Zaharija<br \/>\nDivna Krpan<br \/>\nJelena Naki\u0107<\/td>\n<\/tr>\n<tr>\n<td style=\"text-align: left;\" width=\"379\"><a href=\"http:\/\/v-alert.eu\/\" target=\"_blank\" rel=\"noopener noreferrer\">Virtual World for Awareness and Learning on Information Security &#8211; V-ALERT<\/a><\/td>\n<td width=\"239\">Lifelong Learning Programme: KA3-ICT Multilateral Networks<\/td>\n<td width=\"75\">2013 &#8211; 2016<\/td>\n<td width=\"109\">Andrina Grani\u0107<\/td>\n<td width=\"118\">Nikola Maranguni\u0107<br \/>\nJelena Naki\u0107<\/td>\n<\/tr>\n<tr>\n<td width=\"379\">Let\u2019s Study Together<\/td>\n<td width=\"239\">European Social Fund IPA<\/td>\n<td width=\"75\">2013 &#8211; 2015<\/td>\n<td width=\"109\"><\/td>\n<td width=\"118\">Andrina Grani\u0107<br \/>\nGoran Zaharija<br \/>\nSa\u0161a Mladenovi\u0107<\/td>\n<\/tr>\n<tr>\n<td width=\"379\"><a href=\"http:\/\/www.digiskills-project.eu\/\" target=\"_blank\" rel=\"noopener noreferrer\">Network for the enhancement of digital competence skills &#8211; DigiSkills<\/a><\/td>\n<td width=\"239\">Lifelong Learning Programme: KA3-ICT Multilateral Networks<\/td>\n<td width=\"75\">2012 &#8211; 2015<\/td>\n<td width=\"109\">Andrina Grani\u0107<\/td>\n<td width=\"118\">Jelena Naki\u0107<\/td>\n<\/tr>\n<tr>\n<td width=\"379\">UNITE: Unified e-Learning environment for the school<\/td>\n<td width=\"239\">6th Framework Programme Priority IST<\/td>\n<td width=\"75\">2006 &#8211; 2008<\/td>\n<td width=\"109\">Andrina Grani\u0107<\/td>\n<td width=\"118\">Marko Rosi\u0107<\/td>\n<\/tr>\n<tr>\n<td width=\"379\">Online education<\/td>\n<td width=\"239\">CEEPUS<\/td>\n<td width=\"75\">1997 &#8211; 2001<\/td>\n<td width=\"109\"><\/td>\n<td width=\"118\">Slavomir Stankov<\/td>\n<\/tr>\n<\/tbody>\n<\/table>\n[\/mk_table][\/vc_tta_section][\/vc_tta_tabs][\/vc_column][\/vc_row]\n<\/div>","protected":false},"excerpt":{"rendered":"<p>[vc_row][vc_column][vc_empty_space][mk_fancy_title color=&#8221;#01bcb0&#8243; size=&#8221;28&#8243; font_family=&#8221;none&#8221;]Projekti[\/mk_fancy_title][vc_separator color=&#8221;mulled_wine&#8221; style=&#8221;shadow&#8221; border_width=&#8221;6&#8243;][vc_tta_tabs color=&#8221;turquoise&#8221; active_section=&#8221;1&#8243; css=&#8221;.vc_custom_1518613417707{background-color: #ffffff !important;}&#8221;][vc_tta_section title=&#8221;Nacionalni projekti&#8221; tab_id=&#8221;1518611544505-c6274d8b-8ab3&#8243;][mk_table] Naziv Izvor financiranja \u0160ifra Trajanje Su\/Voditelj Suradnici Pro\u0161irenje osjetilnosti senzora u laboratoriju za obradbu i analizu podataka iz okoline HRZZ UIP-2019-04-1737 2020-2025 Hrvoje Kalini\u0107 Institut za ocenaografiju i ribarstvo, Sveu\u010dili\u0161te u zagrebu &#8211; Fakultet prometnih znanosti, Institut Ericsson Nikola Tesla [&hellip;]<\/p>\n","protected":false},"author":1,"featured_media":0,"parent":0,"menu_order":0,"comment_status":"closed","ping_status":"closed","template":"","meta":{"_acf_changed":false,"rs_blank_template":"","rs_page_bg_color":"","slide_template_v7":"","footnotes":""},"class_list":["post-78","page","type-page","status-publish","hentry"],"acf":[],"yoast_head":"<!-- This site is optimized with the Yoast SEO plugin v27.4 - https:\/\/yoast.com\/product\/yoast-seo-wordpress\/ -->\n<title>Projekti - Odjel za informatiku<\/title>\n<meta name=\"robots\" content=\"index, follow, max-snippet:-1, max-image-preview:large, max-video-preview:-1\" \/>\n<link rel=\"canonical\" href=\"https:\/\/www.pmfst.unist.hr\/odjel-za-informatiku\/projekti\/\" \/>\n<meta property=\"og:locale\" content=\"hr_HR\" \/>\n<meta property=\"og:type\" content=\"article\" \/>\n<meta property=\"og:title\" content=\"Projekti - Odjel za informatiku\" \/>\n<meta property=\"og:description\" content=\"[vc_row][vc_column][vc_empty_space][mk_fancy_title color=&#8221;#01bcb0&#8243; size=&#8221;28&#8243; font_family=&#8221;none&#8221;]Projekti[\/mk_fancy_title][vc_separator color=&#8221;mulled_wine&#8221; style=&#8221;shadow&#8221; border_width=&#8221;6&#8243;][vc_tta_tabs color=&#8221;turquoise&#8221; active_section=&#8221;1&#8243; css=&#8221;.vc_custom_1518613417707{background-color: #ffffff !important;}&#8221;][vc_tta_section title=&#8221;Nacionalni projekti&#8221; tab_id=&#8221;1518611544505-c6274d8b-8ab3&#8243;][mk_table] Naziv Izvor financiranja \u0160ifra Trajanje Su\/Voditelj Suradnici Pro\u0161irenje osjetilnosti senzora u laboratoriju za obradbu i analizu podataka iz okoline HRZZ UIP-2019-04-1737 2020-2025 Hrvoje Kalini\u0107 Institut za ocenaografiju i ribarstvo, Sveu\u010dili\u0161te u zagrebu &#8211; Fakultet prometnih znanosti, Institut Ericsson Nikola Tesla [&hellip;]\" \/>\n<meta property=\"og:url\" content=\"https:\/\/www.pmfst.unist.hr\/odjel-za-informatiku\/projekti\/\" \/>\n<meta property=\"og:site_name\" content=\"Odjel za informatiku\" \/>\n<meta property=\"article:modified_time\" content=\"2020-02-20T13:00:42+00:00\" \/>\n<meta name=\"twitter:card\" content=\"summary_large_image\" \/>\n<meta name=\"twitter:label1\" content=\"Procijenjeno vrijeme \u010ditanja\" \/>\n\t<meta name=\"twitter:data1\" content=\"3 minute\" \/>\n<script type=\"application\/ld+json\" class=\"yoast-schema-graph\">{\"@context\":\"https:\\\/\\\/schema.org\",\"@graph\":[{\"@type\":\"WebPage\",\"@id\":\"https:\\\/\\\/www.pmfst.unist.hr\\\/odjel-za-informatiku\\\/projekti\\\/\",\"url\":\"https:\\\/\\\/www.pmfst.unist.hr\\\/odjel-za-informatiku\\\/projekti\\\/\",\"name\":\"Projekti - Odjel za informatiku\",\"isPartOf\":{\"@id\":\"https:\\\/\\\/www.pmfst.unist.hr\\\/odjel-za-informatiku\\\/#website\"},\"datePublished\":\"2018-03-26T12:07:59+00:00\",\"dateModified\":\"2020-02-20T13:00:42+00:00\",\"breadcrumb\":{\"@id\":\"https:\\\/\\\/www.pmfst.unist.hr\\\/odjel-za-informatiku\\\/projekti\\\/#breadcrumb\"},\"inLanguage\":\"hr\",\"potentialAction\":[{\"@type\":\"ReadAction\",\"target\":[\"https:\\\/\\\/www.pmfst.unist.hr\\\/odjel-za-informatiku\\\/projekti\\\/\"]}]},{\"@type\":\"BreadcrumbList\",\"@id\":\"https:\\\/\\\/www.pmfst.unist.hr\\\/odjel-za-informatiku\\\/projekti\\\/#breadcrumb\",\"itemListElement\":[{\"@type\":\"ListItem\",\"position\":1,\"name\":\"Po\u010detna stranica\",\"item\":\"https:\\\/\\\/www.pmfst.unist.hr\\\/odjel-za-informatiku\\\/\"},{\"@type\":\"ListItem\",\"position\":2,\"name\":\"Projekti\"}]},{\"@type\":\"WebSite\",\"@id\":\"https:\\\/\\\/www.pmfst.unist.hr\\\/odjel-za-informatiku\\\/#website\",\"url\":\"https:\\\/\\\/www.pmfst.unist.hr\\\/odjel-za-informatiku\\\/\",\"name\":\"Odjel za informatiku\",\"description\":\"Odjel za informatiku Prirodoslovnog-matemati\u010dkiog fakulteta Sveu\u010dili\u0161ta u Splitu\",\"potentialAction\":[{\"@type\":\"SearchAction\",\"target\":{\"@type\":\"EntryPoint\",\"urlTemplate\":\"https:\\\/\\\/www.pmfst.unist.hr\\\/odjel-za-informatiku\\\/?s={search_term_string}\"},\"query-input\":{\"@type\":\"PropertyValueSpecification\",\"valueRequired\":true,\"valueName\":\"search_term_string\"}}],\"inLanguage\":\"hr\"}]}<\/script>\n<!-- \/ Yoast SEO plugin. -->","yoast_head_json":{"title":"Projekti - Odjel za informatiku","robots":{"index":"index","follow":"follow","max-snippet":"max-snippet:-1","max-image-preview":"max-image-preview:large","max-video-preview":"max-video-preview:-1"},"canonical":"https:\/\/www.pmfst.unist.hr\/odjel-za-informatiku\/projekti\/","og_locale":"hr_HR","og_type":"article","og_title":"Projekti - Odjel za informatiku","og_description":"[vc_row][vc_column][vc_empty_space][mk_fancy_title color=&#8221;#01bcb0&#8243; size=&#8221;28&#8243; font_family=&#8221;none&#8221;]Projekti[\/mk_fancy_title][vc_separator color=&#8221;mulled_wine&#8221; style=&#8221;shadow&#8221; border_width=&#8221;6&#8243;][vc_tta_tabs color=&#8221;turquoise&#8221; active_section=&#8221;1&#8243; css=&#8221;.vc_custom_1518613417707{background-color: #ffffff !important;}&#8221;][vc_tta_section title=&#8221;Nacionalni projekti&#8221; tab_id=&#8221;1518611544505-c6274d8b-8ab3&#8243;][mk_table] Naziv Izvor financiranja \u0160ifra Trajanje Su\/Voditelj Suradnici Pro\u0161irenje osjetilnosti senzora u laboratoriju za obradbu i analizu podataka iz okoline HRZZ UIP-2019-04-1737 2020-2025 Hrvoje Kalini\u0107 Institut za ocenaografiju i ribarstvo, Sveu\u010dili\u0161te u zagrebu &#8211; Fakultet prometnih znanosti, Institut Ericsson Nikola Tesla [&hellip;]","og_url":"https:\/\/www.pmfst.unist.hr\/odjel-za-informatiku\/projekti\/","og_site_name":"Odjel za informatiku","article_modified_time":"2020-02-20T13:00:42+00:00","twitter_card":"summary_large_image","twitter_misc":{"Procijenjeno vrijeme \u010ditanja":"3 minute"},"schema":{"@context":"https:\/\/schema.org","@graph":[{"@type":"WebPage","@id":"https:\/\/www.pmfst.unist.hr\/odjel-za-informatiku\/projekti\/","url":"https:\/\/www.pmfst.unist.hr\/odjel-za-informatiku\/projekti\/","name":"Projekti - Odjel za informatiku","isPartOf":{"@id":"https:\/\/www.pmfst.unist.hr\/odjel-za-informatiku\/#website"},"datePublished":"2018-03-26T12:07:59+00:00","dateModified":"2020-02-20T13:00:42+00:00","breadcrumb":{"@id":"https:\/\/www.pmfst.unist.hr\/odjel-za-informatiku\/projekti\/#breadcrumb"},"inLanguage":"hr","potentialAction":[{"@type":"ReadAction","target":["https:\/\/www.pmfst.unist.hr\/odjel-za-informatiku\/projekti\/"]}]},{"@type":"BreadcrumbList","@id":"https:\/\/www.pmfst.unist.hr\/odjel-za-informatiku\/projekti\/#breadcrumb","itemListElement":[{"@type":"ListItem","position":1,"name":"Po\u010detna stranica","item":"https:\/\/www.pmfst.unist.hr\/odjel-za-informatiku\/"},{"@type":"ListItem","position":2,"name":"Projekti"}]},{"@type":"WebSite","@id":"https:\/\/www.pmfst.unist.hr\/odjel-za-informatiku\/#website","url":"https:\/\/www.pmfst.unist.hr\/odjel-za-informatiku\/","name":"Odjel za informatiku","description":"Odjel za informatiku Prirodoslovnog-matemati\u010dkiog fakulteta Sveu\u010dili\u0161ta u Splitu","potentialAction":[{"@type":"SearchAction","target":{"@type":"EntryPoint","urlTemplate":"https:\/\/www.pmfst.unist.hr\/odjel-za-informatiku\/?s={search_term_string}"},"query-input":{"@type":"PropertyValueSpecification","valueRequired":true,"valueName":"search_term_string"}}],"inLanguage":"hr"}]}},"_links":{"self":[{"href":"https:\/\/www.pmfst.unist.hr\/odjel-za-informatiku\/wp-json\/wp\/v2\/pages\/78","targetHints":{"allow":["GET"]}}],"collection":[{"href":"https:\/\/www.pmfst.unist.hr\/odjel-za-informatiku\/wp-json\/wp\/v2\/pages"}],"about":[{"href":"https:\/\/www.pmfst.unist.hr\/odjel-za-informatiku\/wp-json\/wp\/v2\/types\/page"}],"author":[{"embeddable":true,"href":"https:\/\/www.pmfst.unist.hr\/odjel-za-informatiku\/wp-json\/wp\/v2\/users\/1"}],"replies":[{"embeddable":true,"href":"https:\/\/www.pmfst.unist.hr\/odjel-za-informatiku\/wp-json\/wp\/v2\/comments?post=78"}],"version-history":[{"count":0,"href":"https:\/\/www.pmfst.unist.hr\/odjel-za-informatiku\/wp-json\/wp\/v2\/pages\/78\/revisions"}],"wp:attachment":[{"href":"https:\/\/www.pmfst.unist.hr\/odjel-za-informatiku\/wp-json\/wp\/v2\/media?parent=78"}],"curies":[{"name":"wp","href":"https:\/\/api.w.org\/{rel}","templated":true}]}}