{"id":11412,"date":"2019-02-20T08:08:37","date_gmt":"2019-02-20T07:08:37","guid":{"rendered":"https:\/\/www.pmfst.unist.hr\/odjel-za-kemiju\/?page_id=11412"},"modified":"2024-12-03T09:39:02","modified_gmt":"2024-12-03T08:39:02","slug":"konferencije-i-skupovi","status":"publish","type":"page","link":"https:\/\/www.pmfst.unist.hr\/odjel-za-kemiju\/konferencije-i-skupovi\/","title":{"rendered":"Konferencije i skupovi"},"content":{"rendered":"<div class=\"wpb-content-wrapper\">[vc_row][vc_column][vc_tta_tabs][vc_tta_section title=&#8221;2024&#8243; tab_id=&#8221;1573459455024-805e241f-0875&#8243;][vc_column_text css=&#8221;.vc_custom_1733215139845{margin-bottom: 0px !important;}&#8221;]\n<h3 style=\"text-align: center;\">6. Hrvatska konferencija o kemijskom obrazovanju<\/h3>\n<p><i><span style=\"font-size: 11.0pt;\">What a lineup!<\/span><\/i><span style=\"font-size: 11.0pt;\">, uzviknuo je prof. Delaney nakon \u0161to sam mu, pri kraju razgovora o projektu <u><span style=\"color: #467886;\"><a title=\"https:\/\/iupac.org\/project\/2023-002-2-050\/\" href=\"https:\/\/iupac.org\/project\/2023-002-2-050\/\" data-auth=\"NotApplicable\">IUPAC teacher survey on green and sustainable chemistry (GSC) practical activities<\/a><\/span><\/u>, pokazao popis predava\u010da na <u><span style=\"color: #467886;\"><a href=\"https:\/\/cwce.trema.hr\/\" data-auth=\"NotApplicable\">6. Hrvatskoj konferenciji o kemijskom obrazovanju (6. HKKO, 6. CWCE)<\/a><\/span><\/u>, koja \u0107e se, evo da i to napi\u0161em, sutradan, 6.11.2024., sve\u010dano otvoriti u velikom amfiteatru na\u0161eg Fakulteta. I zaista, u svijetu kemijskog obrazovanja djela Roberta Boba Bucata, Vicentea Talanquera, Metodije Najdoskog, Maura Moccerina, Marian DeWane i Thomasa Greenbowea zvone glasno i privla\u010dno. <i>Oh, if I was only a bit closer<\/i>, \u010deznutljivo je iz svog ureda u Melburnu prof. Delaney prigu\u0161io po\u010detno uzbu\u0111enje. Na sre\u0107u oko 140 sudionika 6. HKKO uzbu\u0111enje je trajalo cijela \u010detiri dana, a kod mnogih \u2013 tako mi bar vele \u2013 i danima nakon \u0161to smo se tog toplog i vedrog subotnjeg poslijepodneva, ovjekovje\u010deni zajedni\u010dkom fotografijom, pozdravili i razi\u0161li ku\u0107ama. Da, bilo je to zanimljivih i intenzivnih nekoliko dana koje su \u2013 obavezno pogledajte prilo\u017eene fotografije &#8211; uz ranije spomenute, obogatili i drugi gosti predava\u010di te, svojim nastavno-istra\u017eiva\u010dkim iskustvima i radioni\u010dkim aktivnostima, osnovno\u0161kolski, srednjo\u0161kolski i sveu\u010dili\u0161ni nastavnici kemije. Iako je 6. HKKO zavr\u0161io, put je utaban, a putovanje traje. Vidimo se za dvije godine, na 7. HKKO!<\/span>[\/vc_column_text][mk_gallery images=&#8221;12703,12705,12707,12709,12711,12713&#8243; height=&#8221;250&#8243; hover_scenarios=&#8221;slow_zoom&#8221;][\/vc_tta_section][vc_tta_section title=&#8221;2022&#8243; tab_id=&#8221;1733214931564-768383a6-b44b&#8221;][vc_column_text css=&#8221;.vc_custom_1685340057023{margin-bottom: 0px !important;}&#8221;]\n<h4>5. HRVATSKA KONFERENCIJA O KEMIJSKOM OBRAZOVANJU<\/h4>\n<p>U organizaciji Prirodoslovno-matemati\u010dkog fakulteta Sveu\u010dili\u0161ta u Splitu, Hrvatskog kemijskog dru\u0161tva, Hrvatskog prirodoslovnog dru\u0161tva i Agencije za odgoj i obrazovanje, od 2. do 5. studenoga 2022. odr\u017eavala se 5. Hrvatska konferencija o kemijskom obrazovanju. Po peti su se put u zgradi na\u0161eg Fakulteta susreli i sura\u0111ivali nastavnici kemije iz regije i znanstvenici iz podru\u010dja kemijskog obrazovanja pristigli sa svih strana svijeta. Predava\u010di i voditelji radionica, me\u0111u kojima su i oni koji jo\u0161 od prvoga puta pohode ovaj skup, jo\u0161 jednom su doprinijeli razmatranju aktualnih tema nastave kemije. Tako je, primjerice, prof. Bob Bucat (Sveu\u010dili\u0161te Zapadne Australije, Australija) povezivao uzroke s posljedicama u\u010dinka staklenika u nastavnom i svakodnevnom kontekstu; prof. Thomas Greenbow (Sveu\u010dili\u0161te u Oregonu, SAD) i prof. Marian DeWane (Sveu\u010dili\u0161te u Kaliforniji, SAD) vo\u0111enim su istra\u017eivanjem analizirali energijske procese u ionskim otopinama; prof. Milan Nikoli\u0107 (Sveu\u010dili\u0161te u Beogradu, Srbija) bavio se hormonima sre\u0107e u kemijskom obrazovanju, a nenadma\u0161ni nas je eksperimentator, prof. Metodija Najdoski (Sveu\u010dili\u0161te \u0106irila i Metodija, Sjeverna Makedonija), pokusima proveo kroz povijest otkri\u0107a vatre.<\/p>\n<p>Nakon \u010detiri intenzivna radna dana, oko 130 se sudionika uputilo ku\u0107ama s planovima o novom susretu na sljede\u0107oj, 6. Hrvatskoj konferenciji o kemijskom obrazovanju.[\/vc_column_text][mk_gallery images=&#8221;12428,12430,12432,12434,12436,12438&#8243; height=&#8221;300&#8243; hover_scenarios=&#8221;slow_zoom&#8221; orderby=&#8221;title&#8221;][\/vc_tta_section][vc_tta_section title=&#8221;2018&#8243; tab_id=&#8221;1685339991381-b15f6c31-d447&#8243;][vc_column_text css=&#8221;.vc_custom_1573459518580{margin-bottom: 0px !important;}&#8221;]\n<h4>4. HRVATSKA KONFERENCIJA O KEMIJSKOM OBRAZOVANJU<\/h4>\n<p>Od 7. do 10. studenoga 2018. godine, u Zgradi tri Fakulteta, odr\u017eana je 4. Hrvatska konferencija o kemijskom obrazovanju (4th Croatian Workshop on Chemical Education). Organizirao ju je Prirodoslovno-matemati\u010dki fakultet Sveu\u010dili\u0161ta u Splitu u suradnji s Hrvatskim prirodoslovnim dru\u0161tvom, Hrvatskim kemijskim dru\u0161tvom i Agencijom za odgoj i obrazovanje.<\/p>\n<p>U radu Konferencije sudjelovalo je 150 u\u010ditelja i nastavnika kemije, sveu\u010dili\u0161nih nastavnika, istra\u017eiva\u010da i drugih sudionika znanstvenih ili stru\u010dnih profila iz Hrvatske i svijeta koji se bave problemima kemijskog obrazovanja.<\/p>\n<p>I ovoga puta su, svojim aktivnostima kroz pripremu i\/ili provedbu, uspjehu Konferencije doprinijeli prof. Bob Bucat, (University of Western Australia, Perth, AUS), prof. Marian DeWane (Boise State University, Idaho, SAD), prof. Thomas Greenbowe (University of Oregon, Oregon, SAD), prof. Metodija Najdoski (Ss. Cyril and Methodius University, Skopje, Republic of Macedonia), prof. Silvija Marki\u0107 (Ludwigsburg University of Education, Ludwigsburg, Germany) i drugi znanstvenici.<\/p>\n<p>Ovom Konferencijom Hrvatska je potvrdila status jednog od lidera u podru\u010dju kemijskog obrazovanja u ovom dijelu Europe. Podsje\u0107amo, prvi ovakav me\u0111unarodni Skup organizirali smo 2010. godine, uz podr\u0161ku IUPAC-a kroz Flying Chemist Program, a nanovo ga organiziramo, u pravilu, svake druge godine. Na kraju, \u017eelimo re\u0107i da s nestrpljenjem i rado\u0161\u0107u i\u0161\u010dekujemo 5. Hrvatsku konferenciju o kemijskom obrazovanju koja \u0107e se odr\u017eati 2020. godine![\/vc_column_text][mk_gallery images=&#8221;11642,11646,11648,11650,11652&#8243; height=&#8221;300&#8243; hover_scenarios=&#8221;slow_zoom&#8221;][\/vc_tta_section][\/vc_tta_tabs][\/vc_column][\/vc_row]\n<\/div>","protected":false},"excerpt":{"rendered":"<p>[vc_row][vc_column][vc_tta_tabs][vc_tta_section title=&#8221;2024&#8243; tab_id=&#8221;1573459455024-805e241f-0875&#8243;][vc_column_text css=&#8221;.vc_custom_1733215139845{margin-bottom: 0px !important;}&#8221;] 6. Hrvatska konferencija o kemijskom obrazovanju What a lineup!, uzviknuo je prof. Delaney nakon \u0161to sam mu, pri kraju razgovora o projektu IUPAC teacher survey on green and sustainable chemistry (GSC) practical activities, pokazao popis predava\u010da na 6. Hrvatskoj konferenciji o kemijskom obrazovanju (6. HKKO, 6. CWCE), koja \u0107e [&hellip;]<\/p>\n","protected":false},"author":1,"featured_media":0,"parent":0,"menu_order":0,"comment_status":"closed","ping_status":"closed","template":"","meta":{"_acf_changed":false,"rs_blank_template":"","rs_page_bg_color":"","slide_template_v7":"","footnotes":""},"class_list":["post-11412","page","type-page","status-publish","hentry"],"acf":[],"yoast_head":"<!-- This site is optimized with the Yoast SEO plugin v27.4 - https:\/\/yoast.com\/product\/yoast-seo-wordpress\/ -->\n<title>Konferencije i skupovi - Odjel za kemiju<\/title>\n<meta name=\"robots\" content=\"index, follow, max-snippet:-1, max-image-preview:large, max-video-preview:-1\" \/>\n<link rel=\"canonical\" href=\"https:\/\/www.pmfst.unist.hr\/odjel-za-kemiju\/konferencije-i-skupovi\/\" \/>\n<meta property=\"og:locale\" content=\"hr_HR\" \/>\n<meta property=\"og:type\" content=\"article\" \/>\n<meta property=\"og:title\" content=\"Konferencije i skupovi - Odjel za kemiju\" \/>\n<meta property=\"og:description\" content=\"[vc_row][vc_column][vc_tta_tabs][vc_tta_section title=&#8221;2024&#8243; tab_id=&#8221;1573459455024-805e241f-0875&#8243;][vc_column_text css=&#8221;.vc_custom_1733215139845{margin-bottom: 0px !important;}&#8221;] 6. Hrvatska konferencija o kemijskom obrazovanju What a lineup!, uzviknuo je prof. Delaney nakon \u0161to sam mu, pri kraju razgovora o projektu IUPAC teacher survey on green and sustainable chemistry (GSC) practical activities, pokazao popis predava\u010da na 6. Hrvatskoj konferenciji o kemijskom obrazovanju (6. HKKO, 6. CWCE), koja \u0107e [&hellip;]\" \/>\n<meta property=\"og:url\" content=\"https:\/\/www.pmfst.unist.hr\/odjel-za-kemiju\/konferencije-i-skupovi\/\" \/>\n<meta property=\"og:site_name\" content=\"Odjel za kemiju\" \/>\n<meta property=\"article:modified_time\" content=\"2024-12-03T08:39:02+00:00\" \/>\n<meta name=\"twitter:card\" content=\"summary_large_image\" \/>\n<meta name=\"twitter:label1\" content=\"Procijenjeno vrijeme \u010ditanja\" \/>\n\t<meta name=\"twitter:data1\" content=\"5 minuta\" \/>\n<script type=\"application\/ld+json\" class=\"yoast-schema-graph\">{\"@context\":\"https:\\\/\\\/schema.org\",\"@graph\":[{\"@type\":\"WebPage\",\"@id\":\"https:\\\/\\\/www.pmfst.unist.hr\\\/odjel-za-kemiju\\\/konferencije-i-skupovi\\\/\",\"url\":\"https:\\\/\\\/www.pmfst.unist.hr\\\/odjel-za-kemiju\\\/konferencije-i-skupovi\\\/\",\"name\":\"Konferencije i skupovi - Odjel za kemiju\",\"isPartOf\":{\"@id\":\"https:\\\/\\\/www.pmfst.unist.hr\\\/odjel-za-kemiju\\\/#website\"},\"datePublished\":\"2019-02-20T07:08:37+00:00\",\"dateModified\":\"2024-12-03T08:39:02+00:00\",\"breadcrumb\":{\"@id\":\"https:\\\/\\\/www.pmfst.unist.hr\\\/odjel-za-kemiju\\\/konferencije-i-skupovi\\\/#breadcrumb\"},\"inLanguage\":\"hr\",\"potentialAction\":[{\"@type\":\"ReadAction\",\"target\":[\"https:\\\/\\\/www.pmfst.unist.hr\\\/odjel-za-kemiju\\\/konferencije-i-skupovi\\\/\"]}]},{\"@type\":\"BreadcrumbList\",\"@id\":\"https:\\\/\\\/www.pmfst.unist.hr\\\/odjel-za-kemiju\\\/konferencije-i-skupovi\\\/#breadcrumb\",\"itemListElement\":[{\"@type\":\"ListItem\",\"position\":1,\"name\":\"Po\u010detna stranica\",\"item\":\"https:\\\/\\\/www.pmfst.unist.hr\\\/odjel-za-kemiju\\\/\"},{\"@type\":\"ListItem\",\"position\":2,\"name\":\"Konferencije i skupovi\"}]},{\"@type\":\"WebSite\",\"@id\":\"https:\\\/\\\/www.pmfst.unist.hr\\\/odjel-za-kemiju\\\/#website\",\"url\":\"https:\\\/\\\/www.pmfst.unist.hr\\\/odjel-za-kemiju\\\/\",\"name\":\"Odjel za kemiju\",\"description\":\"Odjel za kemiju  Prirodoslovnog-matemati\u010dkiog fakulteta Sveu\u010dili\u0161ta u Splitu\",\"potentialAction\":[{\"@type\":\"SearchAction\",\"target\":{\"@type\":\"EntryPoint\",\"urlTemplate\":\"https:\\\/\\\/www.pmfst.unist.hr\\\/odjel-za-kemiju\\\/?s={search_term_string}\"},\"query-input\":{\"@type\":\"PropertyValueSpecification\",\"valueRequired\":true,\"valueName\":\"search_term_string\"}}],\"inLanguage\":\"hr\"}]}<\/script>\n<!-- \/ Yoast SEO plugin. -->","yoast_head_json":{"title":"Konferencije i skupovi - Odjel za kemiju","robots":{"index":"index","follow":"follow","max-snippet":"max-snippet:-1","max-image-preview":"max-image-preview:large","max-video-preview":"max-video-preview:-1"},"canonical":"https:\/\/www.pmfst.unist.hr\/odjel-za-kemiju\/konferencije-i-skupovi\/","og_locale":"hr_HR","og_type":"article","og_title":"Konferencije i skupovi - Odjel za kemiju","og_description":"[vc_row][vc_column][vc_tta_tabs][vc_tta_section title=&#8221;2024&#8243; tab_id=&#8221;1573459455024-805e241f-0875&#8243;][vc_column_text css=&#8221;.vc_custom_1733215139845{margin-bottom: 0px !important;}&#8221;] 6. Hrvatska konferencija o kemijskom obrazovanju What a lineup!, uzviknuo je prof. Delaney nakon \u0161to sam mu, pri kraju razgovora o projektu IUPAC teacher survey on green and sustainable chemistry (GSC) practical activities, pokazao popis predava\u010da na 6. Hrvatskoj konferenciji o kemijskom obrazovanju (6. HKKO, 6. CWCE), koja \u0107e [&hellip;]","og_url":"https:\/\/www.pmfst.unist.hr\/odjel-za-kemiju\/konferencije-i-skupovi\/","og_site_name":"Odjel za kemiju","article_modified_time":"2024-12-03T08:39:02+00:00","twitter_card":"summary_large_image","twitter_misc":{"Procijenjeno vrijeme \u010ditanja":"5 minuta"},"schema":{"@context":"https:\/\/schema.org","@graph":[{"@type":"WebPage","@id":"https:\/\/www.pmfst.unist.hr\/odjel-za-kemiju\/konferencije-i-skupovi\/","url":"https:\/\/www.pmfst.unist.hr\/odjel-za-kemiju\/konferencije-i-skupovi\/","name":"Konferencije i skupovi - Odjel za kemiju","isPartOf":{"@id":"https:\/\/www.pmfst.unist.hr\/odjel-za-kemiju\/#website"},"datePublished":"2019-02-20T07:08:37+00:00","dateModified":"2024-12-03T08:39:02+00:00","breadcrumb":{"@id":"https:\/\/www.pmfst.unist.hr\/odjel-za-kemiju\/konferencije-i-skupovi\/#breadcrumb"},"inLanguage":"hr","potentialAction":[{"@type":"ReadAction","target":["https:\/\/www.pmfst.unist.hr\/odjel-za-kemiju\/konferencije-i-skupovi\/"]}]},{"@type":"BreadcrumbList","@id":"https:\/\/www.pmfst.unist.hr\/odjel-za-kemiju\/konferencije-i-skupovi\/#breadcrumb","itemListElement":[{"@type":"ListItem","position":1,"name":"Po\u010detna stranica","item":"https:\/\/www.pmfst.unist.hr\/odjel-za-kemiju\/"},{"@type":"ListItem","position":2,"name":"Konferencije i skupovi"}]},{"@type":"WebSite","@id":"https:\/\/www.pmfst.unist.hr\/odjel-za-kemiju\/#website","url":"https:\/\/www.pmfst.unist.hr\/odjel-za-kemiju\/","name":"Odjel za kemiju","description":"Odjel za kemiju  Prirodoslovnog-matemati\u010dkiog fakulteta Sveu\u010dili\u0161ta u Splitu","potentialAction":[{"@type":"SearchAction","target":{"@type":"EntryPoint","urlTemplate":"https:\/\/www.pmfst.unist.hr\/odjel-za-kemiju\/?s={search_term_string}"},"query-input":{"@type":"PropertyValueSpecification","valueRequired":true,"valueName":"search_term_string"}}],"inLanguage":"hr"}]}},"_links":{"self":[{"href":"https:\/\/www.pmfst.unist.hr\/odjel-za-kemiju\/wp-json\/wp\/v2\/pages\/11412","targetHints":{"allow":["GET"]}}],"collection":[{"href":"https:\/\/www.pmfst.unist.hr\/odjel-za-kemiju\/wp-json\/wp\/v2\/pages"}],"about":[{"href":"https:\/\/www.pmfst.unist.hr\/odjel-za-kemiju\/wp-json\/wp\/v2\/types\/page"}],"author":[{"embeddable":true,"href":"https:\/\/www.pmfst.unist.hr\/odjel-za-kemiju\/wp-json\/wp\/v2\/users\/1"}],"replies":[{"embeddable":true,"href":"https:\/\/www.pmfst.unist.hr\/odjel-za-kemiju\/wp-json\/wp\/v2\/comments?post=11412"}],"version-history":[{"count":0,"href":"https:\/\/www.pmfst.unist.hr\/odjel-za-kemiju\/wp-json\/wp\/v2\/pages\/11412\/revisions"}],"wp:attachment":[{"href":"https:\/\/www.pmfst.unist.hr\/odjel-za-kemiju\/wp-json\/wp\/v2\/media?parent=11412"}],"curies":[{"name":"wp","href":"https:\/\/api.w.org\/{rel}","templated":true}]}}