{"id":11462,"date":"2019-09-02T08:27:21","date_gmt":"2019-09-02T06:27:21","guid":{"rendered":"https:\/\/www.pmfst.unist.hr\/odjel-za-kemiju\/?page_id=11462"},"modified":"2019-09-09T10:40:30","modified_gmt":"2019-09-09T08:40:30","slug":"upute-za-pisanje-zavrsnog-i-diplomskog-rada","status":"publish","type":"page","link":"https:\/\/www.pmfst.unist.hr\/odjel-za-kemiju\/upute-za-pisanje-zavrsnog-i-diplomskog-rada\/","title":{"rendered":"Upute za pisanje zavr\u0161nog i diplomskog rada"},"content":{"rendered":"<div class=\"wpb-content-wrapper\">[vc_row][vc_column][mk_fancy_title tag_name=&#8221;h4&#8243; color=&#8221;#dd3333&#8243; size=&#8221;20&#8243; font_family=&#8221;none&#8221;]Dokumenti odjela[\/mk_fancy_title][\/vc_column][\/vc_row][vc_row][vc_column width=&#8221;1\/2&#8243;][mk_icon_box icon=&#8221;mk-icon-file-word-o&#8221; title=&#8221;Upute za pisanje zavr\u0161nog rada&#8221; read_more_txt=&#8221;Preuzmi&#8221; read_more_url=&#8221;https:\/\/www.pmfst.unist.hr\/odjel-za-kemiju\/wp-content\/uploads\/sites\/25\/2019\/09\/uputa-za-pisanje-zavrnog-rada-kemija2018.doc&#8221; style=&#8221;boxed&#8221; icon_color=&#8221;#1e73be&#8221; icon_circle_color=&#8221;&#8221;][\/mk_icon_box][\/vc_column][vc_column width=&#8221;1\/2&#8243;][mk_icon_box icon=&#8221;mk-icon-file-word-o&#8221; title=&#8221;Upute za pisanje diplomskog rada&#8221; read_more_txt=&#8221;Preuzmi&#8221; read_more_url=&#8221;https:\/\/www.pmfst.unist.hr\/odjel-za-kemiju\/wp-content\/uploads\/sites\/25\/2019\/09\/uputa-za-pisanje-diplomskog-rada-kemija2018.doc&#8221; style=&#8221;boxed&#8221; icon_color=&#8221;#1e73be&#8221; icon_circle_color=&#8221;&#8221;][\/mk_icon_box][\/vc_column][\/vc_row]\n<\/div>","protected":false},"excerpt":{"rendered":"<p>[vc_row][vc_column][mk_fancy_title tag_name=&#8221;h4&#8243; color=&#8221;#dd3333&#8243; size=&#8221;20&#8243; font_family=&#8221;none&#8221;]Dokumenti odjela[\/mk_fancy_title][\/vc_column][\/vc_row][vc_row][vc_column width=&#8221;1\/2&#8243;][mk_icon_box icon=&#8221;mk-icon-file-word-o&#8221; title=&#8221;Upute za pisanje zavr\u0161nog rada&#8221; read_more_txt=&#8221;Preuzmi&#8221; read_more_url=&#8221;https:\/\/www.pmfst.unist.hr\/odjel-za-kemiju\/wp-content\/uploads\/sites\/25\/2019\/09\/uputa-za-pisanje-zavrnog-rada-kemija2018.doc&#8221; style=&#8221;boxed&#8221; icon_color=&#8221;#1e73be&#8221; icon_circle_color=&#8221;&#8221;][\/mk_icon_box][\/vc_column][vc_column width=&#8221;1\/2&#8243;][mk_icon_box icon=&#8221;mk-icon-file-word-o&#8221; title=&#8221;Upute za pisanje diplomskog rada&#8221; read_more_txt=&#8221;Preuzmi&#8221; read_more_url=&#8221;https:\/\/www.pmfst.unist.hr\/odjel-za-kemiju\/wp-content\/uploads\/sites\/25\/2019\/09\/uputa-za-pisanje-diplomskog-rada-kemija2018.doc&#8221; style=&#8221;boxed&#8221; icon_color=&#8221;#1e73be&#8221; icon_circle_color=&#8221;&#8221;][\/mk_icon_box][\/vc_column][\/vc_row]<\/p>\n","protected":false},"author":1,"featured_media":0,"parent":0,"menu_order":0,"comment_status":"closed","ping_status":"closed","template":"","meta":{"_acf_changed":false,"rs_blank_template":"","rs_page_bg_color":"","slide_template_v7":"","footnotes":""},"class_list":["post-11462","page","type-page","status-publish","hentry"],"acf":[],"yoast_head":"<!-- This site is optimized with the Yoast SEO plugin v27.4 - https:\/\/yoast.com\/product\/yoast-seo-wordpress\/ -->\n<title>Upute za pisanje zavr\u0161nog i diplomskog rada - Odjel za kemiju<\/title>\n<meta name=\"robots\" content=\"index, follow, max-snippet:-1, max-image-preview:large, max-video-preview:-1\" \/>\n<link rel=\"canonical\" href=\"https:\/\/www.pmfst.unist.hr\/odjel-za-kemiju\/upute-za-pisanje-zavrsnog-i-diplomskog-rada\/\" \/>\n<meta property=\"og:locale\" content=\"hr_HR\" \/>\n<meta property=\"og:type\" content=\"article\" \/>\n<meta property=\"og:title\" content=\"Upute za pisanje zavr\u0161nog i diplomskog rada - Odjel za kemiju\" \/>\n<meta property=\"og:description\" content=\"[vc_row][vc_column][mk_fancy_title tag_name=&#8221;h4&#8243; color=&#8221;#dd3333&#8243; size=&#8221;20&#8243; font_family=&#8221;none&#8221;]Dokumenti odjela[\/mk_fancy_title][\/vc_column][\/vc_row][vc_row][vc_column width=&#8221;1\/2&#8243;][mk_icon_box icon=&#8221;mk-icon-file-word-o&#8221; title=&#8221;Upute za pisanje zavr\u0161nog rada&#8221; read_more_txt=&#8221;Preuzmi&#8221; read_more_url=&#8221;https:\/\/www.pmfst.unist.hr\/odjel-za-kemiju\/wp-content\/uploads\/sites\/25\/2019\/09\/uputa-za-pisanje-zavrnog-rada-kemija2018.doc&#8221; style=&#8221;boxed&#8221; icon_color=&#8221;#1e73be&#8221; icon_circle_color=&#8221;&#8221;][\/mk_icon_box][\/vc_column][vc_column width=&#8221;1\/2&#8243;][mk_icon_box icon=&#8221;mk-icon-file-word-o&#8221; title=&#8221;Upute za pisanje diplomskog rada&#8221; read_more_txt=&#8221;Preuzmi&#8221; read_more_url=&#8221;https:\/\/www.pmfst.unist.hr\/odjel-za-kemiju\/wp-content\/uploads\/sites\/25\/2019\/09\/uputa-za-pisanje-diplomskog-rada-kemija2018.doc&#8221; style=&#8221;boxed&#8221; icon_color=&#8221;#1e73be&#8221; icon_circle_color=&#8221;&#8221;][\/mk_icon_box][\/vc_column][\/vc_row]\" \/>\n<meta property=\"og:url\" content=\"https:\/\/www.pmfst.unist.hr\/odjel-za-kemiju\/upute-za-pisanje-zavrsnog-i-diplomskog-rada\/\" \/>\n<meta property=\"og:site_name\" content=\"Odjel za kemiju\" \/>\n<meta property=\"article:modified_time\" content=\"2019-09-09T08:40:30+00:00\" \/>\n<meta name=\"twitter:card\" content=\"summary_large_image\" \/>\n<meta name=\"twitter:label1\" content=\"Procijenjeno vrijeme \u010ditanja\" \/>\n\t<meta name=\"twitter:data1\" content=\"1 minuta\" \/>\n<script type=\"application\/ld+json\" class=\"yoast-schema-graph\">{\"@context\":\"https:\\\/\\\/schema.org\",\"@graph\":[{\"@type\":\"WebPage\",\"@id\":\"https:\\\/\\\/www.pmfst.unist.hr\\\/odjel-za-kemiju\\\/upute-za-pisanje-zavrsnog-i-diplomskog-rada\\\/\",\"url\":\"https:\\\/\\\/www.pmfst.unist.hr\\\/odjel-za-kemiju\\\/upute-za-pisanje-zavrsnog-i-diplomskog-rada\\\/\",\"name\":\"Upute za pisanje zavr\u0161nog i diplomskog rada - Odjel za kemiju\",\"isPartOf\":{\"@id\":\"https:\\\/\\\/www.pmfst.unist.hr\\\/odjel-za-kemiju\\\/#website\"},\"datePublished\":\"2019-09-02T06:27:21+00:00\",\"dateModified\":\"2019-09-09T08:40:30+00:00\",\"breadcrumb\":{\"@id\":\"https:\\\/\\\/www.pmfst.unist.hr\\\/odjel-za-kemiju\\\/upute-za-pisanje-zavrsnog-i-diplomskog-rada\\\/#breadcrumb\"},\"inLanguage\":\"hr\",\"potentialAction\":[{\"@type\":\"ReadAction\",\"target\":[\"https:\\\/\\\/www.pmfst.unist.hr\\\/odjel-za-kemiju\\\/upute-za-pisanje-zavrsnog-i-diplomskog-rada\\\/\"]}]},{\"@type\":\"BreadcrumbList\",\"@id\":\"https:\\\/\\\/www.pmfst.unist.hr\\\/odjel-za-kemiju\\\/upute-za-pisanje-zavrsnog-i-diplomskog-rada\\\/#breadcrumb\",\"itemListElement\":[{\"@type\":\"ListItem\",\"position\":1,\"name\":\"Po\u010detna stranica\",\"item\":\"https:\\\/\\\/www.pmfst.unist.hr\\\/odjel-za-kemiju\\\/\"},{\"@type\":\"ListItem\",\"position\":2,\"name\":\"Upute za pisanje zavr\u0161nog i diplomskog rada\"}]},{\"@type\":\"WebSite\",\"@id\":\"https:\\\/\\\/www.pmfst.unist.hr\\\/odjel-za-kemiju\\\/#website\",\"url\":\"https:\\\/\\\/www.pmfst.unist.hr\\\/odjel-za-kemiju\\\/\",\"name\":\"Odjel za kemiju\",\"description\":\"Odjel za kemiju  Prirodoslovnog-matemati\u010dkiog fakulteta Sveu\u010dili\u0161ta u Splitu\",\"potentialAction\":[{\"@type\":\"SearchAction\",\"target\":{\"@type\":\"EntryPoint\",\"urlTemplate\":\"https:\\\/\\\/www.pmfst.unist.hr\\\/odjel-za-kemiju\\\/?s={search_term_string}\"},\"query-input\":{\"@type\":\"PropertyValueSpecification\",\"valueRequired\":true,\"valueName\":\"search_term_string\"}}],\"inLanguage\":\"hr\"}]}<\/script>\n<!-- \/ Yoast SEO plugin. -->","yoast_head_json":{"title":"Upute za pisanje zavr\u0161nog i diplomskog rada - Odjel za kemiju","robots":{"index":"index","follow":"follow","max-snippet":"max-snippet:-1","max-image-preview":"max-image-preview:large","max-video-preview":"max-video-preview:-1"},"canonical":"https:\/\/www.pmfst.unist.hr\/odjel-za-kemiju\/upute-za-pisanje-zavrsnog-i-diplomskog-rada\/","og_locale":"hr_HR","og_type":"article","og_title":"Upute za pisanje zavr\u0161nog i diplomskog rada - Odjel za kemiju","og_description":"[vc_row][vc_column][mk_fancy_title tag_name=&#8221;h4&#8243; color=&#8221;#dd3333&#8243; size=&#8221;20&#8243; font_family=&#8221;none&#8221;]Dokumenti odjela[\/mk_fancy_title][\/vc_column][\/vc_row][vc_row][vc_column width=&#8221;1\/2&#8243;][mk_icon_box icon=&#8221;mk-icon-file-word-o&#8221; title=&#8221;Upute za pisanje zavr\u0161nog rada&#8221; read_more_txt=&#8221;Preuzmi&#8221; read_more_url=&#8221;https:\/\/www.pmfst.unist.hr\/odjel-za-kemiju\/wp-content\/uploads\/sites\/25\/2019\/09\/uputa-za-pisanje-zavrnog-rada-kemija2018.doc&#8221; style=&#8221;boxed&#8221; icon_color=&#8221;#1e73be&#8221; icon_circle_color=&#8221;&#8221;][\/mk_icon_box][\/vc_column][vc_column width=&#8221;1\/2&#8243;][mk_icon_box icon=&#8221;mk-icon-file-word-o&#8221; title=&#8221;Upute za pisanje diplomskog rada&#8221; read_more_txt=&#8221;Preuzmi&#8221; read_more_url=&#8221;https:\/\/www.pmfst.unist.hr\/odjel-za-kemiju\/wp-content\/uploads\/sites\/25\/2019\/09\/uputa-za-pisanje-diplomskog-rada-kemija2018.doc&#8221; style=&#8221;boxed&#8221; icon_color=&#8221;#1e73be&#8221; icon_circle_color=&#8221;&#8221;][\/mk_icon_box][\/vc_column][\/vc_row]","og_url":"https:\/\/www.pmfst.unist.hr\/odjel-za-kemiju\/upute-za-pisanje-zavrsnog-i-diplomskog-rada\/","og_site_name":"Odjel za kemiju","article_modified_time":"2019-09-09T08:40:30+00:00","twitter_card":"summary_large_image","twitter_misc":{"Procijenjeno vrijeme \u010ditanja":"1 minuta"},"schema":{"@context":"https:\/\/schema.org","@graph":[{"@type":"WebPage","@id":"https:\/\/www.pmfst.unist.hr\/odjel-za-kemiju\/upute-za-pisanje-zavrsnog-i-diplomskog-rada\/","url":"https:\/\/www.pmfst.unist.hr\/odjel-za-kemiju\/upute-za-pisanje-zavrsnog-i-diplomskog-rada\/","name":"Upute za pisanje zavr\u0161nog i diplomskog rada - Odjel za kemiju","isPartOf":{"@id":"https:\/\/www.pmfst.unist.hr\/odjel-za-kemiju\/#website"},"datePublished":"2019-09-02T06:27:21+00:00","dateModified":"2019-09-09T08:40:30+00:00","breadcrumb":{"@id":"https:\/\/www.pmfst.unist.hr\/odjel-za-kemiju\/upute-za-pisanje-zavrsnog-i-diplomskog-rada\/#breadcrumb"},"inLanguage":"hr","potentialAction":[{"@type":"ReadAction","target":["https:\/\/www.pmfst.unist.hr\/odjel-za-kemiju\/upute-za-pisanje-zavrsnog-i-diplomskog-rada\/"]}]},{"@type":"BreadcrumbList","@id":"https:\/\/www.pmfst.unist.hr\/odjel-za-kemiju\/upute-za-pisanje-zavrsnog-i-diplomskog-rada\/#breadcrumb","itemListElement":[{"@type":"ListItem","position":1,"name":"Po\u010detna stranica","item":"https:\/\/www.pmfst.unist.hr\/odjel-za-kemiju\/"},{"@type":"ListItem","position":2,"name":"Upute za pisanje zavr\u0161nog i diplomskog rada"}]},{"@type":"WebSite","@id":"https:\/\/www.pmfst.unist.hr\/odjel-za-kemiju\/#website","url":"https:\/\/www.pmfst.unist.hr\/odjel-za-kemiju\/","name":"Odjel za kemiju","description":"Odjel za kemiju  Prirodoslovnog-matemati\u010dkiog fakulteta Sveu\u010dili\u0161ta u Splitu","potentialAction":[{"@type":"SearchAction","target":{"@type":"EntryPoint","urlTemplate":"https:\/\/www.pmfst.unist.hr\/odjel-za-kemiju\/?s={search_term_string}"},"query-input":{"@type":"PropertyValueSpecification","valueRequired":true,"valueName":"search_term_string"}}],"inLanguage":"hr"}]}},"_links":{"self":[{"href":"https:\/\/www.pmfst.unist.hr\/odjel-za-kemiju\/wp-json\/wp\/v2\/pages\/11462","targetHints":{"allow":["GET"]}}],"collection":[{"href":"https:\/\/www.pmfst.unist.hr\/odjel-za-kemiju\/wp-json\/wp\/v2\/pages"}],"about":[{"href":"https:\/\/www.pmfst.unist.hr\/odjel-za-kemiju\/wp-json\/wp\/v2\/types\/page"}],"author":[{"embeddable":true,"href":"https:\/\/www.pmfst.unist.hr\/odjel-za-kemiju\/wp-json\/wp\/v2\/users\/1"}],"replies":[{"embeddable":true,"href":"https:\/\/www.pmfst.unist.hr\/odjel-za-kemiju\/wp-json\/wp\/v2\/comments?post=11462"}],"version-history":[{"count":0,"href":"https:\/\/www.pmfst.unist.hr\/odjel-za-kemiju\/wp-json\/wp\/v2\/pages\/11462\/revisions"}],"wp:attachment":[{"href":"https:\/\/www.pmfst.unist.hr\/odjel-za-kemiju\/wp-json\/wp\/v2\/media?parent=11462"}],"curies":[{"name":"wp","href":"https:\/\/api.w.org\/{rel}","templated":true}]}}