{"id":11587,"date":"2019-09-10T08:26:55","date_gmt":"2019-09-10T06:26:55","guid":{"rendered":"https:\/\/www.pmfst.unist.hr\/odjel-za-kemiju\/?page_id=11587"},"modified":"2019-09-10T08:26:55","modified_gmt":"2019-09-10T06:26:55","slug":"stem-u-gostima","status":"publish","type":"page","link":"https:\/\/www.pmfst.unist.hr\/odjel-za-kemiju\/stem-u-gostima\/","title":{"rendered":"STEM u gostima"},"content":{"rendered":"<div class=\"wpb-content-wrapper\">[vc_row][vc_column][vc_column_text css=&#8221;.vc_custom_1568096263040{margin-bottom: 0px !important;}&#8221;]\n<h3 style=\"text-align: center;\">STEM U GOSTIMA<\/h3>\n<p>Prirodoslovno-matemati\u010dki fakultet dolazio je u goste, u osnovne i srednje \u0161kole na \u0161irem splitskom podru\u010dju, sa zabavnim edukativnim radionicama iz <em>kemije<\/em>, biologije, fizike, informatike, matematike i politehnike![\/vc_column_text][vc_tta_tabs color=&#8221;turquoise&#8221; active_section=&#8221;1&#8243;][vc_tta_section title=&#8221;1. postaja Vis:&#8221; tab_id=&#8221;1568095625206-ed997175-f214&#8243;][vc_column_text css=&#8221;.vc_custom_1568095793916{margin-bottom: 0px !important;}&#8221;]Ekipa sastavljena od nastavnika Prirodoslovno-matemati\u010dkog fakulteta u Splitu, 27. i \u00a028.11.2017. posjetila je S\u0161 Antun Matija\u0161evi\u0107 Karamaneo i Osnovnu \u0161kolu Vis. \u00a0Odr\u017eane su radionice iz <em>kemije<\/em>, biologije, fizike i informatike.[\/vc_column_text][mk_gallery images=&#8221;11540,11542,11544,11546&#8243; column=&#8221;4&#8243; height=&#8221;250&#8243;][\/vc_tta_section][vc_tta_section title=&#8221;2. postaja Bra\u010d&#8221; tab_id=&#8221;1568096008089-b6ccf28a-8edd&#8221;][vc_column_text css=&#8221;.vc_custom_1568096049202{margin-bottom: 0px !important;}&#8221;]Ekipa sastavljena od nastavnika Prirodoslovno-matemati\u010dkog fakulteta u Splitu posjetili su 18.12.2017. O\u0160 Supetar i O\u0160 Vladimira Nazora u Postirima. Odr\u017eane su radionice iz biologije, informatike i <em>kemije<\/em>.[\/vc_column_text][mk_gallery images=&#8221;11549,11551,11553,11555&#8243; column=&#8221;4&#8243; height=&#8221;250&#8243;][\/vc_tta_section][vc_tta_section title=&#8221;3. postaja Hvar&#8221; tab_id=&#8221;1568096299941-42fb802b-c008&#8243;][vc_column_text css=&#8221;.vc_custom_1568096336768{margin-bottom: 0px !important;}&#8221;]Ekipa sastavljena od nastavnika Prirodoslovno-matemati\u010dkog fakulteta u Splitu posjetili su 5.2.2018. Osnovnu \u0161kolu Hvar u gradu Hvaru te na izdvojenoj lokaciji u Jelsi.[\/vc_column_text][mk_gallery images=&#8221;11560,11562,11564,11566&#8243; column=&#8221;4&#8243; height=&#8221;250&#8243;][\/vc_tta_section][vc_tta_section title=&#8221;4. postaja \u0160ibenik&#8221; tab_id=&#8221;1568096480103-36b3009c-2b83&#8243;][vc_column_text css=&#8221;.vc_custom_1568096507088{margin-bottom: 0px !important;}&#8221;]Ekipa sastavljena od nastavnika Prirodoslovno-matemati\u010dkog fakulteta u Splitu posjetili su 14. o\u017eujka 2018. Osnovnu \u0161kolu Fausta Vran\u010di\u0107a u \u0160ibeniku. Odr\u017eane su radionice iz biologije, informatike i <em>kemije.<\/em>[\/vc_column_text][mk_gallery images=&#8221;11569,11571,11573,11575&#8243; column=&#8221;4&#8243; height=&#8221;250&#8243;][\/vc_tta_section][vc_tta_section title=&#8221;5. postaja Knin&#8221; tab_id=&#8221;1568096629480-da057cb2-6eb2&#8243;][vc_column_text css=&#8221;.vc_custom_1568096658043{margin-bottom: 0px !important;}&#8221;]U utorak 20.3.2018. grupa nastavnika PMF-a posjetila je Knin. Doma\u0107ini su bili\u00a0 Osnovna \u0161kola dr. Franje Tu\u0111mana i Srednja \u0161kola Lovre Montija. Odr\u017eane su radionice iz biologije i <em>kemije<\/em>.[\/vc_column_text][mk_gallery images=&#8221;11578,11580,11582,11584&#8243; column=&#8221;4&#8243; height=&#8221;250&#8243;][\/vc_tta_section][\/vc_tta_tabs][\/vc_column][\/vc_row]\n<\/div>","protected":false},"excerpt":{"rendered":"<p>[vc_row][vc_column][vc_column_text css=&#8221;.vc_custom_1568096263040{margin-bottom: 0px !important;}&#8221;] STEM U GOSTIMA Prirodoslovno-matemati\u010dki fakultet dolazio je u goste, u osnovne i srednje \u0161kole na \u0161irem splitskom podru\u010dju, sa zabavnim edukativnim radionicama iz kemije, biologije, fizike, informatike, matematike i politehnike![\/vc_column_text][vc_tta_tabs color=&#8221;turquoise&#8221; active_section=&#8221;1&#8243;][vc_tta_section title=&#8221;1. postaja Vis:&#8221; tab_id=&#8221;1568095625206-ed997175-f214&#8243;][vc_column_text css=&#8221;.vc_custom_1568095793916{margin-bottom: 0px !important;}&#8221;]Ekipa sastavljena od nastavnika Prirodoslovno-matemati\u010dkog fakulteta u Splitu, 27. i \u00a028.11.2017. posjetila je [&hellip;]<\/p>\n","protected":false},"author":1,"featured_media":0,"parent":0,"menu_order":0,"comment_status":"closed","ping_status":"closed","template":"","meta":{"_acf_changed":false,"rs_blank_template":"","rs_page_bg_color":"","slide_template_v7":"","footnotes":""},"class_list":["post-11587","page","type-page","status-publish","hentry"],"acf":[],"yoast_head":"<!-- This site is optimized with the Yoast SEO plugin v27.4 - https:\/\/yoast.com\/product\/yoast-seo-wordpress\/ -->\n<title>STEM u gostima - Odjel za kemiju<\/title>\n<meta name=\"robots\" content=\"index, follow, max-snippet:-1, max-image-preview:large, max-video-preview:-1\" \/>\n<link rel=\"canonical\" href=\"https:\/\/www.pmfst.unist.hr\/odjel-za-kemiju\/stem-u-gostima\/\" \/>\n<meta property=\"og:locale\" content=\"hr_HR\" \/>\n<meta property=\"og:type\" content=\"article\" \/>\n<meta property=\"og:title\" content=\"STEM u gostima - Odjel za kemiju\" \/>\n<meta property=\"og:description\" content=\"[vc_row][vc_column][vc_column_text css=&#8221;.vc_custom_1568096263040{margin-bottom: 0px !important;}&#8221;] STEM U GOSTIMA Prirodoslovno-matemati\u010dki fakultet dolazio je u goste, u osnovne i srednje \u0161kole na \u0161irem splitskom podru\u010dju, sa zabavnim edukativnim radionicama iz kemije, biologije, fizike, informatike, matematike i politehnike![\/vc_column_text][vc_tta_tabs color=&#8221;turquoise&#8221; active_section=&#8221;1&#8243;][vc_tta_section title=&#8221;1. postaja Vis:&#8221; tab_id=&#8221;1568095625206-ed997175-f214&#8243;][vc_column_text css=&#8221;.vc_custom_1568095793916{margin-bottom: 0px !important;}&#8221;]Ekipa sastavljena od nastavnika Prirodoslovno-matemati\u010dkog fakulteta u Splitu, 27. i \u00a028.11.2017. posjetila je [&hellip;]\" \/>\n<meta property=\"og:url\" content=\"https:\/\/www.pmfst.unist.hr\/odjel-za-kemiju\/stem-u-gostima\/\" \/>\n<meta property=\"og:site_name\" content=\"Odjel za kemiju\" \/>\n<meta name=\"twitter:card\" content=\"summary_large_image\" \/>\n<meta name=\"twitter:label1\" content=\"Procijenjeno vrijeme \u010ditanja\" \/>\n\t<meta name=\"twitter:data1\" content=\"2 minute\" \/>\n<script type=\"application\/ld+json\" class=\"yoast-schema-graph\">{\"@context\":\"https:\\\/\\\/schema.org\",\"@graph\":[{\"@type\":\"WebPage\",\"@id\":\"https:\\\/\\\/www.pmfst.unist.hr\\\/odjel-za-kemiju\\\/stem-u-gostima\\\/\",\"url\":\"https:\\\/\\\/www.pmfst.unist.hr\\\/odjel-za-kemiju\\\/stem-u-gostima\\\/\",\"name\":\"STEM u gostima - Odjel za kemiju\",\"isPartOf\":{\"@id\":\"https:\\\/\\\/www.pmfst.unist.hr\\\/odjel-za-kemiju\\\/#website\"},\"datePublished\":\"2019-09-10T06:26:55+00:00\",\"breadcrumb\":{\"@id\":\"https:\\\/\\\/www.pmfst.unist.hr\\\/odjel-za-kemiju\\\/stem-u-gostima\\\/#breadcrumb\"},\"inLanguage\":\"hr\",\"potentialAction\":[{\"@type\":\"ReadAction\",\"target\":[\"https:\\\/\\\/www.pmfst.unist.hr\\\/odjel-za-kemiju\\\/stem-u-gostima\\\/\"]}]},{\"@type\":\"BreadcrumbList\",\"@id\":\"https:\\\/\\\/www.pmfst.unist.hr\\\/odjel-za-kemiju\\\/stem-u-gostima\\\/#breadcrumb\",\"itemListElement\":[{\"@type\":\"ListItem\",\"position\":1,\"name\":\"Po\u010detna stranica\",\"item\":\"https:\\\/\\\/www.pmfst.unist.hr\\\/odjel-za-kemiju\\\/\"},{\"@type\":\"ListItem\",\"position\":2,\"name\":\"STEM u gostima\"}]},{\"@type\":\"WebSite\",\"@id\":\"https:\\\/\\\/www.pmfst.unist.hr\\\/odjel-za-kemiju\\\/#website\",\"url\":\"https:\\\/\\\/www.pmfst.unist.hr\\\/odjel-za-kemiju\\\/\",\"name\":\"Odjel za kemiju\",\"description\":\"Odjel za kemiju  Prirodoslovnog-matemati\u010dkiog fakulteta Sveu\u010dili\u0161ta u Splitu\",\"potentialAction\":[{\"@type\":\"SearchAction\",\"target\":{\"@type\":\"EntryPoint\",\"urlTemplate\":\"https:\\\/\\\/www.pmfst.unist.hr\\\/odjel-za-kemiju\\\/?s={search_term_string}\"},\"query-input\":{\"@type\":\"PropertyValueSpecification\",\"valueRequired\":true,\"valueName\":\"search_term_string\"}}],\"inLanguage\":\"hr\"}]}<\/script>\n<!-- \/ Yoast SEO plugin. -->","yoast_head_json":{"title":"STEM u gostima - Odjel za kemiju","robots":{"index":"index","follow":"follow","max-snippet":"max-snippet:-1","max-image-preview":"max-image-preview:large","max-video-preview":"max-video-preview:-1"},"canonical":"https:\/\/www.pmfst.unist.hr\/odjel-za-kemiju\/stem-u-gostima\/","og_locale":"hr_HR","og_type":"article","og_title":"STEM u gostima - Odjel za kemiju","og_description":"[vc_row][vc_column][vc_column_text css=&#8221;.vc_custom_1568096263040{margin-bottom: 0px !important;}&#8221;] STEM U GOSTIMA Prirodoslovno-matemati\u010dki fakultet dolazio je u goste, u osnovne i srednje \u0161kole na \u0161irem splitskom podru\u010dju, sa zabavnim edukativnim radionicama iz kemije, biologije, fizike, informatike, matematike i politehnike![\/vc_column_text][vc_tta_tabs color=&#8221;turquoise&#8221; active_section=&#8221;1&#8243;][vc_tta_section title=&#8221;1. postaja Vis:&#8221; tab_id=&#8221;1568095625206-ed997175-f214&#8243;][vc_column_text css=&#8221;.vc_custom_1568095793916{margin-bottom: 0px !important;}&#8221;]Ekipa sastavljena od nastavnika Prirodoslovno-matemati\u010dkog fakulteta u Splitu, 27. i \u00a028.11.2017. posjetila je [&hellip;]","og_url":"https:\/\/www.pmfst.unist.hr\/odjel-za-kemiju\/stem-u-gostima\/","og_site_name":"Odjel za kemiju","twitter_card":"summary_large_image","twitter_misc":{"Procijenjeno vrijeme \u010ditanja":"2 minute"},"schema":{"@context":"https:\/\/schema.org","@graph":[{"@type":"WebPage","@id":"https:\/\/www.pmfst.unist.hr\/odjel-za-kemiju\/stem-u-gostima\/","url":"https:\/\/www.pmfst.unist.hr\/odjel-za-kemiju\/stem-u-gostima\/","name":"STEM u gostima - Odjel za kemiju","isPartOf":{"@id":"https:\/\/www.pmfst.unist.hr\/odjel-za-kemiju\/#website"},"datePublished":"2019-09-10T06:26:55+00:00","breadcrumb":{"@id":"https:\/\/www.pmfst.unist.hr\/odjel-za-kemiju\/stem-u-gostima\/#breadcrumb"},"inLanguage":"hr","potentialAction":[{"@type":"ReadAction","target":["https:\/\/www.pmfst.unist.hr\/odjel-za-kemiju\/stem-u-gostima\/"]}]},{"@type":"BreadcrumbList","@id":"https:\/\/www.pmfst.unist.hr\/odjel-za-kemiju\/stem-u-gostima\/#breadcrumb","itemListElement":[{"@type":"ListItem","position":1,"name":"Po\u010detna stranica","item":"https:\/\/www.pmfst.unist.hr\/odjel-za-kemiju\/"},{"@type":"ListItem","position":2,"name":"STEM u gostima"}]},{"@type":"WebSite","@id":"https:\/\/www.pmfst.unist.hr\/odjel-za-kemiju\/#website","url":"https:\/\/www.pmfst.unist.hr\/odjel-za-kemiju\/","name":"Odjel za kemiju","description":"Odjel za kemiju  Prirodoslovnog-matemati\u010dkiog fakulteta Sveu\u010dili\u0161ta u Splitu","potentialAction":[{"@type":"SearchAction","target":{"@type":"EntryPoint","urlTemplate":"https:\/\/www.pmfst.unist.hr\/odjel-za-kemiju\/?s={search_term_string}"},"query-input":{"@type":"PropertyValueSpecification","valueRequired":true,"valueName":"search_term_string"}}],"inLanguage":"hr"}]}},"_links":{"self":[{"href":"https:\/\/www.pmfst.unist.hr\/odjel-za-kemiju\/wp-json\/wp\/v2\/pages\/11587","targetHints":{"allow":["GET"]}}],"collection":[{"href":"https:\/\/www.pmfst.unist.hr\/odjel-za-kemiju\/wp-json\/wp\/v2\/pages"}],"about":[{"href":"https:\/\/www.pmfst.unist.hr\/odjel-za-kemiju\/wp-json\/wp\/v2\/types\/page"}],"author":[{"embeddable":true,"href":"https:\/\/www.pmfst.unist.hr\/odjel-za-kemiju\/wp-json\/wp\/v2\/users\/1"}],"replies":[{"embeddable":true,"href":"https:\/\/www.pmfst.unist.hr\/odjel-za-kemiju\/wp-json\/wp\/v2\/comments?post=11587"}],"version-history":[{"count":0,"href":"https:\/\/www.pmfst.unist.hr\/odjel-za-kemiju\/wp-json\/wp\/v2\/pages\/11587\/revisions"}],"wp:attachment":[{"href":"https:\/\/www.pmfst.unist.hr\/odjel-za-kemiju\/wp-json\/wp\/v2\/media?parent=11587"}],"curies":[{"name":"wp","href":"https:\/\/api.w.org\/{rel}","templated":true}]}}