{"id":11597,"date":"2019-09-11T12:05:35","date_gmt":"2019-09-11T10:05:35","guid":{"rendered":"https:\/\/www.pmfst.unist.hr\/odjel-za-kemiju\/?page_id=11597"},"modified":"2019-11-11T08:23:45","modified_gmt":"2019-11-11T07:23:45","slug":"studentske-aktivnosti","status":"publish","type":"page","link":"https:\/\/www.pmfst.unist.hr\/odjel-za-kemiju\/studentske-aktivnosti\/","title":{"rendered":"Studentske aktivnosti"},"content":{"rendered":"<div class=\"wpb-content-wrapper\">[vc_row][vc_column width=&#8221;1\/6&#8243;][\/vc_column][vc_column width=&#8221;2\/3&#8243;][vc_video title=&#8221;Posjet u\u010denika O\u0160 Brda, u pratnji prof. Vedrane \u0160ilovi\u0107 Odjelu za kemiju&#8221; host=&#8221;self_hosted&#8221; mp4=&#8221;https:\/\/www.pmfst.unist.hr\/odjel-za-kemiju\/wp-content\/uploads\/sites\/25\/2019\/09\/video_kemija1.mp4&#8243; custom_thumbnail=&#8221;true&#8221; play_icon_size=&#8221;64&#8243; animation=&#8221;fade-in&#8221; thumbnail_image=&#8221;11604&#8243;][vc_empty_space height=&#8221;64px&#8221;][\/vc_column][vc_column width=&#8221;1\/6&#8243;][\/vc_column][\/vc_row][vc_row][vc_column width=&#8221;1\/6&#8243;][\/vc_column][vc_column width=&#8221;2\/3&#8243;][vc_video title=&#8221;\u2022 U\u010denici iz dubrova\u010dke Udruge za promicanje prirodnih znanosti u posjetu Odjelu za kemiju&#8221; host=&#8221;self_hosted&#8221; mp4=&#8221;https:\/\/www.pmfst.unist.hr\/odjel-za-kemiju\/wp-content\/uploads\/sites\/25\/2019\/09\/video_kemija2.mp4&#8243; custom_thumbnail=&#8221;true&#8221; play_icon_size=&#8221;64&#8243; thumbnail_image=&#8221;11606&#8243;][\/vc_column][vc_column width=&#8221;1\/6&#8243;][\/vc_column][\/vc_row]\n<\/div>","protected":false},"excerpt":{"rendered":"<p>[vc_row][vc_column width=&#8221;1\/6&#8243;][\/vc_column][vc_column width=&#8221;2\/3&#8243;][vc_video title=&#8221;Posjet u\u010denika O\u0160 Brda, u pratnji prof. Vedrane \u0160ilovi\u0107 Odjelu za kemiju&#8221; host=&#8221;self_hosted&#8221; mp4=&#8221;https:\/\/www.pmfst.unist.hr\/odjel-za-kemiju\/wp-content\/uploads\/sites\/25\/2019\/09\/video_kemija1.mp4&#8243; custom_thumbnail=&#8221;true&#8221; play_icon_size=&#8221;64&#8243; animation=&#8221;fade-in&#8221; thumbnail_image=&#8221;11604&#8243;][vc_empty_space height=&#8221;64px&#8221;][\/vc_column][vc_column width=&#8221;1\/6&#8243;][\/vc_column][\/vc_row][vc_row][vc_column width=&#8221;1\/6&#8243;][\/vc_column][vc_column width=&#8221;2\/3&#8243;][vc_video title=&#8221;\u2022 U\u010denici iz dubrova\u010dke Udruge za promicanje prirodnih znanosti u posjetu Odjelu za kemiju&#8221; host=&#8221;self_hosted&#8221; mp4=&#8221;https:\/\/www.pmfst.unist.hr\/odjel-za-kemiju\/wp-content\/uploads\/sites\/25\/2019\/09\/video_kemija2.mp4&#8243; custom_thumbnail=&#8221;true&#8221; play_icon_size=&#8221;64&#8243; thumbnail_image=&#8221;11606&#8243;][\/vc_column][vc_column width=&#8221;1\/6&#8243;][\/vc_column][\/vc_row]<\/p>\n","protected":false},"author":1,"featured_media":0,"parent":0,"menu_order":0,"comment_status":"closed","ping_status":"closed","template":"","meta":{"_acf_changed":false,"rs_blank_template":"","rs_page_bg_color":"","slide_template_v7":"","footnotes":""},"class_list":["post-11597","page","type-page","status-publish","hentry"],"acf":[],"yoast_head":"<!-- This site is optimized with the Yoast SEO plugin v27.4 - https:\/\/yoast.com\/product\/yoast-seo-wordpress\/ -->\n<title>Studentske aktivnosti - Odjel za kemiju<\/title>\n<meta name=\"robots\" content=\"index, follow, max-snippet:-1, max-image-preview:large, max-video-preview:-1\" \/>\n<link rel=\"canonical\" href=\"https:\/\/www.pmfst.unist.hr\/odjel-za-kemiju\/studentske-aktivnosti\/\" \/>\n<meta property=\"og:locale\" content=\"hr_HR\" \/>\n<meta property=\"og:type\" content=\"article\" \/>\n<meta property=\"og:title\" content=\"Studentske aktivnosti - Odjel za kemiju\" \/>\n<meta property=\"og:description\" content=\"[vc_row][vc_column width=&#8221;1\/6&#8243;][\/vc_column][vc_column width=&#8221;2\/3&#8243;][vc_video title=&#8221;Posjet u\u010denika O\u0160 Brda, u pratnji prof. Vedrane \u0160ilovi\u0107 Odjelu za kemiju&#8221; host=&#8221;self_hosted&#8221; mp4=&#8221;https:\/\/www.pmfst.unist.hr\/odjel-za-kemiju\/wp-content\/uploads\/sites\/25\/2019\/09\/video_kemija1.mp4&#8243; custom_thumbnail=&#8221;true&#8221; play_icon_size=&#8221;64&#8243; animation=&#8221;fade-in&#8221; thumbnail_image=&#8221;11604&#8243;][vc_empty_space height=&#8221;64px&#8221;][\/vc_column][vc_column width=&#8221;1\/6&#8243;][\/vc_column][\/vc_row][vc_row][vc_column width=&#8221;1\/6&#8243;][\/vc_column][vc_column width=&#8221;2\/3&#8243;][vc_video title=&#8221;\u2022 U\u010denici iz dubrova\u010dke Udruge za promicanje prirodnih znanosti u posjetu Odjelu za kemiju&#8221; host=&#8221;self_hosted&#8221; mp4=&#8221;https:\/\/www.pmfst.unist.hr\/odjel-za-kemiju\/wp-content\/uploads\/sites\/25\/2019\/09\/video_kemija2.mp4&#8243; custom_thumbnail=&#8221;true&#8221; play_icon_size=&#8221;64&#8243; thumbnail_image=&#8221;11606&#8243;][\/vc_column][vc_column width=&#8221;1\/6&#8243;][\/vc_column][\/vc_row]\" \/>\n<meta property=\"og:url\" content=\"https:\/\/www.pmfst.unist.hr\/odjel-za-kemiju\/studentske-aktivnosti\/\" \/>\n<meta property=\"og:site_name\" content=\"Odjel za kemiju\" \/>\n<meta property=\"article:modified_time\" content=\"2019-11-11T07:23:45+00:00\" \/>\n<meta name=\"twitter:card\" content=\"summary_large_image\" \/>\n<meta name=\"twitter:label1\" content=\"Procijenjeno vrijeme \u010ditanja\" \/>\n\t<meta name=\"twitter:data1\" content=\"1 minuta\" \/>\n<script type=\"application\/ld+json\" class=\"yoast-schema-graph\">{\"@context\":\"https:\\\/\\\/schema.org\",\"@graph\":[{\"@type\":\"WebPage\",\"@id\":\"https:\\\/\\\/www.pmfst.unist.hr\\\/odjel-za-kemiju\\\/studentske-aktivnosti\\\/\",\"url\":\"https:\\\/\\\/www.pmfst.unist.hr\\\/odjel-za-kemiju\\\/studentske-aktivnosti\\\/\",\"name\":\"Studentske aktivnosti - Odjel za kemiju\",\"isPartOf\":{\"@id\":\"https:\\\/\\\/www.pmfst.unist.hr\\\/odjel-za-kemiju\\\/#website\"},\"datePublished\":\"2019-09-11T10:05:35+00:00\",\"dateModified\":\"2019-11-11T07:23:45+00:00\",\"breadcrumb\":{\"@id\":\"https:\\\/\\\/www.pmfst.unist.hr\\\/odjel-za-kemiju\\\/studentske-aktivnosti\\\/#breadcrumb\"},\"inLanguage\":\"hr\",\"potentialAction\":[{\"@type\":\"ReadAction\",\"target\":[\"https:\\\/\\\/www.pmfst.unist.hr\\\/odjel-za-kemiju\\\/studentske-aktivnosti\\\/\"]}]},{\"@type\":\"BreadcrumbList\",\"@id\":\"https:\\\/\\\/www.pmfst.unist.hr\\\/odjel-za-kemiju\\\/studentske-aktivnosti\\\/#breadcrumb\",\"itemListElement\":[{\"@type\":\"ListItem\",\"position\":1,\"name\":\"Po\u010detna stranica\",\"item\":\"https:\\\/\\\/www.pmfst.unist.hr\\\/odjel-za-kemiju\\\/\"},{\"@type\":\"ListItem\",\"position\":2,\"name\":\"Studentske aktivnosti\"}]},{\"@type\":\"WebSite\",\"@id\":\"https:\\\/\\\/www.pmfst.unist.hr\\\/odjel-za-kemiju\\\/#website\",\"url\":\"https:\\\/\\\/www.pmfst.unist.hr\\\/odjel-za-kemiju\\\/\",\"name\":\"Odjel za kemiju\",\"description\":\"Odjel za kemiju  Prirodoslovnog-matemati\u010dkiog fakulteta Sveu\u010dili\u0161ta u Splitu\",\"potentialAction\":[{\"@type\":\"SearchAction\",\"target\":{\"@type\":\"EntryPoint\",\"urlTemplate\":\"https:\\\/\\\/www.pmfst.unist.hr\\\/odjel-za-kemiju\\\/?s={search_term_string}\"},\"query-input\":{\"@type\":\"PropertyValueSpecification\",\"valueRequired\":true,\"valueName\":\"search_term_string\"}}],\"inLanguage\":\"hr\"}]}<\/script>\n<!-- \/ Yoast SEO plugin. -->","yoast_head_json":{"title":"Studentske aktivnosti - Odjel za kemiju","robots":{"index":"index","follow":"follow","max-snippet":"max-snippet:-1","max-image-preview":"max-image-preview:large","max-video-preview":"max-video-preview:-1"},"canonical":"https:\/\/www.pmfst.unist.hr\/odjel-za-kemiju\/studentske-aktivnosti\/","og_locale":"hr_HR","og_type":"article","og_title":"Studentske aktivnosti - Odjel za kemiju","og_description":"[vc_row][vc_column width=&#8221;1\/6&#8243;][\/vc_column][vc_column width=&#8221;2\/3&#8243;][vc_video title=&#8221;Posjet u\u010denika O\u0160 Brda, u pratnji prof. Vedrane \u0160ilovi\u0107 Odjelu za kemiju&#8221; host=&#8221;self_hosted&#8221; mp4=&#8221;https:\/\/www.pmfst.unist.hr\/odjel-za-kemiju\/wp-content\/uploads\/sites\/25\/2019\/09\/video_kemija1.mp4&#8243; custom_thumbnail=&#8221;true&#8221; play_icon_size=&#8221;64&#8243; animation=&#8221;fade-in&#8221; thumbnail_image=&#8221;11604&#8243;][vc_empty_space height=&#8221;64px&#8221;][\/vc_column][vc_column width=&#8221;1\/6&#8243;][\/vc_column][\/vc_row][vc_row][vc_column width=&#8221;1\/6&#8243;][\/vc_column][vc_column width=&#8221;2\/3&#8243;][vc_video title=&#8221;\u2022 U\u010denici iz dubrova\u010dke Udruge za promicanje prirodnih znanosti u posjetu Odjelu za kemiju&#8221; host=&#8221;self_hosted&#8221; mp4=&#8221;https:\/\/www.pmfst.unist.hr\/odjel-za-kemiju\/wp-content\/uploads\/sites\/25\/2019\/09\/video_kemija2.mp4&#8243; custom_thumbnail=&#8221;true&#8221; play_icon_size=&#8221;64&#8243; thumbnail_image=&#8221;11606&#8243;][\/vc_column][vc_column width=&#8221;1\/6&#8243;][\/vc_column][\/vc_row]","og_url":"https:\/\/www.pmfst.unist.hr\/odjel-za-kemiju\/studentske-aktivnosti\/","og_site_name":"Odjel za kemiju","article_modified_time":"2019-11-11T07:23:45+00:00","twitter_card":"summary_large_image","twitter_misc":{"Procijenjeno vrijeme \u010ditanja":"1 minuta"},"schema":{"@context":"https:\/\/schema.org","@graph":[{"@type":"WebPage","@id":"https:\/\/www.pmfst.unist.hr\/odjel-za-kemiju\/studentske-aktivnosti\/","url":"https:\/\/www.pmfst.unist.hr\/odjel-za-kemiju\/studentske-aktivnosti\/","name":"Studentske aktivnosti - Odjel za kemiju","isPartOf":{"@id":"https:\/\/www.pmfst.unist.hr\/odjel-za-kemiju\/#website"},"datePublished":"2019-09-11T10:05:35+00:00","dateModified":"2019-11-11T07:23:45+00:00","breadcrumb":{"@id":"https:\/\/www.pmfst.unist.hr\/odjel-za-kemiju\/studentske-aktivnosti\/#breadcrumb"},"inLanguage":"hr","potentialAction":[{"@type":"ReadAction","target":["https:\/\/www.pmfst.unist.hr\/odjel-za-kemiju\/studentske-aktivnosti\/"]}]},{"@type":"BreadcrumbList","@id":"https:\/\/www.pmfst.unist.hr\/odjel-za-kemiju\/studentske-aktivnosti\/#breadcrumb","itemListElement":[{"@type":"ListItem","position":1,"name":"Po\u010detna stranica","item":"https:\/\/www.pmfst.unist.hr\/odjel-za-kemiju\/"},{"@type":"ListItem","position":2,"name":"Studentske aktivnosti"}]},{"@type":"WebSite","@id":"https:\/\/www.pmfst.unist.hr\/odjel-za-kemiju\/#website","url":"https:\/\/www.pmfst.unist.hr\/odjel-za-kemiju\/","name":"Odjel za kemiju","description":"Odjel za kemiju  Prirodoslovnog-matemati\u010dkiog fakulteta Sveu\u010dili\u0161ta u Splitu","potentialAction":[{"@type":"SearchAction","target":{"@type":"EntryPoint","urlTemplate":"https:\/\/www.pmfst.unist.hr\/odjel-za-kemiju\/?s={search_term_string}"},"query-input":{"@type":"PropertyValueSpecification","valueRequired":true,"valueName":"search_term_string"}}],"inLanguage":"hr"}]}},"_links":{"self":[{"href":"https:\/\/www.pmfst.unist.hr\/odjel-za-kemiju\/wp-json\/wp\/v2\/pages\/11597","targetHints":{"allow":["GET"]}}],"collection":[{"href":"https:\/\/www.pmfst.unist.hr\/odjel-za-kemiju\/wp-json\/wp\/v2\/pages"}],"about":[{"href":"https:\/\/www.pmfst.unist.hr\/odjel-za-kemiju\/wp-json\/wp\/v2\/types\/page"}],"author":[{"embeddable":true,"href":"https:\/\/www.pmfst.unist.hr\/odjel-za-kemiju\/wp-json\/wp\/v2\/users\/1"}],"replies":[{"embeddable":true,"href":"https:\/\/www.pmfst.unist.hr\/odjel-za-kemiju\/wp-json\/wp\/v2\/comments?post=11597"}],"version-history":[{"count":0,"href":"https:\/\/www.pmfst.unist.hr\/odjel-za-kemiju\/wp-json\/wp\/v2\/pages\/11597\/revisions"}],"wp:attachment":[{"href":"https:\/\/www.pmfst.unist.hr\/odjel-za-kemiju\/wp-json\/wp\/v2\/media?parent=11597"}],"curies":[{"name":"wp","href":"https:\/\/api.w.org\/{rel}","templated":true}]}}