{"id":11619,"date":"2019-11-11T08:31:06","date_gmt":"2019-11-11T07:31:06","guid":{"rendered":"https:\/\/www.pmfst.unist.hr\/odjel-za-kemiju\/?page_id=11619"},"modified":"2019-11-11T08:35:55","modified_gmt":"2019-11-11T07:35:55","slug":"ljetna-skola","status":"publish","type":"page","link":"https:\/\/www.pmfst.unist.hr\/odjel-za-kemiju\/ljetna-skola\/","title":{"rendered":"Ljetna \u0161kola"},"content":{"rendered":"<div class=\"wpb-content-wrapper\">[vc_row][vc_column][vc_tta_tabs][vc_tta_section title=&#8221;2019&#8243; tab_id=&#8221;1573457192230-dd14dd1c-238b&#8221;][vc_column_text css=&#8221;.vc_custom_1573457727119{margin-bottom: 0px !important;}&#8221;]\n<h4>Ljetna \u0161kola \u201cMass spectrometry &#8211; the Swiss knife in bioanalysis\u201d<\/h4>\n<p>Od 02. do 06. rujna na Prirodoslovno matemati\u010dkom fakultetu odr\u017eane su Ljetne \u0161kole.<br \/>\nNa Odjelu za kemiju odr\u017eana je Ljetna \u0161kola \u201cMass spectrometry &#8211; the Swiss knife in bioanalysis\u201d, voditelja doc. dr. sc. Stjepana Orhanovi\u0107a, profesora Stefana Kalkhofa te doc. dr. sc. Ivane Ujevi\u0107, vi\u0161e znanstvene savjetnice s Instituta za oceanografiju i ribarstvo Split. \u0160kolu je poha\u0111alo jedanaest studenata, od kojih \u010detiri iz Coburga.[\/vc_column_text][mk_gallery images=&#8221;11620,11624,11622&#8243; image_size=&#8221;full&#8221;][\/vc_tta_section][\/vc_tta_tabs][\/vc_column][\/vc_row]\n<\/div>","protected":false},"excerpt":{"rendered":"<p>[vc_row][vc_column][vc_tta_tabs][vc_tta_section title=&#8221;2019&#8243; tab_id=&#8221;1573457192230-dd14dd1c-238b&#8221;][vc_column_text css=&#8221;.vc_custom_1573457727119{margin-bottom: 0px !important;}&#8221;] Ljetna \u0161kola \u201cMass spectrometry &#8211; the Swiss knife in bioanalysis\u201d Od 02. do 06. rujna na Prirodoslovno matemati\u010dkom fakultetu odr\u017eane su Ljetne \u0161kole. Na Odjelu za kemiju odr\u017eana je Ljetna \u0161kola \u201cMass spectrometry &#8211; the Swiss knife in bioanalysis\u201d, voditelja doc. dr. sc. Stjepana Orhanovi\u0107a, profesora Stefana Kalkhofa te [&hellip;]<\/p>\n","protected":false},"author":1,"featured_media":0,"parent":0,"menu_order":0,"comment_status":"closed","ping_status":"closed","template":"","meta":{"_acf_changed":false,"rs_blank_template":"","rs_page_bg_color":"","slide_template_v7":"","footnotes":""},"class_list":["post-11619","page","type-page","status-publish","hentry"],"acf":[],"yoast_head":"<!-- This site is optimized with the Yoast SEO plugin v27.4 - https:\/\/yoast.com\/product\/yoast-seo-wordpress\/ -->\n<title>Ljetna \u0161kola - Odjel za kemiju<\/title>\n<meta name=\"robots\" content=\"index, follow, max-snippet:-1, max-image-preview:large, max-video-preview:-1\" \/>\n<link rel=\"canonical\" href=\"https:\/\/www.pmfst.unist.hr\/odjel-za-kemiju\/ljetna-skola\/\" \/>\n<meta property=\"og:locale\" content=\"hr_HR\" \/>\n<meta property=\"og:type\" content=\"article\" \/>\n<meta property=\"og:title\" content=\"Ljetna \u0161kola - Odjel za kemiju\" \/>\n<meta property=\"og:description\" content=\"[vc_row][vc_column][vc_tta_tabs][vc_tta_section title=&#8221;2019&#8243; tab_id=&#8221;1573457192230-dd14dd1c-238b&#8221;][vc_column_text css=&#8221;.vc_custom_1573457727119{margin-bottom: 0px !important;}&#8221;] Ljetna \u0161kola \u201cMass spectrometry &#8211; the Swiss knife in bioanalysis\u201d Od 02. do 06. rujna na Prirodoslovno matemati\u010dkom fakultetu odr\u017eane su Ljetne \u0161kole. Na Odjelu za kemiju odr\u017eana je Ljetna \u0161kola \u201cMass spectrometry &#8211; the Swiss knife in bioanalysis\u201d, voditelja doc. dr. sc. Stjepana Orhanovi\u0107a, profesora Stefana Kalkhofa te [&hellip;]\" \/>\n<meta property=\"og:url\" content=\"https:\/\/www.pmfst.unist.hr\/odjel-za-kemiju\/ljetna-skola\/\" \/>\n<meta property=\"og:site_name\" content=\"Odjel za kemiju\" \/>\n<meta property=\"article:modified_time\" content=\"2019-11-11T07:35:55+00:00\" \/>\n<meta name=\"twitter:card\" content=\"summary_large_image\" \/>\n<meta name=\"twitter:label1\" content=\"Procijenjeno vrijeme \u010ditanja\" \/>\n\t<meta name=\"twitter:data1\" content=\"1 minuta\" \/>\n<script type=\"application\/ld+json\" class=\"yoast-schema-graph\">{\"@context\":\"https:\\\/\\\/schema.org\",\"@graph\":[{\"@type\":\"WebPage\",\"@id\":\"https:\\\/\\\/www.pmfst.unist.hr\\\/odjel-za-kemiju\\\/ljetna-skola\\\/\",\"url\":\"https:\\\/\\\/www.pmfst.unist.hr\\\/odjel-za-kemiju\\\/ljetna-skola\\\/\",\"name\":\"Ljetna \u0161kola - Odjel za kemiju\",\"isPartOf\":{\"@id\":\"https:\\\/\\\/www.pmfst.unist.hr\\\/odjel-za-kemiju\\\/#website\"},\"datePublished\":\"2019-11-11T07:31:06+00:00\",\"dateModified\":\"2019-11-11T07:35:55+00:00\",\"breadcrumb\":{\"@id\":\"https:\\\/\\\/www.pmfst.unist.hr\\\/odjel-za-kemiju\\\/ljetna-skola\\\/#breadcrumb\"},\"inLanguage\":\"hr\",\"potentialAction\":[{\"@type\":\"ReadAction\",\"target\":[\"https:\\\/\\\/www.pmfst.unist.hr\\\/odjel-za-kemiju\\\/ljetna-skola\\\/\"]}]},{\"@type\":\"BreadcrumbList\",\"@id\":\"https:\\\/\\\/www.pmfst.unist.hr\\\/odjel-za-kemiju\\\/ljetna-skola\\\/#breadcrumb\",\"itemListElement\":[{\"@type\":\"ListItem\",\"position\":1,\"name\":\"Po\u010detna stranica\",\"item\":\"https:\\\/\\\/www.pmfst.unist.hr\\\/odjel-za-kemiju\\\/\"},{\"@type\":\"ListItem\",\"position\":2,\"name\":\"Ljetna \u0161kola\"}]},{\"@type\":\"WebSite\",\"@id\":\"https:\\\/\\\/www.pmfst.unist.hr\\\/odjel-za-kemiju\\\/#website\",\"url\":\"https:\\\/\\\/www.pmfst.unist.hr\\\/odjel-za-kemiju\\\/\",\"name\":\"Odjel za kemiju\",\"description\":\"Odjel za kemiju  Prirodoslovnog-matemati\u010dkiog fakulteta Sveu\u010dili\u0161ta u Splitu\",\"potentialAction\":[{\"@type\":\"SearchAction\",\"target\":{\"@type\":\"EntryPoint\",\"urlTemplate\":\"https:\\\/\\\/www.pmfst.unist.hr\\\/odjel-za-kemiju\\\/?s={search_term_string}\"},\"query-input\":{\"@type\":\"PropertyValueSpecification\",\"valueRequired\":true,\"valueName\":\"search_term_string\"}}],\"inLanguage\":\"hr\"}]}<\/script>\n<!-- \/ Yoast SEO plugin. -->","yoast_head_json":{"title":"Ljetna \u0161kola - Odjel za kemiju","robots":{"index":"index","follow":"follow","max-snippet":"max-snippet:-1","max-image-preview":"max-image-preview:large","max-video-preview":"max-video-preview:-1"},"canonical":"https:\/\/www.pmfst.unist.hr\/odjel-za-kemiju\/ljetna-skola\/","og_locale":"hr_HR","og_type":"article","og_title":"Ljetna \u0161kola - Odjel za kemiju","og_description":"[vc_row][vc_column][vc_tta_tabs][vc_tta_section title=&#8221;2019&#8243; tab_id=&#8221;1573457192230-dd14dd1c-238b&#8221;][vc_column_text css=&#8221;.vc_custom_1573457727119{margin-bottom: 0px !important;}&#8221;] Ljetna \u0161kola \u201cMass spectrometry &#8211; the Swiss knife in bioanalysis\u201d Od 02. do 06. rujna na Prirodoslovno matemati\u010dkom fakultetu odr\u017eane su Ljetne \u0161kole. Na Odjelu za kemiju odr\u017eana je Ljetna \u0161kola \u201cMass spectrometry &#8211; the Swiss knife in bioanalysis\u201d, voditelja doc. dr. sc. Stjepana Orhanovi\u0107a, profesora Stefana Kalkhofa te [&hellip;]","og_url":"https:\/\/www.pmfst.unist.hr\/odjel-za-kemiju\/ljetna-skola\/","og_site_name":"Odjel za kemiju","article_modified_time":"2019-11-11T07:35:55+00:00","twitter_card":"summary_large_image","twitter_misc":{"Procijenjeno vrijeme \u010ditanja":"1 minuta"},"schema":{"@context":"https:\/\/schema.org","@graph":[{"@type":"WebPage","@id":"https:\/\/www.pmfst.unist.hr\/odjel-za-kemiju\/ljetna-skola\/","url":"https:\/\/www.pmfst.unist.hr\/odjel-za-kemiju\/ljetna-skola\/","name":"Ljetna \u0161kola - Odjel za kemiju","isPartOf":{"@id":"https:\/\/www.pmfst.unist.hr\/odjel-za-kemiju\/#website"},"datePublished":"2019-11-11T07:31:06+00:00","dateModified":"2019-11-11T07:35:55+00:00","breadcrumb":{"@id":"https:\/\/www.pmfst.unist.hr\/odjel-za-kemiju\/ljetna-skola\/#breadcrumb"},"inLanguage":"hr","potentialAction":[{"@type":"ReadAction","target":["https:\/\/www.pmfst.unist.hr\/odjel-za-kemiju\/ljetna-skola\/"]}]},{"@type":"BreadcrumbList","@id":"https:\/\/www.pmfst.unist.hr\/odjel-za-kemiju\/ljetna-skola\/#breadcrumb","itemListElement":[{"@type":"ListItem","position":1,"name":"Po\u010detna stranica","item":"https:\/\/www.pmfst.unist.hr\/odjel-za-kemiju\/"},{"@type":"ListItem","position":2,"name":"Ljetna \u0161kola"}]},{"@type":"WebSite","@id":"https:\/\/www.pmfst.unist.hr\/odjel-za-kemiju\/#website","url":"https:\/\/www.pmfst.unist.hr\/odjel-za-kemiju\/","name":"Odjel za kemiju","description":"Odjel za kemiju  Prirodoslovnog-matemati\u010dkiog fakulteta Sveu\u010dili\u0161ta u Splitu","potentialAction":[{"@type":"SearchAction","target":{"@type":"EntryPoint","urlTemplate":"https:\/\/www.pmfst.unist.hr\/odjel-za-kemiju\/?s={search_term_string}"},"query-input":{"@type":"PropertyValueSpecification","valueRequired":true,"valueName":"search_term_string"}}],"inLanguage":"hr"}]}},"_links":{"self":[{"href":"https:\/\/www.pmfst.unist.hr\/odjel-za-kemiju\/wp-json\/wp\/v2\/pages\/11619","targetHints":{"allow":["GET"]}}],"collection":[{"href":"https:\/\/www.pmfst.unist.hr\/odjel-za-kemiju\/wp-json\/wp\/v2\/pages"}],"about":[{"href":"https:\/\/www.pmfst.unist.hr\/odjel-za-kemiju\/wp-json\/wp\/v2\/types\/page"}],"author":[{"embeddable":true,"href":"https:\/\/www.pmfst.unist.hr\/odjel-za-kemiju\/wp-json\/wp\/v2\/users\/1"}],"replies":[{"embeddable":true,"href":"https:\/\/www.pmfst.unist.hr\/odjel-za-kemiju\/wp-json\/wp\/v2\/comments?post=11619"}],"version-history":[{"count":0,"href":"https:\/\/www.pmfst.unist.hr\/odjel-za-kemiju\/wp-json\/wp\/v2\/pages\/11619\/revisions"}],"wp:attachment":[{"href":"https:\/\/www.pmfst.unist.hr\/odjel-za-kemiju\/wp-json\/wp\/v2\/media?parent=11619"}],"curies":[{"name":"wp","href":"https:\/\/api.w.org\/{rel}","templated":true}]}}