{"id":11815,"date":"2018-02-07T10:21:25","date_gmt":"2018-02-07T09:21:25","guid":{"rendered":"https:\/\/www.pmfst.unist.hr\/odjel-za-kemiju\/odjel-za-kemiju-pmf-split\/"},"modified":"2021-02-28T10:14:30","modified_gmt":"2021-02-28T09:14:30","slug":"odjel-za-kemiju-pmf-split","status":"publish","type":"page","link":"https:\/\/www.pmfst.unist.hr\/odjel-za-kemiju\/odjel-za-kemiju-pmf-split\/?lang=en","title":{"rendered":"DEPARTMENT OF CHEMISTRY"},"content":{"rendered":"<div class=\"wpb-content-wrapper\">[vc_row][vc_column][mk_revslider id=&#8221;slider-1-en&#8221;][vc_empty_space height=&#8221;64px&#8221;][\/vc_column][\/vc_row][vc_row][vc_column width=&#8221;1\/4&#8243;][\/vc_column][vc_column width=&#8221;2\/4&#8243;][vc_video link=&#8221;https:\/\/www.youtube.com\/watch?v=npWl1T_5ZmA&#8221;][\/vc_column][vc_column width=&#8221;1\/4&#8243;][\/vc_column][\/vc_row]\n<\/div>","protected":false},"excerpt":{"rendered":"<p>[vc_row][vc_column][mk_revslider id=&#8221;slider-1-en&#8221;][vc_empty_space height=&#8221;64px&#8221;][\/vc_column][\/vc_row][vc_row][vc_column width=&#8221;1\/4&#8243;][\/vc_column][vc_column width=&#8221;2\/4&#8243;][vc_video link=&#8221;https:\/\/www.youtube.com\/watch?v=npWl1T_5ZmA&#8221;][\/vc_column][vc_column width=&#8221;1\/4&#8243;][\/vc_column][\/vc_row]<\/p>\n","protected":false},"author":1,"featured_media":0,"parent":0,"menu_order":0,"comment_status":"closed","ping_status":"closed","template":"","meta":{"_acf_changed":false,"rs_blank_template":"","rs_page_bg_color":"","slide_template_v7":"","footnotes":""},"class_list":["post-11815","page","type-page","status-publish","hentry"],"acf":[],"yoast_head":"<!-- This site is optimized with the Yoast SEO plugin v27.2 - https:\/\/yoast.com\/product\/yoast-seo-wordpress\/ -->\n<title>DEPARTMENT OF CHEMISTRY - Odjel za kemiju<\/title>\n<meta name=\"robots\" content=\"index, follow, max-snippet:-1, max-image-preview:large, max-video-preview:-1\" \/>\n<link rel=\"canonical\" href=\"https:\/\/www.pmfst.unist.hr\/odjel-za-kemiju\/odjel-za-kemiju-pmf-split\/\" \/>\n<meta property=\"og:locale\" content=\"hr_HR\" \/>\n<meta property=\"og:type\" content=\"article\" \/>\n<meta property=\"og:title\" content=\"DEPARTMENT OF CHEMISTRY - Odjel za kemiju\" \/>\n<meta property=\"og:description\" content=\"[vc_row][vc_column][mk_revslider id=&#8221;slider-1-en&#8221;][vc_empty_space height=&#8221;64px&#8221;][\/vc_column][\/vc_row][vc_row][vc_column width=&#8221;1\/4&#8243;][\/vc_column][vc_column width=&#8221;2\/4&#8243;][vc_video link=&#8221;https:\/\/www.youtube.com\/watch?v=npWl1T_5ZmA&#8221;][\/vc_column][vc_column width=&#8221;1\/4&#8243;][\/vc_column][\/vc_row]\" \/>\n<meta property=\"og:url\" content=\"https:\/\/www.pmfst.unist.hr\/odjel-za-kemiju\/odjel-za-kemiju-pmf-split\/?lang=en\" \/>\n<meta property=\"og:site_name\" content=\"Odjel za kemiju\" \/>\n<meta property=\"article:modified_time\" content=\"2021-02-28T09:14:30+00:00\" \/>\n<meta name=\"twitter:card\" content=\"summary_large_image\" \/>\n<meta name=\"twitter:label1\" content=\"Procijenjeno vrijeme \u010ditanja\" \/>\n\t<meta name=\"twitter:data1\" content=\"1 minuta\" \/>\n<script type=\"application\/ld+json\" class=\"yoast-schema-graph\">{\"@context\":\"https:\/\/schema.org\",\"@graph\":[{\"@type\":\"WebPage\",\"@id\":\"https:\/\/www.pmfst.unist.hr\/odjel-za-kemiju\/odjel-za-kemiju-pmf-split\/?lang=en\",\"url\":\"https:\/\/www.pmfst.unist.hr\/odjel-za-kemiju\/odjel-za-kemiju-pmf-split\/?lang=en\",\"name\":\"DEPARTMENT OF CHEMISTRY - Odjel za kemiju\",\"isPartOf\":{\"@id\":\"https:\/\/www.pmfst.unist.hr\/odjel-za-kemiju\/#website\"},\"datePublished\":\"2018-02-07T09:21:25+00:00\",\"dateModified\":\"2021-02-28T09:14:30+00:00\",\"breadcrumb\":{\"@id\":\"https:\/\/www.pmfst.unist.hr\/odjel-za-kemiju\/odjel-za-kemiju-pmf-split\/?lang=en#breadcrumb\"},\"inLanguage\":\"hr\",\"potentialAction\":[{\"@type\":\"ReadAction\",\"target\":[\"https:\/\/www.pmfst.unist.hr\/odjel-za-kemiju\/odjel-za-kemiju-pmf-split\/?lang=en\"]}]},{\"@type\":\"BreadcrumbList\",\"@id\":\"https:\/\/www.pmfst.unist.hr\/odjel-za-kemiju\/odjel-za-kemiju-pmf-split\/?lang=en#breadcrumb\",\"itemListElement\":[{\"@type\":\"ListItem\",\"position\":1,\"name\":\"Po\u010detna stranica\",\"item\":\"https:\/\/www.pmfst.unist.hr\/odjel-za-kemiju\/\"},{\"@type\":\"ListItem\",\"position\":2,\"name\":\"DEPARTMENT OF CHEMISTRY\"}]},{\"@type\":\"WebSite\",\"@id\":\"https:\/\/www.pmfst.unist.hr\/odjel-za-kemiju\/#website\",\"url\":\"https:\/\/www.pmfst.unist.hr\/odjel-za-kemiju\/\",\"name\":\"Odjel za kemiju\",\"description\":\"Odjel za kemiju  Prirodoslovnog-matemati\u010dkiog fakulteta Sveu\u010dili\u0161ta u Splitu\",\"potentialAction\":[{\"@type\":\"SearchAction\",\"target\":{\"@type\":\"EntryPoint\",\"urlTemplate\":\"https:\/\/www.pmfst.unist.hr\/odjel-za-kemiju\/?s={search_term_string}\"},\"query-input\":{\"@type\":\"PropertyValueSpecification\",\"valueRequired\":true,\"valueName\":\"search_term_string\"}}],\"inLanguage\":\"hr\"}]}<\/script>\n<!-- \/ Yoast SEO plugin. -->","yoast_head_json":{"title":"DEPARTMENT OF CHEMISTRY - Odjel za kemiju","robots":{"index":"index","follow":"follow","max-snippet":"max-snippet:-1","max-image-preview":"max-image-preview:large","max-video-preview":"max-video-preview:-1"},"canonical":"https:\/\/www.pmfst.unist.hr\/odjel-za-kemiju\/odjel-za-kemiju-pmf-split\/","og_locale":"hr_HR","og_type":"article","og_title":"DEPARTMENT OF CHEMISTRY - Odjel za kemiju","og_description":"[vc_row][vc_column][mk_revslider id=&#8221;slider-1-en&#8221;][vc_empty_space height=&#8221;64px&#8221;][\/vc_column][\/vc_row][vc_row][vc_column width=&#8221;1\/4&#8243;][\/vc_column][vc_column width=&#8221;2\/4&#8243;][vc_video link=&#8221;https:\/\/www.youtube.com\/watch?v=npWl1T_5ZmA&#8221;][\/vc_column][vc_column width=&#8221;1\/4&#8243;][\/vc_column][\/vc_row]","og_url":"https:\/\/www.pmfst.unist.hr\/odjel-za-kemiju\/odjel-za-kemiju-pmf-split\/?lang=en","og_site_name":"Odjel za kemiju","article_modified_time":"2021-02-28T09:14:30+00:00","twitter_card":"summary_large_image","twitter_misc":{"Procijenjeno vrijeme \u010ditanja":"1 minuta"},"schema":{"@context":"https:\/\/schema.org","@graph":[{"@type":"WebPage","@id":"https:\/\/www.pmfst.unist.hr\/odjel-za-kemiju\/odjel-za-kemiju-pmf-split\/?lang=en","url":"https:\/\/www.pmfst.unist.hr\/odjel-za-kemiju\/odjel-za-kemiju-pmf-split\/?lang=en","name":"DEPARTMENT OF CHEMISTRY - Odjel za kemiju","isPartOf":{"@id":"https:\/\/www.pmfst.unist.hr\/odjel-za-kemiju\/#website"},"datePublished":"2018-02-07T09:21:25+00:00","dateModified":"2021-02-28T09:14:30+00:00","breadcrumb":{"@id":"https:\/\/www.pmfst.unist.hr\/odjel-za-kemiju\/odjel-za-kemiju-pmf-split\/?lang=en#breadcrumb"},"inLanguage":"hr","potentialAction":[{"@type":"ReadAction","target":["https:\/\/www.pmfst.unist.hr\/odjel-za-kemiju\/odjel-za-kemiju-pmf-split\/?lang=en"]}]},{"@type":"BreadcrumbList","@id":"https:\/\/www.pmfst.unist.hr\/odjel-za-kemiju\/odjel-za-kemiju-pmf-split\/?lang=en#breadcrumb","itemListElement":[{"@type":"ListItem","position":1,"name":"Po\u010detna stranica","item":"https:\/\/www.pmfst.unist.hr\/odjel-za-kemiju\/"},{"@type":"ListItem","position":2,"name":"DEPARTMENT OF CHEMISTRY"}]},{"@type":"WebSite","@id":"https:\/\/www.pmfst.unist.hr\/odjel-za-kemiju\/#website","url":"https:\/\/www.pmfst.unist.hr\/odjel-za-kemiju\/","name":"Odjel za kemiju","description":"Odjel za kemiju  Prirodoslovnog-matemati\u010dkiog fakulteta Sveu\u010dili\u0161ta u Splitu","potentialAction":[{"@type":"SearchAction","target":{"@type":"EntryPoint","urlTemplate":"https:\/\/www.pmfst.unist.hr\/odjel-za-kemiju\/?s={search_term_string}"},"query-input":{"@type":"PropertyValueSpecification","valueRequired":true,"valueName":"search_term_string"}}],"inLanguage":"hr"}]}},"_links":{"self":[{"href":"https:\/\/www.pmfst.unist.hr\/odjel-za-kemiju\/wp-json\/wp\/v2\/pages\/11815","targetHints":{"allow":["GET"]}}],"collection":[{"href":"https:\/\/www.pmfst.unist.hr\/odjel-za-kemiju\/wp-json\/wp\/v2\/pages"}],"about":[{"href":"https:\/\/www.pmfst.unist.hr\/odjel-za-kemiju\/wp-json\/wp\/v2\/types\/page"}],"author":[{"embeddable":true,"href":"https:\/\/www.pmfst.unist.hr\/odjel-za-kemiju\/wp-json\/wp\/v2\/users\/1"}],"replies":[{"embeddable":true,"href":"https:\/\/www.pmfst.unist.hr\/odjel-za-kemiju\/wp-json\/wp\/v2\/comments?post=11815"}],"version-history":[{"count":0,"href":"https:\/\/www.pmfst.unist.hr\/odjel-za-kemiju\/wp-json\/wp\/v2\/pages\/11815\/revisions"}],"wp:attachment":[{"href":"https:\/\/www.pmfst.unist.hr\/odjel-za-kemiju\/wp-json\/wp\/v2\/media?parent=11815"}],"curies":[{"name":"wp","href":"https:\/\/api.w.org\/{rel}","templated":true}]}}