{"id":11820,"date":"2018-02-07T11:02:54","date_gmt":"2018-02-07T10:02:54","guid":{"rendered":"https:\/\/www.pmfst.unist.hr\/odjel-za-kemiju\/o-odjelu\/"},"modified":"2021-02-28T10:17:34","modified_gmt":"2021-02-28T09:17:34","slug":"o-odjelu","status":"publish","type":"page","link":"https:\/\/www.pmfst.unist.hr\/odjel-za-kemiju\/o-odjelu\/?lang=en","title":{"rendered":"DEPARTMENT OF CHEMISTRY"},"content":{"rendered":"<div class=\"wpb-content-wrapper\">[vc_row][vc_column][vc_column_text css=&#8221;.vc_custom_1614503848624{margin-bottom: 0px !important;}&#8221;]The Department of Chemistry participates in running the undergraduate study programme Biology-Chemistry (six semesters), undergraduate study programme Biology (six semesters) and graduate study programme Biology and Chemistry, specialisation in Education (four semesters). The programme in Chemistry covers fundamental chemistry courses with a focus on practical laboratory work by students as well as modern, various teaching methods in chemistry classes.<\/p>\n<p>In collaboration with the Department of Restoration and Conservation at the Arts Academy, the Department of Chemistry participates in teaching the programme in Chemistry from the integrated study programme at the Department of Restoration and Conservation. Moreover, the Department of Chemistry participates in teaching the study programme Mediterranean Agriculture at the University of Split in cooperation with a number of departments at the University of Split (university Department of Maritime Studies, Faculty of Economics) and its partner Institute for Adriatic Crops and Karst Reclamation.<\/p>\n<p>The Department of Chemistry, together with other departments at the Faculty of Science, offers ongoing schooling in the interdisciplinary scientific postgraduate study programme Education Research in Natural and Technical Sciences with specialisation in Chemistry.<\/p>\n<p>EMPLOYMENT OPPORTUNITIES<\/p>\n<ul>\n<li>Primary and secondary schools<\/li>\n<li>Biological and chemical laboratories in the food and chemical industries<\/li>\n<li>Environmental protection jobs<\/li>\n<li>Healthcare<\/li>\n<li>Scientific-research laboratories<\/li>\n<li>Science institutions and higher education institutions<\/li>\n<\/ul>\n[\/vc_column_text][\/vc_column][\/vc_row]\n<\/div>","protected":false},"excerpt":{"rendered":"<p>[vc_row][vc_column][vc_column_text css=&#8221;.vc_custom_1614503848624{margin-bottom: 0px !important;}&#8221;]The Department of Chemistry participates in running the undergraduate study programme Biology-Chemistry (six semesters), undergraduate study programme Biology (six semesters) and graduate study programme Biology and Chemistry, specialisation in Education (four semesters). The programme in Chemistry covers fundamental chemistry courses with a focus on practical laboratory work by students as well as [&hellip;]<\/p>\n","protected":false},"author":1,"featured_media":0,"parent":0,"menu_order":0,"comment_status":"closed","ping_status":"closed","template":"","meta":{"_acf_changed":false,"rs_blank_template":"","rs_page_bg_color":"","slide_template_v7":"","footnotes":""},"class_list":["post-11820","page","type-page","status-publish","hentry"],"acf":[],"yoast_head":"<!-- This site is optimized with the Yoast SEO plugin v27.5 - https:\/\/yoast.com\/product\/yoast-seo-wordpress\/ -->\n<title>DEPARTMENT OF CHEMISTRY - Odjel za kemiju<\/title>\n<meta name=\"robots\" content=\"index, follow, max-snippet:-1, max-image-preview:large, max-video-preview:-1\" \/>\n<link rel=\"canonical\" href=\"https:\/\/www.pmfst.unist.hr\/odjel-za-kemiju\/o-odjelu\/?lang=en\" \/>\n<meta property=\"og:locale\" content=\"hr_HR\" \/>\n<meta property=\"og:type\" content=\"article\" \/>\n<meta property=\"og:title\" content=\"DEPARTMENT OF CHEMISTRY - Odjel za kemiju\" \/>\n<meta property=\"og:description\" content=\"[vc_row][vc_column][vc_column_text css=&#8221;.vc_custom_1614503848624{margin-bottom: 0px !important;}&#8221;]The Department of Chemistry participates in running the undergraduate study programme Biology-Chemistry (six semesters), undergraduate study programme Biology (six semesters) and graduate study programme Biology and Chemistry, specialisation in Education (four semesters). The programme in Chemistry covers fundamental chemistry courses with a focus on practical laboratory work by students as well as [&hellip;]\" \/>\n<meta property=\"og:url\" content=\"https:\/\/www.pmfst.unist.hr\/odjel-za-kemiju\/o-odjelu\/?lang=en\" \/>\n<meta property=\"og:site_name\" content=\"Odjel za kemiju\" \/>\n<meta property=\"article:modified_time\" content=\"2021-02-28T09:17:34+00:00\" \/>\n<meta name=\"twitter:card\" content=\"summary_large_image\" \/>\n<meta name=\"twitter:label1\" content=\"Procijenjeno vrijeme \u010ditanja\" \/>\n\t<meta name=\"twitter:data1\" content=\"1 minuta\" \/>\n<script type=\"application\/ld+json\" class=\"yoast-schema-graph\">{\"@context\":\"https:\\\/\\\/schema.org\",\"@graph\":[{\"@type\":\"WebPage\",\"@id\":\"https:\\\/\\\/www.pmfst.unist.hr\\\/odjel-za-kemiju\\\/o-odjelu\\\/?lang=en\",\"url\":\"https:\\\/\\\/www.pmfst.unist.hr\\\/odjel-za-kemiju\\\/o-odjelu\\\/?lang=en\",\"name\":\"DEPARTMENT OF CHEMISTRY - Odjel za kemiju\",\"isPartOf\":{\"@id\":\"https:\\\/\\\/www.pmfst.unist.hr\\\/odjel-za-kemiju\\\/#website\"},\"datePublished\":\"2018-02-07T10:02:54+00:00\",\"dateModified\":\"2021-02-28T09:17:34+00:00\",\"breadcrumb\":{\"@id\":\"https:\\\/\\\/www.pmfst.unist.hr\\\/odjel-za-kemiju\\\/o-odjelu\\\/?lang=en#breadcrumb\"},\"inLanguage\":\"hr\",\"potentialAction\":[{\"@type\":\"ReadAction\",\"target\":[\"https:\\\/\\\/www.pmfst.unist.hr\\\/odjel-za-kemiju\\\/o-odjelu\\\/?lang=en\"]}]},{\"@type\":\"BreadcrumbList\",\"@id\":\"https:\\\/\\\/www.pmfst.unist.hr\\\/odjel-za-kemiju\\\/o-odjelu\\\/?lang=en#breadcrumb\",\"itemListElement\":[{\"@type\":\"ListItem\",\"position\":1,\"name\":\"Po\u010detna stranica\",\"item\":\"https:\\\/\\\/www.pmfst.unist.hr\\\/odjel-za-kemiju\\\/\"},{\"@type\":\"ListItem\",\"position\":2,\"name\":\"DEPARTMENT OF CHEMISTRY\"}]},{\"@type\":\"WebSite\",\"@id\":\"https:\\\/\\\/www.pmfst.unist.hr\\\/odjel-za-kemiju\\\/#website\",\"url\":\"https:\\\/\\\/www.pmfst.unist.hr\\\/odjel-za-kemiju\\\/\",\"name\":\"Odjel za kemiju\",\"description\":\"Odjel za kemiju  Prirodoslovnog-matemati\u010dkiog fakulteta Sveu\u010dili\u0161ta u Splitu\",\"potentialAction\":[{\"@type\":\"SearchAction\",\"target\":{\"@type\":\"EntryPoint\",\"urlTemplate\":\"https:\\\/\\\/www.pmfst.unist.hr\\\/odjel-za-kemiju\\\/?s={search_term_string}\"},\"query-input\":{\"@type\":\"PropertyValueSpecification\",\"valueRequired\":true,\"valueName\":\"search_term_string\"}}],\"inLanguage\":\"hr\"}]}<\/script>\n<!-- \/ Yoast SEO plugin. -->","yoast_head_json":{"title":"DEPARTMENT OF CHEMISTRY - Odjel za kemiju","robots":{"index":"index","follow":"follow","max-snippet":"max-snippet:-1","max-image-preview":"max-image-preview:large","max-video-preview":"max-video-preview:-1"},"canonical":"https:\/\/www.pmfst.unist.hr\/odjel-za-kemiju\/o-odjelu\/?lang=en","og_locale":"hr_HR","og_type":"article","og_title":"DEPARTMENT OF CHEMISTRY - Odjel za kemiju","og_description":"[vc_row][vc_column][vc_column_text css=&#8221;.vc_custom_1614503848624{margin-bottom: 0px !important;}&#8221;]The Department of Chemistry participates in running the undergraduate study programme Biology-Chemistry (six semesters), undergraduate study programme Biology (six semesters) and graduate study programme Biology and Chemistry, specialisation in Education (four semesters). The programme in Chemistry covers fundamental chemistry courses with a focus on practical laboratory work by students as well as [&hellip;]","og_url":"https:\/\/www.pmfst.unist.hr\/odjel-za-kemiju\/o-odjelu\/?lang=en","og_site_name":"Odjel za kemiju","article_modified_time":"2021-02-28T09:17:34+00:00","twitter_card":"summary_large_image","twitter_misc":{"Procijenjeno vrijeme \u010ditanja":"1 minuta"},"schema":{"@context":"https:\/\/schema.org","@graph":[{"@type":"WebPage","@id":"https:\/\/www.pmfst.unist.hr\/odjel-za-kemiju\/o-odjelu\/?lang=en","url":"https:\/\/www.pmfst.unist.hr\/odjel-za-kemiju\/o-odjelu\/?lang=en","name":"DEPARTMENT OF CHEMISTRY - Odjel za kemiju","isPartOf":{"@id":"https:\/\/www.pmfst.unist.hr\/odjel-za-kemiju\/#website"},"datePublished":"2018-02-07T10:02:54+00:00","dateModified":"2021-02-28T09:17:34+00:00","breadcrumb":{"@id":"https:\/\/www.pmfst.unist.hr\/odjel-za-kemiju\/o-odjelu\/?lang=en#breadcrumb"},"inLanguage":"hr","potentialAction":[{"@type":"ReadAction","target":["https:\/\/www.pmfst.unist.hr\/odjel-za-kemiju\/o-odjelu\/?lang=en"]}]},{"@type":"BreadcrumbList","@id":"https:\/\/www.pmfst.unist.hr\/odjel-za-kemiju\/o-odjelu\/?lang=en#breadcrumb","itemListElement":[{"@type":"ListItem","position":1,"name":"Po\u010detna stranica","item":"https:\/\/www.pmfst.unist.hr\/odjel-za-kemiju\/"},{"@type":"ListItem","position":2,"name":"DEPARTMENT OF CHEMISTRY"}]},{"@type":"WebSite","@id":"https:\/\/www.pmfst.unist.hr\/odjel-za-kemiju\/#website","url":"https:\/\/www.pmfst.unist.hr\/odjel-za-kemiju\/","name":"Odjel za kemiju","description":"Odjel za kemiju  Prirodoslovnog-matemati\u010dkiog fakulteta Sveu\u010dili\u0161ta u Splitu","potentialAction":[{"@type":"SearchAction","target":{"@type":"EntryPoint","urlTemplate":"https:\/\/www.pmfst.unist.hr\/odjel-za-kemiju\/?s={search_term_string}"},"query-input":{"@type":"PropertyValueSpecification","valueRequired":true,"valueName":"search_term_string"}}],"inLanguage":"hr"}]}},"_links":{"self":[{"href":"https:\/\/www.pmfst.unist.hr\/odjel-za-kemiju\/wp-json\/wp\/v2\/pages\/11820","targetHints":{"allow":["GET"]}}],"collection":[{"href":"https:\/\/www.pmfst.unist.hr\/odjel-za-kemiju\/wp-json\/wp\/v2\/pages"}],"about":[{"href":"https:\/\/www.pmfst.unist.hr\/odjel-za-kemiju\/wp-json\/wp\/v2\/types\/page"}],"author":[{"embeddable":true,"href":"https:\/\/www.pmfst.unist.hr\/odjel-za-kemiju\/wp-json\/wp\/v2\/users\/1"}],"replies":[{"embeddable":true,"href":"https:\/\/www.pmfst.unist.hr\/odjel-za-kemiju\/wp-json\/wp\/v2\/comments?post=11820"}],"version-history":[{"count":0,"href":"https:\/\/www.pmfst.unist.hr\/odjel-za-kemiju\/wp-json\/wp\/v2\/pages\/11820\/revisions"}],"wp:attachment":[{"href":"https:\/\/www.pmfst.unist.hr\/odjel-za-kemiju\/wp-json\/wp\/v2\/media?parent=11820"}],"curies":[{"name":"wp","href":"https:\/\/api.w.org\/{rel}","templated":true}]}}