{"id":11949,"date":"2021-12-16T12:33:53","date_gmt":"2021-12-16T11:33:53","guid":{"rendered":"https:\/\/www.pmfst.unist.hr\/odjel-za-kemiju\/?page_id=11949"},"modified":"2023-11-22T08:45:22","modified_gmt":"2023-11-22T07:45:22","slug":"centar-izvrsnosti-prirodoslovlja","status":"publish","type":"page","link":"https:\/\/www.pmfst.unist.hr\/odjel-za-kemiju\/centar-izvrsnosti-prirodoslovlja\/","title":{"rendered":"CENTAR IZVRSNOSTI PRIRODOSLOVLJA"},"content":{"rendered":"<div class=\"wpb-content-wrapper\">[vc_row][vc_column][vc_tabs container_bg_color=&#8221;&#8221;][vc_tab title=&#8221;2023&#8243; tab_id=&#8221;1700638748230-2-9&#8243;][vc_row_inner][vc_column_inner][vc_column_text css=&#8221;.vc_custom_1700638811603{margin-bottom: 0px !important;}&#8221;]\n<h4 style=\"text-align: center;\">Centar izvrsnosti prirodoslovlja 2023<\/h4>\n<p>Tre\u0107u godinu za redom Odjel za kemiju PMF-a sudjelovao je u programu Centra izvrsnosti prirodoslovlja. Radionicu \u201eBlueprint\u201c priredili su i osmislili izv. prof. dr. sc. Renata Od\u017eak i asistent Kristian Naki\u0107, mag. chem, uz stru\u010dnu suradnju doc. dr. sc. Ivane Mitar. Asistent Naki\u0107 odr\u017eao je predavanje o povijesnoj podlozi, a zatim o kemijskoj pozadini cijanotipije (eng. <em>blueprint<\/em>) &#8211; tehnolo\u0161ki va\u017enog i gotovo zaboravljenog, no kemijski vrlo zanimljivog fotopostupka. U\u010denici 2., 3. i 4. razreda srednjih \u0161kola s podru\u010dja Splitsko-dalmatinske \u017eupanije, ali i \u0161ire (Split, Hvar, Bra\u010d, Makarska, Sinj, Livno, \u0160iroki Brijeg) s entuzijazmom su upijali znanje o ovom fotokemijskom procesu te su u laboratoriju samostalno razvili svoje cijanotipijske fotografije za uspomenu.[\/vc_column_text][mk_gallery images=&#8221;12477,12479,12481,12483,12485,12487,12489&#8243; height=&#8221;250&#8243; hover_scenarios=&#8221;slow_zoom&#8221; orderby=&#8221;title&#8221;][\/vc_column_inner][\/vc_row_inner][\/vc_tab][vc_tab title=&#8221;2022&#8243; tab_id=&#8221;1557477062052-2-7&#8243;][vc_row_inner][vc_column_inner][vc_column_text css=&#8221;.vc_custom_1671435263975{margin-bottom: 0px !important;}&#8221;]I ove godine kolegice Od\u017eak i Kranjac s Odjela za kemiju PMF-a nisu propustile priliku za sudjelovanjem u programu Centra izvrsnosti prirodoslovlja. U\u010denici iz gimnazija i drugih srednjih \u0161kola s podru\u010dja Splitsko-dalmatinske \u017eupanije (Makarska, Sinj, Omi\u0161, Trilj, Jelsa\u2026) su s velikim zanimanjem sintetizirali aspirin (acetilsalicilnu kiselinu) u kemijskom laboratoriju. Tako\u0111er su ispitali njegovu pH vrijednost te \u010disto\u0107u sintetiziranog aspirina s komercijalnim Aspirinom i Andolom. Od velikog zadovoljstva prilikom priprave aspirina, neki u\u010denici s prehladom su bili uvjereni da bi upravo \u201enjihov\u201c aspirin bio \u010dudotvoran.[\/vc_column_text][mk_gallery images=&#8221;12227,12229,12231,12233,12235,12237,12239,12241,12243&#8243; height=&#8221;400&#8243; hover_scenarios=&#8221;blur&#8221; orderby=&#8221;title&#8221;][\/vc_column_inner][\/vc_row_inner][\/vc_tab][vc_tab title=&#8221;2021&#8243; tab_id=&#8221;1671435224991-1-3&#8243;][vc_row_inner][vc_column_inner][vc_column_text css=&#8221;.vc_custom_1639655395604{margin-bottom: 0px !important;}&#8221;]\n<h4 style=\"text-align: center;\">NADARENI U\u010cENICI CENTAR IZVRSNOSTI PRIRODOSLOVLJA I ODJEL ZA KEMIJU<\/h4>\n<p>&nbsp;<\/p>\n<p>U subotu , 23. listopada 2021. u laboratoriju Odjela za kemiju PMF-a ugostili smo nadarene u\u010denike 2. i 3. razreda srednjih \u0161kola u sklopu Centra izvrsnosti prirodoslovlja Splitsko-dalmatinske \u017eupanije. Izv. prof. dr. sc. Renata Od\u017eak i dr. sc. Marina Kranjac su odr\u017eale predavanje, a potom i radionicu na temu \u201eVa\u017enost kiselog katalizatora u reakciji Fischerove esterifikacije\u201d. Kroz sintezu mirisnih molekula estera, u\u010denici su uo\u010dili da bez kiselog katalizatora reaktanti ne daju odgovaraju\u0107i produkt.[\/vc_column_text][mk_gallery images=&#8221;11954,11952&#8243; column=&#8221;2&#8243; height=&#8221;400&#8243; hover_scenarios=&#8221;slow_zoom&#8221; order=&#8221;DESC&#8221; orderby=&#8221;post__in&#8221;][vc_column_text css=&#8221;.vc_custom_1639655329427{margin-bottom: 0px !important;}&#8221;]Ve\u0107 idu\u0107u subotu, je u laboratoriju Prirodoslovne \u0161kole Split odr\u017eana radionica Centra izvrsnosti iz podru\u010dja prirodoslovlja. Tema radionice je bila \u201e\u0160e\u0107er \u2013 neprijatelj iz sjene\u201c, a u njenoj izvedbi su sudjelovali Doris Crn\u010devi\u0107, mag. educ. biol. et chem. i Bo\u0161ko Ivkovi\u0107, dipl. ing. kem. teh. U radionici su sudjelovali u\u010denici 1. razreda srednjih \u0161kola SD\u017d, a izborom teme \u017eeljelo se skrenuti pozornost, mladim ljudima, na trend sve ve\u0107e pretilosti.[\/vc_column_text][\/vc_column_inner][\/vc_row_inner][\/vc_tab][\/vc_tabs][\/vc_column][\/vc_row]\n<\/div>","protected":false},"excerpt":{"rendered":"<p>[vc_row][vc_column][vc_tabs container_bg_color=&#8221;&#8221;][vc_tab title=&#8221;2023&#8243; tab_id=&#8221;1700638748230-2-9&#8243;][vc_row_inner][vc_column_inner][vc_column_text css=&#8221;.vc_custom_1700638811603{margin-bottom: 0px !important;}&#8221;] Centar izvrsnosti prirodoslovlja 2023 Tre\u0107u godinu za redom Odjel za kemiju PMF-a sudjelovao je u programu Centra izvrsnosti prirodoslovlja. Radionicu \u201eBlueprint\u201c priredili su i osmislili izv. prof. dr. sc. Renata Od\u017eak i asistent Kristian Naki\u0107, mag. chem, uz stru\u010dnu suradnju doc. dr. sc. Ivane Mitar. Asistent Naki\u0107 odr\u017eao [&hellip;]<\/p>\n","protected":false},"author":1,"featured_media":0,"parent":0,"menu_order":0,"comment_status":"closed","ping_status":"closed","template":"","meta":{"_acf_changed":false,"rs_blank_template":"","rs_page_bg_color":"","slide_template_v7":"","footnotes":""},"class_list":["post-11949","page","type-page","status-publish","hentry"],"acf":[],"yoast_head":"<!-- This site is optimized with the Yoast SEO plugin v27.4 - https:\/\/yoast.com\/product\/yoast-seo-wordpress\/ -->\n<title>CENTAR IZVRSNOSTI PRIRODOSLOVLJA - Odjel za kemiju<\/title>\n<meta name=\"robots\" content=\"index, follow, max-snippet:-1, max-image-preview:large, max-video-preview:-1\" \/>\n<link rel=\"canonical\" href=\"https:\/\/www.pmfst.unist.hr\/odjel-za-kemiju\/centar-izvrsnosti-prirodoslovlja\/\" \/>\n<meta property=\"og:locale\" content=\"hr_HR\" \/>\n<meta property=\"og:type\" content=\"article\" \/>\n<meta property=\"og:title\" content=\"CENTAR IZVRSNOSTI PRIRODOSLOVLJA - Odjel za kemiju\" \/>\n<meta property=\"og:description\" content=\"[vc_row][vc_column][vc_tabs container_bg_color=&#8221;&#8221;][vc_tab title=&#8221;2023&#8243; tab_id=&#8221;1700638748230-2-9&#8243;][vc_row_inner][vc_column_inner][vc_column_text css=&#8221;.vc_custom_1700638811603{margin-bottom: 0px !important;}&#8221;] Centar izvrsnosti prirodoslovlja 2023 Tre\u0107u godinu za redom Odjel za kemiju PMF-a sudjelovao je u programu Centra izvrsnosti prirodoslovlja. Radionicu \u201eBlueprint\u201c priredili su i osmislili izv. prof. dr. sc. Renata Od\u017eak i asistent Kristian Naki\u0107, mag. chem, uz stru\u010dnu suradnju doc. dr. sc. Ivane Mitar. Asistent Naki\u0107 odr\u017eao [&hellip;]\" \/>\n<meta property=\"og:url\" content=\"https:\/\/www.pmfst.unist.hr\/odjel-za-kemiju\/centar-izvrsnosti-prirodoslovlja\/\" \/>\n<meta property=\"og:site_name\" content=\"Odjel za kemiju\" \/>\n<meta property=\"article:modified_time\" content=\"2023-11-22T07:45:22+00:00\" \/>\n<meta name=\"twitter:card\" content=\"summary_large_image\" \/>\n<meta name=\"twitter:label1\" content=\"Procijenjeno vrijeme \u010ditanja\" \/>\n\t<meta name=\"twitter:data1\" content=\"3 minute\" \/>\n<script type=\"application\/ld+json\" class=\"yoast-schema-graph\">{\"@context\":\"https:\\\/\\\/schema.org\",\"@graph\":[{\"@type\":\"WebPage\",\"@id\":\"https:\\\/\\\/www.pmfst.unist.hr\\\/odjel-za-kemiju\\\/centar-izvrsnosti-prirodoslovlja\\\/\",\"url\":\"https:\\\/\\\/www.pmfst.unist.hr\\\/odjel-za-kemiju\\\/centar-izvrsnosti-prirodoslovlja\\\/\",\"name\":\"CENTAR IZVRSNOSTI PRIRODOSLOVLJA - Odjel za kemiju\",\"isPartOf\":{\"@id\":\"https:\\\/\\\/www.pmfst.unist.hr\\\/odjel-za-kemiju\\\/#website\"},\"datePublished\":\"2021-12-16T11:33:53+00:00\",\"dateModified\":\"2023-11-22T07:45:22+00:00\",\"breadcrumb\":{\"@id\":\"https:\\\/\\\/www.pmfst.unist.hr\\\/odjel-za-kemiju\\\/centar-izvrsnosti-prirodoslovlja\\\/#breadcrumb\"},\"inLanguage\":\"hr\",\"potentialAction\":[{\"@type\":\"ReadAction\",\"target\":[\"https:\\\/\\\/www.pmfst.unist.hr\\\/odjel-za-kemiju\\\/centar-izvrsnosti-prirodoslovlja\\\/\"]}]},{\"@type\":\"BreadcrumbList\",\"@id\":\"https:\\\/\\\/www.pmfst.unist.hr\\\/odjel-za-kemiju\\\/centar-izvrsnosti-prirodoslovlja\\\/#breadcrumb\",\"itemListElement\":[{\"@type\":\"ListItem\",\"position\":1,\"name\":\"Po\u010detna stranica\",\"item\":\"https:\\\/\\\/www.pmfst.unist.hr\\\/odjel-za-kemiju\\\/\"},{\"@type\":\"ListItem\",\"position\":2,\"name\":\"CENTAR IZVRSNOSTI PRIRODOSLOVLJA\"}]},{\"@type\":\"WebSite\",\"@id\":\"https:\\\/\\\/www.pmfst.unist.hr\\\/odjel-za-kemiju\\\/#website\",\"url\":\"https:\\\/\\\/www.pmfst.unist.hr\\\/odjel-za-kemiju\\\/\",\"name\":\"Odjel za kemiju\",\"description\":\"Odjel za kemiju  Prirodoslovnog-matemati\u010dkiog fakulteta Sveu\u010dili\u0161ta u Splitu\",\"potentialAction\":[{\"@type\":\"SearchAction\",\"target\":{\"@type\":\"EntryPoint\",\"urlTemplate\":\"https:\\\/\\\/www.pmfst.unist.hr\\\/odjel-za-kemiju\\\/?s={search_term_string}\"},\"query-input\":{\"@type\":\"PropertyValueSpecification\",\"valueRequired\":true,\"valueName\":\"search_term_string\"}}],\"inLanguage\":\"hr\"}]}<\/script>\n<!-- \/ Yoast SEO plugin. -->","yoast_head_json":{"title":"CENTAR IZVRSNOSTI PRIRODOSLOVLJA - Odjel za kemiju","robots":{"index":"index","follow":"follow","max-snippet":"max-snippet:-1","max-image-preview":"max-image-preview:large","max-video-preview":"max-video-preview:-1"},"canonical":"https:\/\/www.pmfst.unist.hr\/odjel-za-kemiju\/centar-izvrsnosti-prirodoslovlja\/","og_locale":"hr_HR","og_type":"article","og_title":"CENTAR IZVRSNOSTI PRIRODOSLOVLJA - Odjel za kemiju","og_description":"[vc_row][vc_column][vc_tabs container_bg_color=&#8221;&#8221;][vc_tab title=&#8221;2023&#8243; tab_id=&#8221;1700638748230-2-9&#8243;][vc_row_inner][vc_column_inner][vc_column_text css=&#8221;.vc_custom_1700638811603{margin-bottom: 0px !important;}&#8221;] Centar izvrsnosti prirodoslovlja 2023 Tre\u0107u godinu za redom Odjel za kemiju PMF-a sudjelovao je u programu Centra izvrsnosti prirodoslovlja. Radionicu \u201eBlueprint\u201c priredili su i osmislili izv. prof. dr. sc. Renata Od\u017eak i asistent Kristian Naki\u0107, mag. chem, uz stru\u010dnu suradnju doc. dr. sc. Ivane Mitar. Asistent Naki\u0107 odr\u017eao [&hellip;]","og_url":"https:\/\/www.pmfst.unist.hr\/odjel-za-kemiju\/centar-izvrsnosti-prirodoslovlja\/","og_site_name":"Odjel za kemiju","article_modified_time":"2023-11-22T07:45:22+00:00","twitter_card":"summary_large_image","twitter_misc":{"Procijenjeno vrijeme \u010ditanja":"3 minute"},"schema":{"@context":"https:\/\/schema.org","@graph":[{"@type":"WebPage","@id":"https:\/\/www.pmfst.unist.hr\/odjel-za-kemiju\/centar-izvrsnosti-prirodoslovlja\/","url":"https:\/\/www.pmfst.unist.hr\/odjel-za-kemiju\/centar-izvrsnosti-prirodoslovlja\/","name":"CENTAR IZVRSNOSTI PRIRODOSLOVLJA - Odjel za kemiju","isPartOf":{"@id":"https:\/\/www.pmfst.unist.hr\/odjel-za-kemiju\/#website"},"datePublished":"2021-12-16T11:33:53+00:00","dateModified":"2023-11-22T07:45:22+00:00","breadcrumb":{"@id":"https:\/\/www.pmfst.unist.hr\/odjel-za-kemiju\/centar-izvrsnosti-prirodoslovlja\/#breadcrumb"},"inLanguage":"hr","potentialAction":[{"@type":"ReadAction","target":["https:\/\/www.pmfst.unist.hr\/odjel-za-kemiju\/centar-izvrsnosti-prirodoslovlja\/"]}]},{"@type":"BreadcrumbList","@id":"https:\/\/www.pmfst.unist.hr\/odjel-za-kemiju\/centar-izvrsnosti-prirodoslovlja\/#breadcrumb","itemListElement":[{"@type":"ListItem","position":1,"name":"Po\u010detna stranica","item":"https:\/\/www.pmfst.unist.hr\/odjel-za-kemiju\/"},{"@type":"ListItem","position":2,"name":"CENTAR IZVRSNOSTI PRIRODOSLOVLJA"}]},{"@type":"WebSite","@id":"https:\/\/www.pmfst.unist.hr\/odjel-za-kemiju\/#website","url":"https:\/\/www.pmfst.unist.hr\/odjel-za-kemiju\/","name":"Odjel za kemiju","description":"Odjel za kemiju  Prirodoslovnog-matemati\u010dkiog fakulteta Sveu\u010dili\u0161ta u Splitu","potentialAction":[{"@type":"SearchAction","target":{"@type":"EntryPoint","urlTemplate":"https:\/\/www.pmfst.unist.hr\/odjel-za-kemiju\/?s={search_term_string}"},"query-input":{"@type":"PropertyValueSpecification","valueRequired":true,"valueName":"search_term_string"}}],"inLanguage":"hr"}]}},"_links":{"self":[{"href":"https:\/\/www.pmfst.unist.hr\/odjel-za-kemiju\/wp-json\/wp\/v2\/pages\/11949","targetHints":{"allow":["GET"]}}],"collection":[{"href":"https:\/\/www.pmfst.unist.hr\/odjel-za-kemiju\/wp-json\/wp\/v2\/pages"}],"about":[{"href":"https:\/\/www.pmfst.unist.hr\/odjel-za-kemiju\/wp-json\/wp\/v2\/types\/page"}],"author":[{"embeddable":true,"href":"https:\/\/www.pmfst.unist.hr\/odjel-za-kemiju\/wp-json\/wp\/v2\/users\/1"}],"replies":[{"embeddable":true,"href":"https:\/\/www.pmfst.unist.hr\/odjel-za-kemiju\/wp-json\/wp\/v2\/comments?post=11949"}],"version-history":[{"count":0,"href":"https:\/\/www.pmfst.unist.hr\/odjel-za-kemiju\/wp-json\/wp\/v2\/pages\/11949\/revisions"}],"wp:attachment":[{"href":"https:\/\/www.pmfst.unist.hr\/odjel-za-kemiju\/wp-json\/wp\/v2\/media?parent=11949"}],"curies":[{"name":"wp","href":"https:\/\/api.w.org\/{rel}","templated":true}]}}